{"id":9125,"date":"2026-03-02T21:56:10","date_gmt":"2026-03-02T20:56:10","guid":{"rendered":"https:\/\/ambottawa.esteri.it\/?page_id=9125"},"modified":"2026-03-02T21:57:22","modified_gmt":"2026-03-02T20:57:22","slug":"informativa-sul-trattamento-dei-dati-personali-ai-fini-dellerogazione-dei-servizi-consolari","status":"publish","type":"page","link":"https:\/\/ambottawa.esteri.it\/it\/servizi-consolari-e-visti\/servizi-per-il-cittadino-italiano\/regolamento-generale-per-la-protezione-dei-dati-personali-rgpd-ue-679-2016\/informativa-sul-trattamento-dei-dati-personali-ai-fini-dellerogazione-dei-servizi-consolari\/","title":{"rendered":"Informativa sul trattamento dei dati personali ai fini dell\u2019erogazione dei servizi consolari"},"content":{"rendered":"<p><strong>(Regolamento Generale sulla Protezione dei Dati (UE) 2016\/679, art. 13 e 14)<\/strong><\/p>\n<p>Il trattamento dei dati personali ai fini dell\u2019erogazione dei servizi consolari sar\u00e0 improntato ai principi di liceit\u00e0, correttezza e trasparenza a tutela dei diritti e delle libert\u00e0 fondamentali delle persone fisiche.<\/p>\n<p>Come appresso specificato, i servizi in questione sono destinati ai cittadini italiani e, se del caso, stranieri, residenti nella circoscrizione consolare dell\u2019<strong>Ambasciata d\u2019Italia ad Ottawa <\/strong>e\/o temporaneamente presenti nella predetta circoscrizione.<\/p>\n<p>I servizi si riferiscono ai seguenti settori:<\/p>\n<ul>\n<li>stato civile;<\/li>\n<li>iscrizione all\u2019AIRE (anagrafe degli italiani residenti all&#8217;estero);<\/li>\n<li>voto all\u2019estero;<\/li>\n<li>attribuzione del codice fiscale;<\/li>\n<li>attribuzione del PIN per i servizi telematici dell\u2019Agenzia delle Entrate;<\/li>\n<li>conferma delle patenti di guida (solo nei paesi extra-europei ed a determinate condizioni);<\/li>\n<li>rilascio di documenti di viaggio (passaporti e documenti di viaggio provvisori);<\/li>\n<li>rilascio della carta d\u2019identit\u00e0;<\/li>\n<li>assistenza sociale (sussidi, prestiti con promessa di restituzione, rimpatri);<\/li>\n<li>volontaria giurisdizione (tra cui le adozioni internazionali);<\/li>\n<li>assistenza giudiziaria (ad esempio in caso di minori contesi, di persone scomparse o di detenuti e persone in stato di fermo);<\/li>\n<li>amministrazione d\u2019interessi privati (tra cui le successioni);<\/li>\n<li>attivit\u00e0 di certificazione e legalizzazione e, se del caso, funzioni nel settore della navigazione e della scuola.<\/li>\n<\/ul>\n<p>A tal fine, si forniscono le seguenti informazioni:<\/p>\n<p>&nbsp;<\/p>\n<ol>\n<li><strong><u>Il Titolare del trattamento<\/u><\/strong><\/li>\n<\/ol>\n<p>Il Titolare del trattamento \u00e8 il Ministero degli Affari Esteri e della Cooperazione internazionale della Repubblica italiana (MAECI) il quale agisce, nel caso specifico, per il tramite dell\u2019Ambasciata d\u2019Italia ad Ottawa<em>, <\/em>275 Slater St., Ottawa, ON K1P 5H9, Ottawa, Ontario, Canada, tel. +1-613-232-2401, peo: <a href=\"mailto:consolare.ottawa@esteri.it\">consolare.ottawa@esteri.it<\/a>; pec: <a href=\"mailto:amb.ottawa@cert.esteri.it\">amb.ottawa@cert.esteri.it<\/a> <em>(abilitata a ricevere <strong><u>solo<\/u><\/strong> comunicazioni da parte di altre caselle di posta elettronica certificata). \u00a0<\/em><\/p>\n<p>In funzione del servizio considerato, il MAECI pu\u00f2 operare di concerto con altri soggetti pubblici, Contitolari del trattamento, i quali saranno in seguito specificati.<\/p>\n<ol start=\"2\">\n<li><strong> Il Responsabile della Protezione dei Dati (RPD) <\/strong><\/li>\n<\/ol>\n<p>Per quesiti o reclami in materia di privatezza, l\u2019interessato pu\u00f2 interpellare l\u2019RPD del MAECI ai seguenti recapiti:<\/p>\n<p>Ministero degli Affari Esteri e della Cooperazione internazionale<br \/>\nPiazzale della Farnesina 1<br \/>\n00135 ROMA<br \/>\ntelefono: 0039 06 36911 (centralino)<br \/>\npeo: <a href=\"mailto:rpd@esteri.it\">rpd@esteri.it<\/a>,<br \/>\npec: <a href=\"mailto:rpd@cert.esteri.it\">rpd@cert.esteri.it<\/a>.<\/p>\n<ol start=\"3\">\n<li><strong> Dati personali trattati <\/strong><\/li>\n<\/ol>\n<p>I dati personali trattati sono tutti quelli necessari per l\u2019erogazione dei servizi consolari, forniti dagli interessati e dalle competenti autorit\u00e0 italiane e locali. Ogni elemento utile ai fini della tutela degli interessi dei connazionali \u00e8 annotato nello schedario consolare, ai sensi dell\u2019art. 8 del D.lgs. 71\/2011 &#8211; Ordinamento e funzioni degli uffici consolari. L\u2019archivio consolare dispone, inoltre, dei registri degli atti prodotti, ai sensi dell\u2019art. 62 del predetto Decreto.<\/p>\n<ol start=\"4\">\n<li><strong> Finalit\u00e0 e basi giuridiche del trattamento <\/strong><\/li>\n<\/ol>\n<p>I dati personali trattati hanno come unica finalit\u00e0 l\u2019esercizio delle funzioni consolari, disciplinato dal D.lgs. 71\/2011. Si riportano, di seguito, gli estremi degli articoli che attribuiscono agli Uffici consolari il compito di erogare i singoli servizi, distinti in funzione della natura dei beneficiari (cittadini italiani e, se del caso, stranieri), della loro residenza o della loro temporanea presenza all\u2019estero.<\/p>\n<p><strong>A. Beneficiari residenti all\u2019estero (solo cittadini italiani) <\/strong><\/p>\n<ul>\n<li>Iscrizione all\u2019AIRE: art. 9 del D.lgs. n. 71\/2011;<\/li>\n<li>Carta d\u2019identit\u00e0 elettronica: art. 22 del D.lgs. n.71\/2011 (solo presso gli Uffici consolari abilitati);<\/li>\n<li>Sussidi: art. 24 del D.lgs. n.71\/2011.<\/li>\n<\/ul>\n<p><strong>B. Beneficiari temporaneamente all\u2019estero (cittadini italiani e dei paesi UE)<\/strong><\/p>\n<ul>\n<li>Documento di viaggio provvisorio (Emergency travel document) riservato ai cittadini italiani ed ai cittadini degli altri paesi dell\u2019Unione Europea rappresentati localmente dall\u2019Ufficio consolare italiano: art. 23 del D.lgs. n.71\/2011.<\/li>\n<\/ul>\n<p><strong>C. Beneficiari residenti o temporaneamente all\u2019estero (cittadini italiani e, nei casi indicati, anche stranieri) <\/strong><\/p>\n<ul>\n<li>Passaporto ordinario elettronico e passaporto temporaneo: art. 21 del D.lgs. n.71\/2011;<\/li>\n<li>Voto all\u2019estero: art. 55 del D.lgs. n.71\/2011;<\/li>\n<li>Stato civile: art. 6, artt. 12-20, art.30, art. 52 e art. 62 del D.lgs. n. 71\/2011 (anche per cittadini stranieri, per i cittadini temporaneamente all\u2019estero solo in casi specifici);<\/li>\n<li>Attribuzione del codice fiscale e del PIN per i servizi telematici dell\u2019Agenzia delle Entrate: art. 52 del D.lgs. n. 71\/2001 (anche per cittadini stranieri);<\/li>\n<li>Conferma della patente di guida (solo nei paesi extra UE ed a determinate condizioni): art. 52 del D.lgs. n. 71\/2001 (anche per cittadini stranieri);<\/li>\n<li>Concessione di prestiti con promessa di restituzione: art. 24 del D.lgs. n.71\/2011;<\/li>\n<li>Rimpatri: artt. 25 e 26 del D.lgs. n.71\/2011;<\/li>\n<li>Funzioni notarili e di volontaria giurisdizione, tra cui le adozioni internazionali: artt. 28-35 del D.lgs. n.71\/2011;<\/li>\n<li>Funzioni in materia di controversie, di polizia giudiziaria e di assistenza giudiziaria, tra cui l\u2019assistenza in caso di minori contesi e di persone scomparse o a favore di detenuti e di persone in stato di fermo: artt. 36-42 del D.lgs. n.71\/2011;<\/li>\n<li>Funzioni relative all&#8217;amministrazione di interessi privati, tra cui le successioni: artt. 43-47 del D.lgs. n.71\/2011;<\/li>\n<li>Funzioni in materia di documentazione amministrativa: artt. 52-54 e 76-77 del D.lgs. n.71\/2011 (anche per cittadini stranieri);<\/li>\n<li>Funzioni in materia di navigazione, tra cui la vigilanza sulla navigazione ed il traffico marittimo nazionale all&#8217;estero, l\u2019imbarco e lo sbarco del personale marittimo su navi nazionali, gli adempimenti relativi al regime amministrativo delle navi, il rilascio o il rinnovo dei libri di bordo, il rilascio, il rinnovo o la proroga dei certificati di sicurezza delle navi nazionali all&#8217;estero, i poteri inquirenti per inchieste relative a sinistri marittimi ed infortuni del personale navigante: artt. 48-51 del D.lgs. n.71\/2011 (anche per cittadini stranieri);<\/li>\n<li>Funzioni in materia scolastica, tra cui il rilascio di dichiarazioni di valore, la comunicazione dell\u2019esito degli esami di stato, le pratiche per il riconoscimento della parit\u00e0 scolastica, il pagamento degli emolumenti al personale della scuola ed i contributi a scuole ed enti gestori: art. 56 del D.lgs. n.71\/2011 (anche per cittadini stranieri).<\/li>\n<\/ul>\n<p>Il conferimento dei dati in questione \u00e8 per legge obbligatorio.<\/p>\n<p><strong>L\u2019eventuale rifiuto comporta la mancata erogazione del servizio. <\/strong><\/p>\n<ol start=\"5\">\n<li><strong> Modalit\u00e0 del trattamento <\/strong><\/li>\n<\/ol>\n<p>Il trattamento dei dati, svolto da personale appositamente incaricato, sar\u00e0 effettuato in modalit\u00e0 mista, manuale ed automatizzata. Di conseguenza, l\u2019interessato non sar\u00e0 mai destinatario di una decisione basata unicamente sul trattamento automatizzato dei propri dati.<\/p>\n<ol start=\"6\">\n<li><strong> Trasmissione dei dati a soggetti terzi <\/strong><\/li>\n<\/ol>\n<p>I dati saranno comunicati ai soggetti terzi previsti dalla normativa italiana di riferimento, come specificato nel seguente elenco:<\/p>\n<ul>\n<li><strong>Iscrizione AIRE<\/strong>: Comune di ultima residenza in Italia (Legge 27 ottobre 1988, n. 470 Anagrafe e censimento degli italiani all&#8217;estero), ISTAT (artt.6 e 6bis del D. lgs. 322\/1989 &#8211; Norme sul Sistema statistico nazionale e sulla riorganizzazione dell\u2019Istituto nazionale di statistica), INPS, per il pagamento delle pensioni all\u2019estero (art.50, comma 2, del D. lgs. 7 marzo 2005, n. 82 &#8211; Codice dell\u2019Amministrazione Digitale\/CAD e successive modifiche) e, in caso di indagini, alle autorit\u00e0 giudiziarie o di polizia;<\/li>\n<li><strong>Stato civile<\/strong>: Comune competente (individuato ai sensi dell\u2019art. 17 del Decreto del Presidente della Repubblica (DPR) 3 novembre 2000, n. 396 &#8211; Regolamento per la revisione e la semplificazione dell&#8217;ordinamento dello stato civile); Prefettura competente, per i cambiamenti di nome\/cognome (art. 89 del DPR 396\/2000); INPS, per il pagamento delle pensioni all\u2019estero (art.50, comma 2, del D. lgs. 7 marzo 2005, n.82 &#8211; Codice dell\u2019Amministrazione Digitale (CAD) e successive modifiche);<\/li>\n<li><strong>Voto all\u2019estero<\/strong>: Comune di residenza o d\u2019iscrizione AIRE e Ministero dell\u2019Interno (Legge 27 dicembre 2001, n. 459 &#8211; Norme per l&#8217;esercizio del diritto di voto dei cittadini italiani residenti all&#8217;estero, Legge 24 gennaio 1979, n. 18 \u2013 Elezione dei membri del Parlamento europeo spettanti all\u2019Italia, Legge 23 ottobre 2003, n. 286 \u2013 Norme relative alla disciplina dei Comitati degli italiani all&#8217;estero e rispettivi regolamenti di attuazioni e norme connesse); rappresentanti qualificati di partiti, movimenti politici, comitati di promotori e sostenitori dei referendum o singoli candidati alle elezioni per il perseguimento delle predette finalit\u00e0 di propaganda elettorale e connessa comunicazione politica (Provvedimento del Garante per la protezione dei dati personali in materia di propaganda elettorale e comunicazione politica del 18 aprile 2019);<\/li>\n<li><strong>Passaporto ordinario elettronico e passaporto temporaneo<\/strong>: Ministero dell\u2019Interno (art.16 della Legge 21 novembre 1967, n.1185 e Regolamento (CE) n.444 del 2009);<\/li>\n<li><strong>Documento di viaggio provvisorio<\/strong>: Ministero dell\u2019Interno italiano se il richiedente \u00e8 un cittadino italiano o la competente autorit\u00e0 nazionale se il richiedente \u00e8 cittadino di un altro paese UE (Decisione UE del 25 giugno 1996 (96\/409\/PESC);<\/li>\n<li><strong>Carta d\u2019identit\u00e0 elettronica<\/strong>: Comune d\u2019iscrizione AIRE e Ministero dell\u2019Interno (art. 288 del Regio Decreto (RD) 6 maggio 1940, n.635 ed art. 1, lett. d) del Decreto del Presidente del Consiglio dei Ministri (DPCM) 22 ottobre 1999 n.437);<\/li>\n<li><strong>Codice fiscale dell\u2019Agenzia delle Entrate<\/strong>: Ministero dell\u2019Economia e delle Finanze (Decreto del Ministero delle Finanze 17 maggio 2001, n. 281 \u2013 Regolamento recante norme in materia di agevolazioni relativamente all\u2019attribuzione del codice fiscale ed alle modalit\u00e0 di presentazione delle dichiarazioni e di pagamento delle imposte per i contribuenti residenti all\u2019estero);<\/li>\n<li><strong>Sussidi<\/strong>: i dati sono conservati agli atti dell\u2019Ufficio consolare di riferimento ed inseriti nel portale SIBI del MAECI, accessibile solo agli Uffici ministeriali competenti;<\/li>\n<li><strong>Concessione di prestiti con promessa di restituzione<\/strong>: Questura ed Agenzia delle Entrate (Riscossione) competenti (art. 17 del D. lgs. 26 febbraio 1999, n. 46 ed art. 1 del Decreto Legge 22 ottobre 2016, n. 193);<\/li>\n<li><strong>Rimpatri<\/strong>: competenti Prefetture, Questure, Stazioni Carabinieri, ASL e Comuni, competenti autorit\u00e0 straniere, nonch\u00e9, in caso di evacuazione per motivi di emergenza, Capi Zona e forze di soccorso italiane e\/o straniere (Circolare MAE n. 14 del 20.11.1998 \u201crimpatri consolari\u201d; Convenzione di Berlino del 10.2.1937; Circolare MAE n. 7 del 4.4.1979 \u201cintroduzione salme\u201d; Direttiva della Presidenza del Consiglio dei Ministri del 23.9.2011);<\/li>\n<li><strong>Adozioni internazionali<\/strong>: competenti autorit\u00e0 straniere, Commissione per le Adozioni Internazionali, Ministero della Giustizia (Dipartimento per la Giustizia Minorile), Tribunali per i Minorenni (Legge 4 maggio 1983, n.184);<\/li>\n<li><strong>Ricerca persone scomparse ed assistenza a detenuti o persone in stato di fermo<\/strong>: competenti autorit\u00e0 straniere, competenti Questure, Stazioni Carabinieri e Procure della Repubblica, Ministero della Giustizia, Ministero dell\u2019Interno-Interpol (Convenzione di Strasburgo del 21 marzo 1983 sul trasferimento dei condannati; Circolare n. 4 del 14.7.2011 \u201cComunicazioni all\u2019Autorit\u00e0 Giudiziaria di notizie relative a ipotesi di reato commesso\u201d<em>)<\/em>;<\/li>\n<li><strong>Minori contesi<\/strong>: competenti autorit\u00e0 straniere, Ministero della Giustizia e Ministero dell\u2019Interno (Legge 15 gennaio 1994, n.64; Regolamento (CE) n.2201\/2003 Bruxelles II; Costituzione Interpol del 13 giugno 1956);<\/li>\n<li><strong>Successioni<\/strong>: Comune italiano di ultima residenza in Italia o d\u2019iscrizione AIRE ed Agenzia delle Entrate territorialmente competente, per le successioni aperte all\u2019estero (art. 46 del D.lgs. 3 febbraio 2011, n. 71), Cancelleria del Tribunale competente, per le successioni aperte in Italia (art. 622 del Codice civile; art. 52 delle Disposizioni per l&#8217;attuazione del Codice civile e disposizioni transitorie);<\/li>\n<li><strong>Certificazioni e legalizzazioni<\/strong>: i documenti in questione sono rilasciati all\u2019interessato o a un soggetto terzo da questi delegato;<\/li>\n<li><strong>Funzioni in materia di navigazione<\/strong>: a seconda dello specifico procedimento amministrativo, Ministero delle Infrastrutture e dei Trasporti, Comando Generale del Corpo delle Capitanerie di Porto, Ministero dello Sviluppo Economico, Ministero delle Politiche Agricole e Forestali, Autorit\u00e0 Giudiziaria, Autorit\u00e0 Marittima, Istituto Nazionale Assistenza Infortuni Lavoratori, Comuni di residenza e medici fiduciari (RD 30 marzo 1942, n. 327 &#8211; Codice della Navigazione, DPR 15 febbraio 1952, n. 328 &#8211; Regolamento di esecuzione del Codice della Navigazione, oltre alla vigente normativa speciale applicabile alle specifiche materie);<\/li>\n<li><strong>Funzioni in materia scolastica<\/strong>: Ministero dell\u2019Istruzione, dell\u2019Universit\u00e0 e della Ricerca (MIUR), Uffici Scolastici Regionali (USR), Scuole e Universit\u00e0, Ministero dell\u2019Economia e delle Finanze (MEF) e Ragionerie Territoriali dello Stato (RTS) (D.lgs. 13 aprile 2017, n.64).<\/li>\n<\/ul>\n<ol start=\"7\">\n<li><strong> Periodo di conservazioni dei dati <\/strong><\/li>\n<\/ol>\n<p>I dati saranno conservati a tempo indeterminato, per motivi di certezza giuridica e per il rilascio di certificazioni, fatta eccezione per le impronte digitali raccolte per il passaporto elettronico e per la carta d\u2019identit\u00e0 elettronica, le quali sono conservate il tempo strettamente necessario per il rilascio del documento e, comunque, per un periodo massimo di trenta giorni.<\/p>\n<ol start=\"8\">\n<li><strong> Diritti dell\u2019interessato <\/strong><\/li>\n<\/ol>\n<p>L\u2019interessato ha il diritto di accedere ai propri dati personali e, alle condizioni previste dalla normativa vigente, di ottenerne rettifica. Nei limiti di legge e fatte salve le conseguenze sull\u2019erogazione del servizio consolare, egli ha altres\u00ec il diritto di chiedere la cancellazione dei dati eventualmente trattati illecitamente, la limitazione del trattamento o l\u2019opposizione al trattamento. In questi casi, l\u2019interessato dovr\u00e0 rivolgersi all\u2019<strong>Ambasciata d\u2019Italia ad Ottawa<\/strong>, ai recapiti indicati al punto 1, informando per conoscenza l\u2019RPD del MAECI.<\/p>\n<ol start=\"9\">\n<li><strong> Reclami <\/strong><\/li>\n<\/ol>\n<p>Se ritiene che i suoi diritti in materia di privatezza siano stati violati, l\u2019interessato pu\u00f2 presentare un reclamo all\u2019RPD del MAECI. Qualora non sia soddisfatto della risposta, l\u2019interessato pu\u00f2 rivolgersi al Garante per la Protezione dei Dati personali (Piazza Venezia 11, 00187 ROMA; tel. 0039 06 696771 (centralino); peo: <a href=\"mailto:protocollo@gpdp.it\">protocollo@gpdp.it<\/a>; pec: <a href=\"mailto:protocollo@pec.gpdp.it\">protocollo@pec.gpdp.it<\/a> (questo indirizzo \u00e8 configurato per ricevere SOLO comunicazioni provenienti da posta elettronica certificata)).<\/p>\n<p><em>(Ultimo aggiornamento: febbraio 2026)<\/em><\/p>\n","protected":false},"excerpt":{"rendered":"(Regolamento Generale sulla Protezione dei Dati (UE) 2016\/679, art. 13 e 14) Il trattamento dei dati personali ai fini dell\u2019erogazione dei servizi consolari sar\u00e0 improntato ai principi di liceit\u00e0, correttezza e trasparenza a tutela dei diritti e delle libert\u00e0 fondamentali delle persone fisiche. Come appresso specificato, i servizi in questione sono destinati ai cittadini italiani [&hellip;]","protected":false},"author":12,"featured_media":0,"parent":9116,"menu_order":0,"comment_status":"closed","ping_status":"closed","template":"","meta":{"footnotes":""},"class_list":["post-9125","page","type-page","status-publish","hentry"],"_links":{"self":[{"href":"https:\/\/ambottawa.esteri.it\/it\/wp-json\/wp\/v2\/pages\/9125","targetHints":{"allow":["GET"]}}],"collection":[{"href":"https:\/\/ambottawa.esteri.it\/it\/wp-json\/wp\/v2\/pages"}],"about":[{"href":"https:\/\/ambottawa.esteri.it\/it\/wp-json\/wp\/v2\/types\/page"}],"author":[{"embeddable":true,"href":"https:\/\/ambottawa.esteri.it\/it\/wp-json\/wp\/v2\/users\/12"}],"replies":[{"embeddable":true,"href":"https:\/\/ambottawa.esteri.it\/it\/wp-json\/wp\/v2\/comments?post=9125"}],"version-history":[{"count":3,"href":"https:\/\/ambottawa.esteri.it\/it\/wp-json\/wp\/v2\/pages\/9125\/revisions"}],"predecessor-version":[{"id":9133,"href":"https:\/\/ambottawa.esteri.it\/it\/wp-json\/wp\/v2\/pages\/9125\/revisions\/9133"}],"up":[{"embeddable":true,"href":"https:\/\/ambottawa.esteri.it\/it\/wp-json\/wp\/v2\/pages\/9116"}],"wp:attachment":[{"href":"https:\/\/ambottawa.esteri.it\/it\/wp-json\/wp\/v2\/media?parent=9125"}],"curies":[{"name":"wp","href":"https:\/\/api.w.org\/{rel}","templated":true}]}}