{"id":846,"date":"2022-12-21T17:18:02","date_gmt":"2022-12-21T16:18:02","guid":{"rendered":"https:\/\/ambottawa.esteri.it\/?page_id=846"},"modified":"2023-09-12T19:49:11","modified_gmt":"2023-09-12T17:49:11","slug":"domande-frequenti","status":"publish","type":"page","link":"https:\/\/ambottawa.esteri.it\/it\/servizi-consolari-e-visti\/servizi-per-il-cittadino-italiano\/altri-servizi\/domande-frequenti\/","title":{"rendered":"Domande frequenti"},"content":{"rendered":"<div>\n<p class=\"boxLevel04\" style=\"text-align: justify;\">In questa pagina troverai le risposte alle domande frequenti. Consigliamo anche di prendere visione della <a href=\"https:\/\/www.esteri.it\/mae\/it\/servizi\/sportello_info\/domandefrequenti\/\">pagina FAQ<\/a> (domande pi\u00f9 frequenti) del sito del Ministero degli Affari Esteri.<\/p>\n<ul style=\"text-align: justify;\">\n<li><strong>Visti<\/strong><\/li>\n<li><strong>Passaporti<\/strong><\/li>\n<li><strong>Cittadinanza<\/strong><\/li>\n<li><strong>Informazioni generali<\/strong><\/li>\n<\/ul>\n<p>&nbsp;<\/p>\n<p style=\"text-align: justify;\"><strong>VISTI<\/strong><\/p>\n<p style=\"text-align: justify;\"><strong>Vorrei andare in Italia, che visto devo richiedere?<\/strong><\/p>\n<p style=\"text-align: justify;\">Alla seguente <a href=\"http:\/\/vistoperitalia.esteri.it\/home.aspx\">pagina<\/a> \u00e8 possibile effettuare una ricerca mirata che, sulla base della nazionalit\u00e0, del Paese di residenza, dei motivi della visita e della durata del soggiorno, ti confermer\u00e0 se \u00e8 necessario o meno richiedere un visto d&#8217;ingresso per l&#8217;Italia. Ti ricordiamo che nella pagina <a href=\"https:\/\/ambottawa.esteri.it\/it\/chi-siamo\/la-sede\/modulistica\/\">modulistica<\/a> di questo sito, potrai trovare i modelli per la richiesta del visto.<\/p>\n<p style=\"text-align: justify;\">Inoltre, ti ricordiamo che la cancelleria consolare dell\u2019Ambasciata d\u2019Italia ha competenza solo per la Citt\u00e0 di Ottawa, le contee di Carleton, Dundas, Glengarry, Grenville, Prescott, Russell e Stormont, nonch\u00e9 la regione dell&#8217;Outaouais (Qu\u00e9bec) per quel che concerne le domande di visto.<\/p>\n<p style=\"text-align: justify;\">Se risiedi al di fuori di quest\u2019area di ti invitiamo a prendere contatto con il consolato competente.<\/p>\n<ul style=\"text-align: justify;\">\n<li>Il <strong>Consolato Generale a Toronto<\/strong> ha competenza per il resto della Provincia dell&#8217;Ontario, per la Provincia del Manitoba e i Territori del Nord-Ovest.<\/li>\n<li>Il <strong>Consolato Generale a Montr\u00e9al<\/strong> ha competenza per le Province di Qu\u00e9bec (salvo la regione dell\u2019Outaouais), Nova Scotia, Newfoundland and Labrador, New Brunswick, Prince Edward Island e per il territorio di Nunavut.<\/li>\n<li>Il <strong>Consolato Generale a Vancouver<\/strong> ha competenza per le Province dell\u2019Alberta, della British Columbia, del Saskatchewan e per il territorio dello Yukon.<\/li>\n<\/ul>\n<p style=\"text-align: justify;\"><strong>Vorrei venire in Canada, ho bisogno di un visto?<\/strong><\/p>\n<p style=\"text-align: justify;\">Se sei un cittadino italiano che viaggia in aereo per motivi di turismo o affari, ti servir\u00e0 un <a href=\"https:\/\/www.canada.ca\/en\/immigration-refugees-citizenship\/services\/visit-canada\/eta\/facts-it.html\">eTA (electronic Travel Authorization)<\/a>.<\/p>\n<p style=\"text-align: justify;\">L\u2019eTA si richiede online ed ha un costo di CAD$7. Per poter richiedere l\u2019eTA avrai bisogno di un passaporto in corso di validit\u00e0, di un indirizzo e-mail e di una carta di credito.<\/p>\n<p style=\"text-align: justify;\">Se sei un cittadino italiano che sta pianificando di trasferirsi in Canada per motivi diversi dal turismo puoi consultare il sito della <a href=\"https:\/\/www.canada.ca\/en\/immigration-refugees-citizenship.html\">Immigration Refugees Citizenship Canada<\/a> per maggiori informazioni sui tipi di visto e sulle procedure di ingresso.<\/p>\n<p>&nbsp;<\/p>\n<p style=\"text-align: justify;\"><strong>PASSAPORTO E ALTRI DOCUMENTI<\/strong><\/p>\n<p style=\"text-align: justify;\"><strong>Ho perso\/mi \u00e8 stato rubato il passaporto, che cosa posso fare?<\/strong><\/p>\n<p style=\"text-align: justify;\">La prima cosa da fare \u00e8 recarsi presso una stazione di polizia per sporgere denuncia. La polizia fornir\u00e0 tutte le informazioni necessarie per portare a compimento la procedura di denuncia. La richiesta di nuovo passaporto in Ambasciata o in Consolato potr\u00e0 essere avviata non appena si sar\u00e0 giunti in possesso di copia della denuncia rilasciata dalla polizia.<\/p>\n<p style=\"text-align: justify;\"><strong>Quali sono i requisiti necessari e il procedimento per ottenere il passaporto?<\/strong><\/p>\n<p style=\"text-align: justify;\">Possono richiedere il passaporto solo i cittadini italiani; non \u00e8 prevista un&#8217;et\u00e0 minima per il rilascio del passaporto. Il passaporto viene rilasciato solo su appuntamento in quanto necessario per il rilevamento delle impronte digitali. Gli appuntamenti potranno essere richiesti attraverso il portale di prenotazione online <a href=\"https:\/\/prenotami.esteri.it\/\">Prenot@mi<\/a>. Il rilascio del passaporto \u00e8 soggetto al pagamento del libretto passaporto e di un contributo amministrativo, per un totale di CAD$ 171 (il costo varia trimestralmente perch\u00e9 soggetto a tasso di cambio). Il passaporto viene in media rilasciato, salvo in casi particolarmente urgenti, in circa 2 settimane, a seconda della quantit\u00e0 di richieste da evadere da parte dell&#8217;ufficio.<\/p>\n<p style=\"text-align: justify;\">Per informazioni dettagliate sulla documentazione da presentare, si prega di consultare la pagina <strong>PASSAPORTI E CARTE D&#8217;IDENTIT\u00c0 &gt;<\/strong> <a href=\"https:\/\/ambottawa.esteri.it\/it\/servizi-consolari-e-visti\/servizi-per-il-cittadino-italiano\/passaporti-e-carte-d-identita\/passaporto\/\"><strong>PASSAPORTO<\/strong><\/a> di questo sito.<\/p>\n<p style=\"text-align: justify;\"><strong>\u00c8 possibile richiedere la carta d\u2019identit\u00e0?<\/strong><\/p>\n<p style=\"text-align: justify;\">No, le Sedi al di fuori della Comunit\u00e0 Europea non rilasciano la carta di identit\u00e0.<\/p>\n<p>&nbsp;<\/p>\n<p style=\"text-align: justify;\"><strong>INFORMAZIONI GENERALI<\/strong><\/p>\n<p style=\"text-align: justify;\"><strong>Sono appena arrivato in Canada: che cosa posso fare per muovere i primi passi in questo Paese?<\/strong><\/p>\n<p style=\"text-align: justify;\">Per conoscere quali sono i servizi per i cittadini italiani emigrati in Canada, \u00e8 utile visitare <a href=\"https:\/\/serviziconsolari.esteri.it\/ScoFE\/index.sco\">Fast It<\/a>, il portale dei servizi consolari dedicato ai cittadini italiani residenti all\u2019estero.<\/p>\n<p style=\"text-align: justify;\"><strong>Quali sono i doveri del cittadino italiano residente all&#8217;estero?<\/strong><\/p>\n<p style=\"text-align: justify;\">I principali doveri del cittadino italiano residente all&#8217;estero sono:<\/p>\n<ul style=\"text-align: justify;\">\n<li>iscriversi all&#8217;A.I.R.E. (Anagrafe degli Italiani Residenti all\u2019Estero), se si risiede all&#8217;estero per un periodo di tempo pari o superiore a 12 mesi;<\/li>\n<li>comunicare la propria residenza aggiornata al Consolato o alla Cancelleria Consolare di riferimento;<\/li>\n<li>mantenere aggiornata la propria situazione di stato civile presso il Consolato o la Cancelleria Consolare di riferimento.<\/li>\n<\/ul>\n<p style=\"text-align: justify;\">In Italia non esistono obblighi elettorali. Secondo la Costituzione italiana il voto \u00e8 un \u201cdovere civico\u201d del cittadino, ma il cittadino che non vota non \u00e8 soggetto ad alcuna sanzione legale.<\/p>\n<p style=\"text-align: justify;\">Per maggiori informazioni sull\u2019A.I.R.E. visita il seguente <a href=\"https:\/\/www.esteri.it\/mae\/it\/servizi\/italiani-all-estero\/aire_0.html\">sito<\/a>.<\/p>\n<p style=\"text-align: justify;\"><strong>L\u2019Ambasciata offre opportunit\u00e0 di lavoro?<\/strong><\/p>\n<p style=\"text-align: justify;\">S\u00ec. L\u2019Ambasciata d\u2019Italia ad Ottawa offre opportunit\u00e0 di tirocini trimestrali ed, inoltre, opportunit\u00e0 di lavoro, pubblicate attraverso il nostro sito web.<\/p>\n<ul style=\"text-align: justify;\">\n<li><em><strong>Tirocini<\/strong><\/em><\/li>\n<\/ul>\n<p style=\"text-align: justify;\">E\u2019 possibile effettuare un tirocinio di tre mesi presso l\u2019Ambasciata d\u2019Italia ad Ottawa attraverso Il <a href=\"https:\/\/www.tirocinicrui.it\/programmi-bandi-definitivo\/maeci\/\">Programma di tirocini MAECI\u2013MIUR\u2013CRUI<\/a>. Nato da una convezione sottoscritta da Ministero degli Affari Esteri e della Cooperazione Internazionale, Ministero dell&#8217;Istruzione dell&#8217;Universit\u00e0 e della Ricerca, e Fondazione CRUI per le Universit\u00e0 Italiane, il programma \u00e8 dedicato a studenti e neo-laureati. L\u2019iniziativa \u00e8 volta ad integrare il percorso formativo universitario e a far acquisire ai tirocinanti una conoscenza diretta e concreta delle attivit\u00e0 istituzionali svolte dal MAECI nel quadro delle proprie attivit\u00e0 internazionali. Il bando esce tre volte all\u2019anno.<\/p>\n<ul style=\"text-align: justify;\">\n<li><em><strong>Lavoro<\/strong><\/em><\/li>\n<\/ul>\n<p style=\"text-align: justify;\">Le assunzioni di personale a contratto a tempo indeterminato avvengono unicamente sulla base di concorsi pubblici, i cui bandi vengono pubblicati su questo sito web. Uno dei requisiti per essere ammessi alle prove, oltre alla conoscenza dell\u2019italiano, \u00e8 la residenza in Canada da almeno due anni. Il rapporto di lavoro a tempo determinato (6 mesi, rinnovabili una sola volta per un identico periodo), istaurabile sempre a seguito di procedura di selezione pubblicata sul sito istituzionale, \u00e8 esentato dal requisito della residenza.<\/p>\n<p style=\"text-align: justify;\">Maggiori informazioni riguardanti le opportunit\u00e0 di studio, tirocinio e lavoro offerte dal Ministero degli Affari Esteri, dall&#8217;Unione Europea e da altre organizzazioni internazionali sono consultabili cliccando <a href=\"https:\/\/www.esteri.it\/it\/ministero\/lavora-con-noi\/\">qui<\/a>.<\/p>\n<\/div>\n","protected":false},"excerpt":{"rendered":"In questa pagina troverai le risposte alle domande frequenti. Consigliamo anche di prendere visione della pagina FAQ (domande pi\u00f9 frequenti) del sito del Ministero degli Affari Esteri. Visti Passaporti Cittadinanza Informazioni generali &nbsp; VISTI Vorrei andare in Italia, che visto devo richiedere? Alla seguente pagina \u00e8 possibile effettuare una ricerca mirata che, sulla base della [&hellip;]","protected":false},"author":5,"featured_media":0,"parent":213,"menu_order":0,"comment_status":"closed","ping_status":"closed","template":"","meta":{"footnotes":""},"class_list":["post-846","page","type-page","status-publish","hentry"],"_links":{"self":[{"href":"https:\/\/ambottawa.esteri.it\/it\/wp-json\/wp\/v2\/pages\/846","targetHints":{"allow":["GET"]}}],"collection":[{"href":"https:\/\/ambottawa.esteri.it\/it\/wp-json\/wp\/v2\/pages"}],"about":[{"href":"https:\/\/ambottawa.esteri.it\/it\/wp-json\/wp\/v2\/types\/page"}],"author":[{"embeddable":true,"href":"https:\/\/ambottawa.esteri.it\/it\/wp-json\/wp\/v2\/users\/5"}],"replies":[{"embeddable":true,"href":"https:\/\/ambottawa.esteri.it\/it\/wp-json\/wp\/v2\/comments?post=846"}],"version-history":[{"count":1,"href":"https:\/\/ambottawa.esteri.it\/it\/wp-json\/wp\/v2\/pages\/846\/revisions"}],"predecessor-version":[{"id":3259,"href":"https:\/\/ambottawa.esteri.it\/it\/wp-json\/wp\/v2\/pages\/846\/revisions\/3259"}],"up":[{"embeddable":true,"href":"https:\/\/ambottawa.esteri.it\/it\/wp-json\/wp\/v2\/pages\/213"}],"wp:attachment":[{"href":"https:\/\/ambottawa.esteri.it\/it\/wp-json\/wp\/v2\/media?parent=846"}],"curies":[{"name":"wp","href":"https:\/\/api.w.org\/{rel}","templated":true}]}}