{"id":831,"date":"2022-12-14T21:49:29","date_gmt":"2022-12-14T20:49:29","guid":{"rendered":"https:\/\/ambottawa.esteri.it\/?page_id=831"},"modified":"2025-07-09T18:40:02","modified_gmt":"2025-07-09T16:40:02","slug":"matrimonio","status":"publish","type":"page","link":"https:\/\/ambottawa.esteri.it\/it\/servizi-consolari-e-visti\/servizi-per-il-cittadino-straniero\/cittadinanza\/matrimonio\/","title":{"rendered":"Cittadinanza per Matrimonio\/Unione civile"},"content":{"rendered":"<p style=\"text-align: justify;\"><strong>1. CENNI NORMATIVI<\/strong><\/p>\n<p style=\"text-align: justify;\">L\u2019acquisto della cittadinanza italiana da parte del coniuge straniero o apolide che abbia contratto matrimonio con cittadino italiano a partire dal 27 aprile 1983 \u00e8 attualmente regolato dalla Legge 5 febbraio 1992 n. 91 (artt. 5, 6, 7 e 8) e successive modifiche.<\/p>\n<p style=\"text-align: justify;\">Le richieste di cittadinanza italiana possono essere presentate anche da parte del cittadino\/a straniero\/a che ha costituito un\u2019unione civile con cittadino\/a italiano\/a trascritta nei registri dello stato civile del Comune italiano (D. Lgs. 5, 6 e 7\/ 2017).<\/p>\n<p style=\"text-align: justify;\">Il coniuge\/parte dell\u2019unione civile straniero pu\u00f2 acquistare la cittadinanza italiana su domanda, in presenza dei requisiti stabiliti dalla normativa vigente, come descritto nelle sezioni successive.<\/p>\n<p style=\"text-align: justify;\">Riferimenti normativi:<\/p>\n<ul style=\"text-align: justify;\">\n<li>Legge N.123 del 21 aprile 1983<\/li>\n<li>Legge N. 91 del 5 febbraio 1992<\/li>\n<li>Decreti legislativi N. 5, 6 e 7 del 19 gennaio 2017<\/li>\n<li>Decreto Legge N. 113 del 4 ottobre 2018 (decreto sicurezza), convertito dalla Legge N.132 del 1 dicembre 2018<\/li>\n<li>Decreto Legge N. 130 del 21 ottobre 2020, convertito dalla Legge N. 173 del 18 dicembre 2020.<\/li>\n<\/ul>\n<p style=\"text-align: justify;\"><strong>2. REQUISITI PER LA RICHIESTA DELLA CITTADINANZA<\/strong><\/p>\n<p style=\"text-align: justify;\"><strong>Residenza nella circoscrizione consolare<\/strong><\/p>\n<p style=\"text-align: justify;\">Il richiedente dovr\u00e0 indirizzare la domanda alla Rappresentanza diplomatico-consolare competente per la sua residenza: <a href=\"https:\/\/serviziconsolarionline.esteri.it\/ScoFE\/services\/consulate\/find-consulate.sco;jsessionid=D55B3E49ABB66F62D4817DD084A188F4\">TROVA IL TUO CONSOLATO: Servizi Consolari Online (esteri.it)<\/a>;<\/p>\n<p style=\"text-align: justify;\">Il coniuge\/parte dell\u2019unione civile di nazionalit\u00e0 italiana deve essere residente e regolarmente iscritto all\u2019anagrafe degli italiani residenti all\u2019estero (A.I.R.E.) della circoscrizione consolare di competenza e convivente allo stesso indirizzo del richiedente la cittadinanza. In caso contrario, dovr\u00e0 fornire documentazione comprovante la motivazione (es. lavoro, scolarit\u00e0 dei figli, cure mediche o altro), che determina o ha determinato la necessit\u00e0 di domicilio disgiunto;<\/p>\n<p style=\"text-align: justify;\"><strong>Termini di presentazione<\/strong><\/p>\n<p style=\"text-align: justify;\">La domanda pu\u00f2 essere presentata tre anni dopo il matrimonio\/unione civile se il coniuge \u00e8 cittadino italiano iure sanguinis; in caso di naturalizzazione avvenuta dopo il matrimonio, i tre anni decorrono dalla data della naturalizzazione del coniuge. I tre anni vengono ridotti a un anno e mezzo in presenza di figli minori nati o adottati dai coniugi;<\/p>\n<p style=\"text-align: justify;\"><strong>Trascrizione del matrimonio\/unione civile<\/strong><\/p>\n<p style=\"text-align: justify;\">Se avvenuto all&#8217;estero, deve essere gi\u00e0 trascritto presso il Comune in Italia;<\/p>\n<p style=\"text-align: justify;\"><strong>Validit\u00e0<\/strong> del matrimonio\/unione civile e stabilit\u00e0 del vincolo di coniugio\/unione civile fino all\u2019adozione del provvedimento di concessione della cittadinanza. Al fine del conferimento della cittadinanza italiana, alla data di adozione del decreto non devono essere intervenuti lo scioglimento, l\u2019annullamento o la cessazione degli effetti civili del matrimonio\/unione civile (separazione personale, divorzio, decesso del coniuge o parte dell\u2019unione civile);<\/p>\n<p style=\"text-align: justify;\"><strong>Assenza<\/strong> di sentenze di condanna da parte delle Autorit\u00e0 giudiziarie italiane per reati per i quali sia prevista una pena superiore a tre anni di reclusione;<\/p>\n<p style=\"text-align: justify;\"><strong>Assenza<\/strong> di sentenze di condanna da parte delle Autorit\u00e0 giudiziarie straniere ad una pena superiore ad un anno per reati non politici;<\/p>\n<p style=\"text-align: justify;\"><strong>Assenza<\/strong> di condanne per delitti contro la personalit\u00e0 dello Stato;<\/p>\n<p style=\"text-align: justify;\"><strong>Assenza<\/strong> di motivi ostativi per la sicurezza della Repubblica;<\/p>\n<p style=\"text-align: justify;\">Conoscenza della<strong> lingua italiana<\/strong> non inferiore a livello B1 del Quadro Comune Europeo di Riferimento (QCER);<\/p>\n<p style=\"text-align: justify;\"><strong>Pagamento<\/strong> delle tasse e percezioni indicate nella sezione &#8220;documenti e costi&#8221;.<\/p>\n<p style=\"text-align: justify;\"><strong>3. DOCUMENTI NECESSARI PER LA RICHIESTA DI CITTADINANZA<\/strong><\/p>\n<p style=\"text-align: justify;\"><strong>1. Estratto dell\u2019atto di nascita<\/strong> o equivalente: in originale, rilasciato dal Paese in cui si \u00e8 nati possibilmente da meno di sei mesi,\u00a0\u00a0\u00a0\u00a0 completo di tutte le generalit\u00e0 (incluse paternit\u00e0 e maternit\u00e0 ed eventuali annotazioni) e tradotto in lingua italiana. L&#8217;atto di nascita e la traduzione devono essere debitamente legalizzati\/apostillati dall&#8217;Ufficio consolare competente per il luogo dove l&#8217;atto \u00e8 stato prodotto. Per le modalit\u00e0 consulta il sito web del Consolato competente: <a href=\"https:\/\/serviziconsolarionline.esteri.it\/ScoFE\/services\/consulate\/find-consulate.sco;jsessionid=D55B3E49ABB66F62D4817DD084A188F4\">TROVA IL TUO CONSOLATO: Servizi Consolari Online (esteri.it)<\/a>;<\/p>\n<p style=\"text-align: justify;\">Per questa circoscrizione consolare:<\/p>\n<ul style=\"text-align: justify;\">\n<li>se nati in Ontario: \u201cCertified copy of registration of birth\u201d nel formato 8\u201d x 14\u201d (consulta: <a href=\"http:\/\/www.serviceontario.ca\">www.serviceontario.ca);<\/a><\/li>\n<li>se nati in Qu\u00e9bec: \u201cCopie d\u2019Acte de Naissance\/Copy of an Act of Birth\u201d (consulta: <a href=\"http:\/\/www.etatcivil.gouv.qc.ca\">www.etatcivil.gouv.qc.ca);<\/a><\/li>\n<\/ul>\n<p style=\"text-align: justify;\">I documenti devono essere tradotti integralmente dai traduttori di riferimento di questo Ufficio Consolare (Lista <a href=\"https:\/\/ambottawa.esteri.it\/wp-content\/uploads\/2024\/03\/Traduttori.pdf\">Traduttori)<\/a><\/p>\n<p style=\"text-align: justify;\"><strong>2. Certificato Penale<\/strong> del Paese di origine e degli eventuali Paesi terzi di residenza (a partire dai 14 anni d\u2019et\u00e0) \u2013 tranne l\u2019Italia\u00a0 \u2013 e dei Paesi di cui si possiede la cittadinanza, in originale, rilasciato da meno di sei mesi dalla presentazione della domanda, debitamente tradotto in lingua italiana. Il certificato e la traduzione in italiano devono essere legalizzati\/apostillati dall\u2019Ambasciata\/Consolato competente.<\/p>\n<p style=\"text-align: justify;\">Per le modalit\u00e0 consulta il sito web del Consolato competente: <a href=\"https:\/\/serviziconsolarionline.esteri.it\/ScoFE\/services\/consulate\/find-consulate.sco;jsessionid=D55B3E49ABB66F62D4817DD084A188F4\">TROVA IL TUO CONSOLATO: Servizi Consolari Online (esteri.it)<\/a><\/p>\n<p style=\"text-align: justify;\">Il richiedente \u00e8 esonerato dal presentare il certificato penale del Paese di origine solo se lo ha lasciato prima del compimento dei 14 anni e non ne ha conservato la cittadinanza.<\/p>\n<p style=\"text-align: justify;\">Per il Canada, il certificato da presentare \u00e8 il \u201cCertified criminal record check with fingerprints\u201d rilasciato dalla Royal Canadian Mounted Police Headquarters in Ottawa.<\/p>\n<p style=\"text-align: justify;\">Il certificato dovr\u00e0 essere legalizzato da <a href=\"https:\/\/www.international.gc.ca\/gac-amc\/about-a_propos\/services\/authentication-authentification\/step-etape-3.aspx?lang=eng\">Global Affairs Canada<\/a>, e tradotto da uno dei traduttori di riferimento di questo Ufficio Consolare (Lista <a href=\"https:\/\/ambottawa.esteri.it\/wp-content\/uploads\/2024\/03\/Traduttori.pdf\">Traduttori)<\/a>.<\/p>\n<p style=\"text-align: justify;\"><strong>NOTA BENE:<\/strong> \u00c8 opportuno richiedere il certificato sia con il cognome da nubile\/celibe che con quello da coniugata\/unito civilmente.<\/p>\n<p style=\"text-align: justify;\"><strong>3. Dichiarazione giurata<\/strong> del richiedente redatta in italiano o tradotta in italiano e sottoscritta dinanzi a un avvocato o notaio pubblico, la cui firma sia depositata presso questo Ufficio Consolare <a href=\"https:\/\/ambottawa.esteri.it\/wp-content\/uploads\/2025\/06\/Notai_Avv-05.05.25.pdf\">(Lista notai e avvocati<\/a>), in cui il\/la richiedente:<\/p>\n<ol style=\"text-align: justify;\">\n<li>\u00a0\u00a0\u00a0 elenchi i familiari conviventi compresi i figli (anche adottati) con indicazione del loro luogo e data di nascita,<\/li>\n<li>\u00a0\u00a0\u00a0 indirizzo attuale e tutti quelli precedenti dall&#8217;et\u00e0 di 14 anni.<\/li>\n<\/ol>\n<p style=\"text-align: justify;\"><strong>N.B.<\/strong> La dichiarazione giurata resa dal richiedente deve sempre essere effettuata riportando il cognome da nubile\/celibe (eventualmente unitamente a quello da coniugato\/unito civilmente). La dichiarazione giurata ha la validit\u00e0 di sei mesi dalla data di rilascio.<\/p>\n<p style=\"text-align: justify;\"><strong>4. Ricevuta del versamento del contributo di euro 250,00<\/strong> a favore del Ministero dell\u2019Interno, con le modalit\u00e0 indicate nella sezione \u201cCosti\u201d.<\/p>\n<p style=\"text-align: justify;\"><strong>5. Documento di identit\u00e0<\/strong>: fotocopia del passaporto in corso di validit\u00e0 (pagine con i dati personali, fotografia, date di rilascio e scadenza).<\/p>\n<p style=\"text-align: justify;\"><strong>6. Permanent resident card o permesso di soggiorno<\/strong> (per coloro che non sono cittadini canadesi) in corso di validit\u00e0 e prova di indirizzo recente (patente canadese, o contratto d&#8217;affitto o bolletta di utenza domestica).<\/p>\n<p style=\"text-align: justify;\"><strong>7. Copia dell\u2019atto di matrimonio integrale o estratto per riassunto dell\u2019 atto di matrimonio<\/strong>, da richiedere al competente Comune italiano in cui l\u2019atto risulta trascritto, rilasciato da meno di sei mesi prima dell\u2019istanza richiestacertificato. Questo documento pu\u00f2 essere inserito al momento della presentazione della domanda alla voce \u201cdocumento generico\u201d e andr\u00e0 presentato al momento della convocazione presso l&#8217;Ufficio Consolare.<\/p>\n<p style=\"text-align: justify;\"><strong>NOTA BENE<\/strong>: Qualora il richiedente sia un cittadino UE, potr\u00e0 avvalersi dell\u2019autocertificazione al posto dell\u2019atto di matrimonio, stato di famiglia e certificato di cittadinanza del coniuge\/parte dell\u2019unione civile (DPR 445\/2000).<\/p>\n<p style=\"text-align: justify;\"><strong>8. Certificato di conoscenza della lingua italiana<\/strong> non inferiore al livello B1 del Quadro Comune Europeo di Riferimento (QCER) o titolo di studio rilasciato da un istituto di istruzione pubblico o paritario riconosciuto dal Ministero dell\u2019Istruzione, dell\u2019Universit\u00e0 e della Ricerca e dal Ministero degli Affari Esteri e della Cooperazione internazionale. Gli enti certificatori CLIQ (Certificazione Lingua Italiana di Qualit\u00e0) &#8211; eventualmente in regime di collaborazione con i locali istituti italiani di cultura \u2013 sono esclusivamente <strong>l\u2019Universit\u00e0 per stranieri di Siena, l\u2019Universit\u00e0 per stranieri di Perugia, l\u2019Universit\u00e0 Roma Tre e la Societ\u00e0 Dante Alighieri<\/strong>. Per l\u2019elenco dei centri d\u2019esame presenti in Canada cliccare <a href=\"https:\/\/ambottawa.esteri.it\/it\/italia-e-canada\/diplomazia-culturale\/corsi-di-lingua\/\">qui<\/a>.<\/p>\n<p style=\"text-align: justify;\">Non sono tenuti alla presentazione del titolo di conoscenza della lingua italiana:<\/p>\n<ol style=\"text-align: justify;\">\n<li>Gli stranieri (anche se residenti all\u2019estero) che abbiano sottoscritto l\u2019accordo di integrazione di cui all\u2019art. 4 bis del d.lgs. n. 286\/1998 Testo Unico Immigrazione;<\/li>\n<li>I titolari di permesso di soggiorno UE (o CE) per soggiornanti di lungo periodo di cui all\u2019articolo 9 del medesimo testo unico.<\/li>\n<\/ol>\n<p style=\"text-align: justify;\"><strong>NOTA BENE<\/strong>: in base all\u2019Art 9 comma 7d del Decreto Legislativo 03\/2007, attuativo della direttiva europea 2004\/38\/CE, il permesso di soggiorno di cui sopra si intende revocato \u201cin caso di assenza dal territorio dell&#8217;Unione per un periodo di dodici mesi consecutivi\u201d. Far\u00e0 fede la data di acquisizione del permesso di soggiorno, la data di iscrizione AIRE del coniuge italiano e la dichiarazione sottoscritta dall\u2019istante.<\/p>\n<p style=\"text-align: justify;\"><strong>4. PROCEDURA<\/strong><\/p>\n<p style=\"text-align: justify;\"><strong>Per una verifica preliminare della documentazione e per le legalizzazioni degli atti, il richiedente dovr\u00e0 presentarsi personalmente presso la Cancelleria Consolare di questa Ambasciata previo appuntamento da concordare scrivendo a <a href=\"mailto:consolare.ottawa@esteri.it\">consolare.ottawa@esteri.it<\/a>.<\/strong><\/p>\n<p style=\"text-align: justify;\">Successivamente, si dovr\u00e0 procedere come segue:<\/p>\n<p style=\"text-align: justify;\"><strong>FASE 1 \u2013 REGISTRAZIONE<\/strong><\/p>\n<p style=\"text-align: justify;\"><strong>Il richiedente dovr\u00e0 effettuare la registrazione sul portale del Ministero dell\u2019Interno <a href=\"https:\/\/www.interno.gov.it\/it\/temi\/cittadinanza-e-altri-diritti-civili\/cittadinanza\/cittadinanza-invia-tua-domanda\">Cittadinanza: invia la tua domanda | Ministero dell\u2018Interno<\/a><\/strong><\/p>\n<p style=\"text-align: justify;\">Si precisa che l\u2019indirizzo email dichiarato sul portale in fase di inoltro della domanda on line costituisce domicilio eletto (art. 47 c.c.). Si rende pertanto necessaria una frequente consultazione della propria email in quanto tutte le comunicazioni relative alla domanda di cittadinanza, ivi comprese richieste di integrazione documentale, convocazioni, notifiche di provvedimenti, ecc. avverranno UNICAMENTE tramite canale informatico.<\/p>\n<p style=\"text-align: justify;\"><strong>FASE 2 \u2013 INSERIMENTO ISTANZA (Modello AE)<\/strong><\/p>\n<p style=\"text-align: justify;\">Una volta registrato, il richiedente potr\u00e0 procedere alla compilazione della domanda \u201conline\u201d e all\u2019inserimento di tutti i documenti richiesti sull\u2019apposito portale del Ministero dell\u2019Interno: (<a href=\"https:\/\/portaleserviziapp.dlci.interno.it\">https:\/\/portaleserviziapp.dlci.interno.it<\/a>). <strong>Qualsiasi domanda di carattere tecnico o di contenuto relativa all\u2019istanza online dovr\u00e0 essere rivolta direttamente al Ministero dell\u2019Interno che ha predisposto un servizio di assistenza con FAQ e HelpDesk dedicati: <a href=\"https:\/\/portaleserviziapp.dlci.interno.it\/\">Portale Servizi (interno.it)<\/a><\/strong><\/p>\n<p style=\"text-align: justify;\"><strong>Attenzione \u2192 NOTE PER LA COMPILAZIONE DELLA DOMANDA ONLINE:<\/strong><\/p>\n<ul style=\"text-align: justify;\">\n<li>nel modulo di registrazione vanno inseriti DATA E LUOGO DI NASCITA cos\u00ec come indicati nell\u2019atto di nascita;<\/li>\n<li>vanno riportate le GENERALIT\u00c0 indicate in atti e documenti formati all\u2019estero dalle competenti autorit\u00e0 straniere. In caso di discordanze, fornire documentazione giustificativa;<\/li>\n<li>In particolare, si prega di assicurare che siano presenti dovute annotazioni sull\u2019atto di nascita dell\u2019eventuale cambio cognome e\/o nome, o dovute annotazioni sull\u2019atto di matrimonio formato all\u2019estero, tradotto e legalizzato\/apostillato come indicato nella sezione \u201cDocumenti\u201d;<\/li>\n<li>specificare nell&#8217;istanza l&#8217;eventuale presenza di figli minori del\/della richiedente, nati da una precedente relazione.<\/li>\n<\/ul>\n<p style=\"text-align: justify;\"><strong>FASE 3 \u2013 VERIFICA CONSOLARE<\/strong><\/p>\n<p style=\"text-align: justify;\">L\u2019Ufficio Consolare sar\u00e0 automaticamente informato della presentazione della domanda e proceder\u00e0 alle necessarie VERIFICHE. Il richiedente ricever\u00e0 quindi, in modalit\u00e0 telematica tramite il portale del Ministero dell\u2019Interno, una comunicazione relativa all\u2019accettazione o al motivo dell\u2019inammissibilit\u00e0.<\/p>\n<p style=\"text-align: justify;\">In caso di accettazione della domanda, il richiedente sar\u00e0 convocato, per via telematica, presso la Rappresentanza diplomatico-consolare per l\u2019autentica della firma apposta sulla domanda di cittadinanza, per la consegna di tutta la documentazione cartacea IN ORIGINALE, ivi compresa quella gi\u00e0 trasmessa per via telematica tramite il Portale, per la riscossione o verifica dell\u2019avvenuto pagamento delle percezioni consolari previste.<\/p>\n<p style=\"text-align: justify;\">Tutta la documentazione di cui sopra sar\u00e0 conservata in originale dalla Rappresentanza diplomatico-consolare, ad eccezione del passaporto e del certificato linguistico, per i quali verr\u00e0 effettuata una copia conforme con relativi pagamenti.<\/p>\n<p style=\"text-align: justify;\"><strong>FASE 4 \u2013 VALUTAZIONE e TERMINI DEL PROCEDIMENTO<\/strong><\/p>\n<p style=\"text-align: justify;\">La valutazione della domanda e la definizione del procedimento sono di esclusiva competenza del Ministero dell\u2019Interno. Per le domande presentate entro il 19\/12\/2020 il termine \u00e8 di 48 mesi. Per le istanze di cittadinanza presentate a partire dal 20 dicembre 2020 (data di entrata in vigore della L. 18 dicembre 2020 n. 173) il termine \u00e8 di 24 mesi dalla data di presentazione della domanda, prorogabili fino al massimo di 36 mesi. Qualora al termine della valutazione della pratica il procedimento si concluda positivamente, il Ministero dell\u2019Interno invier\u00e0 il Decreto di conferimento di cittadinanza italiana alla Rappresentanza diplomatico-consolare competente per residenza dell\u2019interessato\/a.<\/p>\n<p style=\"text-align: justify;\"><strong>FASE 5 \u2013 DECRETO, NOTIFICA E GIURAMENTO<\/strong><\/p>\n<p style=\"text-align: justify;\">Il Decreto di conferimento della cittadinanza italiana verr\u00e0 notificato \u2013 tramite portale \u2013 con comunicazione indirizzata all\u2019email indicata dal richiedente in fase di registrazione. All\u2019atto della notifica verranno altres\u00ec richiesti documenti \u2013 previsti dalla normativa nazionale \u2013 volti a verificare la permanenza del vincolo coniugale. Tali documenti devono avere data successiva all\u2019adozione del decreto:<\/p>\n<p style=\"text-align: justify;\">\u2022 atto integrale di matrimonio rilasciato dal competente Comune italiano;<\/p>\n<p style=\"text-align: justify;\">\u2022 certificato penale del Paese di attuale residenza, debitamente legalizzato e tradotto (vedi sezione \u201cDocumenti\u201d).<\/p>\n<p style=\"text-align: justify;\">Alla data di adozione del decreto, quindi, non deve essere intervenuto lo scioglimento, l\u2019annullamento o la cessazione degli effetti civili del matrimonio o dell\u2019unione civile n\u00e9 la separazione personale (sentenza di separazione).<\/p>\n<p style=\"text-align: justify;\">Entro e non oltre sei mesi dalla notifica, l\u2019interessato verr\u00e0 convocato presso l&#8217;Ufficio consolare per prestare giuramento di fedelt\u00e0 alla Repubblica e alle sue leggi.<\/p>\n<p style=\"text-align: justify;\">\u00c8 previsto il pagamento della marca da bollo sul decreto.<\/p>\n<p style=\"text-align: justify;\">L\u2019atto integrale di matrimonio va richiesto al Comune italiano nei cui registri l\u2019atto risulta trascritto; il certificato penale si richiede alle Autorit\u00e0 competenti nel paese di residenza e dovr\u00e0 essere in regola con le disposizioni in materia di legalizzazione\/apostille e traduzione, come spiegato nella sezione \u201cdocumenti\u201d.<\/p>\n<p style=\"text-align: justify;\">La persona interessata prester\u00e0 giuramento di fedelt\u00e0 alla Repubblica italiana pronunciando le parole:<\/p>\n<p style=\"text-align: justify;\">\u201cGIURO DI ESSERE FEDELE ALLA REPUBBLICA E DI OSSERVARE LA COSTITUZIONE E LE LEGGI DELLO STATO\u201d<\/p>\n<p style=\"text-align: justify;\">Gli effetti del giuramento, ovvero l\u2019acquisto della cittadinanza italiana, saranno efficaci a partire dal giorno successivo a quello del giuramento.<\/p>\n<p style=\"text-align: justify;\">Il certificato di nascita originale sar\u00e0 inviato per la trascrizione al Comune italiano di riferimento insieme alla richiesta di iscrizione all\u2019AIRE e al verbale dell\u2019avvenuto giuramento.<\/p>\n<p style=\"text-align: justify;\"><strong>5. SEMPLIFICAZIONE AMMINISTRATIVA E COSTI<\/strong><\/p>\n<p style=\"text-align: justify;\">Se il richiedente \u00e8 un cittadino di un paese UE potr\u00e0 avvalersi dell\u2019autocertificazione per il possesso della cittadinanza italiana del coniuge\/parte dell\u2019unione civile, per il vincolo di coniugio\/unione civile con cittadino\/a italiano\/a e la composizione del nucleo familiare.<\/p>\n<p style=\"text-align: justify;\">Le informazioni, i dati e i documenti gi\u00e0 in possesso della Pubblica Amministrazione sono acquisite d\u2019ufficio, previa indicazione da parte dell\u2019interessato degli elementi indispensabili per il reperimento delle informazioni richieste (DPR 445\/2000).<\/p>\n<p style=\"text-align: justify;\"><strong>Costi:<\/strong><\/p>\n<p style=\"text-align: justify;\">Contributo di euro 250,00 a favore del Ministero dell\u2019Interno, da effettuare esclusivamente sul conto corrente indicato dal Ministero dell\u2019Interno (ricevuta da inserire nella domanda online)<\/p>\n<p style=\"text-align: justify;\">\u201cMinistero dell\u2019Interno D.L.C.I Cittadinanza\u201d<\/p>\n<p style=\"text-align: justify;\"><strong>Nome della Banca e indirizzo:<\/strong> Poste Italiane S.p.A., Piazzale del Viminale, 00184 Roma;<\/p>\n<p style=\"text-align: justify;\"><strong>Codice IBAN:<\/strong> IT54D0760103200000000809020<\/p>\n<p style=\"text-align: justify;\"><strong>Causale del versamento:<\/strong> Richiesta cittadinanza per matrimonio ex art. 5 L. 91\/1992 e nome e cognome del richiedente<\/p>\n<p style=\"text-align: justify;\"><strong>Codice BIC\/SWIFT<\/strong> di Poste Italiane: BPPIITRRXXX (per bonifici esteri);<\/p>\n<p style=\"text-align: justify;\"><strong>Codice BIC\/SWIFT<\/strong>: PIBPITRA (per operazioni del circuito EUROGIRO)<\/p>\n<p style=\"text-align: justify;\"><strong>Articoli della Tabella diritti consolari (<a href=\"https:\/\/ambottawa.esteri.it\/it\/servizi-consolari-e-visti\/servizi-per-il-cittadino-italiano\/altri-servizi\/albo-consolare\/tabella-diritti-consolari\/\">esteri.it<\/a>) da applicare:<\/strong><\/p>\n<ul style=\"text-align: justify;\">\n<li>Autentica di firma sull\u2019istanza: art. 24;<\/li>\n<li>Marca da bollo sull\u2019istanza: art. NAA;<\/li>\n<li>Copia conforme del documento di identit\u00e0 in corso di validit\u00e0: art. 71 (Laddove il documento non sia in caratteri latini occorre anche la traduzione);<\/li>\n<li>Copia conforme del permesso di soggiorno in corso di validit\u00e0 per cittadini non canadesi: art 71;<\/li>\n<li>Copia conforme della certificazione linguistica: art. 71;<\/li>\n<li>Conformit\u00e0 della traduzione di atti di stato civile e certificati penali: art. 72\/A;<\/li>\n<li>Legalizzazione di atti di stato civile: art. 7;<\/li>\n<li>Legalizzazione del certificato penale e della dichiarazione giurata: art. 69;<\/li>\n<li>Marca da bollo sul decreto di cittadinanza: art. NAA.<\/li>\n<\/ul>\n<p style=\"text-align: justify;\"><strong>6. CONTATTI E LINK UTILI<\/strong><\/p>\n<ul>\n<li style=\"text-align: justify;\"><a href=\"https:\/\/serviziconsolarionline.esteri.it\/ScoFE\/services\/consulate\/find-consulate.sco;jsessionid=D55B3E49ABB66F62D4817DD084A188F4\">TROVA IL TUO CONSOLATO<\/a><\/li>\n<li style=\"text-align: justify;\"><a href=\"https:\/\/www.interno.gov.it\/it\/temi\/cittadinanza-e-altri-diritti-civili\/cittadinanza\/cittadinanza-invia-tua-domanda\">INVIA LA TUA DOMANDA AL MINISTERO DELL\u2019INTERNO<\/a><\/li>\n<li style=\"text-align: justify;\"><a href=\"https:\/\/portaleserviziapp.dlci.interno.it\/\">ASSISTENZA TECNICA AL PORTALE Portale Servizi (interno.it)<\/a><\/li>\n<li style=\"text-align: justify;\"><a href=\"https:\/\/www.esteri.it\/it\/servizi-consolari-e-visti\/italiani-all-estero\/cittadinanza\/\">SITO DEL MINISTERO DEGLI ESTERI<\/a><\/li>\n<li style=\"text-align: justify;\"><a href=\"https:\/\/ambottawa.esteri.it\/it\/servizi-consolari-e-visti\/servizi-per-il-cittadino-italiano\/altri-servizi\/albo-consolare\/tabella-diritti-consolari\/\">TABELLA CONSOLARE<\/a><\/li>\n<\/ul>\n","protected":false},"excerpt":{"rendered":"1. CENNI NORMATIVI L\u2019acquisto della cittadinanza italiana da parte del coniuge straniero o apolide che abbia contratto matrimonio con cittadino italiano a partire dal 27 aprile 1983 \u00e8 attualmente regolato dalla Legge 5 febbraio 1992 n. 91 (artt. 5, 6, 7 e 8) e successive modifiche. Le richieste di cittadinanza italiana possono essere presentate anche [&hellip;]","protected":false},"author":5,"featured_media":0,"parent":290,"menu_order":3,"comment_status":"closed","ping_status":"closed","template":"","meta":{"footnotes":""},"class_list":["post-831","page","type-page","status-publish","hentry"],"_links":{"self":[{"href":"https:\/\/ambottawa.esteri.it\/it\/wp-json\/wp\/v2\/pages\/831","targetHints":{"allow":["GET"]}}],"collection":[{"href":"https:\/\/ambottawa.esteri.it\/it\/wp-json\/wp\/v2\/pages"}],"about":[{"href":"https:\/\/ambottawa.esteri.it\/it\/wp-json\/wp\/v2\/types\/page"}],"author":[{"embeddable":true,"href":"https:\/\/ambottawa.esteri.it\/it\/wp-json\/wp\/v2\/users\/5"}],"replies":[{"embeddable":true,"href":"https:\/\/ambottawa.esteri.it\/it\/wp-json\/wp\/v2\/comments?post=831"}],"version-history":[{"count":6,"href":"https:\/\/ambottawa.esteri.it\/it\/wp-json\/wp\/v2\/pages\/831\/revisions"}],"predecessor-version":[{"id":7161,"href":"https:\/\/ambottawa.esteri.it\/it\/wp-json\/wp\/v2\/pages\/831\/revisions\/7161"}],"up":[{"embeddable":true,"href":"https:\/\/ambottawa.esteri.it\/it\/wp-json\/wp\/v2\/pages\/290"}],"wp:attachment":[{"href":"https:\/\/ambottawa.esteri.it\/it\/wp-json\/wp\/v2\/media?parent=831"}],"curies":[{"name":"wp","href":"https:\/\/api.w.org\/{rel}","templated":true}]}}