{"id":81,"date":"2022-11-17T17:33:45","date_gmt":"2022-11-17T16:33:45","guid":{"rendered":"https:\/\/ambottawa.esteri.it\/?page_id=81"},"modified":"2023-11-06T21:53:55","modified_gmt":"2023-11-06T20:53:55","slug":"la-rete-consolare","status":"publish","type":"page","link":"https:\/\/ambottawa.esteri.it\/it\/chi-siamo\/la-rete-consolare\/","title":{"rendered":"La rete consolare"},"content":{"rendered":"<ul>\n<li><a href=\"#Rete\">La Rete Consolare<\/a><\/li>\n<li><a title=\"Vai alle informazioni sugli istituti italiani di cultura in Canada\" href=\"#Istituti\">Gli Istituti italiani di Cultura in Canada<\/a><\/li>\n<li><a title=\"Vai alle informazioni sugli enti pubblici in Canada\" href=\"#Enti\">Altri enti pubblici italiani in Canada<br \/>\n<\/a><\/li>\n<li><a href=\"#Camere\">Camere di commercio italiane in Canada<\/a><\/li>\n<li><a href=\"#Organi\">Organi rappresentativi della comunit\u00e0 italiana in Canada<\/a><\/li>\n<\/ul>\n<p>&nbsp;<\/p>\n<p>Per trovare il tuo Ufficio consolare di riferimento clicca <a href=\"https:\/\/serviziconsolari.esteri.it\/ScoFE\/services\/service-info.sco?serviceId=50\">qui<\/a>.<\/p>\n<p>&nbsp;<\/p>\n<p><a id=\"Rete\" title=\"\" name=\"Rete\"><\/a><strong>Consolato Generale d&#8217;Italia a Montr\u00e9al<\/strong><\/p>\n<p>3489 Drummond Street<br \/>\nMONTR\u00c9AL, Qu\u00e9bec H3G 1X6<\/p>\n<p>Tel. (514) 849-8351\/2\/3\/4<br \/>\nFax (514) 499-9471<\/p>\n<p>E-mail:\u00a0<a href=\"mailto:consolato.montreal@esteri.it\">consolato.montreal@esteri.it<\/a><br \/>\nSito web:\u00a0<a title=\"\" href=\"https:\/\/consmontreal.esteri.it\/consolato_montreal\/it\/\">www.consmontreal.esteri.it<\/a><\/p>\n<p><strong>Circoscrizione<\/strong>: le province del Qu\u00e9bec (a eccezione della parte ricadente nella circoscrizione dell&#8217;Ambasciata di Ottawa), del Newfoundland e Labrador, del New Brunswick, della Nova Scotia, di Prince Edward Island e il Territorio autonomo del Nunavut.<\/p>\n<p>&nbsp;<\/p>\n<p><strong>Consolato Generale d&#8217;Italia a Toronto<\/strong><\/p>\n<p>136 Beverley Street<br \/>\nTORONTO, Ontario M5T 1Y5<\/p>\n<p>Tel. (416) 977 1566<br \/>\nFax (416) 977 1119<\/p>\n<p>E-mail: <a href=\"mailto:consolato.toronto@esteri.it\">consolato.toronto@esteri.it<\/a><br \/>\nSito web:\u00a0<a title=\"\" href=\"https:\/\/constoronto.esteri.it\/consolato_toronto\/it\/\">www.constoronto.esteri.it<\/a><\/p>\n<p><strong>Circoscrizione<\/strong>: le province dell\u2019Ontario (a eccezione della parte ricadente nella circoscrizione dell&#8217;Ambasciata di Ottawa), del Manitoba e i Territori del Nord-Ovest.<\/p>\n<p>&nbsp;<\/p>\n<p><strong>Consolato Generale d&#8217;Italia a Vancouver<\/strong><\/p>\n<p>1140 West Pender Street, Suite 840<\/p>\n<p>Vancouver, BC V6E 4G1<\/p>\n<p>Tel. (604) 684-7288<br \/>\nFax. (604) 685-4263<\/p>\n<p>E-mail:\u00a0<a href=\"mailto:consolato.vancouver@esteri.it\">consolato.vancouver@esteri.it<\/a><br \/>\nSito web:\u00a0<a title=\"\" href=\"https:\/\/consvancouver.esteri.it\/consolato_vancouver\/it\/\">www.consvancouver.esteri.it<\/a><\/p>\n<p><strong>Circoscrizione<\/strong>: le province della British Columbia, dell&#8217;Alberta e del Saskatchewan e il Territorio dello Yukon.<\/p>\n<p>&nbsp;<\/p>\n<p><strong>Sportello consolare\u00a0di Edmonton<\/strong><\/p>\n<p>2592 Commerce Place<br \/>\n10155 102 Street<br \/>\nEDMONTON, Alberta T5J 4G8<\/p>\n<p>Tel. (780) 423-5153<br \/>\nFax (780) 423-5214<\/p>\n<p>E-mail:\u00a0<a title=\"\" href=\"mailto:edmonton.vancouver@esteri.it\">edmonton.vancouver@esteri.it<\/a><\/p>\n<p>&nbsp;<\/p>\n<p><a id=\"Istituti\" title=\"\" name=\"Istituti\"><\/a><em><span style=\"text-decoration: underline;\"><strong>Istituti italiani di Cultura in Canada<\/strong><\/span><\/em><\/p>\n<p>&nbsp;<\/p>\n<p><strong>Consolato Generale d&#8217;Italia a Toronto (Sezione culturale)<br \/>\n<\/strong><strong>Istituto Italiano di Cultura a Toronto<\/strong><\/p>\n<p>496 Huron Street<br \/>\nTORONTO, Ontario M5R 2R3<\/p>\n<p>Tel. (416) 921-3802Fax (416) 962-2503<\/p>\n<p>Sito web:\u00a0<a title=\"\" href=\"https:\/\/iictoronto.esteri.it\/iic_toronto\/it\/\">http:\/\/www.iictoronto.esteri.it<\/a><\/p>\n<p><strong>Istituto Italiano di Cultura a Montr\u00e9al<\/strong><\/p>\n<p>1200 Docteur Penfield Avenue<br \/>\nMONTR\u00c9AL, Qu\u00e9bec H3A 1A9<\/p>\n<p>Tel. (514) 849-3473<br \/>\nFax (514) 849-2569<\/p>\n<p>Sito web:\u00a0<a title=\"http:\/\/www.iicmontreal.esteri.it\" href=\"https:\/\/iicmontreal.esteri.it\/it\/\">http:\/\/www.iicmontreal.esteri.it<\/a><\/p>\n<p>&nbsp;<\/p>\n<p><strong>Consolato Generale d&#8217;Italia a\u00a0Vancouver (Sezione culturale)<\/strong><\/p>\n<p>1140 West Pender Street &#8211; Suite 840<\/p>\n<p>Vancouver, BC V6E 4G1 Canada<\/p>\n<p>Tel. (604) 684-7288<br \/>\nFax. (604) 685-4263<\/p>\n<p>E-mail:\u00a0<a href=\"mailto:consolato.vancouver@esteri.it\">consolato.vancouver@esteri.it<\/a><br \/>\nSito web:\u00a0<a title=\"\" href=\"https:\/\/consvancouver.esteri.it\/consolato_vancouver\/it\/\">www.consvancouver.esteri.it<\/a><\/p>\n<p>&nbsp;<\/p>\n<p><a id=\"Enti\" title=\"\" name=\"Enti\"><\/a><span style=\"text-decoration: underline;\"><em><strong>Altri enti pubblici italiani in Canada<\/strong><\/em><\/span><\/p>\n<p>&nbsp;<\/p>\n<p><strong>Consolato Generale d\u2019Italia a Toronto (Sezione Commerciale)<br \/>\n<\/strong><strong>ITA\/ICE \u2013 Italian Trade Agency\u00a0\u00a0\u00a0\u00a0\u00a0\u00a0\u00a0\u00a0\u00a0\u00a0\u00a0\u00a0\u00a0\u00a0\u00a0\u00a0\u00a0\u00a0\u00a0\u00a0\u00a0\u00a0\u00a0\u00a0\u00a0\u00a0\u00a0\u00a0\u00a0\u00a0\u00a0\u00a0\u00a0\u00a0\u00a0\u00a0\u00a0\u00a0\u00a0\u00a0\u00a0\u00a0\u00a0\u00a0\u00a0\u00a0\u00a0\u00a0\u00a0\u00a0\u00a0\u00a0\u00a0\u00a0\u00a0\u00a0\u00a0\u00a0\u00a0\u00a0\u00a0\u00a0\u00a0\u00a0\u00a0\u00a0\u00a0\u00a0\u00a0\u00a0\u00a0\u00a0\u00a0\u00a0\u00a0\u00a0\u00a0\u00a0\u00a0\u00a0\u00a0\u00a0\u00a0\u00a0\u00a0\u00a0\u00a0\u00a0\u00a0\u00a0\u00a0\u00a0\u00a0\u00a0\u00a0\u00a0\u00a0\u00a0\u00a0\u00a0\u00a0\u00a0\u00a0\u00a0\u00a0\u00a0\u00a0\u00a0\u00a0\u00a0\u00a0\u00a0\u00a0\u00a0\u00a0\u00a0\u00a0\u00a0\u00a0\u00a0\u00a0\u00a0\u00a0\u00a0\u00a0\u00a0\u00a0\u00a0\u00a0\u00a0\u00a0\u00a0\u00a0\u00a0\u00a0\u00a0\u00a0\u00a0\u00a0\u00a0\u00a0\u00a0<\/strong><\/p>\n<p>480 University Avenue, Suite 800<br \/>\nToronto, Ontario, M5G 1V2<\/p>\n<p>Tel: 416-598-1555\/598-1566<br \/>\nFax: 416-598-1610<\/p>\n<p>E-mail:\u00a0<a href=\"mailto:toronto@ice.it\">toronto@ice.it<\/a><br \/>\nWebsite:\u00a0<a href=\"https:\/\/www.ice.it\/it\/mercati\/canada\/toronto\">https:\/\/www.ice.it\/it\/mercati\/canada\/toronto<\/a><\/p>\n<p>&nbsp;<\/p>\n<p><strong>Consolato Generale d\u2019Italia a Montr\u00e9al (Sezione Commerciale)<br \/>\n<\/strong><strong>ITA\/ICE \u2013 Italian Trade Agency<\/strong><\/p>\n<p>1000 Rue Sherbrooke Ouest, Suite 1720<br \/>\nMontr\u00e9al, Qu\u00e9bec, H3A 3G4<\/p>\n<p>Tel: 514-284-0265<br \/>\nFax: 514-284-0362<\/p>\n<p>E-mail:\u00a0<a href=\"mailto:montreal@ice.it\">montreal@ice.it<\/a><br \/>\nWebsite:\u00a0<a href=\"https:\/\/www.ice.it\/it\/mercati\/canada\/punto-di-corrispondenza-di-montreal\">https:\/\/www.ice.it\/it\/mercati\/canada\/punto-di-corrispondenza-di-montreal<\/a><\/p>\n<p>&nbsp;<\/p>\n<p><strong>Ente Nazionale Italiano per il Turismo<\/strong><\/p>\n<p>365 Bay Street, Suite 503<br \/>\nToronto (Ontario) M5H 2V1<\/p>\n<p>Sito web:\u00a0<a title=\"\" href=\"https:\/\/www.enit.it\/\">www.enit.it<\/a><span class=\"Apple-style-span\"><br \/>\n<\/span><\/p>\n<p>&nbsp;<\/p>\n<p><a id=\"Camere\" title=\"\" name=\"Camere\"><\/a><span style=\"text-decoration: underline;\"><em><strong>Camere di Commercio Italiane in Canada<\/strong><\/em><\/span><\/p>\n<p>&nbsp;<\/p>\n<p><strong>Camera di Commercio Italiana dell&#8217;Ontario<\/strong><\/p>\n<p>622 College Street, Suite 201 F<br \/>\nToronto, Ontario M6G 1B6<\/p>\n<p>Tel. (416) 789-7169<br \/>\nFax (416) 789-7160<\/p>\n<p>E-mail: <a href=\"mailto:trade@italchambers.ca\">trade@italchambers.ca\u00a0<\/a><br \/>\nSito web:\u00a0<a href=\"http:\/\/www.italchambers.ca\/\">www.italchambers.ca<\/a><\/p>\n<p>&nbsp;<\/p>\n<p><strong>Camera di Commercio Italiana in Canada<\/strong><\/p>\n<p>550, rue Sherbrooke Ouest, Bureau 1150<br \/>\nMontreal, Quebec H3A 1B9<\/p>\n<p>Tel. (514) 844-4249<br \/>\nFax (514) 844-4875<\/p>\n<p>E-mail:\u00a0<a href=\"mailto:info.montreal@italchamber.qc.ca\">info.montreal@italchamber.qc.ca<\/a><br \/>\nSito web:\u00a0<a href=\"http:\/\/www.italchamber.qc.ca\/\">www.italchamber.qc.ca<\/a><\/p>\n<p>&nbsp;<\/p>\n<p><strong>Camera di Commercio Italiana in Canada Ovest<\/strong><\/p>\n<p><strong>Ufficio di Vancouver<\/strong><\/p>\n<p>1209- 409 Granville St., Vancouver, BC V6C 1T2<\/p>\n<p>Tel. (604) 682-1410<br \/>\nFax (604) 682-2997<\/p>\n<p>E-mail:\u00a0<a href=\"iccbc@iccbc.com\">iccbc@iccbc.com<\/a><br \/>\nSito web:\u00a0<a href=\"http:\/\/www.iccbc.com\/\">www.iccbc.com<\/a><\/p>\n<p><strong>Ufficio di Calgary<\/strong><\/p>\n<p>307 &#8211; 1324 11th Avenue SW, Calgary, AB T3C 0M6<\/p>\n<p>Tel. (403) 283-0453<br \/>\nFax (403) 283-0484<\/p>\n<p>E-mail:\u00a0<a href=\"mailto:calgary@iccbc.com\">calgary@iccbc.com<\/a><br \/>\nSito web:\u00a0<a href=\"http:\/\/www.iccbc.com\/\">www.iccbc.com<\/a><\/p>\n<p>&nbsp;<\/p>\n<p><em><strong><a id=\"Organi\" title=\"\" name=\"Organi\"><\/a><span style=\"text-decoration: underline;\">Organi rappresentativi della comunit\u00e0 italiana in Canada<\/span><\/strong><\/em><\/p>\n<p>&nbsp;<\/p>\n<p><strong>Consiglio generale degli italiani all&#8217;estero (CGIE)<\/strong><br \/>\nSito web:\u00a0<a href=\"https:\/\/www.cgieonline.it\/\">http:\/\/www.cgieonline.it\/<\/a><\/p>\n<p>In Canada sono presenti tre <strong>Comitati degli italiani all&#8217;estero<\/strong> (<strong>Comites<\/strong>). I Comites si trovano a <a href=\"https:\/\/www.torontocomites.com\/\">Toronto<\/a>, Montr\u00e9al e Vancouver.<\/p>\n<p>&nbsp;<\/p>\n","protected":false},"excerpt":{"rendered":"La Rete Consolare Gli Istituti italiani di Cultura in Canada Altri enti pubblici italiani in Canada Camere di commercio italiane in Canada Organi rappresentativi della comunit\u00e0 italiana in Canada &nbsp; Per trovare il tuo Ufficio consolare di riferimento clicca qui. &nbsp; Consolato Generale d&#8217;Italia a Montr\u00e9al 3489 Drummond Street MONTR\u00c9AL, Qu\u00e9bec H3G 1X6 Tel. (514) [&hellip;]","protected":false},"author":2,"featured_media":0,"parent":9,"menu_order":10,"comment_status":"closed","ping_status":"closed","template":"","meta":{"footnotes":""},"class_list":["post-81","page","type-page","status-publish","hentry"],"_links":{"self":[{"href":"https:\/\/ambottawa.esteri.it\/it\/wp-json\/wp\/v2\/pages\/81","targetHints":{"allow":["GET"]}}],"collection":[{"href":"https:\/\/ambottawa.esteri.it\/it\/wp-json\/wp\/v2\/pages"}],"about":[{"href":"https:\/\/ambottawa.esteri.it\/it\/wp-json\/wp\/v2\/types\/page"}],"author":[{"embeddable":true,"href":"https:\/\/ambottawa.esteri.it\/it\/wp-json\/wp\/v2\/users\/2"}],"replies":[{"embeddable":true,"href":"https:\/\/ambottawa.esteri.it\/it\/wp-json\/wp\/v2\/comments?post=81"}],"version-history":[{"count":4,"href":"https:\/\/ambottawa.esteri.it\/it\/wp-json\/wp\/v2\/pages\/81\/revisions"}],"predecessor-version":[{"id":3434,"href":"https:\/\/ambottawa.esteri.it\/it\/wp-json\/wp\/v2\/pages\/81\/revisions\/3434"}],"up":[{"embeddable":true,"href":"https:\/\/ambottawa.esteri.it\/it\/wp-json\/wp\/v2\/pages\/9"}],"wp:attachment":[{"href":"https:\/\/ambottawa.esteri.it\/it\/wp-json\/wp\/v2\/media?parent=81"}],"curies":[{"name":"wp","href":"https:\/\/api.w.org\/{rel}","templated":true}]}}