{"id":79,"date":"2022-11-17T17:23:24","date_gmt":"2022-11-17T16:23:24","guid":{"rendered":"https:\/\/ambottawa.esteri.it\/?page_id=79"},"modified":"2025-12-31T16:10:49","modified_gmt":"2025-12-31T15:10:49","slug":"contatti","status":"publish","type":"page","link":"https:\/\/ambottawa.esteri.it\/it\/chi-siamo\/contatti\/","title":{"rendered":"Contatti"},"content":{"rendered":"<p><img loading=\"lazy\" decoding=\"async\" class=\"img-fluid alignnone wp-image-87 size-medium\" src=\"https:\/\/ambottawa.esteri.it\/wp-content\/uploads\/2022\/11\/ambasciataOttawa-256x300.jpg\" alt=\"Sede Ambasciata Ottawa\" width=\"256\" height=\"300\" srcset=\"https:\/\/ambottawa.esteri.it\/wp-content\/uploads\/2022\/11\/ambasciataOttawa-256x300.jpg 256w, https:\/\/ambottawa.esteri.it\/wp-content\/uploads\/2022\/11\/ambasciataOttawa.jpg 389w\" sizes=\"auto, (max-width: 256px) 100vw, 256px\" \/><\/p>\n<p>&nbsp;<\/p>\n<p>275 Slater Street, 21\u00b0 piano<br \/>\nOttawa, Ontario<br \/>\nCanada K1P 5H9<\/p>\n<p>Tel. +1-613-232-2401<br \/>\nFax. +1-613-233-1484<\/p>\n<p>posta elettronica:\u00a0<a href=\"mailto:ambasciata.ottawa@esteri.it\">ambasciata.ottawa@esteri.it<\/a><br \/>\nPEC:\u00a0<a href=\"mailto:amb.ottawa@cert.esteri.it\">amb.ottawa@cert.esteri.it<\/a><\/p>\n<p><span style=\"text-decoration: underline;\"><strong><a href=\"https:\/\/ambottawa.esteri.it\/it\/chi-siamo\/numeri-di-emergenza\/?preview_id=80&amp;preview_nonce=a8ddf055fd&amp;_thumbnail_id=-1&amp;preview=true\">NUMERI DI EMERGENZA<\/a><\/strong><\/span><\/p>\n<p>&nbsp;<\/p>\n<p><strong>La sezione consolare dell&#8217;Ambasciata<\/strong><\/p>\n<p>Circoscrizione: la Citt\u00e0 di Ottawa, le contee di Carleton, Dundas, Glengarry, Grenville, Prescott, Russell e Stormont, nonch\u00e9 la regione dell&#8217;Outaouais (Qu\u00e9bec).<\/p>\n<p>E-mail: <a href=\"mailto:consolare.ottawa@esteri.it\">consolare.ottawa@esteri.it<\/a><\/p>\n<p>Per visti: <a href=\"mailto:ottawa.visa@esteri.it\">ottawa.visa@esteri.it<\/a><\/p>\n<p>&nbsp;<\/p>\n<p><strong>Ufficio commerciale dell&#8217;Ambasciata<\/strong><\/p>\n<p>Per questioni di natura commerciale, utilizzare <a href=\"https:\/\/nexus.esteri.it\/\">Nexus<\/a>, il canale diretto con gli Uffici Commerciali della Rete Diplomatico-Consolare.<\/p>\n<p>&nbsp;<\/p>\n<p><strong>Riceve il pubblico:<\/strong><\/p>\n<p>la mattina, su appuntamento, da concordare con le seguenti modalit\u00e0:<\/p>\n<ul>\n<li>tramite il sistema di prenotazione on-line <a href=\"https:\/\/prenotami.esteri.it\/\">Prenot@mi<\/a> per servizi passaporti o visti, trascrizione di atti di stato civile, legalizzazione di firme di notai, traduttori o funzionari del Global Affairs Canada con firma depositata<\/li>\n<li>scrivendo a <a href=\"mailto:consolare.ottawa@esteri.it\">consolare.ottawa@esteri.it<\/a> o telefonando al numero: 613 232 2401 per tutti gli altri servizi. Si prega di riportare nella comunicazione il tipo di servizio richiesto.<\/li>\n<\/ul>\n<p>&nbsp;<\/p>\n<p><strong>Osserva le seguenti festivit\u00e0:<\/strong><\/p>\n<table class=\"table\">\n<tbody>\n<tr>\n<td><\/td>\n<td><strong>2026<\/strong><\/p>\n<p>&#8211; 1 gennaio: Capodanno<br \/>\n&#8211; 6 aprile: luned\u00ec dell&#8217;Angelo<br \/>\n&#8211; 25 aprile: anniversario della Liberazione<br \/>\n&#8211; 18 maggio: Victoria Day<br \/>\n&#8211; 2 giugno: festa nazionale della Repubblica<br \/>\n&#8211; 1 luglio: Canada Day<br \/>\n&#8211; 3 agosto: Civic Holiday<br \/>\n&#8211; 7 settembre: Labour Day<br \/>\n&#8211; 12 ottobre: Thanksgiving Day<br \/>\n&#8211; 25 dicembre: Natale<br \/>\n&#8211; 26 dicembre: Santo Stefano<\/td>\n<\/tr>\n<\/tbody>\n<\/table>\n<p><strong>\u00a0<\/strong><\/p>\n<p>&nbsp;<\/p>\n<p><a href=\"https:\/\/www.google.com\/maps\/place\/275+Slater+St.,+Ottawa,+ON+K1P+5H9,+Canada\/@45.419421,-75.7062178,15z\/data=!4m5!3m4!1s0x4cce050d28d1bd65:0x29d7ec891ff1f22d!8m2!3d45.4189391!4d-75.7010248?hl=it-IT\"><img decoding=\"async\" class=\"alignnone size-medium wp-image-88 img-fluid\" src=\"https:\/\/ambottawa.esteri.it\/wp-content\/uploads\/2022\/11\/comeraggiunerci_Ottawa.png\" alt=\"Come raggiungerci - Ottawa\" width=\"600\" srcset=\"https:\/\/ambottawa.esteri.it\/wp-content\/uploads\/2022\/11\/comeraggiunerci_Ottawa.png 944w, https:\/\/ambottawa.esteri.it\/wp-content\/uploads\/2022\/11\/comeraggiunerci_Ottawa-300x201.png 300w, https:\/\/ambottawa.esteri.it\/wp-content\/uploads\/2022\/11\/comeraggiunerci_Ottawa-768x515.png 768w\" sizes=\"(max-width: 944px) 100vw, 944px\" \/><\/a><\/p>\n","protected":false},"excerpt":{"rendered":"&nbsp; 275 Slater Street, 21\u00b0 piano Ottawa, Ontario Canada K1P 5H9 Tel. +1-613-232-2401 Fax. +1-613-233-1484 posta elettronica:\u00a0ambasciata.ottawa@esteri.it PEC:\u00a0amb.ottawa@cert.esteri.it NUMERI DI EMERGENZA &nbsp; La sezione consolare dell&#8217;Ambasciata Circoscrizione: la Citt\u00e0 di Ottawa, le contee di Carleton, Dundas, Glengarry, Grenville, Prescott, Russell e Stormont, nonch\u00e9 la regione dell&#8217;Outaouais (Qu\u00e9bec). E-mail: consolare.ottawa@esteri.it Per visti: ottawa.visa@esteri.it &nbsp; Ufficio commerciale [&hellip;]","protected":false},"author":2,"featured_media":0,"parent":9,"menu_order":6,"comment_status":"closed","ping_status":"closed","template":"","meta":{"footnotes":""},"class_list":["post-79","page","type-page","status-publish","hentry"],"_links":{"self":[{"href":"https:\/\/ambottawa.esteri.it\/it\/wp-json\/wp\/v2\/pages\/79","targetHints":{"allow":["GET"]}}],"collection":[{"href":"https:\/\/ambottawa.esteri.it\/it\/wp-json\/wp\/v2\/pages"}],"about":[{"href":"https:\/\/ambottawa.esteri.it\/it\/wp-json\/wp\/v2\/types\/page"}],"author":[{"embeddable":true,"href":"https:\/\/ambottawa.esteri.it\/it\/wp-json\/wp\/v2\/users\/2"}],"replies":[{"embeddable":true,"href":"https:\/\/ambottawa.esteri.it\/it\/wp-json\/wp\/v2\/comments?post=79"}],"version-history":[{"count":3,"href":"https:\/\/ambottawa.esteri.it\/it\/wp-json\/wp\/v2\/pages\/79\/revisions"}],"predecessor-version":[{"id":8625,"href":"https:\/\/ambottawa.esteri.it\/it\/wp-json\/wp\/v2\/pages\/79\/revisions\/8625"}],"up":[{"embeddable":true,"href":"https:\/\/ambottawa.esteri.it\/it\/wp-json\/wp\/v2\/pages\/9"}],"wp:attachment":[{"href":"https:\/\/ambottawa.esteri.it\/it\/wp-json\/wp\/v2\/media?parent=79"}],"curies":[{"name":"wp","href":"https:\/\/api.w.org\/{rel}","templated":true}]}}