{"id":7783,"date":"2025-10-01T22:07:47","date_gmt":"2025-10-01T20:07:47","guid":{"rendered":"https:\/\/ambottawa.esteri.it\/?page_id=7783"},"modified":"2025-10-01T22:09:22","modified_gmt":"2025-10-01T20:09:22","slug":"in-aggiornamento","status":"publish","type":"page","link":"https:\/\/ambottawa.esteri.it\/it\/servizi-consolari-e-visti\/servizi-per-il-cittadino-straniero\/traduzione-e-legalizzazione-dei-documenti\/in-aggiornamento\/","title":{"rendered":"Dichiarazione di valore"},"content":{"rendered":"<p style=\"text-align: justify;\"><strong>ATTENZIONE:<\/strong>\u00a0Dall\u2019<strong>11 gennaio 2024<\/strong>, in Canada \u00e8 entrata in vigore la Convenzione dell\u2019Aja sull\u2019<strong>Apostille<\/strong>. Le\u00a0<strong>Autorit\u00e0 canadesi<\/strong> hanno modificato di conseguenza le procedure per l\u2019autentica di certificati e documenti canadesi da far valere all\u2019estero. In molti casi, il doppio passaggio (autentica di Global Affairs Canada o Servizio Provinciale e legalizzazione del Consolato) non \u00e8 pi\u00f9 necessario, essendo sufficiente l\u2019Apostille emessa dagli uffici canadesi competenti.<\/p>\n<p style=\"text-align: justify;\">****<\/p>\n<p style=\"text-align: justify;\">La <strong>Dichiarazione di Valore<\/strong> (DV) \u00e8 un documento rilasciato dall&#8217;autorit\u00e0 consolare italiana volto a fornire informazioni sulla validit\u00e0 delle credenziali ottenute nel Paese in cui si \u00e8 studiato, confermare la qualit\u00e0 legale dell&#8217;istituto che le ha rilasciate, indicare la durata del corso ed il piano di studi frequentato e la corrispondenza nel sistema educativo italiano.<\/p>\n<p style=\"text-align: justify;\">Gli studenti che intendono studiare in Italia e tutti coloro che necessitano il riconoscimento del loro titolo di studio conseguito all&#8217;estero per qualsiasi motivo, devono quindi ottenere una dichiarazione di valore.<\/p>\n<p style=\"text-align: justify;\">Nel caso in cui lo studente debba trasferirsi in Italia durante il suo percorso formativo senza aver conseguito un diploma finale, il Consolato rilascer\u00e0, su richiesta dell&#8217;interessato, una Dichiarazione Consolare (DC) di avvenuta frequenza e degli eventuali crediti ottenuti o si limiter\u00e0, seconda dei casi, alla legalizzazione del documento scolastico.<\/p>\n<p style=\"text-align: justify;\"><strong>PROCEDURA:<\/strong><\/p>\n<ol style=\"text-align: justify;\">\n<li>Individua il <a href=\"https:\/\/serviziconsolarionline.esteri.it\/ScoFE\/services\/consulate\/find-consulate.sco;jsessionid=3850FA4BFBC12D5554FB4C2AA1A56C54\">Consolato competente<\/a> a rilasciare la DV\/DC. Si tratta dell&#8217;ufficio consolare nella cui giurisdizione si trova la scuola\/universit\u00e0 frequentata. Per richieste a questa Ambasciata, scarica il\u00a0<a href=\"https:\/\/ambottawa.esteri.it\/wp-content\/uploads\/2022\/12\/dv_application_form1.doc\">formulario<\/a> per richiedere la DV, DC o la legalizzazione del documento scolastico;<\/li>\n<li>Richiedi alla scuola\/college\/universit\u00e0 frequentata il certificato dei corsi superati (transcript) ed il titolo accademico finale (Diploma, Bachelor, Master, Ph.D, ecc.). <strong>Il titolo accademico finale ed il transcript presentato dovrannoessere legalizzati<\/strong> (in particolare la firma del Rettore\/Preside) dal Ministero degli Affari Esteri canadese ad Ottawa;<\/li>\n<li>Verifica se la scuola\/universit\u00e0 in Italia richiede la traduzione del diploma e del transcript. In tal caso sar\u00e0 necessario rivolgersi ad uno dei <a href=\"https:\/\/ambottawa.esteri.it\/wp-content\/uploads\/2024\/03\/Traduttori.pdf\">traduttori certificati<\/a> la cui firma \u00e8 depositata presso questa Ambasciata;<\/li>\n<li>Dopo aver raccolto tutta la documentazione necessaria (il diploma originale + il transcript), avendo cura di fare una copia di tutti i documenti, potr\u00e0 richiedere un appuntamento per consegnare la documentazione di persona o in alternativa delegare una terza persona ad agire per tuo conto con un&#8217;apposita delega scritta. In caso di invio della documentazione per posta, dopo aver verificato che il contenuto risponda alla documentazione richiesta e sopra specificata, occorre allegare una busta pre-affrancata e pre-indirizzata per la restituzione. Nel caso in cui il richiedente risieda fuori dal Canada si raccomanda l&#8217;uso di un corriere <a href=\"https:\/\/www.canadapost-postescanada.ca\/cpc\/en\/business\/shipping\/canada\/compare\/xpresspost.page\">Canada Express Post<\/a>. In mancanza della busta pre-affrancata e pre-indirizzata il Consolato non restituir\u00e0 la documentazione e la tratterr\u00e0 fino a quando non verr\u00e0 fornita la busta;<\/li>\n<li>La DV\/DC viene rilasciata gratuitamente se \u00e8 finalizzata al proseguimento degli studi (documentazione comprovante deve essere allegata alla richiesta), altrimenti, per usi alternativi (quali ad esempio il lavoro o l&#8217;equipollenza) dovr\u00e0 essere pagata la relativa <a href=\"https:\/\/ambottawa.esteri.it\/it\/servizi-consolari-e-visti\/servizi-per-il-cittadino-italiano\/altri-servizi\/albo-consolare\/tabella-diritti-consolari\/\">tariffa consolare<\/a>. Sar\u00e0 successivamente cura del richiedente utilizzare la DV\/DC per gli usi del caso. Tutta la documentazione originale verr\u00e0 restituita.<\/li>\n<\/ol>\n<p style=\"text-align: justify;\"><strong>NOTA BENE:<\/strong><br \/>\nLa DV\/DC fornisce una breve descrizione del titolo accademico o professionale rilasciato da un Ente situato in un Paese straniero che adotta un sistema educativo diverso da quello italiano. Come tale, la DV\/DC non costituisce di per se&#8217; prova della competenza e\/o delle qualit\u00e0 professionali della persona acquisite attraverso il titolo ottenuto. Di conseguenza, sebbene la DV\/DC costituisca per l&#8217;ordinamento italiano un documento formale attendibile circa le credenziali di natura accademica ottenute all&#8217;estero, la mera presentazione di una DV\/DC non esclude il diritto da parte dell&#8217;Ente ricevente di effettuare ulteriori autonomi accertamenti e verifiche, come ad esempio un esame dettagliato dei vari corsi superati.<\/p>\n","protected":false},"excerpt":{"rendered":"ATTENZIONE:\u00a0Dall\u201911 gennaio 2024, in Canada \u00e8 entrata in vigore la Convenzione dell\u2019Aja sull\u2019Apostille. Le\u00a0Autorit\u00e0 canadesi hanno modificato di conseguenza le procedure per l\u2019autentica di certificati e documenti canadesi da far valere all\u2019estero. In molti casi, il doppio passaggio (autentica di Global Affairs Canada o Servizio Provinciale e legalizzazione del Consolato) non \u00e8 pi\u00f9 necessario, essendo [&hellip;]","protected":false},"author":12,"featured_media":0,"parent":292,"menu_order":0,"comment_status":"closed","ping_status":"closed","template":"","meta":{"footnotes":""},"class_list":["post-7783","page","type-page","status-publish","hentry"],"_links":{"self":[{"href":"https:\/\/ambottawa.esteri.it\/it\/wp-json\/wp\/v2\/pages\/7783","targetHints":{"allow":["GET"]}}],"collection":[{"href":"https:\/\/ambottawa.esteri.it\/it\/wp-json\/wp\/v2\/pages"}],"about":[{"href":"https:\/\/ambottawa.esteri.it\/it\/wp-json\/wp\/v2\/types\/page"}],"author":[{"embeddable":true,"href":"https:\/\/ambottawa.esteri.it\/it\/wp-json\/wp\/v2\/users\/12"}],"replies":[{"embeddable":true,"href":"https:\/\/ambottawa.esteri.it\/it\/wp-json\/wp\/v2\/comments?post=7783"}],"version-history":[{"count":3,"href":"https:\/\/ambottawa.esteri.it\/it\/wp-json\/wp\/v2\/pages\/7783\/revisions"}],"predecessor-version":[{"id":7791,"href":"https:\/\/ambottawa.esteri.it\/it\/wp-json\/wp\/v2\/pages\/7783\/revisions\/7791"}],"up":[{"embeddable":true,"href":"https:\/\/ambottawa.esteri.it\/it\/wp-json\/wp\/v2\/pages\/292"}],"wp:attachment":[{"href":"https:\/\/ambottawa.esteri.it\/it\/wp-json\/wp\/v2\/media?parent=7783"}],"curies":[{"name":"wp","href":"https:\/\/api.w.org\/{rel}","templated":true}]}}