{"id":724,"date":"2022-12-13T19:40:39","date_gmt":"2022-12-13T18:40:39","guid":{"rendered":"https:\/\/ambottawa.esteri.it\/?page_id=724"},"modified":"2022-12-22T17:25:51","modified_gmt":"2022-12-22T16:25:51","slug":"attestazione-di-accompagnamento-per-minori-di-14-anni-che-viaggiano-da-soli-o-con-persone-diverse-dai-genitori","status":"publish","type":"page","link":"https:\/\/ambottawa.esteri.it\/it\/servizi-consolari-e-visti\/servizi-per-il-cittadino-italiano\/passaporti-e-carte-d-identita\/attestazione-di-accompagnamento-per-minori-di-14-anni-che-viaggiano-da-soli-o-con-persone-diverse-dai-genitori\/","title":{"rendered":"Attestazione di accompagnamento per minori di 14 anni che viaggiano da soli o con persone diverse dai genitori"},"content":{"rendered":"<div>\n<p style=\"text-align: justify;\">Per i cittadini italiani minori di<strong> 14 anni che viaggiano da soli o con persone diverse dai genitori<\/strong> \u00e8 necessaria una attestazione consolare. L\u2019attestazione \u00e8 gratuita e viene rilasciata dall&#8217;Ufficio Consolare per tutti i minori residenti nella circoscrizione su espressa domanda dei genitori, che possono richiederla presentando la seguente documentazione \u2013 in originale + copia &#8211; previo appuntamento da concordare scrivendo a <a href=\"mailto:consolare.ottawa@esteri.it\">consolare.ottawa@esteri.it<\/a> o telefonando a 613 232 2401:<\/p>\n<ul style=\"text-align: justify;\">\n<li><a href=\"https:\/\/ambottawa.esteri.it\/wp-content\/uploads\/2022\/12\/dichiarazione_accompagnamento1.pdf\">DICHIARAZIONE DI ACCOMPAGNAMENTO<\/a>;<\/li>\n<li>copia dei passaporti dei genitori;<\/li>\n<li>copia del passaporto del minore;<\/li>\n<li>copia del passaporto del\/degli accompagnatore\/i oppure, in caso il minore viaggi da solo, i dati della Compagnia aerea e dei voli.<\/li>\n<\/ul>\n<p style=\"text-align: justify;\">Se uno dei due genitori non \u00e8 cittadino dell\u2019Unione Europea e non \u00e8 residente in Italia dovr\u00e0 presentarsi personalmente presso l&#8217;Ufficio Consolare con un documento d&#8217;identit\u00e0 in corso di validit\u00e0 per firmare l&#8217;atto in presenza di un funzionario dell&#8217;Ufficio.<\/p>\n<p style=\"text-align: justify;\">Se risiede fuori della circoscrizione consolare, dovr\u00e0 sottoscrivere la dichiarazione presentandosi al Consolato italiano o alla Questura pi\u00f9 vicini.<\/p>\n<p style=\"text-align: justify;\">In caso di decesso di uno dei genitori, \u00e8 necessario presentarne l&#8217;atto di morte.<\/p>\n<p style=\"text-align: justify;\">La validit\u00e0 dell&#8217;attestazione \u00e8 di norma circoscritta ad un viaggio (da intendersi come andata e\/o ritorno) fuori dal Paese di residenza del minore infra-quattordicenne, con destinazione determinata. Il termine massimo di validit\u00e0 della dichiarazione &#8211; entro cui devono essere ricomprese la data di partenza e la data di rientro &#8211; \u00e8 di 6 mesi. La validit\u00e0 della dichiarazione non pu\u00f2 comunque oltrepassare la data di scadenza del passaporto del minore.<\/p>\n<p style=\"text-align: justify;\">Per informazioni su minori che viaggiano con passaporto canadese si prega di consultare il relativo sito web del Governo canadese.<\/p>\n<\/div>\n","protected":false},"excerpt":{"rendered":"Per i cittadini italiani minori di 14 anni che viaggiano da soli o con persone diverse dai genitori \u00e8 necessaria una attestazione consolare. L\u2019attestazione \u00e8 gratuita e viene rilasciata dall&#8217;Ufficio Consolare per tutti i minori residenti nella circoscrizione su espressa domanda dei genitori, che possono richiederla presentando la seguente documentazione \u2013 in originale + copia [&hellip;]","protected":false},"author":5,"featured_media":0,"parent":182,"menu_order":3,"comment_status":"closed","ping_status":"closed","template":"","meta":{"footnotes":""},"class_list":["post-724","page","type-page","status-publish","hentry"],"_links":{"self":[{"href":"https:\/\/ambottawa.esteri.it\/it\/wp-json\/wp\/v2\/pages\/724","targetHints":{"allow":["GET"]}}],"collection":[{"href":"https:\/\/ambottawa.esteri.it\/it\/wp-json\/wp\/v2\/pages"}],"about":[{"href":"https:\/\/ambottawa.esteri.it\/it\/wp-json\/wp\/v2\/types\/page"}],"author":[{"embeddable":true,"href":"https:\/\/ambottawa.esteri.it\/it\/wp-json\/wp\/v2\/users\/5"}],"replies":[{"embeddable":true,"href":"https:\/\/ambottawa.esteri.it\/it\/wp-json\/wp\/v2\/comments?post=724"}],"version-history":[{"count":0,"href":"https:\/\/ambottawa.esteri.it\/it\/wp-json\/wp\/v2\/pages\/724\/revisions"}],"up":[{"embeddable":true,"href":"https:\/\/ambottawa.esteri.it\/it\/wp-json\/wp\/v2\/pages\/182"}],"wp:attachment":[{"href":"https:\/\/ambottawa.esteri.it\/it\/wp-json\/wp\/v2\/media?parent=724"}],"curies":[{"name":"wp","href":"https:\/\/api.w.org\/{rel}","templated":true}]}}