{"id":712,"date":"2022-12-13T17:23:33","date_gmt":"2022-12-13T16:23:33","guid":{"rendered":"https:\/\/ambottawa.esteri.it\/?page_id=712"},"modified":"2023-07-24T17:58:56","modified_gmt":"2023-07-24T15:58:56","slug":"passaporto","status":"publish","type":"page","link":"https:\/\/ambottawa.esteri.it\/it\/servizi-consolari-e-visti\/servizi-per-il-cittadino-italiano\/passaporti-e-carte-d-identita\/passaporto\/","title":{"rendered":"Passaporto"},"content":{"rendered":"<article id=\"articolo_centro\" class=\"col-md-19 col-sm-19 padding_articolo item-page\" role=\"main\" aria-label=\"articolo\">\n<div>\n<p style=\"text-align: justify;\"><strong>Requisiti per il rilascio del passaporto<\/strong><\/p>\n<ol>\n<li style=\"text-align: justify;\">Essere di cittadinanza italiana.<\/li>\n<li style=\"text-align: justify;\">Essere iscritto\/a nello schedario consolare di questo Ufficio con indirizzo di residenza aggiornato (v. sezione <a href=\"https:\/\/ambottawa.esteri.it\/it\/servizi-consolari-e-visti\/servizi-per-il-cittadino-italiano\/anagrafe-degli-italiani-residenti-allestero-aire\/\">anagrafe degli italiani residenti all&#8217;estero<\/a>).<\/li>\n<\/ol>\n<p>&nbsp;<\/p>\n<p style=\"text-align: justify;\"><strong>Documentazione da presentare<\/strong><\/p>\n<p style=\"text-align: justify;\">1. Due foto<\/p>\n<p style=\"text-align: justify;\">identiche, frontali, a colori, formato tessera 35X45 mm, fatte al massimo 6 mesi prima.<\/p>\n<p style=\"text-align: justify;\">2. Documenti di identit\u00e0<\/p>\n<p style=\"text-align: justify;\">Ultimo passaporto italiano posseduto e un documento di identit\u00e0 valido se il passaporto italiano \u00e8 scaduto o mai posseduto (passaporto canadese, patente di guida, Ontario photo ID card).<\/p>\n<p style=\"text-align: justify;\">Se minorenne, qualsiasi documento con foto che ne permetta l&#8217;identificazione, se disponibile.<\/p>\n<p style=\"text-align: justify;\">3. Status in Canada:<\/p>\n<p style=\"text-align: justify;\"><em>Se in possesso solo di cittadinanza italiana:<\/em><\/p>\n<p style=\"text-align: justify;\">Permesso di studio o lavoro, oppure la \u201cPermanent Resident Card\u201d o, in alternativa, il documento rilasciato da Citizenship and Immigration Canada attraverso la procedura &#8220;Search of Citizenship Records&#8221;.<\/p>\n<p style=\"text-align: justify;\"><em>Se in possesso di cittadinanza italiana e canadese:<\/em><\/p>\n<p style=\"text-align: justify;\">Se il richiedente non \u00e8 nato in Canada ed ha acquistato la cittadinanza canadese dopo il 15 agosto 1992 per naturalizzazione, e non ne ha mai notificato l&#8217;acquisto in Ambasciata, dovr\u00e0 presentare il Certificato di cittadinanza canadese (\u201clong form\u201d con l&#8217;indicazione esatta del giorno, mese e anno di acquisto della cittadinanza straniera).<\/p>\n<p style=\"text-align: justify;\">4. Se il richiedente \u00e8 sposato, ha figli minori, \u00e8 divorziato o vedovo, e questi eventi non risultino gi\u00e0 registrati in Italia, si dovranno presentare i relativi atti di stato civile (per le modalit\u00e0 vedasi sezione <a href=\"https:\/\/ambottawa.esteri.it\/it\/servizi-consolari-e-visti\/servizi-per-il-cittadino-italiano\/stato-civile\/\">Stato civile<\/a>).<\/p>\n<p style=\"text-align: justify;\">5. Se il rilascio \u00e8 richiesto per un minore, i documenti di cui al punto 2 e 3 dovranno riferirsi al\/ai genitore\/i italiano\/i, oltre al documento di identit\u00e0 del minore se disponibile. Se l&#8217;atto di nascita del minore non risulta agli atti dell&#8217;ufficio consolare occorrer\u00e0 mostrarne copia per la verifica dei nomi dei genitori.<\/p>\n<p style=\"text-align: justify;\">Se l&#8217;atto di nascita non \u00e8 mai stato registrato in Italia si dovr\u00e0 richiederne, contestualmente, la trascrizione (v. sezione <a href=\"https:\/\/ambottawa.esteri.it\/it\/servizi-consolari-e-visti\/servizi-per-il-cittadino-italiano\/stato-civile\/\">Stato civile<\/a>).<\/p>\n<p style=\"text-align: justify;\">Se non sono presenti entrambi i genitori alla richiesta di passaporto, dovr\u00e0 essere presentato l&#8217;atto di assenso al rilascio del passaporto del minore da parte del genitore assente <a href=\"https:\/\/ambottawa.esteri.it\/Ambasciata_Ottawa\/resource\/doc\/2021\/11\/atto_di_assenso_per_minori.pdf\">(<\/a><a href=\"https:\/\/ambottawa.esteri.it\/wp-content\/uploads\/2022\/12\/atto_di_assenso_per_minori1-2.pdf\">ATTO DI ASSENSO PER MINORI<\/a>).<\/p>\n<p style=\"text-align: justify;\">Per le modalit\u00e0 di sottoscrizione del documento si prega volersi riferire al punto precedente.<\/p>\n<p style=\"text-align: justify;\">In mancanza di assenso dell&#8217;altro genitore al rilascio del passaporto del figlio minorenne, il genitore pu\u00f2 presentare una richiesta formale, indicando i motivi del mancato assenso e le ragioni per cui il rifiuto viene ritenuto pretestuoso o ingiustificato. La domanda deve contenere informazioni dettagliate circa gli obblighi imposti alla potest\u00e0 genitoriale e all&#8217;affidamento del minore; per la valutazione della richiesta verranno presi in considerazione sia gli aspetti sociali, sia quelli psicologici, con speciale enfasi circa l&#8217;educazione e la copertura sanitaria per il bambino. La richiesta deve indicare inoltre l&#8217;ultimo indirizzo e recapiti (telefono, posta elettronica) del genitore non consenziente, in modo che l&#8217;Ufficio Consolare provi a contattarlo direttamente. L\u2019autorit\u00e0 consolare, in fase istruttoria, potr\u00e0 richiedere prove supplementari. Se si verifica che effettivamente le ragioni del dissenso dell&#8217;altro genitore sono ingiustificate, il Capo della Cancelleria Consolare, in quanto Giudice Tutelare e con apposito decreto, pu\u00f2 autorizzare il rilascio del documento d&#8217;identit\u00e0.<\/p>\n<p style=\"text-align: justify;\">Questa procedura \u00e8 di natura eccezionale e giudiziaria, quindi pu\u00f2 essere utilizzata solo in caso di assoluta impossibilit\u00e0 ad ottenere l&#8217;atto di assenso previsto dalla legge.<\/p>\n<p>6. A partire dal 14 giugno 2023, <strong>non \u00e8 pi\u00f9 necessario presentare l\u2019atto di assenso dell\u2019altro genitore <\/strong>ai fini del rilascio del proprio documento d\u2019identit\u00e0 (passaporto e CIE), ai sensi del D.L. 69\/2023.<\/p>\n<p style=\"text-align: justify;\">7. Costo libretto e del contributo amministrativo da pagarsi in CAD in contanti al cambio del trimestre di riferimento v. <a href=\"https:\/\/ambottawa.esteri.it\/it\/servizi-consolari-e-visti\/servizi-per-il-cittadino-italiano\/altri-servizi\/albo-consolare\/tabella-diritti-consolari\/\">Tabella diritti consolari<\/a>.<\/p>\n<p>&nbsp;<\/p>\n<p style=\"text-align: justify;\"><strong>Validit\u00e0 del passaporto<\/strong><\/p>\n<p style=\"text-align: justify;\">Passaporto rilasciato a maggiorenni (da diciotto anni in poi): dieci anni<\/p>\n<p style=\"text-align: justify;\">Passaporto rilasciato a minori da tre a meno di diciotto anni: cinque anni<\/p>\n<p style=\"text-align: justify;\">Passaporto rilasciato a minori di tre anni: tre anni<\/p>\n<p>&nbsp;<\/p>\n<p style=\"text-align: justify;\"><strong>Furto o smarrimento<\/strong><\/p>\n<p style=\"text-align: justify;\">In caso di furto o smarrimento del passaporto, \u00e8 necessario presentare la denuncia alle autorit\u00e0 di Polizia locali. Il furto o lo smarrimento andranno successivamente denunciati anche all&#8217;Ufficio Consolare <a href=\"https:\/\/ambottawa.esteri.it\/wp-content\/uploads\/2022\/12\/denuncia-furto-smarrimento1-2.pdf\">DENUNCIA SMARRIMENTO\/FURTO<\/a> il quale, se richiesto, provveder\u00e0 a rilasciare un nuovo passaporto dopo aver effettuato i necessari accertamenti e su presentazione dei documenti su riportati.<\/p>\n<p>&nbsp;<\/p>\n<p style=\"text-align: justify;\"><strong>Rilascio passaporto a cittadini non residenti stabilmente nella circoscrizione consolare<\/strong><\/p>\n<p style=\"text-align: justify;\">In casi eccezionali, e di comprovata necessit\u00e0 e urgenza, i cittadini italiani che hanno bisogno di richiedere il rilascio del passaporto mentre sono lontani dal loro luogo di residenza, possono farne domanda all&#8217;Ufficio consolare italiano del luogo in cui si trovano temporaneamente. In questo caso, l&#8217;Ufficio consolare, per svolgere le funzioni dell&#8217;Ufficio competente al rilascio, dovr\u00e0 richiedere (Questura o altro Consolato italiano di residenza) l&#8217;autorizzazione (delega) al rilascio del passaporto.<\/p>\n<\/div>\n<\/article>\n","protected":false},"excerpt":{"rendered":"Requisiti per il rilascio del passaporto Essere di cittadinanza italiana. Essere iscritto\/a nello schedario consolare di questo Ufficio con indirizzo di residenza aggiornato (v. sezione anagrafe degli italiani residenti all&#8217;estero). &nbsp; Documentazione da presentare 1. Due foto identiche, frontali, a colori, formato tessera 35X45 mm, fatte al massimo 6 mesi prima. 2. Documenti di identit\u00e0 [&hellip;]","protected":false},"author":5,"featured_media":0,"parent":182,"menu_order":1,"comment_status":"closed","ping_status":"closed","template":"","meta":{"footnotes":""},"class_list":["post-712","page","type-page","status-publish","hentry"],"_links":{"self":[{"href":"https:\/\/ambottawa.esteri.it\/it\/wp-json\/wp\/v2\/pages\/712","targetHints":{"allow":["GET"]}}],"collection":[{"href":"https:\/\/ambottawa.esteri.it\/it\/wp-json\/wp\/v2\/pages"}],"about":[{"href":"https:\/\/ambottawa.esteri.it\/it\/wp-json\/wp\/v2\/types\/page"}],"author":[{"embeddable":true,"href":"https:\/\/ambottawa.esteri.it\/it\/wp-json\/wp\/v2\/users\/5"}],"replies":[{"embeddable":true,"href":"https:\/\/ambottawa.esteri.it\/it\/wp-json\/wp\/v2\/comments?post=712"}],"version-history":[{"count":0,"href":"https:\/\/ambottawa.esteri.it\/it\/wp-json\/wp\/v2\/pages\/712\/revisions"}],"up":[{"embeddable":true,"href":"https:\/\/ambottawa.esteri.it\/it\/wp-json\/wp\/v2\/pages\/182"}],"wp:attachment":[{"href":"https:\/\/ambottawa.esteri.it\/it\/wp-json\/wp\/v2\/media?parent=712"}],"curies":[{"name":"wp","href":"https:\/\/api.w.org\/{rel}","templated":true}]}}