{"id":7018,"date":"2025-06-30T21:43:46","date_gmt":"2025-06-30T19:43:46","guid":{"rendered":"https:\/\/ambottawa.esteri.it\/?page_id=7018"},"modified":"2026-03-04T18:52:39","modified_gmt":"2026-03-04T17:52:39","slug":"acquisto-della-cittadinanza-per-beneficio-di-legge-figli-minori-nati-allestero","status":"publish","type":"page","link":"https:\/\/ambottawa.esteri.it\/it\/servizi-consolari-e-visti\/servizi-per-il-cittadino-straniero\/cittadinanza\/acquisto-della-cittadinanza-per-beneficio-di-legge-figli-minori-nati-allestero\/","title":{"rendered":"Acquisto della Cittadinanza per \u201cbeneficio di legge\u201d (figli minori nati all\u2019estero)"},"content":{"rendered":"<p>ATTENZIONE!<\/p>\n<p>Il minore\u00a0<strong><u>nato all\u2019estero<\/u><\/strong>\u00a0da genitori italiani \u00e8 considerato<strong>\u00a0\u00a0<\/strong>cittadino italiano senza necessit\u00e0 di \u201cdichiarazione di volont\u00e0 di acquisto della cittadinanza\u201d<u>\u00a0<strong>solo\u00a0se<\/strong><\/u><strong>\u00a0<\/strong>ricorre\u00a0<u>almeno una<\/u>\u00a0delle seguenti condizioni (sar\u00e0 comunque necessario richiedere al Consolato la trascrizione dell\u2019atto di nascita presso il Comune italiano competente):<\/p>\n<ol>\n<li><strong><em>Alla data di nascita il minore pu\u00f2 ottenere\u00a0esclusivamente\u00a0la cittadinanza italiana, cio\u00e8 non ha, n\u00e9 pu\u00f2 avere, nessun\u2019altra cittadinanza per esempio iure soli\u00a0<\/em><\/strong><em>(per nascita sul territorio del Paese straniero di residenza, come avviene in Canada),<strong>\u00a0cittadinanza per opzione, ecc.<\/strong><\/em><\/li>\n<li><strong><em>Un ascendente\u00a0di primo o di secondo grado\u00a0(genitori\/nonni)\u00a0possiede\u00a0(o possedeva al momento della morte),\u00a0esclusivamente\u00a0la cittadinanza italiana\u00a0<\/em><\/strong><em>(esempio: un bambino nasce a Toronto ad agosto 2025 da un genitore canadese o italo-canadese e un genitore che ha\u00a0solo\u00a0la cittadinanza italiana)<\/em><\/li>\n<li><strong><em>Il\u00a0genitore\u00a0cittadino italiano\u00a0\u00e8 stato residente in Italia per almeno 2 anni continuativi\u00a0successivamente all\u2019acquisto della cittadinanza italiana e\u00a0prima della data di nascita del figlio\/a.<\/em><\/strong><\/li>\n<\/ol>\n<p>Se non ricorre nemmeno una delle condizioni elencate da 1 a 3, il minore nato all\u2019estero da genitori italiani potr\u00e0 comunque acquistare la cittadinanza italiana con una dichiarazione di volont\u00e0 dei genitori. Al riguardo, si leggano con attenzione le informazioni riportate di seguito.<\/p>\n<p>ATTENZIONE!<\/p>\n<p><strong>La procedura di acquisto della cittadinanza per \u201cbeneficio di legge\u201d non \u00e8 ammessa<\/strong>\u00a0<strong>per i figli di cittadini italiani che abbiano acquisito la cittadinanza italiana tramite<\/strong>:<\/p>\n<ul>\n<li><strong>Naturalizzazione<\/strong>\u00a0(art. 9, Legge 91\/1992)<\/li>\n<li><strong>Acquisto per beneficio di legge<\/strong>\u00a0(art. 4, Legge 91\/1992)<\/li>\n<li><strong>Matrimonio<\/strong>\u00a0(art. 5, Legge 91\/1992 o art. 10, Legge 555\/1912)<\/li>\n<li><strong>Residenza da minorenni con genitore naturalizzato<\/strong>\u00a0(art. 14, Legge 91\/1992)<\/li>\n<\/ul>\n<p>Ci\u00f2 significa che, ad esempio, un genitore che abbia acquistato la cittadinanza italiana da un precedente matrimonio con cittadino italiano non pu\u00f2 effettuare la dichiarazione di volont\u00e0 affinch\u00e9 il figlio minore acquisti anch\u2019egli la cittadinanza italiana, a meno che l\u2019altro genitore non sia italiano per nascita. Allo stesso modo, non pu\u00f2 presentare la dichiarazione di volont\u00e0 il cittadino italiano che sia divenuto tale in quanto, all\u2019epoca, figlio minore convivente con il genitore naturalizzato italiano.<\/p>\n<p><a name=\"_Toc201249290\"><\/a><\/p>\n<p>Acquisto della Cittadinanza per \u201cbeneficio di legge\u201d (figli minori nati all\u2019estero)<\/p>\n<p><strong>In due casi,<\/strong>\u00a0previsti dal comma 1-bis dell\u2019articolo 4 della legge n. 91\/1992 e dall\u2019articolo 1, comma 1-ter del decreto-legge n. 36\/2025, i\u00a0<strong>figli minorenni nati all\u2019estero<\/strong>\u00a0da genitore cittadino che non trasmette \u201cautomaticamente\u201d la cittadinanza possono acquistare la cittadinanza italiana.<\/p>\n<p>Il\u00a0<strong>minore<\/strong>\u00a0che ne beneficia\u00a0<strong>non<\/strong>\u00a0sar\u00e0\u00a0<strong>cittadino per nascita<\/strong>\u00a0o\u00a0<em>iure sanguinis<\/em>.<\/p>\n<p>In base all\u2019articolo 15 della legge n. 91\/1992, il minore non acquista la cittadinanza dal giorno della nascita, ma dal giorno successivo in cui si saranno verificate le condizioni previste dalla legge.<\/p>\n<p><strong>1) Nel primo caso (<u>comma 1-bis, lettere a) e b) dell\u2019articolo 4 della legge n. 91\/1992<\/u>)\u00a0<\/strong>i seguenti presupposti devono essere posseduti\u00a0<strong>congiuntamente<\/strong>:<\/p>\n<p>1.1) Ai sensi della<strong>\u00a0lettera a)<\/strong>:<\/p>\n<ul>\n<li><strong>uno dei genitori<\/strong>, anche se ha altra cittadinanza,\u00a0<strong>\u00e8<\/strong>\u00a0<strong>cittadino italiano\u00a0<u>per nascita<\/u>.\u00a0<\/strong>Si escludono quindi i casi di cittadini per naturalizzazione ai sensi dell\u2019articolo 9 della legge n. 91\/1992 o \u201cper beneficio di legge\u201d ai sensi dell\u2019articolo 4 della legge n. 91\/1992 ovvero per matrimonio ai sensi dell\u2019articolo 5 della legge n. 91\/1992 o dell\u2019articolo 10 della legge n. 555\/1912 oppure per riacquisto ai sensi degli articoli 13 o 17 della legge n. 91\/1992 ovvero\u00a0<em>iuris communicatione<\/em>\u00a0(art. 14 della legge n. 91\/1992);\u00a0<strong>e, inoltre<\/strong><\/li>\n<li><strong>entrambi<\/strong>\u00a0i genitori (incluso il genitore straniero) o il tutore presentano una\u00a0<strong>dichiarazione di volont\u00e0 di acquisto della cittadinanza\u00a0per il minore e, inoltre<\/strong><\/li>\n<li>successivamente alla dichiarazione di volont\u00e0 di entrambi i genitori,\u00a0<strong>il minore risiede legalmente per almeno due anni continuativi in Italia.\u00a0<\/strong><\/li>\n<\/ul>\n<p>1.2) Ai sensi della\u00a0<strong>lettera b)<\/strong>,\u00a0<strong><u>per le istanze presentate fino al 31 dicembre 2025<\/u><\/strong>:<\/p>\n<ul>\n<li><strong>uno dei genitori<\/strong>, anche se ha altra cittadinanza,\u00a0<strong>\u00e8<\/strong>\u00a0<strong>cittadino italiano\u00a0<u>per nascita<\/u>.\u00a0<\/strong>Si escludono quindi i casi di cittadini per naturalizzazione ai sensi dell\u2019articolo 9 della legge n. 91\/1992 o \u201cper beneficio di legge\u201d ai sensi dell\u2019articolo 4 della legge n. 91\/1992 ovvero per matrimonio ai sensi dell\u2019articolo 5 della legge n. 91\/1992 o dell\u2019articolo 10 della legge n. 555\/1912 oppure per riacquisto ai sensi degli articoli 13 o 17 della legge n. 91\/1992 ovvero\u00a0<em>iuris communicatione<\/em>\u00a0(art. 14 della legge n. 91\/1992);<\/li>\n<li><strong><u>entrambi<\/u><\/strong>\u00a0i genitori (incluso il genitore straniero) o il tutore presentano una\u00a0<strong>dichiarazione di volont\u00e0 di acquisto della cittadinanza\u00a0<\/strong><strong>entro\u00a0<u>un anno<\/u>\u00a0dalla nascita<\/strong>\u00a0(o dalla data successiva in cui \u00e8 stabilita la filiazione da cittadino italiano o in cui \u00e8 decisa l\u2019adozione da parte di cittadino italiano durante la minore et\u00e0 del figlio).<\/li>\n<li>In caso di riconoscimento della filiazione in tempi successivi da parte di genitori entrambi cittadini italiani per nascita, il termine di un anno decorrer\u00e0 dal primo riconoscimento (perch\u00e9 gi\u00e0 il primo riconoscimento comporta la trasmissione della cittadinanza). Se invece avviene prima il riconoscimento da parte di genitore straniero (o cittadino italiano non per nascita ma ad altro titolo), il termine sar\u00e0 computato a partire dal riconoscimento da parte del secondo genitore cittadino per nascita<\/li>\n<\/ul>\n<p>1.3) Ai sensi\u00a0<strong>della lettera b)<\/strong>\u00a0come modificata dal comma 513 dell\u2019art. 1 della Legge di Bilancio 2026,\u00a0<strong><u>per le istanze presentate al Consolato a partire dal 1 gennaio 2026<\/u><\/strong>:<\/p>\n<ul>\n<li><strong>uno dei genitori<\/strong>, anche se ha altra cittadinanza,\u00a0<strong>\u00e8<\/strong>\u00a0<strong>cittadino italiano\u00a0<u>per nascita<\/u>.\u00a0<\/strong>Si escludono quindi i casi di cittadini per naturalizzazione ai sensi dell\u2019articolo 9 della legge n. 91\/1992 o \u201cper beneficio di legge\u201d ai sensi dell\u2019articolo 4 della legge n. 91\/1992 ovvero per matrimonio ai sensi dell\u2019articolo 5 della legge n. 91\/1992 o dell\u2019articolo 10 della legge n. 555\/1912 oppure per riacquisto ai sensi degli articoli 13 o 17 della legge n. 91\/1992 ovvero\u00a0<em>iuris communicatione<\/em>\u00a0(art. 14 della legge n. 91\/1992);<\/li>\n<li><strong><u>entrambi<\/u><\/strong>\u00a0i genitori (incluso il genitore straniero) o il tutore presentano una\u00a0<strong>dichiarazione di volont\u00e0 di acquisto della cittadinanza\u00a0<\/strong><strong>entro\u00a0<u>tre anni<\/u>\u00a0dalla nascita<\/strong>\u00a0(o dalla data successiva in cui \u00e8 stabilita la filiazione da cittadino italiano o in cui \u00e8 decisa l\u2019adozione da parte di cittadino italiano durante la minore et\u00e0 del figlio).<\/li>\n<li>In caso di riconoscimento della filiazione in tempi successivi da parte di genitori entrambi cittadini italiani per nascita, il termine di tre anni decorrer\u00e0 dal primo riconoscimento (perch\u00e9 gi\u00e0 il primo riconoscimento comporta la trasmissione della cittadinanza). Se invece avviene prima il riconoscimento da parte di genitore straniero (o cittadino italiano non per nascita ma ad altro titolo), il termine sar\u00e0 computato a partire dal riconoscimento da parte del secondo genitore cittadino per nascita.<\/li>\n<\/ul>\n<p><strong>La dichiarazione di volont\u00e0 di acquisto della cittadinanza deve essere formale e avvenire di persona, alla presenza di dipendente delegato all\u2019esercizio delle funzioni di stato civile, previo appuntamento da richiedere all\u2019indirizzo email\u00a0<\/strong><strong><a href=\"mailto:ambottawa.cittadinanza@esteri.it\">ambottawa.cittadinanza@esteri.it<\/a>.\u00a0\u00a0<\/strong><\/p>\n<p><strong>Se i genitori non rendono la dichiarazione contestualmente, il requisito di legge si considera soddisfatto alla data in cui \u00e8 presentata la dichiarazione del secondo genitore<\/strong>. Se la filiazione (anche adottiva) \u00e8 stabilita nei confronti di una sola persona (o se l\u2019altro genitore \u00e8 deceduto), sar\u00e0 sufficiente la dichiarazione di un solo genitore.<\/p>\n<p><strong>2)<\/strong>\u00a0Il\u00a0<strong>secondo caso<\/strong>\u00a0<strong>(<u>comma 1-ter dell\u2019articolo 1 del decreto-legge n. 36\/2025<\/u>)\u00a0<\/strong>si applica quando sussistono\u00a0<strong>tutte\u00a0<\/strong>le condizioni seguenti:<\/p>\n<ul>\n<li>persone\u00a0<strong><u>minorenni alla data di entrata in vigore della legge di conversione n. 74\/2025\u00a0<\/u><\/strong>,cio\u00e8 persone che non avevano compiuto il 18\u00b0 anno di et\u00e0 al\u00a0<strong>24 maggio 2025<\/strong>;<\/li>\n<li><strong>figli di cittadini\u00a0<u>per nascita\u00a0<\/u>che si trovano nelle condizioni previste dalle lettere a), a-bis) e b) dell\u2019articolo 3-bis della legge n. 91\/1992.\u00a0<\/strong>In altri termini, i genitori devono essere\u00a0<strong>riconosciuti cittadini sulla base di domanda amministrativa o giudiziale presentata entro le 23:59 (ora di Roma) del 27 marzo 2025<\/strong>\u00a0o sulla base di domanda presentata sulla base di appuntamento comunicato dall\u2019Ufficio consolare o dal Comune entro la medesima data;<\/li>\n<li><strong>la dichiarazione dei genitori o del tutore<\/strong>\u00a0deve essere presentata all\u2019Ufficio consolare\u00a0<strong><u>entro il 31 maggio 2029<\/u><\/strong>. Se l\u2019interessato, minorenne alla data del 24 maggio 2025, diviene nel frattempo maggiorenne, la dichiarazione dovr\u00e0 essere presentata da lui personalmente entro il medesimo termine.<\/li>\n<\/ul>\n<p>&nbsp;<\/p>\n<p>Le\u00a0<strong>dichiarazioni dovranno essere rese di persona presso l\u2019Ufficio consolare, davanti a personale consolare delegato alle funzioni di Stato Civile, previo appuntamento da richiedere all\u2019indirizzo email\u00a0<a href=\"mailto:ambottawa.cittadinanza@esteri.it\">ambottawa.cittadinanza@esteri.it<\/a><\/strong>.<\/p>\n<p>Occorrer\u00e0 allegare all\u2019email di richiesta anche\u00a0<strong>documento d\u2019identit\u00e0 del richiedente e del figlio\/a, prova di residenza nella circoscrizione consolare, oltre alla documentazione elencata nel <a href=\"https:\/\/ambottawa.esteri.it\/it\/chi-siamo\/gli-uffici\/modulistica\/\">modulo richiesta presentazione dichiarazione di volont\u00e0<\/a><\/strong>.<\/p>\n<p>Per i cittadini italiani iscritti all\u2019AIRE della circoscrizione consolare di residenza, il certificato di cittadinanza italiana per nascita del padre o madre potr\u00e0 essere sostituito da una\u00a0dichiarazione sostitutiva di certificazione<\/p>\n<ul>\n<li>Sono <strong>GRATUITE le dichiarazioni di volont\u00e0<\/strong> rese ai sensi del comma 1-bis lettera b) dell\u2019art. 4 della Legge 91\/1992 <strong>per le istanze presentate al Consolato a partire dal 1 gennaio 2026 (casi indicati al punto 1.3<\/strong> in questa pagina);<\/li>\n<li>Sono <strong>GRATUITE<\/strong> anche le <strong>dichiarazioni di volont\u00e0<\/strong> rese a seguito di <strong>istanze presentate a partire dal 1 gennaio 2026<\/strong> per i <strong>casi descritti al punto 2<\/strong> di questa pagina (figli di almeno un cittadino italiano per nascita che erano ancora minorenni al 24 maggio 2025, con dichiarazione resa entro il 31 maggio 2029).<\/li>\n<li><strong>In tutti gli altri casi<\/strong> (qui descritti ai punti 1.1; 1.2), in base all\u2019articolo 9-bis della legge n. 91\/1992, si applica il <span style=\"text-decoration: underline;\"><strong>pagamento del contributo<\/strong><\/span> a favore del Ministero dell\u2019Interno di <strong>250 euro, per ciascun minorenne<\/strong>, con bonifico bancario, con eventuali spese a carico di chi dispone il bonifico:<\/li>\n<\/ul>\n<p>\u201cMinistero dell\u2019Interno D.L.C.I. Cittadinanza\u201d<br \/>\n<strong>Nome della Banca:<\/strong>\u00a0Poste Italiane S.p.A.<br \/>\n<strong>Codice IBAN:<\/strong>\u00a0IT54D0760103200000000809020<br \/>\n<strong>Causale del versamento:<\/strong>\u00a0Acquisto cittadinanza a seguito di dichiarazione ex art. 9-bis L. 91\/1992 e nome e cognome del minore richiedente<br \/>\n<strong>Codice BIC\/SWIFT di Poste Italiane:<\/strong>\u00a0 BPPIITRRXXX\u00a0<strong>(per bonifici esteri)<br \/>\nCodice BIC\/SWIFT: PIBPITRA (per operazioni del circuito EUROGIRO)<\/strong><\/p>\n<p>Alla cittadinanza italiana acquistata nei modi sopra indicati l\u2019interessato, una volta divenuto maggiorenne, pu\u00f2 fare rinuncia, con la sola condizione che non si produca una condizione di apolidia (l\u2019interessato pu\u00f2 rinunciare alla cittadinanza italiana solo se ha un\u2019altra cittadinanza).<\/p>\n","protected":false},"excerpt":{"rendered":"ATTENZIONE! Il minore\u00a0nato all\u2019estero\u00a0da genitori italiani \u00e8 considerato\u00a0\u00a0cittadino italiano senza necessit\u00e0 di \u201cdichiarazione di volont\u00e0 di acquisto della cittadinanza\u201d\u00a0solo\u00a0se\u00a0ricorre\u00a0almeno una\u00a0delle seguenti condizioni (sar\u00e0 comunque necessario richiedere al Consolato la trascrizione dell\u2019atto di nascita presso il Comune italiano competente): Alla data di nascita il minore pu\u00f2 ottenere\u00a0esclusivamente\u00a0la cittadinanza italiana, cio\u00e8 non ha, n\u00e9 pu\u00f2 avere, nessun\u2019altra [&hellip;]","protected":false},"author":8,"featured_media":0,"parent":290,"menu_order":0,"comment_status":"closed","ping_status":"closed","template":"","meta":{"footnotes":""},"class_list":["post-7018","page","type-page","status-publish","hentry"],"_links":{"self":[{"href":"https:\/\/ambottawa.esteri.it\/it\/wp-json\/wp\/v2\/pages\/7018","targetHints":{"allow":["GET"]}}],"collection":[{"href":"https:\/\/ambottawa.esteri.it\/it\/wp-json\/wp\/v2\/pages"}],"about":[{"href":"https:\/\/ambottawa.esteri.it\/it\/wp-json\/wp\/v2\/types\/page"}],"author":[{"embeddable":true,"href":"https:\/\/ambottawa.esteri.it\/it\/wp-json\/wp\/v2\/users\/8"}],"replies":[{"embeddable":true,"href":"https:\/\/ambottawa.esteri.it\/it\/wp-json\/wp\/v2\/comments?post=7018"}],"version-history":[{"count":7,"href":"https:\/\/ambottawa.esteri.it\/it\/wp-json\/wp\/v2\/pages\/7018\/revisions"}],"predecessor-version":[{"id":9162,"href":"https:\/\/ambottawa.esteri.it\/it\/wp-json\/wp\/v2\/pages\/7018\/revisions\/9162"}],"up":[{"embeddable":true,"href":"https:\/\/ambottawa.esteri.it\/it\/wp-json\/wp\/v2\/pages\/290"}],"wp:attachment":[{"href":"https:\/\/ambottawa.esteri.it\/it\/wp-json\/wp\/v2\/media?parent=7018"}],"curies":[{"name":"wp","href":"https:\/\/api.w.org\/{rel}","templated":true}]}}