{"id":676,"date":"2022-12-13T16:23:49","date_gmt":"2022-12-13T15:23:49","guid":{"rendered":"https:\/\/ambottawa.esteri.it\/?page_id=676"},"modified":"2025-06-11T21:22:05","modified_gmt":"2025-06-11T19:22:05","slug":"procure","status":"publish","type":"page","link":"https:\/\/ambottawa.esteri.it\/it\/servizi-consolari-e-visti\/servizi-per-il-cittadino-italiano\/servizi-notarili\/procure\/","title":{"rendered":"Procure"},"content":{"rendered":"<p><strong>Procure<\/strong><\/p>\n<p>La procura \u00e8 un atto con il quale si d\u00e0 la facolt\u00e0 ad un\u2019altra persona di agire in propria vece e rappresentanza ed a compiere gli atti necessari per raggiungere un determinato scopo (es. vendere, acquistare, amministrare, fare donazione, accettare donazione, costituire o sciogliere societ\u00e0, richiedere pubblicazioni di matrimonio, ecc.).<\/p>\n<p>Le procure si dividono in due categorie:<\/p>\n<ul>\n<li><strong>procure generali<\/strong>: con questi atti l\u2019interessato affida al rappresentante la gestione di tutti i suoi affari, sia presenti sia futuri. La procura generale \u00e8 rilasciata a tempo indeterminato.<\/li>\n<li><strong>procure speciali<\/strong>: con questi atti l\u2019interessato affida al rappresentante la gestione di una parte dei suoi affari. La procura speciale cessa di avere efficacia nel momento in cui l\u2019incarico particolare per il quale \u00e8 stata rilasciata si conclude.<\/li>\n<\/ul>\n<p>Entrambe le procure possono essere revocate.<\/p>\n<p>&nbsp;<\/p>\n<p><strong>Solo per cittadini italiani<\/strong><\/p>\n<p>Se si ha necessit\u00e0 di sottoscrivere una procura da far valere in Italia si potr\u00e0 scrivere una e-mail a\u00a0<a href=\"mailto:consolare.ottawa@esteri.it\">consolare.ottawa@esteri.i<\/a><a href=\"mailto:consolare.ottawa@esteri.it\">t<\/a> avendo cura di citare nella e-mail: nome e cognome del richiedente, data e luogo di nascita, indirizzo di residenza attuale e tipo di procura richiesta.<\/p>\n<p>L\u2019Ufficio consolare risponder\u00e0 fornendo ulteriori istruzioni a seconda del tipo di Procura da redigere e fissando un appuntamento per la sottoscrizione in presenza, su presentazione di un documento di riconoscimento valido.<\/p>\n<p>Il costo del servizio \u00e8 reperibile\u00a0<a href=\"https:\/\/ambottawa.esteri.it\/it\/servizi-consolari-e-visti\/servizi-per-il-cittadino-italiano\/altri-servizi\/albo-consolare\/tabella-diritti-consolari\/\">qui<\/a>.<\/p>\n<p>(art. 17A per la procura generale; art. 18A per la procura speciale, art .24 autentica di firma se la procura ha forma di scrittura privata).<\/p>\n<p>&nbsp;<\/p>\n<p><strong>Per cittadini di qualsiasi Paese (compresa l\u2019Italia)<\/strong><\/p>\n<p>Se si ha necessit\u00e0 di sottoscrivere una procura da far valere in Italia si dovr\u00e0 sottoscrivere la procura presso un avvocato\/notaio canadese.<\/p>\n<p>A seguito dell\u2019entrata in vigore in Canada della <strong>Convenzione dell\u2019Aja sull\u2019Apostille (11 gennaio 2024), tutti gli atti notarili da far valere in Italia<\/strong> (Procure Generali o Speciali e ogni altro atto notarile) redatti da Notai pubblici o avvocati <strong>DEVONO essere APOSTILLATI<\/strong>.<\/p>\n<p>L\u2019Apostille deve essere richiesta al\u00a0<a href=\"https:\/\/www.ontario.ca\/page\/authenticate-document-use-outside-canada\">Ministry of Public and Business Service Delivery of Ontario<\/a>\u00a0se il documento \u00e8 stato emesso o notarizzato in Ontario. Altrimenti deve essere richiesta a\u00a0<a href=\"https:\/\/www.international.gc.ca\/gac-amc\/about-a_propos\/services\/authentication-authentification\/step-etape-1.aspx?lang=eng\">Global Affairs Canada<\/a><\/p>\n<p>I Notai\/Avvocati elencati al link seguente (<a href=\"https:\/\/ambottawa.esteri.it\/wp-content\/uploads\/2025\/06\/Notai_Avv-05.05.25.pdf\">Lista firme depositate notai\/avvocati<\/a>) possono redigere le procure direttamente in lingua italiana.<\/p>\n<p>Se la procura \u00e8 redatta in lingua inglese, dovr\u00e0 essere tradotto in italiano.<\/p>\n<p>Per i servizi di traduzione, ci si potr\u00e0 rivolgere a:<\/p>\n<ul>\n<li>ATIO (Association of Translators and Interpreters of Ontario). For information about ATIO, visit the website\u00a0<a href=\"http:\/\/www.atio.on.ca\/\">www.atio.on.ca<\/a>, call the 1-800-234-5030 or e-mail\u00a0<a href=\"mailto:info@atio.on.ca\">info@atio.on.ca<\/a>.<\/li>\n<\/ul>\n<p>Questo Ufficio Consolare provvedr\u00e0 alla legalizzazione della firma del traduttore.<\/p>\n<p>L\u2019appuntamento andr\u00e0 fissato tramite il sistema di prenotazione on-line\u00a0<a href=\"https:\/\/prenotami.esteri.it\/\">Prenot@mi<\/a>.<\/p>\n<p>Il costo del servizio \u00e8 reperibile\u00a0<a href=\"https:\/\/ambottawa.esteri.it\/it\/servizi-consolari-e-visti\/servizi-per-il-cittadino-italiano\/altri-servizi\/albo-consolare\/tabella-diritti-consolari\/\">qui<\/a>\u00a0(<em>art. 69 legalizzazione atti e firme<\/em>).<\/p>\n<p>Pagamento in contanti il giorno dell\u2019appuntamento<\/p>\n<p>Le traduzioni possono essere effettuate anche in Italia<\/p>\n<p><a href=\"https:\/\/ambottawa.esteri.it\/wp-content\/uploads\/2022\/12\/20548_f_tabella_servizi_notarili_web1.pdf\">Tabella degli atti notarili e dati necessari per il loro rilascio<\/a><\/p>\n","protected":false},"excerpt":{"rendered":"Procure La procura \u00e8 un atto con il quale si d\u00e0 la facolt\u00e0 ad un\u2019altra persona di agire in propria vece e rappresentanza ed a compiere gli atti necessari per raggiungere un determinato scopo (es. vendere, acquistare, amministrare, fare donazione, accettare donazione, costituire o sciogliere societ\u00e0, richiedere pubblicazioni di matrimonio, ecc.). Le procure si dividono [&hellip;]","protected":false},"author":5,"featured_media":0,"parent":201,"menu_order":2,"comment_status":"closed","ping_status":"closed","template":"","meta":{"footnotes":""},"class_list":["post-676","page","type-page","status-publish","hentry"],"_links":{"self":[{"href":"https:\/\/ambottawa.esteri.it\/it\/wp-json\/wp\/v2\/pages\/676","targetHints":{"allow":["GET"]}}],"collection":[{"href":"https:\/\/ambottawa.esteri.it\/it\/wp-json\/wp\/v2\/pages"}],"about":[{"href":"https:\/\/ambottawa.esteri.it\/it\/wp-json\/wp\/v2\/types\/page"}],"author":[{"embeddable":true,"href":"https:\/\/ambottawa.esteri.it\/it\/wp-json\/wp\/v2\/users\/5"}],"replies":[{"embeddable":true,"href":"https:\/\/ambottawa.esteri.it\/it\/wp-json\/wp\/v2\/comments?post=676"}],"version-history":[{"count":6,"href":"https:\/\/ambottawa.esteri.it\/it\/wp-json\/wp\/v2\/pages\/676\/revisions"}],"predecessor-version":[{"id":6864,"href":"https:\/\/ambottawa.esteri.it\/it\/wp-json\/wp\/v2\/pages\/676\/revisions\/6864"}],"up":[{"embeddable":true,"href":"https:\/\/ambottawa.esteri.it\/it\/wp-json\/wp\/v2\/pages\/201"}],"wp:attachment":[{"href":"https:\/\/ambottawa.esteri.it\/it\/wp-json\/wp\/v2\/media?parent=676"}],"curies":[{"name":"wp","href":"https:\/\/api.w.org\/{rel}","templated":true}]}}