{"id":592,"date":"2022-12-12T19:24:57","date_gmt":"2022-12-12T18:24:57","guid":{"rendered":"https:\/\/ambottawa.esteri.it\/?page_id=592"},"modified":"2022-12-12T19:34:03","modified_gmt":"2022-12-12T18:34:03","slug":"sanitaria-ed-economica","status":"publish","type":"page","link":"https:\/\/ambottawa.esteri.it\/it\/servizi-consolari-e-visti\/servizi-per-il-cittadino-italiano\/assistenza-ai-cittadini-allestero\/sanitaria-ed-economica\/","title":{"rendered":"Sanitaria ed economica"},"content":{"rendered":"<p style=\"text-align: justify;\" align=\"left\"><span style=\"text-decoration: underline;\"><strong>ASSISTENZA SANITARIA<\/strong><\/span><\/p>\n<p style=\"text-align: justify;\" align=\"left\"><strong>ASSISTENZA SANITARIA IN ITALIA<\/strong><\/p>\n<p style=\"text-align: justify;\" align=\"left\">Il Ministero della Salute, con Nota n. 2561 del 13 aprile 2016, ha confermato che la condizione di emigrato pu\u00f2 e deve essere attestata mediante dichiarazione sostitutiva di certificazione da presentare alla competente ASL, con la quale il cittadino autocertifica:<\/p>\n<ul style=\"text-align: justify;\">\n<li>di essere nato in Italia, di possedere la cittadinanza italiana, nonch\u00e9 di risiedere all&#8217;estero, indicando il Comune di iscrizione AIRE.<\/li>\n<\/ul>\n<p style=\"text-align: justify;\">oppure<\/p>\n<ul style=\"text-align: justify;\">\n<li>di essere nato all&#8217;estero, di possedere la cittadinanza italiana, di aver risieduto in Italia, indicando il Comune di iscrizione all&#8217;Anagrafe della popolazione residente (ANPR), di risiedere attualmente all&#8217;estero ed essere quindi iscritto all&#8217;Anagrafe degli italiani residenti all&#8217;estero (AIRE).<\/li>\n<\/ul>\n<p style=\"text-align: justify;\">Alla luce della vigente disciplina in tema di autocertificazioni e delle valutazioni comunicate dal Ministero della Salute \u2013 ai fini di snellimento delle procedure, nel primario interesse del cittadino, cui viene evitata un&#8217;inutile incombenza &#8211; la condizione di emigrato di cui all&#8217;art. 2, comma 2 del decreto del Ministero della Salute del 1 febbraio 1996, presupposto per la fruizione delle prestazioni sanitarie ivi previste, non deve pi\u00f9 essere attestata dall&#8217;Autorit\u00e0 consolare poich\u00e9 pi\u00f9 semplicemente autocertificabile mediante dichiarazione sostitutiva presso le ASL di competenza.<\/p>\n<p>&nbsp;<\/p>\n<p style=\"text-align: justify;\"><strong>ASSICURAZIONE SANITARIA IN CANADA<\/strong><\/p>\n<p style=\"text-align: justify;\"><strong>Cittadini italiani non residenti in Canada<\/strong><\/p>\n<ol style=\"text-align: justify;\">\n<li>I cittadini italiani non residenti in Canada non hanno titolo all`assicurazione sanitaria prevista dal sistema sanitario canadese. In caso di incidente o di malattia essi debbono pertanto sostenere spese esorbitanti per ricevere cure mediche o ospedaliere (oltre 2.000 $ al giorno).<\/li>\n<li>Si suggerisce pertanto di stipulare, a nome di familiari o di ospiti provenienti dall`Italia e prima del loro arrivo in Canada, una apposita polizza assicurativa che copra le spese per le cure mediche che dovessero rendersi necessarie durante il loro soggiorno.<br \/>\nSi suggerisce, in alternativa, di invitare i visitatori italiani a stipulare analoga polizza assicurativa direttamente in Italia, prima della loro partenza.<\/li>\n<\/ol>\n<p style=\"text-align: justify;\" align=\"left\"><strong>Cittadini italiani residenti in Ontario<\/strong><\/p>\n<ol style=\"text-align: justify;\">\n<li>I cittadini italiani residenti in Ontario sono beneficiari del servizio di assicurazione pubblica sanitaria \u201cOntario Health Insurance Plan\u201d (OHIP).<br \/>\nEssi hanno diritto ai seguenti rimborsi da parte dell\u2019OHIP per le spese sostenute all\u2019estero: $can 50 al giorno, per servizi in ambulatorio per pronto soccorso, $can 200, per servizi ospedalieri.<br \/>\nPer il rimborso delle spese sostenute, occorre inviare le fatture in originale al seguente indirizzo:<br \/>\nOntario Health Insurance Plan Out of Country Travel Claims, 75 Albert St., 7th Fl. Ottawa, ON K1P 5Y9 &#8211; Tel. 1-800-387-5559.<br \/>\nSito web: <a href=\"http:\/\/www.health.gov.on.ca\/en\/public\/publications\/ohip\/travel.aspx\">www.health.gov.on.ca\/en\/public\/publications\/ohip\/travel.aspx<\/a><br \/>\nN.B. Nella documentazione devono figurare: a) nome, firma ed indirizzo del medico curante o del rappresentante della struttura ospedaliera, b) descrizione dettagliata delle prestazioni sanitarie, c) data e costo di ciascuna delle prestazioni sanitarie.<\/li>\n<li>Durante il loro soggiorno in Italia ai cittadini italiani emigrati e\/o pensionati da enti previdenziali italiani che rientrano temporaneamente sul territorio nazionale, sono riconosciute le prestazioni mediche ed ospedaliere urgenti per un periodo massimo di 90 giorni nell\u2019anno solare limitatamente alla differenza tra la parte rimborsabile dall\u2019O.H.I.P. e la somma fatturata dalla struttura sanitaria italiana, previa apposita attestazione rilasciata dall\u2019Ambasciata.<\/li>\n<li>Si suggerisce pertanto di stipulare una apposita polizza assicurativa privata che copra la differenza delle spese non rimborsabili dall\u2019O.H.I.P.<\/li>\n<\/ol>\n<p style=\"text-align: justify;\" align=\"left\"><strong>Cittadini italiani residenti in Qu\u00e9bec<\/strong><\/p>\n<ol style=\"text-align: justify;\">\n<li>I cittadini italiani residenti\u00a0nella Regione dell\u2019Outaouais sono beneficiari del servizio di assicurazione pubblica sanitaria \u201cR\u00e9gie de l\u2019Assurance Maladie du Qu\u00e9bec\u201d (R.A.M.Q.).<br \/>\nEssi hanno diritto al rimborso da parte della R.A.M.Q. di $ can 50 al giorno per le cure mediche, e $ can 100 al giorno in caso di ricovero. Per il rimborso delle spese sostenute occorre inviare le fatture in originale al seguente indirizzo:<br \/>\nR\u00e9gie de l&#8217;Assurance Maladie du Qu\u00e9bec Case postale 6600 Qu\u00e9bec (Qu\u00e9bec) G1K 7T3. Tel. 1 800 561-9749.<br \/>\nSito web: <a href=\"http:\/\/www.ramq.gouv.qc.ca\/fr\/citoyens\/sejours-hors-quebec\/assurance-maladie\/Pages\/remboursement-frais-services-recus-lors-sejour.aspx\">www.ramq.gouv.qc.ca\/fr\/citoyens\/sejours-hors-quebec\/assurance-maladie\/Pages\/remboursement-frais-services-recus-lors-sejour.aspx<\/a><br \/>\nN.B. Nella documentazione devono figurare: a) nome, firma ed indirizzo del medico curante o del rappresentante della struttura ospedaliera, b) descrizione dettagliata delle prestazioni sanitarie, c) data e costo di ciascuna delle prestazioni sanitarie.<\/li>\n<li>Durante il loro soggiorno in Italia ai cittadini italiani emigrati e\/o pensionati da enti previdenziali italiani che rientrano temporaneamente sul territorio nazionale, sono riconosciute le prestazioni mediche ed ospedaliere urgenti per un periodo massimo di 90 giorni nell\u2019anno solare limitatamente alla differenza tra la parte rimborsabile dalla R.A.M.Q. e la somma fatturata dalla struttura sanitaria italiana, previa apposita attestazione rilasciata dall\u2019Ambasciata.<\/li>\n<li>Si suggerisce pertanto di stipulare una apposita polizza assicurativa privata che copra la differenza delle spese non rimborsabili dalla R.A.M.Q.<\/li>\n<\/ol>\n<p style=\"text-align: justify;\" align=\"left\">Per maggiori informazioni si rimanda al sito del <a href=\"http:\/\/www.salute.gov.it\/\">Ministero della Salute<\/a> che ha la competenza in materia.<\/p>\n<p style=\"text-align: justify;\" align=\"left\"><strong>Cittadini canadesi non titolari di cittadinanza italiana (residenti in Ontario)<\/strong><\/p>\n<ol style=\"text-align: justify;\">\n<li>I cittadini canadesi che non siano in possesso anche della cittadinanza italiana non beneficiano delle prestazioni del Servizio Sanitario Nazionale in Italia a meno che non vi risiedano stabilmente.<\/li>\n<li>Essi hanno diritto al rimborso da parte dell\u2019O.H.I.P. per le spese sostenute all\u2019estero: $can 50 al giorno, per servizi in ambulatorio per pronto soccorso, $can 200 al giorno, per servizi ospedalieri.<br \/>\nPer il rimborso delle spese sostenute occorre inviare le fatture in originale al seguente indirizzo:<br \/>\nOntario Health Insurance Plan Out of Country Travel Claims, 75 Albert St., 7th Fl. Ottawa, ON K1P 5Y9 &#8211; Tel. 1-800-387-5559.<br \/>\nSito web: <a href=\"http:\/\/www.health.gov.on.ca\/en\/public\/publications\/ohip\/travel.aspx\">www.health.gov.on.ca\/en\/public\/publications\/ohip\/travel.aspx<\/a><br \/>\nN.B. Nella documentazione devono figurare: a) nome, firma ed indirizzo del medico curante o del rappresentante della struttura ospedaliera, b) descrizione dettagliata delle prestazioni sanitarie, c) data e costo di ciascuna delle prestazioni sanitarie.<\/li>\n<li>Si suggerisce pertanto di stipulare una apposita polizza assicurativa privata che copra la differenza delle spese non rimborsabili dall\u2019O.H.I.P.<\/li>\n<\/ol>\n<p style=\"text-align: justify;\" align=\"left\"><strong>Cittadini canadesi non titolari di cittadinanza italiana (residenti in Qu\u00e9bec)<\/strong><\/p>\n<ol style=\"text-align: justify;\">\n<li>I cittadini canadesi che non siano in possesso anche della cittadinanza italiana non beneficiano delle prestazioni del Servizio Sanitario Nazionale in Italia a meno che non vi risiedano stabilmente.<\/li>\n<li>Essi hanno diritto al rimborso da parte della R.A.M.Q. di $ can 50 al giorno per le cure mediche, e $ can 100 al giorno in caso di ricovero. Per il rimborso delle spese sostenute occorre inviare le fatture in originale al seguente indirizzo:<br \/>\nR\u00e9gie de l&#8217;Assurance Maladie du Qu\u00e9bec Case postale 6600 Qu\u00e9bec (Qu\u00e9bec) G1K 7T3. Tel. 1 800 561-9749.<br \/>\nSito web: <a href=\"http:\/\/www.ramq.gouv.qc.ca\/fr\/citoyens\/sejours-hors-quebec\/assurance-maladie\/Pages\/remboursement-frais-services-recus-lors-sejour.aspx\">www.ramq.gouv.qc.ca\/fr\/citoyens\/sejours-hors-quebec\/assurance-maladie\/Pages\/remboursement-frais-services-recus-lors-sejour.aspx<\/a><br \/>\nN.B. Nella documentazione devono figurare: a) nome, firma ed indirizzo del medico curante o del rappresentante della struttura ospedaliera, b) descrizione dettagliata delle prestazioni sanitarie, c) data e costo di ciascuna delle prestazioni sanitarie.<\/li>\n<li>Si suggerisce pertanto di stipulare una apposita polizza assicurativa privata che copra la differenza delle spese non rimborsabili dalla R.A.M.Q.<\/li>\n<\/ol>\n<p>&nbsp;<\/p>\n<p>&nbsp;<\/p>\n<p style=\"text-align: justify;\"><span style=\"text-decoration: underline;\"><strong>ASSISTENZA ECONOMICA<\/strong><\/span><\/p>\n<p style=\"text-align: justify;\">L\u2019Ufficio consolare pu\u00f2 erogare un sussidio al cittadino italiano residente stabilmente nella circoscrizione consolare che si trovi in una situazione di comprovata eccezionale necessit\u00e0, come un ritardo nell\u2019arrivo dell\u2019assegno di assistenza governativa, disabilit\u00e0, condizioni mediche particolari che comportano speciali spese mediche, dietetiche o farmaceutiche non coperte dall\u2019assistenza locale, eccetera. Il connazionale indigente dovr\u00e0 appunto provare, all\u2019occorrenza, la sua condizione di eccezionale necessit\u00e0 esibendo la documentazione che gli verr\u00e0 richiesta. I sussidi non possono superare il limite massimo stabilito dalle disposizioni ministeriali.<br \/>\nIn questo tipo di assistenza rientra anche il rilascio o il rinnovo gratuito del passaporto italiano a cittadini in difficolt\u00e0 economiche.<br \/>\nIl cittadino italiano in transito che abbia subito il furto di denaro o altri documenti pu\u00f2 anche richiedere l\u2019erogazione di un prestito con promessa di restituzione allo Stato italiano. La concessione del prestito \u00e8 subordinata alla valutazione dell\u2019Ufficio consolare.<\/p>\n","protected":false},"excerpt":{"rendered":"ASSISTENZA SANITARIA ASSISTENZA SANITARIA IN ITALIA Il Ministero della Salute, con Nota n. 2561 del 13 aprile 2016, ha confermato che la condizione di emigrato pu\u00f2 e deve essere attestata mediante dichiarazione sostitutiva di certificazione da presentare alla competente ASL, con la quale il cittadino autocertifica: di essere nato in Italia, di possedere la cittadinanza [&hellip;]","protected":false},"author":5,"featured_media":0,"parent":199,"menu_order":1,"comment_status":"closed","ping_status":"closed","template":"","meta":{"footnotes":""},"class_list":["post-592","page","type-page","status-publish","hentry"],"_links":{"self":[{"href":"https:\/\/ambottawa.esteri.it\/it\/wp-json\/wp\/v2\/pages\/592","targetHints":{"allow":["GET"]}}],"collection":[{"href":"https:\/\/ambottawa.esteri.it\/it\/wp-json\/wp\/v2\/pages"}],"about":[{"href":"https:\/\/ambottawa.esteri.it\/it\/wp-json\/wp\/v2\/types\/page"}],"author":[{"embeddable":true,"href":"https:\/\/ambottawa.esteri.it\/it\/wp-json\/wp\/v2\/users\/5"}],"replies":[{"embeddable":true,"href":"https:\/\/ambottawa.esteri.it\/it\/wp-json\/wp\/v2\/comments?post=592"}],"version-history":[{"count":0,"href":"https:\/\/ambottawa.esteri.it\/it\/wp-json\/wp\/v2\/pages\/592\/revisions"}],"up":[{"embeddable":true,"href":"https:\/\/ambottawa.esteri.it\/it\/wp-json\/wp\/v2\/pages\/199"}],"wp:attachment":[{"href":"https:\/\/ambottawa.esteri.it\/it\/wp-json\/wp\/v2\/media?parent=592"}],"curies":[{"name":"wp","href":"https:\/\/api.w.org\/{rel}","templated":true}]}}