{"id":512,"date":"2022-11-30T19:47:47","date_gmt":"2022-11-30T18:47:47","guid":{"rendered":"https:\/\/ambottawa.esteri.it\/?page_id=512"},"modified":"2022-12-29T21:25:52","modified_gmt":"2022-12-29T20:25:52","slug":"la-rete-degli-istituti-italiani-di-cultura-in-canada","status":"publish","type":"page","link":"https:\/\/ambottawa.esteri.it\/it\/italia-e-canada\/diplomazia-culturale\/la-rete-degli-istituti-italiani-di-cultura-in-canada\/","title":{"rendered":"La rete degli Istituti Italiani di Cultura in Canada"},"content":{"rendered":"<p>\u201c<em>La cultura \u00e8 l\u2019unico bene dell\u2019umanit\u00e0 che, diviso fra tutti, anzich\u00e9 diminuire diventa pi\u00f9 grande<\/em>.\u201d &#8211; Hans Georg Gadamer<\/p>\n<p>Nella politica di promozione della cultura italiana in Canada un ruolo fondamentale \u00e8 svolto dagli Istituti Italiani di Cultura, con sedi a Toronto e Montreal.<\/p>\n<p>Gli Istituti, organismi ufficiali dello Stato Italiano, sono dei centri d\u2019iniziative culturali e accademiche che hanno l\u2019obiettivo di promuovere e condividere con le comunit\u00e0 locali la cultura, la lingua, i valori e l\u2019eredit\u00e0 italiani. Organizzano manifestazioni di vario genere, orientate a favorire la migliore conoscenza possibile della variopinta realt\u00e0 italiana.<\/p>\n<p>Gli Istituti promuovono iniziative a sostegno del dialogo interculturale e multilaterale basato sui principi dell&#8217;uguaglianza, della democrazia e della solidariet\u00e0 internazionale, e incoraggiano gli scambi culturali attraverso l\u2019istituzione di rapporti di collaborazione artistica, teatrale, musicale e cinematografica tra Italia e Canada.<\/p>\n<p>Oltre alla programmazione di eventi culturali, talvolta coordinati con altri uffici europei e\/o canadesi, gli Istituti rappresentano inoltre un rilevante punto di riferimento per i cittadini di qualunque nazionalit\u00e0 interessati alla cultura italiana.<\/p>\n<p>Nelle proprie sedi allestiscono esposizioni d\u2019arte, conferenze e proiezioni multimediali. Organizzano inoltre corsi d\u2019italiano e dispongono di videoteche e di biblioteche.<\/p>\n<p>Nello specifico gli istituti dirigono le loro iniziative verso:<\/p>\n<p>\u2022 la diffusione della lingua italiana attraverso corsi e formazione dei docenti;<\/p>\n<p>\u2022 la promozione del cinema italiano attraverso la partecipazione a Festival internazionali;<\/p>\n<p>\u2022 l\u2019allestimento di mostre attinenti ai vari aspetti della cultura italiana;<\/p>\n<p>\u2022 la promozione del teatro italiano attraverso la presentazione di compagnie italiane o mediante il sostegno a compagnie locali che portano in scena spettacoli di autori italiani;<\/p>\n<p>\u2022 la programmazione di eventi musicali per la presentazione di artisti gi\u00e0 affermati e di giovani talenti;<\/p>\n<p>\u2022 l\u2019organizzazione d\u2019iniziative indirizzate alla vasta collettivit\u00e0 italiana presente in Canada.<\/p>\n<p>&nbsp;<\/p>\n<p><strong>Istituto Italiano di Cultura di Toronto<\/strong><\/p>\n<p>Consolato Generale d&#8217;Italia a Toronto (Sezione Culturale)<\/p>\n<p>496 Huron Street<\/p>\n<p>TORONTO, Ontario M5R 2R3<\/p>\n<p>Tel. (416) 921-3802<\/p>\n<p><a href=\"https:\/\/iictoronto.esteri.it\/iic_toronto\/it\/\">https:\/\/www.iictoronto.esteri.it<\/a><\/p>\n<p>&nbsp;<\/p>\n<p><strong>Istituto Italiano di Cultura di Montreal<\/strong><\/p>\n<p>Consolato Generale d\u2019Italia a Montr\u00e9al (Sezione Culturale)<\/p>\n<p>1200 Docteur Penfield Avenue<\/p>\n<p>MONTR\u00c9AL, Qu\u00e9bec H3A 1A9<\/p>\n<p>Tel. (514) 849-3473<\/p>\n<p><a href=\"https:\/\/iicmontreal.esteri.it\/iic_montreal\/it\/\">https:\/\/www.iicmontreal.esteri.it<\/a><\/p>\n","protected":false},"excerpt":{"rendered":"\u201cLa cultura \u00e8 l\u2019unico bene dell\u2019umanit\u00e0 che, diviso fra tutti, anzich\u00e9 diminuire diventa pi\u00f9 grande.\u201d &#8211; Hans Georg Gadamer Nella politica di promozione della cultura italiana in Canada un ruolo fondamentale \u00e8 svolto dagli Istituti Italiani di Cultura, con sedi a Toronto e Montreal. Gli Istituti, organismi ufficiali dello Stato Italiano, sono dei centri d\u2019iniziative [&hellip;]","protected":false},"author":6,"featured_media":0,"parent":134,"menu_order":7,"comment_status":"closed","ping_status":"closed","template":"","meta":{"footnotes":""},"class_list":["post-512","page","type-page","status-publish","hentry"],"_links":{"self":[{"href":"https:\/\/ambottawa.esteri.it\/it\/wp-json\/wp\/v2\/pages\/512","targetHints":{"allow":["GET"]}}],"collection":[{"href":"https:\/\/ambottawa.esteri.it\/it\/wp-json\/wp\/v2\/pages"}],"about":[{"href":"https:\/\/ambottawa.esteri.it\/it\/wp-json\/wp\/v2\/types\/page"}],"author":[{"embeddable":true,"href":"https:\/\/ambottawa.esteri.it\/it\/wp-json\/wp\/v2\/users\/6"}],"replies":[{"embeddable":true,"href":"https:\/\/ambottawa.esteri.it\/it\/wp-json\/wp\/v2\/comments?post=512"}],"version-history":[{"count":0,"href":"https:\/\/ambottawa.esteri.it\/it\/wp-json\/wp\/v2\/pages\/512\/revisions"}],"up":[{"embeddable":true,"href":"https:\/\/ambottawa.esteri.it\/it\/wp-json\/wp\/v2\/pages\/134"}],"wp:attachment":[{"href":"https:\/\/ambottawa.esteri.it\/it\/wp-json\/wp\/v2\/media?parent=512"}],"curies":[{"name":"wp","href":"https:\/\/api.w.org\/{rel}","templated":true}]}}