{"id":472,"date":"2022-11-30T18:48:40","date_gmt":"2022-11-30T17:48:40","guid":{"rendered":"https:\/\/ambottawa.esteri.it\/?page_id=472"},"modified":"2026-04-02T22:34:32","modified_gmt":"2026-04-02T20:34:32","slug":"litaliano-in-canada","status":"publish","type":"page","link":"https:\/\/ambottawa.esteri.it\/it\/italia-e-canada\/diplomazia-culturale\/litaliano-in-canada\/","title":{"rendered":"L&#8217;italiano in Canada"},"content":{"rendered":"<p align=\"justify\"><strong>L&#8217;italiano in Canada e nelle Universit\u00e0 canadesi<\/strong><\/p>\n<p>Secondo le stime del censimento del 2021 condotto dal Governo Canadese (ultimi dati disponibili), nel Paese risultano ben 319.505 persone di madrelingua italiana.<br \/>\nGeneralmente lo studio dell\u2019italiano nelle scuole e nelle Universit\u00e0 canadesi \u00e8 pi\u00f9 diffuso nelle zone in cui vi \u00e8 un\u2019importante presenza di comunit\u00e0 italiane. Esso inoltre \u00e8 spesso inserito in diversi curricula scolastici, grazie ad accordi ad hoc conclusi con i provveditorati delle singole province.<\/p>\n<p>In diverse Universit\u00e0 di Qu\u00e9bec, Ontario, Alberta, British Columbia, Manitoba e Nova Scotia si possono trovare poi dei dipartimenti d\u2019italiano con corsi di laurea appositi, ma anche dei semplici programmi linguistici, tra cui alcuni dedicati agli adulti in una prospettiva di educazione permanente, processo di costante apprendimento che riguarda l\u2019intera vita di un individuo.<\/p>\n<p>Nel programma di pi\u00f9 ampio respiro della \u201cPromozione del Sistema Paese\u201d, la valorizzazione e la diffusione della lingua e della cultura italiana nel mondo costituisce una delle cinque coordinate di azione prioritaria. In tale programma s\u2019inseriscono le figure professionali nominate dal Ministero degli Affari Esteri e della Cooperazione Internazionale (MAECI) come personale scolastico in Italia che, previo concorso, vengono poi inviate in molti paesi del mondo come dirigenti scolastici, dirigenti amministrativi, docenti di scuole italiane all\u2019estero o lettori. Attualmente in Canada sono in servizio due lettrici, una presso la Carleton University di Ottawa e una presso la University of British Columbia di Vancouver, mentre a Toronto e Vancouver sono presenti due Direttori Didattici di ruolo a cui presto se ne aggiunger\u00e0 un altro a Montr\u00e9al.<\/p>\n<p>Il seguente elenco di dipartimenti o programmi d\u2019italiano presenti nelle Universit\u00e0 canadesi \u00e8 tratto da\u00a0<a href=\"https:\/\/www.universitystudy.ca\/search-programs\/\"><strong>Universitystudy.ca<\/strong><\/a>; per maggiori dettagli si rimanda ai rispettivi siti:<\/p>\n<p>1.<strong>\u00a0Alberta<\/strong><\/p>\n<ul>\n<li><strong>University of Calgary<\/strong>, Italian Studies, Faculty of Arts, Department of French, Italian and Spanish &#8211; Bachelor of Arts and Minor, undergraduate studies<\/li>\n<li><strong>University of Alberta<\/strong>, Italian Studies, Faculty of Arts, Department of Modern Languages and Cultural Studies &#8211; Minor, undergraduate studies<\/li>\n<\/ul>\n<p>2.<strong>\u00a0British Columbia<\/strong><\/p>\n<ul>\n<li><strong>University of Victoria<\/strong>, Hispanic and Italian Studies, Faculty of Humanities, Department of Hispanic and Italian Studies &#8211; Bachelor of Arts and Major, undergraduate studies<\/li>\n<li><strong>University of British Columbia<\/strong>, Italian Studies, Faculty of Arts, Department of French, Hispanic and Italian Studies &#8211; Bachelor of Arts and Minor, undergraduate studies<\/li>\n<li><strong>Simon Fraser University<\/strong>, Italian Studies, Faculty of Arts and Social Sciences, Department of World Languages and Literatures &#8211; Minor and Certificate, undergraduate studies<\/li>\n<\/ul>\n<p>3.\u00a0<strong>Manitoba<\/strong><\/p>\n<ul>\n<li><strong>University of Manitoba<\/strong>, Italian, Faculty of Arts, Department of French, Spanish and Italian &#8211; Bachelor of Arts and Minor, undergraduate studies<\/li>\n<li><strong>University of Winnipeg<\/strong>, Italian Studies, Faculty of Arts, Department of Modern Languages and Literatures<\/li>\n<\/ul>\n<p>4.\u00a0<strong>New Brunswick<\/strong><\/p>\n<ul>\n<li><strong>Universit\u00e9 de St. Thomas,<\/strong> Italian, Faculty of Humanities, Department of Romance Languages &#8211; Minor, undergraduate studies<\/li>\n<\/ul>\n<p>5. <strong>Newfoundland<\/strong><\/p>\n<ul>\n<li><strong>Memorial University of Newfoundland,\u00a0<\/strong>Italian, Faculty of Humanities and Social Sciences, Department of Modern Languages, Literatures and Cultures &#8211; Undergraduate studies<\/li>\n<\/ul>\n<p>6. <strong>Nova Scotia<\/strong><\/p>\n<ul>\n<li><strong>Dalhousie University<\/strong>, Italian Studies, Faculty of Arts and Social Sciences &#8211; Minor, undergraduate studies<\/li>\n<\/ul>\n<p>7. <strong>Ontario<\/strong><\/p>\n<ul>\n<li><strong>Brock University<\/strong>, Italian Studies, Faculty of Humanities, Department of Modern Languages, Literatures and Cultures &#8211; Bachelor of Arts and Minor, undergraduate studies<\/li>\n<li><strong>Carleton University<\/strong>, Italian, Faculty of Arts and Social Sciences, School of Linguistics and Language Studies &#8211; Minor, undergraduate studies<\/li>\n<li><strong>Queen&#8217;s University<\/strong>, Italian, Faculty of Arts and Science, Department of Spanish and Italian Languages and Literature &#8211; Minor and Certificate, undergraduate studies<\/li>\n<li><strong>McMaster University<\/strong>, Italian Studies, Faculty of Humanities, Department of Linguistics and Languages &#8211; Minor, undergraduate studies<\/li>\n<li><strong>St. Jerome&#8217;s University<\/strong>, Italian Language, Department of Italian and French Studies &#8211; Bachelor of Arts, undergraduate studies<\/li>\n<li><strong>University of Toronto<\/strong>, Italian Studies, Faculty of Arts and Science, Department of Italian Studies &#8211; Bachelor of Arts, undergraduate studies &amp; Master of Arts, graduate studies &amp; Doctor of Philosophy, graduate studies \/ Italian Second Language Learning, Faculty of Arts and Science, Department of Italian Studies &#8211; Bachelor of Arts, undergraduate studies \/ Italian, School of Continuing Studies &#8211; Certificate, undergraduate studies<\/li>\n<li><strong>University of Toronto \u2013 Mississauga<\/strong>, Italian Language Teaching and Learning, Department of Language Studies &#8211; Bachelor of Arts, undergraduate studies &amp; Master of Arts, graduate studies<\/li>\n<li><strong>University of Ottawa<\/strong>, Italian Language and Culture, Faculty of Arts, Department of Modern Languages and Literature &#8211; Minor, undergraduate studies<\/li>\n<li><strong>University of Guelph<\/strong>, Italian, College of Arts, School of Languages and Literatures &#8211; Minor, undergraduate studies<\/li>\n<li><strong>University of Waterloo<\/strong>, Italian Studies, Faculty of Arts, Department of Italian Studies &#8211; Minor, undergraduate studies \/ Italian Language, Faculty of Arts, Department of Italian Studies &#8211; Concentration, undergraduate studies<\/li>\n<li><strong>University of Western Ontario<\/strong>, Italian Studies, Faculty of Arts and Humanities, Department of Modern Languages and Literatures &#8211; Bachelor of Arts, Minor and\u00a0Certificate, undergraduate studies<\/li>\n<li><strong>University of Windsor<\/strong>, Italian and German, Faculty of Arts and Social Sciences, Department of Languages, Literatures and Cultures &#8211; Bachelor of Arts, undergraduate studies<\/li>\n<li><strong>Wilfrid Laurier University<\/strong>, Italian, Faculty of Arts, Department of Languages and Literatures &#8211; Minor, undergraduate studies<\/li>\n<li><strong>York University<\/strong>, Italian, Faculty of Liberal Arts and Professional Studies, Department of Languages, Literatures, and Linguistics &#8211; Certificate, International Bachelor of Arts and Bachelor of Arts, undergraduate studies<\/li>\n<\/ul>\n<p>8. <strong>Qu\u00e9bec<\/strong><\/p>\n<ul>\n<li><strong>Concordia University<\/strong>, Italian, Faculty of Arts and Science, Department of Classics, Modern Languages and Linguistics &#8211; Bachelor of Arts and Minor, undergraduate studies<\/li>\n<li><strong>McGill University<\/strong>, Italian Studies, Faculty of Arts, Department of Italian Studies &#8211; Bachelor of Arts, undergraduate studies &amp; Master of Arts, graduate studies &amp; Doctor of Philosophy, graduate studies<\/li>\n<li><strong>Universit\u00e9 Laval<\/strong>, Langue italienne, Facult\u00e9 des lettres et des sciences humaines, D\u00e9partement de langues, linguistique et traduction &#8211; Microprogramme et Certification PLIDA (Progetto Lingua Italiana Dante Alighieri)<\/li>\n<li><strong>Universit\u00e9 de Montr\u00e9al<\/strong>, Langue et culture italiennes, Facult\u00e9 des arts et des sciences, D\u00e9partement de litt\u00e9ratures et de langues du monde &#8211; Microprogramme<\/li>\n<li><strong>UQAM,<\/strong> Langue italienne, Facult\u00e9 de communication, \u00c9cole de langues &#8211; Microprogramme et Majeure<\/li>\n<\/ul>\n<p>&nbsp;<\/p>\n<p>&nbsp;<\/p>\n<p><strong>Sezioni d\u2019italiano nelle scuole:<\/strong><\/p>\n<p>TORONTO<\/p>\n<p><strong>Istituto Leonardo Da Vinci Academy<\/strong><\/p>\n<p>Programmi Accademici: asilo e scuola materna, elementari.<\/p>\n<p>Indirizzo: 100 Allanhurst Drive, Toronto, Ontario, Canada, M9A 4K4<\/p>\n<p>Telefono: +1 416-247-6137<\/p>\n<p>E-mail:\u00a0<a href=\"mailto:ldva@ldva.on.ca\">ldva@ldva.on.ca\u00a0<\/a><\/p>\n","protected":false},"excerpt":{"rendered":"L&#8217;italiano in Canada e nelle Universit\u00e0 canadesi Secondo le stime del censimento del 2021 condotto dal Governo Canadese (ultimi dati disponibili), nel Paese risultano ben 319.505 persone di madrelingua italiana. Generalmente lo studio dell\u2019italiano nelle scuole e nelle Universit\u00e0 canadesi \u00e8 pi\u00f9 diffuso nelle zone in cui vi \u00e8 un\u2019importante presenza di comunit\u00e0 italiane. Esso [&hellip;]","protected":false},"author":6,"featured_media":0,"parent":134,"menu_order":2,"comment_status":"closed","ping_status":"closed","template":"","meta":{"footnotes":""},"class_list":["post-472","page","type-page","status-publish","hentry"],"_links":{"self":[{"href":"https:\/\/ambottawa.esteri.it\/it\/wp-json\/wp\/v2\/pages\/472","targetHints":{"allow":["GET"]}}],"collection":[{"href":"https:\/\/ambottawa.esteri.it\/it\/wp-json\/wp\/v2\/pages"}],"about":[{"href":"https:\/\/ambottawa.esteri.it\/it\/wp-json\/wp\/v2\/types\/page"}],"author":[{"embeddable":true,"href":"https:\/\/ambottawa.esteri.it\/it\/wp-json\/wp\/v2\/users\/6"}],"replies":[{"embeddable":true,"href":"https:\/\/ambottawa.esteri.it\/it\/wp-json\/wp\/v2\/comments?post=472"}],"version-history":[{"count":6,"href":"https:\/\/ambottawa.esteri.it\/it\/wp-json\/wp\/v2\/pages\/472\/revisions"}],"predecessor-version":[{"id":9535,"href":"https:\/\/ambottawa.esteri.it\/it\/wp-json\/wp\/v2\/pages\/472\/revisions\/9535"}],"up":[{"embeddable":true,"href":"https:\/\/ambottawa.esteri.it\/it\/wp-json\/wp\/v2\/pages\/134"}],"wp:attachment":[{"href":"https:\/\/ambottawa.esteri.it\/it\/wp-json\/wp\/v2\/media?parent=472"}],"curies":[{"name":"wp","href":"https:\/\/api.w.org\/{rel}","templated":true}]}}