{"id":203,"date":"2022-11-17T19:55:41","date_gmt":"2022-11-17T18:55:41","guid":{"rendered":"https:\/\/ambottawa.esteri.it\/?page_id=203"},"modified":"2026-03-02T21:00:44","modified_gmt":"2026-03-02T20:00:44","slug":"autoveicoli-e-patenti-di-guida","status":"publish","type":"page","link":"https:\/\/ambottawa.esteri.it\/it\/servizi-consolari-e-visti\/servizi-per-il-cittadino-italiano\/autoveicoli-e-patenti-di-guida\/","title":{"rendered":"Autoveicoli e patenti di guida"},"content":{"rendered":"<p><strong>PATENTE DI GUIDA<\/strong><\/p>\n<p>Per guidare all\u2019estero i cittadini italiani sono soggetti a regole differenti a seconda che vi si rechino per periodi di breve soggiorno o per stabilirvi la propria residenza.<\/p>\n<p>&nbsp;<\/p>\n<p><strong>RINNOVO \u2013 CONFERMA DI VALIDITA\u2019 DELLA PATENTE ITALIANA<\/strong><br \/>\nI cittadini italiani residenti o dimoranti per un periodo di almeno 6 mesi in Canada possono ottenere presso l\u2019Ambasciata o presso i Consolati italiani nel Paese la conferma della validit\u00e0 della loro patente italiana purch\u00e9 di categoria A e B, scaduta da non pi\u00f9 di cinque anni e non rientrante nei casi previsti all\u2019art. 119, commi 2-bis e 4 del Codice della Strada (patenti di conducenti affetti da diabete o la cui idoneit\u00e0 psicofisica deve essere certificata da apposite commissioni mediche).<\/p>\n<p>I cittadini italiani interessati dovranno effettuare la prevista visita medica per l\u2019accertamento dei requisiti psichici e fisici (<a href=\"https:\/\/ambottawa.esteri.it\/wp-content\/uploads\/2022\/12\/modello_di_certificato_medico_per_rinnovo_patente1.pdf\">v. allegato<\/a>) che potr\u00e0 essere rilasciato da un medico oculista. Il costo della visita \u00e8 carico dell\u2019interessato.<\/p>\n<p>L\u2019Ambasciata o il Consolato rilascer\u00e0 apposita attestazione di rinnovo. E\u2019 previsto il pagamento di un\u2019imposta di bollo da apporre sul certificato (art. NAA) e di una tariffa consolare per il rinnovo (art. 66D).<\/p>\n<p>Il rinnovo effettuato presso l\u2019Ambasciata o il Consolato \u00e8 valido per circolare sia in Italia che all\u2019estero. Una volta ristabilita la residenza in Italia, il cittadino italiano dovr\u00e0 confermare nuovamente la patente di guida presso l\u2019Ufficio Centrale del Dipartimento per i trasporti terrestri competente per il luogo di residenza.<\/p>\n<p>&nbsp;<\/p>\n<p><strong>PER CHI SI RECA IN CANADA O IN ITALIA COME TURISTA<\/strong><\/p>\n<p>Nella maggior parte delle <strong>Province canadesi<\/strong> \u00e8 consentito guidare per un periodo di tre mesi dalla data di arrivo con la patente italiana in corso di validit\u00e0. Per maggiori informazioni per quanto riguarda la circoscrizione di competenza di questa Ambasciata visitare il sito dell\u2019Ontario <a href=\"https:\/\/www.ontario.ca\/page\/drive-ontario-visitors#:~:text=If%20you%20are%20visiting%20Ontario%20for%20less%20than,International%20Driver%E2%80%99s%20Permit%20%28IDP%29%20from%20your%20own%20country.\">Drive in Ontario: visitors | ontario.ca<\/a> o quello del Qu\u00e9bec <a href=\"https:\/\/www.quebec.ca\/en\/family-and-support-for-individuals\/death\/what-to-do-in-the-event-of-death\/priority-steps-to-take-following-a-death\/what-to-do-in-the-event-of-death\/permits-certificates-licences\">Permits, certificates, licences | Gouvernement du Qu\u00e9bec (quebec.ca)<\/a>.<\/p>\n<p>In ogni caso si consiglia di munirsi di una patente internazionale (da richiedere agli uffici della Motorizzazione Civile prima di mettersi in viaggio) considerato che le societ\u00e0 di noleggio autovetture hanno la facolt\u00e0 di richiederla. In Canada \u00e8 riconosciuta\u00a0la patente internazionale mod. Ginevra\u00a01949. Per ulteriori informazioni e per sapere come ottenere la patente Internazionale visitare il sito del Ministero dei Trasporti e delle Infrastrutture italiano <a href=\"https:\/\/www.mit.gov.it\/permesso-internazionale-di-guida\">https:\/\/www.mit.gov.it\/permesso-internazionale-di-guida<\/a>.<\/p>\n<p>Per brevi soggiorni in <strong>Italia<\/strong> (ad esempio per vacanze), se non si possiede una patente italiana, \u00e8 sufficiente munirsi della traduzione ufficiale della patente di guida canadese da esibire a richiesta degli organi di sicurezza italiani.<\/p>\n<p>In caso di smarrimento o furto della patente italiana, i connazionali residenti in Canada devono presentare la denuncia \u2013 oltre che alle locali Autorit\u00e0 \u2013 anche agli Organi di Polizia italiani (DPR 104 del 09.03.2000).<\/p>\n<p>&nbsp;<\/p>\n<p><strong>AGGIORNAMENTO<\/strong><\/p>\n<p>E&#8217; disponibile <a href=\"https:\/\/ambottawa.esteri.it\/wp-content\/uploads\/2024\/07\/Decreto-di-nomina-medico-di-fiducia_22072024104700.pdf\">qui<\/a> il Decreto n. 4 del 22 luglio 2024 di nomina del medico di fiducia dell&#8217;Ambasciata d&#8217;Italia a Ottawa, abilitato al rilascio di certificazioni.<\/p>\n","protected":false},"excerpt":{"rendered":"PATENTE DI GUIDA Per guidare all\u2019estero i cittadini italiani sono soggetti a regole differenti a seconda che vi si rechino per periodi di breve soggiorno o per stabilirvi la propria residenza. &nbsp; RINNOVO \u2013 CONFERMA DI VALIDITA\u2019 DELLA PATENTE ITALIANA I cittadini italiani residenti o dimoranti per un periodo di almeno 6 mesi in Canada [&hellip;]","protected":false},"author":2,"featured_media":0,"parent":167,"menu_order":3,"comment_status":"closed","ping_status":"closed","template":"","meta":{"footnotes":""},"class_list":["post-203","page","type-page","status-publish","hentry"],"_links":{"self":[{"href":"https:\/\/ambottawa.esteri.it\/it\/wp-json\/wp\/v2\/pages\/203","targetHints":{"allow":["GET"]}}],"collection":[{"href":"https:\/\/ambottawa.esteri.it\/it\/wp-json\/wp\/v2\/pages"}],"about":[{"href":"https:\/\/ambottawa.esteri.it\/it\/wp-json\/wp\/v2\/types\/page"}],"author":[{"embeddable":true,"href":"https:\/\/ambottawa.esteri.it\/it\/wp-json\/wp\/v2\/users\/2"}],"replies":[{"embeddable":true,"href":"https:\/\/ambottawa.esteri.it\/it\/wp-json\/wp\/v2\/comments?post=203"}],"version-history":[{"count":1,"href":"https:\/\/ambottawa.esteri.it\/it\/wp-json\/wp\/v2\/pages\/203\/revisions"}],"predecessor-version":[{"id":4967,"href":"https:\/\/ambottawa.esteri.it\/it\/wp-json\/wp\/v2\/pages\/203\/revisions\/4967"}],"up":[{"embeddable":true,"href":"https:\/\/ambottawa.esteri.it\/it\/wp-json\/wp\/v2\/pages\/167"}],"wp:attachment":[{"href":"https:\/\/ambottawa.esteri.it\/it\/wp-json\/wp\/v2\/media?parent=203"}],"curies":[{"name":"wp","href":"https:\/\/api.w.org\/{rel}","templated":true}]}}