{"id":196,"date":"2022-11-17T19:50:30","date_gmt":"2022-11-17T18:50:30","guid":{"rendered":"https:\/\/ambottawa.esteri.it\/?page_id=196"},"modified":"2026-03-02T20:59:58","modified_gmt":"2026-03-02T19:59:58","slug":"anagrafe-degli-italiani-residenti-allestero-aire","status":"publish","type":"page","link":"https:\/\/ambottawa.esteri.it\/it\/servizi-consolari-e-visti\/servizi-per-il-cittadino-italiano\/anagrafe-degli-italiani-residenti-allestero-aire\/","title":{"rendered":"Anagrafe degli Italiani residenti all\u2019estero (A.I.R.E.)"},"content":{"rendered":"<p style=\"text-align: justify;\"><strong>INFORMAZIONI GENERALI<\/strong><\/p>\n<p style=\"text-align: justify;\">L\u2019Anagrafe degli Italiani Residenti all\u2019Estero (A.I.R.E.) \u00e8 stata istituita con legge del 27 ottobre 1988, n. 470, e contiene i dati dei cittadini italiani che risiedono all\u2019estero per un periodo superiore a dodici mesi. \u00c8 gestita dai Comuni sulla base delle informazioni provenienti dagli Uffici Consolari all\u2019estero.<\/p>\n<p>Si ricorda che l&#8217;<strong>1 gennaio 2024<\/strong>\u00a0\u00e8 entrata in vigore la\u00a0<strong>Legge n. 213 del 30 dicembre 2023<\/strong>\u00a0(Legge di Bilancio), la quale all\u2019art. 1, comma 242, modifica l\u2019art. 11 delle Legge n. 1228 del 1954,\u00a0<strong>introducendo un regime sanzionatorio per coloro che non adempiono alle disposizioni di legge che impongono obblighi anagrafici.<\/strong>\u00a0<strong>Chiunque, avendo obblighi anagrafici, contravviene alle disposizioni<\/strong>\u00a0della Legge 24 dicembre 1954, n. 1228, della Legge 27 ottobre 1988, n. 470, e dei regolamenti di esecuzione delle predette leggi\u00a0<strong>\u00e8 soggetto a sanzioni pecuniarie<\/strong><\/p>\n<p>&nbsp;<\/p>\n<p style=\"text-align: justify;\"><strong>COSA FARE<\/strong><\/p>\n<ul>\n<li style=\"text-align: justify;\"><strong>ISCRIZIONE ALL&#8217;A.I.R.E.<\/strong><\/li>\n<\/ul>\n<p style=\"text-align: justify;\">L\u2019iscrizione all\u2019A.I.R.E. \u00e8 un diritto-dovere del cittadino (art. 6 legge 470\/1988) e costituisce il presupposto per usufruire di una serie di servizi forniti dagli Uffici consolari all\u2019estero, nonch\u00e9 per l\u2019esercizio di importanti diritti, quali ad esempio:<\/p>\n<ul style=\"text-align: justify;\">\n<li>la possibilit\u00e0 di votare per elezioni politiche e referendum per corrispondenza nel Paese di residenza;<\/li>\n<li>la possibilit\u00e0 di ottenere il rilascio o rinnovo di documenti di identit\u00e0 e di viaggio, nonch\u00e9 certificazioni;<\/li>\n<li>la possibilit\u00e0 di rinnovare la patente di guida.<\/li>\n<\/ul>\n<p style=\"text-align: justify;\">Devono iscriversi all\u2019A.I.R.E.:<\/p>\n<ul style=\"text-align: justify;\">\n<li>i cittadini che trasferiscono la propria residenza all\u2019estero per periodi superiori a 12 mesi;<\/li>\n<li>quelli che gi\u00e0 vi risiedono, sia perch\u00e9 nati all\u2019estero, sia per successivo acquisto della cittadinanza italiana a qualsiasi titolo.<\/li>\n<\/ul>\n<p style=\"text-align: justify;\">Per ulteriori informazioni consultare\u00a0<span style=\"text-decoration: underline;\"><a href=\"https:\/\/www.esteri.it\/mae\/it\/servizi\/italiani-all-estero\/aire_0.html\">questa pagina<\/a><\/span>.<\/p>\n<p>&nbsp;<\/p>\n<ul>\n<li style=\"text-align: justify;\"><strong>AGGIORNAMENTO DELL&#8217;A.I.R.E.<\/strong><\/li>\n<\/ul>\n<p style=\"text-align: justify;\">Il cittadino deve tempestivamente comunicare all\u2019Ufficio consolare, oltre al suo arrivo nella circoscrizione consolare:<\/p>\n<ul style=\"text-align: justify;\">\n<li>il trasferimento della propria residenza o abitazione;<\/li>\n<li>le modifiche dello stato civile, anche per l\u2019eventuale trascrizione in Italia degli atti stranieri (matrimonio, nascita, divorzio ecc.);<\/li>\n<li>la perdita della cittadinanza italiana.<\/li>\n<\/ul>\n<p style=\"text-align: justify;\">I cittadini iscritti all&#8217;A.I.R.E. che rientrano definitivamente in Italia dovranno presentarsi presso il Comune Italiano dove hanno deciso di stabilirsi per dichiarare il nuovo indirizzo di residenza.<\/p>\n<p style=\"text-align: justify;\">Il Comune provveder\u00e0 alla cancellazione dall\u2019A.I.R.E. con contestuale iscrizione in A.P.R. (Anagrafe Popolazione Residente) e comunicher\u00e0 a questo Ufficio consolare il rimpatrio.<\/p>\n<p>&nbsp;<\/p>\n<p>&nbsp;<\/p>\n<p style=\"text-align: justify;\"><strong>COME FARE<\/strong><\/p>\n<p style=\"text-align: justify;\">L\u2019iscrizione all\u2019A.I.R.E. \u00e8 effettuata a seguito di dichiarazione resa dal cittadino italiano maggiorenne all\u2019Ufficio consolare competente per territorio entro 90 giorni dal trasferimento della residenza, e comporta la contestuale cancellazione dall\u2019Anagrafe della Popolazione Residente (A.P.R.) del Comune di provenienza.<\/p>\n<p>&nbsp;<\/p>\n<ul>\n<li style=\"text-align: justify;\"><strong>FAST IT<\/strong><\/li>\n<\/ul>\n<p style=\"text-align: justify;\">Al fine di ridurre significativamente i tempi di iscrizione all\u2019A.I.R.E. \u00e8 disponibile il nuovo portale di Servizi Consolari Online <a href=\"https:\/\/serviziconsolarionline.esteri.it\/ScoFE\/index.sco\"><span style=\"text-decoration: underline;\">Fast It<\/span><\/a>.<\/p>\n<p style=\"text-align: justify;\">Attraverso la registrazione al portale Fast It, sar\u00e0 possibile procedere a un\u2019iscrizione A.I.R.E. pi\u00f9 celere, seguire l\u2019andamento della propria richiesta, comunicare direttamente con questo Ufficio consolare, mantenere aggiornati i propri dati personali, cambiare il proprio indirizzo email e comunicare eventuali variazioni di indirizzo (compresa la variazione di circoscrizione consolare).<\/p>\n<p style=\"text-align: justify;\">Per usufruire del servizio, \u00e8 necessario collegarsi al portale e seguire le istruzioni in esso contenute per la prima registrazione.<\/p>\n<p style=\"text-align: justify;\">Il portale permette l\u2019accesso e l\u2019autenticazione tramite identit\u00e0 SPID.<\/p>\n<p style=\"text-align: justify;\">Una volta effettuata la registrazione si potr\u00e0 richiedere l\u2019iscrizione A.I.R.E. selezionando l\u2019apposita funzione.<\/p>\n<p style=\"text-align: justify;\">Dopo aver inserito i dati richiesti si dovranno caricare i seguenti documenti scansionati in 3\u00a0<em>files<\/em> separati:<\/p>\n<ul style=\"text-align: justify;\">\n<li>modulo di richiesta (che sar\u00e0 prodotto dal portale dopo l\u2019inserimento dei propri dati), datato e firmato;<\/li>\n<li>copia del passaporto italiano valido del richiedente (pagine che indicano i dati anagrafici, l\u2019Ente che lo ha rilasciato e la firma del titolare) e di tutti gli eventuali membri conviventi della famiglia. In mancanza di documenti italiani, saranno accettati documenti di identit\u00e0 stranieri;<\/li>\n<li>prova di residenza con indirizzo aggiornato (per esempio: patenti di guida, contratti di lavoro, bollette di utenze residenziali,\u00a0<em>property tax<\/em>, ecc..) e, solo per coloro che non sono nati in Canada, copia della\u00a0<em>Permanent Resident Card<\/em>\u00a0oppure del permesso di studio o di lavoro, oppure del certificato di cittadinanza canadese.<\/li>\n<\/ul>\n<p style=\"text-align: justify;\"><strong>L&#8217;iscrizione \u00e8\u00a0gratuita.<\/strong><\/p>\n<p style=\"text-align: justify;\">In caso di problemi tecnici o di necessit\u00e0 di ulteriori chiarimenti, si pu\u00f2 inviare una richiesta via e-mail a <a href=\"mailto:consolare.ottawa@esteri.it\">consolare.ottawa@esteri.it<\/a>.<\/p>\n<p>&nbsp;<\/p>\n<ul>\n<li style=\"text-align: justify;\"><strong>IN ALTERNATIVA<\/strong><\/li>\n<\/ul>\n<p style=\"text-align: justify;\">Qualora non sia possibile utilizzare il portale Fast It, per iscriversi all&#8217;A.I.R.E. o per comunicare il trasferimento da un\u2019altra circoscrizione consolare, si dovr\u00e0 compilare, datare, firmare e inviare all&#8217;indirizzo di posta elettronica\u00a0<a href=\"mailto:consolare.ottawa@esteri.it\">consolare.ottawa@esteri.it<\/a>\u00a0il modulo <a href=\"https:\/\/ambottawa.esteri.it\/wp-content\/uploads\/2022\/12\/aire__richiesta_iscrizione.pdf\">A.I.R.E. RICHIESTA ISCRIZIONE<\/a><\/p>\n<p style=\"text-align: justify;\">Il modulo, che dovr\u00e0 essere singolarmente trasmesso da ogni cittadino italiano maggiorenne, dovr\u00e0 essere accompagnato da copia scansionata della stessa documentazione indicata per l&#8217;iscrizione tramite il portale Fast It indicata sopra.<\/p>\n<p style=\"text-align: justify;\">Per comunicare la variazione di indirizzo all\u2019interno della stessa circoscrizione consolare, \u00e8 necessario compilare, datare, firmare e inviare all&#8217;indirizzo di posta elettronica\u00a0<a href=\"mailto:consolare.ottawa@esteri.it\">consolare.ottawa@esteri.it<\/a> il modulo <a href=\"https:\/\/ambottawa.esteri.it\/wp-content\/uploads\/2022\/12\/formulario_cambio_indirizzo_ita_eng.pdf\">A.I.R.E. CAMBIO INDIRIZZO<\/a> unitamente a copia scansionata:<\/p>\n<ul style=\"text-align: justify;\">\n<li>del passaporto italiano valido del richiedente (pagine che indicano i dati anagrafici, l\u2019Ente che lo ha rilasciato e la firma del titolare) e di tutti gli eventuali membri conviventi della famiglia. In mancanza di documenti italiani, saranno accettati documenti di identit\u00e0 stranieri;<\/li>\n<li>di prova della nuova residenza che riporti l\u2019indirizzo aggiornato (per esempio: patenti di guida, contratti di lavoro, bollette di utenze residenziali,\u00a0<em>property tax<\/em>, ecc.).<\/li>\n<\/ul>\n<p style=\"text-align: justify;\">\u00c8 importante indicare il proprio indirizzo in modo corretto e completo, attenendosi alle norme postali del Paese di residenza.<\/p>\n<p>&nbsp;<\/p>\n<p>&nbsp;<\/p>\n<p style=\"text-align: justify;\"><strong>AVVISO<\/strong><\/p>\n<p style=\"text-align: justify;\"><strong>Il mancato aggiornamento delle informazioni, in particolare di quelle riguardanti il cambio di indirizzo, rende impossibile il contatto con il cittadino e il ricevimento della cartolina o del plico elettorale in caso di votazioni.<\/strong><\/p>\n<p>&nbsp;<\/p>\n","protected":false},"excerpt":{"rendered":"INFORMAZIONI GENERALI L\u2019Anagrafe degli Italiani Residenti all\u2019Estero (A.I.R.E.) \u00e8 stata istituita con legge del 27 ottobre 1988, n. 470, e contiene i dati dei cittadini italiani che risiedono all\u2019estero per un periodo superiore a dodici mesi. \u00c8 gestita dai Comuni sulla base delle informazioni provenienti dagli Uffici Consolari all\u2019estero. Si ricorda che l&#8217;1 gennaio 2024\u00a0\u00e8 [&hellip;]","protected":false},"author":2,"featured_media":0,"parent":167,"menu_order":1,"comment_status":"closed","ping_status":"closed","template":"","meta":{"footnotes":""},"class_list":["post-196","page","type-page","status-publish","hentry"],"_links":{"self":[{"href":"https:\/\/ambottawa.esteri.it\/it\/wp-json\/wp\/v2\/pages\/196","targetHints":{"allow":["GET"]}}],"collection":[{"href":"https:\/\/ambottawa.esteri.it\/it\/wp-json\/wp\/v2\/pages"}],"about":[{"href":"https:\/\/ambottawa.esteri.it\/it\/wp-json\/wp\/v2\/types\/page"}],"author":[{"embeddable":true,"href":"https:\/\/ambottawa.esteri.it\/it\/wp-json\/wp\/v2\/users\/2"}],"replies":[{"embeddable":true,"href":"https:\/\/ambottawa.esteri.it\/it\/wp-json\/wp\/v2\/comments?post=196"}],"version-history":[{"count":1,"href":"https:\/\/ambottawa.esteri.it\/it\/wp-json\/wp\/v2\/pages\/196\/revisions"}],"predecessor-version":[{"id":3760,"href":"https:\/\/ambottawa.esteri.it\/it\/wp-json\/wp\/v2\/pages\/196\/revisions\/3760"}],"up":[{"embeddable":true,"href":"https:\/\/ambottawa.esteri.it\/it\/wp-json\/wp\/v2\/pages\/167"}],"wp:attachment":[{"href":"https:\/\/ambottawa.esteri.it\/it\/wp-json\/wp\/v2\/media?parent=196"}],"curies":[{"name":"wp","href":"https:\/\/api.w.org\/{rel}","templated":true}]}}