{"id":133,"date":"2022-11-17T18:34:21","date_gmt":"2022-11-17T17:34:21","guid":{"rendered":"https:\/\/ambottawa.esteri.it\/?page_id=133"},"modified":"2025-02-13T22:47:37","modified_gmt":"2025-02-13T21:47:37","slug":"diplomazia-economica","status":"publish","type":"page","link":"https:\/\/ambottawa.esteri.it\/it\/italia-e-canada\/diplomazia-economica\/","title":{"rendered":"Diplomazia economica"},"content":{"rendered":"<p>L\u2019<strong>Ufficio economico e commerciale<\/strong>\u00a0dell\u2019Ambasciata d\u2019Italia a Ottawa si occupa del coordinamento delle attivit\u00e0 di promozione economica in Canada, con l\u2019obiettivo di tutelare gli interessi economici italiani nel Paese, nonch\u00e9 di sostenere la crescita dell\u2019interscambio commerciale e dei flussi di investimento tra i due mercati.<\/p>\n<p>L\u2019Ufficio cura gli interessi delle imprese italiane, anche per mezzo di azioni di supporto ed interventi presso le Autorit\u00e0 canadesi, intrattiene rapporti con enti e autorit\u00e0 del Canada competenti nel settore economico-commerciale e assicura un flusso costante di informazioni sull\u2019andamento congiunturale dell\u2019economica canadese, sulle scelte di politica economica e sulla situazione del mercato.<\/p>\n<p>L\u2019Ufficio economico collabora con l\u2019<a href=\"https:\/\/ambottawa.esteri.it\/it\/italia-e-canada\/diplomazia-scientifica\/\"><strong>Ufficio dell\u2019Addetto scientifico<\/strong>\u00a0<\/a>dell\u2019Ambasciata realizzando, in un\u2019ottica di complementariet\u00e0, attivit\u00e0 finalizzate alla promozione scientifica e allo sviluppo tecnologico, nonch\u00e9 azioni di sostegno al collegamento tra universit\u00e0, ricerca ed industria.<\/p>\n<p>La strategia di promozione \u00e8 attuata grazie ad un continuo coordinamento con altri soggetti italiani attivi in Canada, realizzato anche attraverso periodiche riunioni presiedute dall\u2019Ambasciatore, sia in formato allargato a tutti i soggetti del <em>Sistema Italia<\/em> nel Paese, sia in formato limitato a quelli di promozione economico-finanziaria e commerciale, quali:<\/p>\n<ul>\n<li>L\u2019Ufficio dell\u2019<a href=\"https:\/\/www.ice.it\/it\/mercati\/canada\"><strong>Agenzia ICE <\/strong><\/a>per la promozione all\u2019estero e l\u2019internazionalizzazione delle imprese italiane (<strong>Italian Trade Agency \u2013 ITA<\/strong>) &#8211; con sedi a Toronto, Montreal e Vancouver. In particolare, l\u2019Ufficio ICE offre servizi di informazione e assistenza per sviluppare e consolidare i rapporti sul mercato canadese, servizi di consulenza agli investitori, reperimento di fondi di finanziamento, assistenza contrattuale, assistenza per l\u2019apertura di uffici e per il reperimento di personale locale, informazioni commerciali e riservate sui partner, supporto per la soluzione delle controversie, piani di marketing personalizzati. Nell\u2019Ufficio ICE Toronto sono peraltro attivi un <em>Desk Attrazione Investimenti esteri <\/em>e un\u00a0<em>Osservatorio gare e appalti<\/em>. L\u2019Ufficio ICE favorisce, inoltre, la promozione delle eccellenze italiane curando la partecipazione dell\u2019Italia a numerose importanti fiere ed eventi in Canada.<\/li>\n<li>la\u00a0<a href=\"https:\/\/www.bancaditalia.it\/chi-siamo\/organizzazione\/estero\/index.html\"><strong>Delegazione della Banca d\u2019Italia <\/strong><\/a>presente a New York, che opera come Ufficio dell\u2019Addetto finanziario dell\u2019Ambasciata, si occupa di analizzare l\u2019evoluzione della congiuntura economica e finanziaria del Canada e cura i contatti con le istituzioni di politica monetaria e di regolamentazione bancaria, con le banche e con gli istituti finanziari locali.<\/li>\n<li>l\u2019<a href=\"https:\/\/www.enit.it\/it\/toronto\"><strong>Agenzia Nazionale del Turismo (ENIT)<\/strong><\/a>, con sede a Toronto, che opera come strumento primario per la realizzazione delle politiche di promozione dell\u2019immagine turistica italiana e di supporto alla commercializzazione dei prodotti turistici italiani in Canada.<\/li>\n<li>gli\u00a0<strong>Istituti Italiani di Cultura <\/strong>a\u00a0<a href=\"https:\/\/iictoronto.esteri.it\/it\/\"><strong>Toronto <\/strong><\/a>e a\u00a0<a href=\"https:\/\/iicmontreal.esteri.it\/it\/\"><strong>Montreal.<\/strong><\/a><\/li>\n<li>le Camere di Commercio italiane: <a href=\"https:\/\/italchamber.qc.ca\/?lang=it\"><strong>Camera di Commercio Italiana in Canada (ICCC)<\/strong><\/a> con sede a Montreal, <a href=\"https:\/\/www.italchambers.ca\/it\/\"><strong>Camera di Commercio Italiana dell\u2019Ontario Canada (ICCO)<\/strong><\/a> con sede a Toronto e <a href=\"https:\/\/iccbc.com\/it\/\"><strong>Camera di Commercio Italiana in Canada West (ICCCW)<\/strong><\/a> con sede a Vancouver svolgono un\u2019azione generale di promozione e supporto del sistema delle imprese italiane, favorendo lo sviluppo dei contatti d\u2019affari tra l\u2019Italia ed il Canada nelle diverse Province.<\/li>\n<\/ul>\n","protected":false},"excerpt":{"rendered":"L\u2019Ufficio economico e commerciale\u00a0dell\u2019Ambasciata d\u2019Italia a Ottawa si occupa del coordinamento delle attivit\u00e0 di promozione economica in Canada, con l\u2019obiettivo di tutelare gli interessi economici italiani nel Paese, nonch\u00e9 di sostenere la crescita dell\u2019interscambio commerciale e dei flussi di investimento tra i due mercati. L\u2019Ufficio cura gli interessi delle imprese italiane, anche per mezzo di [&hellip;]","protected":false},"author":2,"featured_media":0,"parent":11,"menu_order":0,"comment_status":"closed","ping_status":"closed","template":"","meta":{"footnotes":""},"class_list":["post-133","page","type-page","status-publish","hentry"],"_links":{"self":[{"href":"https:\/\/ambottawa.esteri.it\/it\/wp-json\/wp\/v2\/pages\/133","targetHints":{"allow":["GET"]}}],"collection":[{"href":"https:\/\/ambottawa.esteri.it\/it\/wp-json\/wp\/v2\/pages"}],"about":[{"href":"https:\/\/ambottawa.esteri.it\/it\/wp-json\/wp\/v2\/types\/page"}],"author":[{"embeddable":true,"href":"https:\/\/ambottawa.esteri.it\/it\/wp-json\/wp\/v2\/users\/2"}],"replies":[{"embeddable":true,"href":"https:\/\/ambottawa.esteri.it\/it\/wp-json\/wp\/v2\/comments?post=133"}],"version-history":[{"count":4,"href":"https:\/\/ambottawa.esteri.it\/it\/wp-json\/wp\/v2\/pages\/133\/revisions"}],"predecessor-version":[{"id":6052,"href":"https:\/\/ambottawa.esteri.it\/it\/wp-json\/wp\/v2\/pages\/133\/revisions\/6052"}],"up":[{"embeddable":true,"href":"https:\/\/ambottawa.esteri.it\/it\/wp-json\/wp\/v2\/pages\/11"}],"wp:attachment":[{"href":"https:\/\/ambottawa.esteri.it\/it\/wp-json\/wp\/v2\/media?parent=133"}],"curies":[{"name":"wp","href":"https:\/\/api.w.org\/{rel}","templated":true}]}}