{"id":99,"date":"2022-11-17T17:23:24","date_gmt":"2022-11-17T16:23:24","guid":{"rendered":"https:\/\/ambottawa.esteri.it\/chi-siamo\/contatti\/"},"modified":"2025-12-31T16:12:59","modified_gmt":"2025-12-31T15:12:59","slug":"contatti","status":"publish","type":"page","link":"https:\/\/ambottawa.esteri.it\/fr\/chi-siamo\/contatti\/","title":{"rendered":"Contactez-nous"},"content":{"rendered":"<p><img loading=\"lazy\" decoding=\"async\" class=\"img-fluid alignnone wp-image-87 size-medium\" src=\"https:\/\/ambottawa.esteri.it\/wp-content\/uploads\/2022\/11\/ambasciataOttawa-256x300.jpg\" alt=\"Sede Ambasciata Ottawa\" width=\"256\" height=\"300\" srcset=\"https:\/\/ambottawa.esteri.it\/wp-content\/uploads\/2022\/11\/ambasciataOttawa-256x300.jpg 256w, https:\/\/ambottawa.esteri.it\/wp-content\/uploads\/2022\/11\/ambasciataOttawa.jpg 389w\" sizes=\"auto, (max-width: 256px) 100vw, 256px\" \/><\/p>\n<p><strong>L\u2019Ambassade d\u2019Italie au Canada<\/strong><\/p>\n<p>275 rue Slater, 21i\u00e8me \u00e9tage<br \/>\nOttawa, Ontario<br \/>\nCanada K1P 5H9<\/p>\n<p>T\u00e9l. 613-232-2401<br \/>\nT\u00e9l\u00e9c. 613-233-1484<\/p>\n<p>courriel:\u00a0<a href=\"mailto:ambasciata.ottawa@esteri.it\">ambasciata.ottawa@esteri.it<\/a><br \/>\ncourriel certifi\u00e9: <a href=\"mailto:amb.ottawa@cert.esteri.it\">amb.ottawa@cert.esteri.it<\/a><\/p>\n<p><a href=\"https:\/\/ambottawa.esteri.it\/fr\/chi-siamo\/numeri-di-emergenza\/?preview_id=101&#038;preview_nonce=00ce6c85c2&#038;_thumbnail_id=-1&#038;preview=true\"><span style=\"text-decoration: underline;\"><strong>NUM\u00c9ROS D&rsquo;APPEL D&rsquo;URGENCE<\/strong><\/span><\/a><\/p>\n<p>&nbsp;<\/p>\n<p><strong>Le Service consulaire de l\u2019Ambassade<\/strong><\/p>\n<p>Territoire de comp\u00e9tence: la<br \/>\nVille d\u2019Ottawa, les comt\u00e9s de Carleton, Dundas, Glengarry, Prescott, Russell, et<br \/>\nStormont en Ontario et la r\u00e9gion de l\u2019Outaouais au Qu\u00e9bec.<\/p>\n<p><strong>E-mail:<\/strong> <a href=\"mailto:consolare.ottawa@esteri.it\">consolare.ottawa@esteri.it<\/a><\/p>\n<p><strong>Pour les visas:<\/strong> <a href=\"mailto:ottawa.visa@esteri.it\">ottawa.visa@esteri.it<\/a><\/p>\n<p><strong>Affaires \u00e9conomiques et commerciales<\/strong><\/p>\n<p>Pour les questions commerciales, utilisez <a href=\"https:\/\/nexus.esteri.it\/\">Nexus<\/a>, le canal direct avec les bureaux commerciaux du r\u00e9seau diplomatique-consulaire.<\/p>\n<p><strong>Accueil au public:<\/strong><\/p>\n<p>Le matin, sur rendez-vous, \u00e0 convenir par:<\/p>\n<ul>\n<li>le syst\u00e8me de r\u00e9servation en ligne <a href=\"https:\/\/prenotami.esteri.it\/\">Prenot@mi<\/a> pour les services de d\u00e9livrance des passeports, transcription des actes des actes d&rsquo;\u00e9tat civil, et l\u00e9galisation de signatures d\u00e9pos\u00e9e des notaires, traducteurs ou agents de Affaires Mondiales Canada;<\/li>\n<li>en \u00e9crivant \u00e0 <a href=\"mailto:consolare.ottawa@esteri.it\">consolare.ottawa@esteri.it<\/a> ou en appelant au (613) 232-2401 pour tous les autres services. Veuillez indiquer le type de service demand\u00e9 dans la communication.<\/li>\n<\/ul>\n<p>&nbsp;<\/p>\n<p><strong>Ferm\u00e9 les jours f\u00e9ri\u00e9s suivants:<\/strong><\/p>\n<p><strong>2026<\/strong><\/p>\n<p>&#8211; 1er janvier: Jour de l\u2019An<\/p>\n<p>&#8211; 6 avril: Lundi de P\u00e2ques<\/p>\n<p>&#8211; 25 avril: Anniversaire de la Lib\u00e9ration<\/p>\n<p>&#8211; 18 mai: F\u00eate de la Reine<\/p>\n<p>&#8211; 2 juin: F\u00eate nationale<\/p>\n<p>&#8211; 1er juillet: F\u00eate du Canada<\/p>\n<p>&#8211; 3 ao\u00fbt: Cong\u00e9 civique<\/p>\n<p>&#8211; 7 septembre: F\u00eate du Travail<\/p>\n<p>&#8211; 12 octobre: Action de Gr\u00e2ce<\/p>\n<p>&#8211; 25 decembre: No\u00ebl<\/p>\n<p>&#8211; 26 decembre: Le lendemain de No\u00ebl<\/p>\n<p>&nbsp;<\/p>\n<p><a href=\"https:\/\/www.google.com\/maps\/place\/275+Slater+St.,+Ottawa,+ON+K1P+5H9,+Canada\/@45.419421,-75.7062178,15z\/data=!4m5!3m4!1s0x4cce050d28d1bd65:0x29d7ec891ff1f22d!8m2!3d45.4189391!4d-75.7010248?hl=it-IT\"><img decoding=\"async\" class=\"alignnone size-medium wp-image-88 img-fluid\" src=\"https:\/\/ambottawa.esteri.it\/wp-content\/uploads\/2022\/11\/comeraggiunerci_Ottawa.png\" alt=\"Come raggiungerci - Ottawa\" width=\"600\" srcset=\"https:\/\/ambottawa.esteri.it\/wp-content\/uploads\/2022\/11\/comeraggiunerci_Ottawa.png 944w, https:\/\/ambottawa.esteri.it\/wp-content\/uploads\/2022\/11\/comeraggiunerci_Ottawa-300x201.png 300w, https:\/\/ambottawa.esteri.it\/wp-content\/uploads\/2022\/11\/comeraggiunerci_Ottawa-768x515.png 768w\" sizes=\"(max-width: 944px) 100vw, 944px\" \/><\/a><\/p>\n","protected":false},"excerpt":{"rendered":"L\u2019Ambassade d\u2019Italie au Canada 275 rue Slater, 21i\u00e8me \u00e9tage Ottawa, Ontario Canada K1P 5H9 T\u00e9l. 613-232-2401 T\u00e9l\u00e9c. 613-233-1484 courriel:\u00a0ambasciata.ottawa@esteri.it courriel certifi\u00e9: amb.ottawa@cert.esteri.it NUM\u00c9ROS D&rsquo;APPEL D&rsquo;URGENCE &nbsp; Le Service consulaire de l\u2019Ambassade Territoire de comp\u00e9tence: la Ville d\u2019Ottawa, les comt\u00e9s de Carleton, Dundas, Glengarry, Prescott, Russell, et Stormont en Ontario et la r\u00e9gion de l\u2019Outaouais au [&hellip;]","protected":false},"author":2,"featured_media":0,"parent":39,"menu_order":6,"comment_status":"closed","ping_status":"closed","template":"","meta":{"footnotes":""},"class_list":["post-99","page","type-page","status-publish","hentry"],"_links":{"self":[{"href":"https:\/\/ambottawa.esteri.it\/fr\/wp-json\/wp\/v2\/pages\/99","targetHints":{"allow":["GET"]}}],"collection":[{"href":"https:\/\/ambottawa.esteri.it\/fr\/wp-json\/wp\/v2\/pages"}],"about":[{"href":"https:\/\/ambottawa.esteri.it\/fr\/wp-json\/wp\/v2\/types\/page"}],"author":[{"embeddable":true,"href":"https:\/\/ambottawa.esteri.it\/fr\/wp-json\/wp\/v2\/users\/2"}],"replies":[{"embeddable":true,"href":"https:\/\/ambottawa.esteri.it\/fr\/wp-json\/wp\/v2\/comments?post=99"}],"version-history":[{"count":4,"href":"https:\/\/ambottawa.esteri.it\/fr\/wp-json\/wp\/v2\/pages\/99\/revisions"}],"predecessor-version":[{"id":8632,"href":"https:\/\/ambottawa.esteri.it\/fr\/wp-json\/wp\/v2\/pages\/99\/revisions\/8632"}],"up":[{"embeddable":true,"href":"https:\/\/ambottawa.esteri.it\/fr\/wp-json\/wp\/v2\/pages\/39"}],"wp:attachment":[{"href":"https:\/\/ambottawa.esteri.it\/fr\/wp-json\/wp\/v2\/media?parent=99"}],"curies":[{"name":"wp","href":"https:\/\/api.w.org\/{rel}","templated":true}]}}