{"id":97,"date":"2022-11-17T17:12:20","date_gmt":"2022-11-17T16:12:20","guid":{"rendered":"https:\/\/ambottawa.esteri.it\/chi-siamo\/gli-uffici\/"},"modified":"2026-03-13T17:33:30","modified_gmt":"2026-03-13T16:33:30","slug":"gli-uffici","status":"publish","type":"page","link":"https:\/\/ambottawa.esteri.it\/fr\/chi-siamo\/gli-uffici\/","title":{"rendered":"Les services"},"content":{"rendered":"<p><strong>Alessandro Cattaneo<\/strong><\/p>\n<p>Ambassadeur<\/p>\n<p>E-mail:\u00a0<a href=\"mailto:segreteria.ottawa@esteri.it\">segreteria.ottawa@esteri.it<\/a><\/p>\n<p>&nbsp;<\/p>\n<p><strong>Alessandro Mandanici<\/strong><\/p>\n<p>Chef de mission adjoint<\/p>\n<p>Affaires politiques, Responsable de la coordination des activit\u00e9s du R\u00e9seau Consulaire Italien au Canada<\/p>\n<p>Tel: +1-613-232-2401<\/p>\n<p>E-mail:\u00a0<a>ambasciata.ottawa@esteri.it<\/a><\/p>\n<p>&nbsp;<\/p>\n<p><strong>Rebecca Scano<\/strong><\/p>\n<p>Premier Secr\u00e9taire<\/p>\n<p>Chef des Affaires Culturelles, Communication et Relations de Presse \/ Porte-parole \/ Section Consulaire<\/p>\n<p>Tel: +1-613-232-2401<\/p>\n<p>E-mail: <a href=\"mailto:culturale.ottawa@esteri.it\">culturale.ottawa@esteri.it<\/a><\/p>\n<p>&nbsp;<\/p>\n<p><strong>Matteo Gazzetti<br \/>\n<\/strong><\/p>\n<p>Premier Secr\u00e9taire<\/p>\n<p>Responsable de la Section \u00c9conomique et Commerciale<\/p>\n<p>T\u00e9l: +1-613-232-2401<\/p>\n<p>E-mail:\u00a0<a href=\"mailto:commerciale.ottawa@esteri.it\">commerciale.ottawa@esteri.it<\/a><\/p>\n<p>&nbsp;<\/p>\n<p><strong>Sandra Aiello<\/strong><\/p>\n<p>Section Consulaire<\/p>\n<p>Bureau Consulaire<\/p>\n<p>Tel.: +1-613-232-2401<\/p>\n<p>E-mail: <a href=\"mailto:consolare.ottawa@esteri.it\">consolare.ottawa@esteri.it<\/a><\/p>\n<p>&nbsp;<\/p>\n<p><strong>Bureau Consulaire<\/strong><\/p>\n<p>La comp\u00e9tence du Bureau consulaire s&rsquo;\u00e9tend \u00e0 la Ville d\u2019Ottawa, \u00e0 la R\u00e9gion de l&rsquo;Outaouais et aux comt\u00e9s de Carleton, Dundas, Glengarry, Grenville, Prescott, Russell et Stormont.<\/p>\n<p>Questions g\u00e9n\u00e9rales<\/p>\n<p>T\u00e9l : +1-613-232-2401<br \/>\nCourriel:\u00a0<a href=\"mailto:consolare.ottawa@esteri.it\">consolare.ottawa@esteri.it<\/a><\/p>\n<p>&nbsp;<\/p>\n<p><strong>Section Administrative<\/strong><\/p>\n<p>T\u00e9l: +1-613-232-2401<\/p>\n<p>E-mail:\u00a0<a href=\"mailto:ambasciata.ottawa@esteri.it\">ambasciata.ottawa@esteri.it<\/a><\/p>\n<p>&nbsp;<\/p>\n<p><strong>Bureau de l\u2019Attach\u00e9 Scientifique<\/strong><\/p>\n<p>Professeur Costanza Conti<\/p>\n<p>Attach\u00e9 Scientifique<\/p>\n<p>T\u00e9l: +1-613-232-2401<\/p>\n<p>E-mail:\u00a0<a href=\"mailto:ottawa.scienza@esteri.it\">ottawa.scienza@esteri.it<\/a><\/p>\n<p>&nbsp;<\/p>\n<p><strong>Bureau de l\u2019Attach\u00e9 militaire<\/strong><\/p>\n<p>GD Davide Marzinotto<\/p>\n<p>T\u00e9l : +1-202-612-4500<\/p>\n<p>E-mail:\u00a0<a href=\"mailto:difeitalia.washington@smd.difesa.it\">difeitalia.washington@smd.difesa.it<\/a><\/p>\n<p>3000 Whitehaven Street, N.W.<br \/>\nWashington, D.C., 20008<\/p>\n<p>&nbsp;<\/p>\n<p><strong>Bureau de la Garde de Finance<\/strong><\/p>\n<p>GBR Maurizio Cintura<\/p>\n<p>T\u00e9l: +1 202-612-4495<\/p>\n<p>3000 Whitehaven Street, N.W.<br \/>\nWashington, D.C.<\/p>\n<p>&nbsp;<\/p>\n<p><strong>Bureau de l&rsquo;Attach\u00e9 de Police<\/strong><\/p>\n<p>Capt. Salvatore Cozzolino<\/p>\n<p>Tel: +1-613-232-2401<\/p>\n<p>E-mail:\u00a0<a href=\"mailto:ambasciata.ottawa@esteri.it\">ambasciata.ottawa@esteri.it<\/a><\/p>\n","protected":false},"excerpt":{"rendered":"Alessandro Cattaneo Ambassadeur E-mail:\u00a0segreteria.ottawa@esteri.it &nbsp; Alessandro Mandanici Chef de mission adjoint Affaires politiques, Responsable de la coordination des activit\u00e9s du R\u00e9seau Consulaire Italien au Canada Tel: +1-613-232-2401 E-mail:\u00a0ambasciata.ottawa@esteri.it &nbsp; Rebecca Scano Premier Secr\u00e9taire Chef des Affaires Culturelles, Communication et Relations de Presse \/ Porte-parole \/ Section Consulaire Tel: +1-613-232-2401 E-mail: culturale.ottawa@esteri.it &nbsp; Matteo Gazzetti Premier [&hellip;]","protected":false},"author":2,"featured_media":0,"parent":39,"menu_order":4,"comment_status":"closed","ping_status":"closed","template":"","meta":{"footnotes":""},"class_list":["post-97","page","type-page","status-publish","hentry"],"_links":{"self":[{"href":"https:\/\/ambottawa.esteri.it\/fr\/wp-json\/wp\/v2\/pages\/97","targetHints":{"allow":["GET"]}}],"collection":[{"href":"https:\/\/ambottawa.esteri.it\/fr\/wp-json\/wp\/v2\/pages"}],"about":[{"href":"https:\/\/ambottawa.esteri.it\/fr\/wp-json\/wp\/v2\/types\/page"}],"author":[{"embeddable":true,"href":"https:\/\/ambottawa.esteri.it\/fr\/wp-json\/wp\/v2\/users\/2"}],"replies":[{"embeddable":true,"href":"https:\/\/ambottawa.esteri.it\/fr\/wp-json\/wp\/v2\/comments?post=97"}],"version-history":[{"count":7,"href":"https:\/\/ambottawa.esteri.it\/fr\/wp-json\/wp\/v2\/pages\/97\/revisions"}],"predecessor-version":[{"id":9328,"href":"https:\/\/ambottawa.esteri.it\/fr\/wp-json\/wp\/v2\/pages\/97\/revisions\/9328"}],"up":[{"embeddable":true,"href":"https:\/\/ambottawa.esteri.it\/fr\/wp-json\/wp\/v2\/pages\/39"}],"wp:attachment":[{"href":"https:\/\/ambottawa.esteri.it\/fr\/wp-json\/wp\/v2\/media?parent=97"}],"curies":[{"name":"wp","href":"https:\/\/api.w.org\/{rel}","templated":true}]}}