{"id":95,"date":"2022-11-17T17:11:37","date_gmt":"2022-11-17T16:11:37","guid":{"rendered":"https:\/\/ambottawa.esteri.it\/chi-siamo\/la-sede\/"},"modified":"2023-07-25T21:32:00","modified_gmt":"2023-07-25T19:32:00","slug":"la-sede","status":"publish","type":"page","link":"https:\/\/ambottawa.esteri.it\/fr\/chi-siamo\/la-sede\/","title":{"rendered":"Le si\u00e8ge"},"content":{"rendered":"<p>L&rsquo;Ambassade d&rsquo;Italie \u00e0 Ottawa est situ\u00e9e au 275 rue Slater, dans un immeuble de vingt \u00e9tages au c\u0153ur du quartier financier de la capitale canadienne et \u00e0 quelques pas de la colline du Parlement. Le b\u00e2timent, construit en 1968 et r\u00e9nov\u00e9 en 1991, abrite plusieurs ambassades et consulats \u00e9trangers ainsi que divers services. Le b\u00e2timent a obtenu la prestigieuse certification LEED\u00ae Platinum v4.1 pour les op\u00e9rations et la maintenance, une certification reconnue aux b\u00e2timents durables ayant un impact limit\u00e9 sur l&rsquo;environnement.<\/p>\n<p><img loading=\"lazy\" decoding=\"async\" class=\"wp-image-87 img-fluid aligncenter\" src=\"https:\/\/ambottawa.esteri.it\/wp-content\/uploads\/2022\/11\/ambasciataOttawa.jpg\" alt=\"Sede Ambasciata Ottawa\" width=\"469\" height=\"550\" srcset=\"https:\/\/ambottawa.esteri.it\/wp-content\/uploads\/2022\/11\/ambasciataOttawa.jpg 389w, https:\/\/ambottawa.esteri.it\/wp-content\/uploads\/2022\/11\/ambasciataOttawa-256x300.jpg 256w\" sizes=\"auto, (max-width: 469px) 100vw, 469px\" \/><\/p>\n<p><iframe loading=\"lazy\" style=\"border: 0;\" src=\"https:\/\/www.google.com\/maps\/embed?pb=!1m14!1m8!1m3!1d11202.12072911984!2d-75.7016589!3d45.4188128!3m2!1i1024!2i768!4f13.1!3m3!1m2!1s0x4cce04547bb6f9ab%3A0xaa0951072349c3f2!2sItalian%20Embassy!5e0!3m2!1sit!2sit!4v1690311890409!5m2!1sit!2sit\" width=\"600\" height=\"450\" allowfullscreen=\"allowfullscreen\"><\/iframe><\/p>\n","protected":false},"excerpt":{"rendered":"L&rsquo;Ambassade d&rsquo;Italie \u00e0 Ottawa est situ\u00e9e au 275 rue Slater, dans un immeuble de vingt \u00e9tages au c\u0153ur du quartier financier de la capitale canadienne et \u00e0 quelques pas de la colline du Parlement. Le b\u00e2timent, construit en 1968 et r\u00e9nov\u00e9 en 1991, abrite plusieurs ambassades et consulats \u00e9trangers ainsi que divers services. Le b\u00e2timent [&hellip;]","protected":false},"author":2,"featured_media":0,"parent":39,"menu_order":2,"comment_status":"closed","ping_status":"closed","template":"","meta":{"footnotes":""},"class_list":["post-95","page","type-page","status-publish","hentry"],"_links":{"self":[{"href":"https:\/\/ambottawa.esteri.it\/fr\/wp-json\/wp\/v2\/pages\/95","targetHints":{"allow":["GET"]}}],"collection":[{"href":"https:\/\/ambottawa.esteri.it\/fr\/wp-json\/wp\/v2\/pages"}],"about":[{"href":"https:\/\/ambottawa.esteri.it\/fr\/wp-json\/wp\/v2\/types\/page"}],"author":[{"embeddable":true,"href":"https:\/\/ambottawa.esteri.it\/fr\/wp-json\/wp\/v2\/users\/2"}],"replies":[{"embeddable":true,"href":"https:\/\/ambottawa.esteri.it\/fr\/wp-json\/wp\/v2\/comments?post=95"}],"version-history":[{"count":0,"href":"https:\/\/ambottawa.esteri.it\/fr\/wp-json\/wp\/v2\/pages\/95\/revisions"}],"up":[{"embeddable":true,"href":"https:\/\/ambottawa.esteri.it\/fr\/wp-json\/wp\/v2\/pages\/39"}],"wp:attachment":[{"href":"https:\/\/ambottawa.esteri.it\/fr\/wp-json\/wp\/v2\/media?parent=95"}],"curies":[{"name":"wp","href":"https:\/\/api.w.org\/{rel}","templated":true}]}}