{"id":93,"date":"2022-11-17T17:07:48","date_gmt":"2022-11-17T16:07:48","guid":{"rendered":"https:\/\/ambottawa.esteri.it\/chi-siamo\/lambasciatore\/"},"modified":"2024-12-06T22:09:18","modified_gmt":"2024-12-06T21:09:18","slug":"lambasciatore","status":"publish","type":"page","link":"https:\/\/ambottawa.esteri.it\/fr\/chi-siamo\/lambasciatore\/","title":{"rendered":"L\u2019Ambassadeur"},"content":{"rendered":"<p><img loading=\"lazy\" decoding=\"async\" class=\"alignnone wp-image-5538 img-fluid\" src=\"https:\/\/ambottawa.esteri.it\/wp-content\/uploads\/2024\/12\/Corridoio-Vattani-1-1.jpg\" alt=\"\" width=\"652\" height=\"435\" srcset=\"https:\/\/ambottawa.esteri.it\/wp-content\/uploads\/2024\/12\/Corridoio-Vattani-1-1.jpg 1920w, https:\/\/ambottawa.esteri.it\/wp-content\/uploads\/2024\/12\/Corridoio-Vattani-1-1-300x200.jpg 300w, https:\/\/ambottawa.esteri.it\/wp-content\/uploads\/2024\/12\/Corridoio-Vattani-1-1-1024x683.jpg 1024w, https:\/\/ambottawa.esteri.it\/wp-content\/uploads\/2024\/12\/Corridoio-Vattani-1-1-768x512.jpg 768w\" sizes=\"auto, (max-width: 652px) 100vw, 652px\" \/><\/p>\n<p><strong>Message de l&rsquo;Ambassadeur d&rsquo;Italie au Canada, S. E. Alessandro Cattaneo:<\/strong><\/p>\n<p><em>Je suis honor\u00e9 de repr\u00e9senter l&rsquo;Italie au Canada. Nos deux Nations partagent une foi commune dans les valeurs de la d\u00e9mocratie et de la libert\u00e9, ainsi que des relations profondes d&rsquo;amiti\u00e9, qui s&rsquo;expriment tant au niveau multilat\u00e9ral, \u00e0 travers notre appartenance commune aux Nations Unies, \u00e0 l&rsquo;Alliance atlantique et au G7, qu&rsquo;au niveau bilat\u00e9ral, renforc\u00e9 par la r\u00e9cente signature d&rsquo;une Feuille de Route pour une Coop\u00e9ration Renforc\u00e9e.<\/em><\/p>\n<p><em>L&rsquo;Italie et le Canada sont unis par des liens anciens et profonds, nourris par la pr\u00e9sence d&rsquo;une importante communaut\u00e9 italienne et d\u2019origine italienne. <\/em><em>Liens que l&rsquo;Ambassade et les Consulats g\u00e9n\u00e9raux d\u00e9pendants s&rsquo;engagent \u00e0 renforcer davantage dans de nombreux domaines d&rsquo;int\u00e9r\u00eat commun.<\/em><\/p>\n<p><em>J&rsquo;esp\u00e8re que ce site internet constituera un outil d&rsquo;information b\u00e9n\u00e9fique pour ceux qui s&rsquo;int\u00e9ressent aux relations italo-canadiennes et aux services de l&rsquo;Ambassade et de son r\u00e9seau consulaire.<\/em><\/p>\n<p><em>Au nom de toute l&rsquo;\u00e9quipe de l&rsquo;Ambassade, je vous souhaite une bonne navigation.<\/em><\/p>\n<p>&nbsp;<\/p>\n<p><a href=\"https:\/\/ambottawa.esteri.it\/wp-content\/uploads\/2024\/12\/CV-Amb.-Cattaneo-sito-FR-1.pdf\">Curriculum vitae de l&rsquo;Ambassadeur Cattaneo<\/a><\/p>\n","protected":false},"excerpt":{"rendered":"Message de l&rsquo;Ambassadeur d&rsquo;Italie au Canada, S. E. Alessandro Cattaneo: Je suis honor\u00e9 de repr\u00e9senter l&rsquo;Italie au Canada. Nos deux Nations partagent une foi commune dans les valeurs de la d\u00e9mocratie et de la libert\u00e9, ainsi que des relations profondes d&rsquo;amiti\u00e9, qui s&rsquo;expriment tant au niveau multilat\u00e9ral, \u00e0 travers notre appartenance commune aux Nations Unies, [&hellip;]","protected":false},"author":2,"featured_media":0,"parent":39,"menu_order":0,"comment_status":"closed","ping_status":"closed","template":"","meta":{"footnotes":""},"class_list":["post-93","page","type-page","status-publish","hentry"],"_links":{"self":[{"href":"https:\/\/ambottawa.esteri.it\/fr\/wp-json\/wp\/v2\/pages\/93","targetHints":{"allow":["GET"]}}],"collection":[{"href":"https:\/\/ambottawa.esteri.it\/fr\/wp-json\/wp\/v2\/pages"}],"about":[{"href":"https:\/\/ambottawa.esteri.it\/fr\/wp-json\/wp\/v2\/types\/page"}],"author":[{"embeddable":true,"href":"https:\/\/ambottawa.esteri.it\/fr\/wp-json\/wp\/v2\/users\/2"}],"replies":[{"embeddable":true,"href":"https:\/\/ambottawa.esteri.it\/fr\/wp-json\/wp\/v2\/comments?post=93"}],"version-history":[{"count":4,"href":"https:\/\/ambottawa.esteri.it\/fr\/wp-json\/wp\/v2\/pages\/93\/revisions"}],"predecessor-version":[{"id":5614,"href":"https:\/\/ambottawa.esteri.it\/fr\/wp-json\/wp\/v2\/pages\/93\/revisions\/5614"}],"up":[{"embeddable":true,"href":"https:\/\/ambottawa.esteri.it\/fr\/wp-json\/wp\/v2\/pages\/39"}],"wp:attachment":[{"href":"https:\/\/ambottawa.esteri.it\/fr\/wp-json\/wp\/v2\/media?parent=93"}],"curies":[{"name":"wp","href":"https:\/\/api.w.org\/{rel}","templated":true}]}}