{"id":917,"date":"2022-12-14T21:47:41","date_gmt":"2022-12-14T20:47:41","guid":{"rendered":"https:\/\/ambottawa.esteri.it\/?page_id=917"},"modified":"2025-07-08T23:41:48","modified_gmt":"2025-07-08T21:41:48","slug":"citizenship-by-descent-ius-sanguis","status":"publish","type":"page","link":"https:\/\/ambottawa.esteri.it\/fr\/servizi-consolari-e-visti\/servizi-per-il-cittadino-straniero\/cittadinanza\/citizenship-by-descent-ius-sanguis\/","title":{"rendered":"Reconnaissance en vertu de lois sp\u00e9ciales"},"content":{"rendered":"<p>La loi n\u00b0 379 du 14 d\u00e9cembre 2000 pr\u00e9voit la reconnaissance de la nationalit\u00e9 italienne en faveur des personnes n\u00e9es et r\u00e9sidant sur les territoires de l&rsquo;ancien empire austro-hongrois et de leurs descendants qui remplissent les conditions requises.<\/p>\n<p>Le d\u00e9lai d&rsquo;acceptation de la loi 379\/2000 a expir\u00e9 le 19\/12\/2010.<\/p>\n<p>La loi n\u00b0 124 du 8 mars 2006 pr\u00e9voit la reconnaissance de la citoyennet\u00e9 italienne en faveur des compatriotes qui l&rsquo;ont perdue pour avoir r\u00e9sid\u00e9 de 1940 \u00e0 1947 en Istrie, Fiume et Dalmatie.<\/p>\n<p>La reconnaissance de la nationalit\u00e9 italienne sur la base de lois sp\u00e9ciales constitue une acquisition au b\u00e9n\u00e9fice de la loi : il n&rsquo;est donc pas possible pour le parent citoyen de faire la d\u00e9claration de volont\u00e9 d&rsquo;acquisition de la nationalit\u00e9 en faveur de l&rsquo;enfant mineur pr\u00e9vue par l&rsquo;article 4, par. 1-bis, de la loi n\u00b0 91\/1992, puisque le parent reconnu n&rsquo;est pas citoyen italien de naissance.<\/p>\n","protected":false},"excerpt":{"rendered":"La loi n\u00b0 379 du 14 d\u00e9cembre 2000 pr\u00e9voit la reconnaissance de la nationalit\u00e9 italienne en faveur des personnes n\u00e9es et r\u00e9sidant sur les territoires de l&rsquo;ancien empire austro-hongrois et de leurs descendants qui remplissent les conditions requises. Le d\u00e9lai d&rsquo;acceptation de la loi 379\/2000 a expir\u00e9 le 19\/12\/2010. La loi n\u00b0 124 du 8 [&hellip;]","protected":false},"author":5,"featured_media":0,"parent":300,"menu_order":4,"comment_status":"closed","ping_status":"closed","template":"","meta":{"footnotes":""},"class_list":["post-917","page","type-page","status-publish","hentry"],"_links":{"self":[{"href":"https:\/\/ambottawa.esteri.it\/fr\/wp-json\/wp\/v2\/pages\/917","targetHints":{"allow":["GET"]}}],"collection":[{"href":"https:\/\/ambottawa.esteri.it\/fr\/wp-json\/wp\/v2\/pages"}],"about":[{"href":"https:\/\/ambottawa.esteri.it\/fr\/wp-json\/wp\/v2\/types\/page"}],"author":[{"embeddable":true,"href":"https:\/\/ambottawa.esteri.it\/fr\/wp-json\/wp\/v2\/users\/5"}],"replies":[{"embeddable":true,"href":"https:\/\/ambottawa.esteri.it\/fr\/wp-json\/wp\/v2\/comments?post=917"}],"version-history":[{"count":1,"href":"https:\/\/ambottawa.esteri.it\/fr\/wp-json\/wp\/v2\/pages\/917\/revisions"}],"predecessor-version":[{"id":7103,"href":"https:\/\/ambottawa.esteri.it\/fr\/wp-json\/wp\/v2\/pages\/917\/revisions\/7103"}],"up":[{"embeddable":true,"href":"https:\/\/ambottawa.esteri.it\/fr\/wp-json\/wp\/v2\/pages\/300"}],"wp:attachment":[{"href":"https:\/\/ambottawa.esteri.it\/fr\/wp-json\/wp\/v2\/media?parent=917"}],"curies":[{"name":"wp","href":"https:\/\/api.w.org\/{rel}","templated":true}]}}