{"id":913,"date":"2022-12-14T21:44:40","date_gmt":"2022-12-14T20:44:40","guid":{"rendered":"https:\/\/ambottawa.esteri.it\/?page_id=913"},"modified":"2025-07-09T17:29:12","modified_gmt":"2025-07-09T15:29:12","slug":"riacquisto-reacquisition","status":"publish","type":"page","link":"https:\/\/ambottawa.esteri.it\/fr\/servizi-consolari-e-visti\/servizi-per-il-cittadino-straniero\/cittadinanza\/riacquisto-reacquisition\/","title":{"rendered":"R\u00e9acquisition de la citoyennet\u00e9 italienne"},"content":{"rendered":"<p><a href=\"https:\/\/www.normattiva.it\/uri-res\/N2Ls?urn:nir:stato:legge:2025;74\">La loi n\u00b0 \u00a0<\/a><a href=\"https:\/\/www.normattiva.it\/uri-res\/N2Ls?urn:nir:stato:decreto.legge:2025;36\">74\/2025 <\/a>portant conversion du <a href=\"https:\/\/www.normattiva.it\/uri-res\/N2Ls?urn:nir:stato:decreto.legge:2025;36\">d\u00e9cret-loi n\u00b0 36\/2025 <\/a> a modifi\u00e9 l&rsquo;article 17, paragraphe 1, de la <a href=\"https:\/\/www.normattiva.it\/uri-res\/N2Ls?urn:nir:stato:legge:1992-02-05;91!vig\">loi n\u00b0 91\/1992<\/a>, permettant aux anciens citoyens r\u00e9sidant \u00e9galement \u00e0 l&rsquo;\u00e9tranger, dans certains cas et pour une p\u00e9riode limit\u00e9e, de r\u00e9acqu\u00e9rir la citoyennet\u00e9 italienne en pr\u00e9sentant une d\u00e9claration sp\u00e9cifique que <strong>l&rsquo;int\u00e9ress\u00e9 <\/strong>doit <strong>faire personnellement devant les fonctionnaires consulaires comp\u00e9tents.<\/strong><\/p>\n<p><strong><u>EFFETS DE LA R\u00c9ACQUISITION<\/u><\/strong><\/p>\n<p>La d\u00e9claration de r\u00e9int\u00e9gration <strong><u>n&rsquo;a pas d&rsquo;effet r\u00e9troactif <\/u><\/strong>: l&rsquo;ancien citoyen r\u00e9int\u00e9grera la nationalit\u00e9 italienne \u00e0 partir du jour suivant la d\u00e9claration.<\/p>\n<p><strong><u>TRANSMISSION DE LA CITOYENNET\u00c9 AUX DESCENDANTS<\/u><\/strong><\/p>\n<p>Avec l&rsquo;entr\u00e9e en vigueur de la nouvelle l\u00e9gislation, le rachat de la citoyennet\u00e9 <strong>NE PERMET PAS <\/strong>l&rsquo;acquisition automatique de la citoyennet\u00e9 \u00e9galement par les enfants, m\u00eame s&rsquo;ils sont mineurs (\u00e9videmment cela s&rsquo;applique \u00e9galement aux adultes) et les cohabitants, s&rsquo;ils r\u00e9sident \u00e0 l&rsquo;\u00e9tranger.<\/p>\n<p><strong><u>CONDITIONS DE R\u00c9ACQUISITION<\/u><\/strong><\/p>\n<p>La d\u00e9claration de r\u00e9acquisition de l&rsquo;ancien citoyen doit \u00eatre pr\u00e9sent\u00e9e, accompagn\u00e9e de la documentation n\u00e9cessaire, <strong>entre le 1er juillet 2025 et le 31 d\u00e9cembre 2027<\/strong>.<\/p>\n<p><strong><u>QUI PEUT R\u00c9ACQU\u00c9RIR LA NATIONALIT\u00c9 ITALIENNE ?<\/u><\/strong><\/p>\n<p>Les conditions suivantes doivent \u00eatre remplies<\/p>\n<ol>\n<li>l&rsquo;int\u00e9ress\u00e9 doit \u00eatre <strong>n\u00e9 en Italie ou, s&rsquo;il est n\u00e9 <\/strong>hors d&rsquo;Italie, il doit avoir r\u00e9sid\u00e9 en Italie <strong>pendant au moins deux ann\u00e9es continues <\/strong>;<\/li>\n<li>l&rsquo;int\u00e9ress\u00e9 <strong>a perdu sa citoyennet\u00e9 avant le 16 ao\u00fbt 1992<\/strong>.<\/li>\n<\/ol>\n<p><strong><u>DOCUMENTATION REQUISE POUR LA R\u00c9ACQUISITION<\/u><\/strong><\/p>\n<p style=\"color: red; text-align: justify;\"><strong>ATTENTION : L&rsquo;ambassade ne rend PAS les documents soumis.<\/strong><\/p>\n<ol>\n<li><a href=\"https:\/\/ambottawa.esteri.it\/it\/servizi-consolari-e-visti\/servizi-per-il-cittadino-straniero\/modulistica\/\"><strong>Demande de r\u00e9acquisition <\/strong><\/a>compl\u00e9t\u00e9e ;<\/li>\n<li><strong>Si la personne est n\u00e9e en Italie :<\/strong>\n<ol>\n<li><strong>Extrait de l&rsquo;<\/strong>acte de <strong>naissance <\/strong>(PAS un simple acte de naissance) d\u00e9livr\u00e9 par la commune italienne de naissance. <a href=\"https:\/\/ambottawa.esteri.it\/it\/servizi-consolari-e-visti\/servizi-per-il-cittadino-straniero\/cittadinanza\/riacquisto\/\">(1)<\/a><\/li>\n<\/ol>\n<\/li>\n<li><strong>Si n\u00e9 \u00e0 l&rsquo;\u00e9tranger :<\/strong>\n<ol>\n<li><strong>Extrait de l&rsquo;acte de naissance \u00e9tranger <\/strong><a href=\"https:\/\/ambottawa.esteri.it\/it\/servizi-consolari-e-visti\/servizi-per-il-cittadino-straniero\/cittadinanza\/riacquisto\/\">(2)<\/a><strong>, <\/strong>apostill\u00e9 et traduit (<a href=\"https:\/\/ambottawa.esteri.it\/it\/news\/dall_ambasciata\/2024\/12\/aggiornamento-apostille\/\">cliquez ici<\/a>) et<\/li>\n<li><strong>Certificat historique de <\/strong>r\u00e9sidence d\u00e9livr\u00e9 par la derni\u00e8re commune italienne de r\u00e9sidence <a href=\"https:\/\/ambottawa.esteri.it\/it\/servizi-consolari-e-visti\/servizi-per-il-cittadino-straniero\/cittadinanza\/riacquisto\/\">(1)<\/a>.<\/li>\n<\/ol>\n<\/li>\n<li><strong>Certificat historique de citoyennet\u00e9 <\/strong><a href=\"https:\/\/ambottawa.esteri.it\/it\/servizi-consolari-e-visti\/servizi-per-il-cittadino-straniero\/cittadinanza\/riacquisto\/\">(1) <\/a>d\u00e9livr\u00e9 par la derni\u00e8re commune italienne de r\u00e9sidence en Italie.<\/li>\n<li>Certificat de<strong> naturalisation \u00e9tranger <\/strong>apostill\u00e9 et traduit (<a href=\"https:\/\/ambottawa.esteri.it\/it\/news\/dall_ambasciata\/2024\/12\/aggiornamento-apostille\/\">cliquez pour information<\/a><a href=\"https:\/\/ambottawa.esteri.it\/it\/servizi-consolari-e-visti\/servizi-per-il-cittadino-straniero\/cittadinanza\/riacquisto\/\">) (3)<\/a>. Si l&rsquo;int\u00e9ress\u00e9 \u00e9tait mineur au moment de la naturalisation, il doit AUSSI pr\u00e9senter les <strong>certificats de naturalisation de ses parents n\u00e9s en Italie<\/strong>, \u00e9galement apostill\u00e9s et traduits (<a href=\"https:\/\/ambottawa.esteri.it\/it\/news\/dall_ambasciata\/2024\/12\/aggiornamento-apostille\/\">cliquez ici pour information<\/a>). Veuillez noter que jusqu&rsquo;au 9 mars 1975, l&rsquo;\u00e2ge de la majorit\u00e9 en Italie \u00e9tait atteint \u00e0 l&rsquo;\u00e2ge de 21 ans.<\/li>\n<li><strong>Paiement de la taxe consulaire <\/strong>(art. 7C) : 250 euros. Seuls les paiements en esp\u00e8ces <strong>en dollars canadiens <\/strong>sont accept\u00e9s. Pour v\u00e9rifier le montant exact, consultez la <a href=\"https:\/\/constoronto.esteri.it\/it\/servizi-consolari-e-visti\/servizi-per-il-cittadino-italiano\/informazioni-utili\/tariffe-consolari\/\">section d\u00e9di\u00e9e<\/a>.<\/li>\n<li>Photocopie du permis de conduire canadien (ou du passeport canadien) et de tout document italien en votre possession, m\u00eame p\u00e9rim\u00e9.<\/li>\n<\/ol>\n<p><strong>ATTENTION <\/strong>: L&rsquo;Ambassade NE PEUT PAS fournir de conseils sur tout type de demande de citoyennet\u00e9, y compris la r\u00e9-acquisition.<\/p>\n<p>Conform\u00e9ment \u00e0 la loi 74\/2025, c&rsquo;est \u00e0 l&rsquo;int\u00e9ress\u00e9 qu&rsquo;il incombe de pr\u00e9senter la documentation n\u00e9cessaire : celle-ci est expliqu\u00e9e en d\u00e9tail dans ces pages et l&rsquo;int\u00e9ress\u00e9 doit s&rsquo;y r\u00e9f\u00e9rer exclusivement.<\/p>\n<p>L&rsquo;ambassade ne r\u00e9pond donc PAS (sauf par le biais de r\u00e9ponses automatiques informatives qui renvoient au site web officiel) aux demandes d&rsquo;information ou de consultation. Les seuls courriels auxquels il sera r\u00e9pondu seront ceux concernant la demande de rendez-vous (voir \u00ab\u00a0<a href=\"https:\/\/ambottawa.esteri.it\/it\/servizi-consolari-e-visti\/servizi-per-il-cittadino-straniero\/cittadinanza\/riacquisto\/\">COMMENT SOUMETTRE LA D\u00c9CLARATION DE R\u00c9CEPTION<\/a>\u00ab\u00a0).<\/p>\n<p><strong>NOTES<\/strong><\/p>\n<p><strong>(1) <\/strong>Pour la demande de certificats italiens, vous pouvez utiliser ce formulaire de demande de certificat (<a href=\"https:\/\/ambottawa.esteri.it\/it\/servizi-consolari-e-visti\/servizi-per-il-cittadino-straniero\/modulistica\/\">cliquez<\/a>) \u00e0 envoyer, par la personne concern\u00e9e, \u00e0 la Commune italienne.<\/p>\n<p><strong>(2) L<\/strong>&lsquo;extrait de l&rsquo;acte de naissance canadien (ou \u00e9tranger pour les personnes n\u00e9es ailleurs) doit \u00eatre au format \u00ab\u00a0Copie certifi\u00e9e conforme de l&rsquo;enregistrement\u00a0\u00bb.\u00a0 Veuillez noter que le format \u00ab\u00a0portefeuille\u00a0\u00bb des certificats n&rsquo;est PAS valable pour la transcription et ne peut donc pas \u00eatre accept\u00e9. Nous rappelons que les certificats canadiens ou \u00e9trangers doivent \u00eatre apostill\u00e9s et traduits en italien (<a href=\"https:\/\/ambottawa.esteri.it\/fr\/news\/dall_ambasciata\/2024\/12\/mise-a-jour-apostille\/\">cliquez ici pour plus d&rsquo;informations<\/a>).<\/p>\n<p><strong>(3) <\/strong>Une \u00ab\u00a0copie certifi\u00e9e notari\u00e9e\u00a0\u00bb (apostill\u00e9e et traduite : <a href=\"https:\/\/ambottawa.esteri.it\/it\/news\/dall_ambasciata\/2024\/12\/aggiornamento-apostille\/\">cliquez ici<\/a>) du <strong>certificat de citoyennet\u00e9 canadienne complet <\/strong>(<strong>formulaire long<\/strong>) est requise, qui doit OBLIGATOIREMENT contenir les donn\u00e9es essentielles suivantes<\/p>\n<ol>\n<li>Pr\u00e9nom<\/li>\n<li>Nom de famille*<\/li>\n<li>date de naissance<\/li>\n<li>date (jour, mois et ann\u00e9e) de l&rsquo;octroi de la citoyennet\u00e9 canadienne.<\/li>\n<\/ol>\n<p>*VEUILLEZ NOTER : pour les DAMES, lorsque le nom de jeune fille n&rsquo;appara\u00eet pas, mais le nom d&rsquo;\u00e9pouse appara\u00eet, il sera n\u00e9cessaire de pr\u00e9senter pour les mariages au Canada (ou dans d&rsquo;autres pays) AUSSI l&rsquo;<strong>acte de mariage au format \u00ab\u00a0copie certifi\u00e9e conforme de l&rsquo;enregistrement\u00a0\u00bb (ou un document \u00e9tranger similaire), <\/strong>apostill\u00e9 et traduit (<a href=\"https:\/\/ambottawa.esteri.it\/it\/news\/dall_ambasciata\/2024\/12\/aggiornamento-apostille\/\">cliquez pour plus d&rsquo;informations<\/a>). AUCUN certificat de mariage d\u00e9livr\u00e9 par une autorit\u00e9 religieuse ne peut \u00eatre utilis\u00e9.<\/p>\n<p>Si le certificat en votre possession ne contient pas toutes les donn\u00e9es OBLIGATOIRES de 1 \u00e0 4 :<\/p>\n<ol>\n<li>vous pouvez AJOUTER <strong>le certificat de nationalit\u00e9 \u00ab\u00a0format portefeuille\u00a0\u00bb<\/strong>, s&rsquo;il int\u00e8gre les donn\u00e9es manquantes n\u00e9cessaires, sous la forme d&rsquo;une <strong>\u00ab\u00a0copie certifi\u00e9e conforme notari\u00e9e\u00a0\u00bb<\/strong>, apostill\u00e9e et traduite (<a href=\"https:\/\/ambottawa.esteri.it\/it\/news\/dall_ambasciata\/2024\/12\/aggiornamento-apostille\/\">cliquez ici pour plus d&rsquo;informations<\/a>) ;<\/li>\n<li>en lieu et place des certificats susmentionn\u00e9s, il est possible d&rsquo;introduire une \u00ab\u00a0<a href=\"https:\/\/www.canada.ca\/en\/immigration-refugees-citizenship\/services\/canadian-citizenship\/proof-citizenship\/search-records.html\">recherche de dossiers de citoyennet\u00e9<\/a>\u00a0\u00bb ou un \u00ab\u00a0<a href=\"https:\/\/www.canada.ca\/en\/treasury-board-secretariat\/services\/access-information-privacy.html\">acc\u00e8s \u00e0 l&rsquo;information<\/a>\u00ab\u00a0. Ces documents doivent \u00e9galement \u00eatre apostill\u00e9s et traduits (<a href=\"https:\/\/ambottawa.esteri.it\/it\/news\/dall_ambasciata\/2024\/12\/aggiornamento-apostille\/\">cliquez ici pour plus d&rsquo;informations<\/a>).<\/li>\n<\/ol>\n<p><strong>COMMENT SOUMETTRE LA D\u00c9CLARATION DE R\u00c9ACQUISITION<\/strong><\/p>\n<p>Une fois que vous \u00eates en possession de TOUS les documents ci-dessus, vous devez envoyer une demande de rendez-vous \u00e0 l&rsquo;adresse \u00e9lectronique :<a href=\"mailto:ambottawa.cittadinanza@esteri.it\">ambottawa.cittadinanza@esteri.it<\/a> en joignant<\/p>\n<ul>\n<li>la <a href=\"https:\/\/ambottawa.esteri.it\/it\/servizi-consolari-e-visti\/servizi-per-il-cittadino-straniero\/modulistica\/\">demande de r\u00e9acquisition <\/a>d\u00fbment compl\u00e9t\u00e9e et sign\u00e9e ;<\/li>\n<li>une pi\u00e8ce d&rsquo;identit\u00e9 (passeport ou permis de conduire).<\/li>\n<\/ul>\n<p>Le rendez-vous et la proc\u00e9dure d&rsquo;introduction de la demande de r\u00e9acquisition et de livraison des documents originaux seront communiqu\u00e9s par cette Ambassade \u00e0 l&rsquo;adresse \u00e9lectronique \u00e0 partir de laquelle vous avez \u00e9crit.<\/p>\n","protected":false},"excerpt":{"rendered":"La loi n\u00b0 \u00a074\/2025 portant conversion du d\u00e9cret-loi n\u00b0 36\/2025 a modifi\u00e9 l&rsquo;article 17, paragraphe 1, de la loi n\u00b0 91\/1992, permettant aux anciens citoyens r\u00e9sidant \u00e9galement \u00e0 l&rsquo;\u00e9tranger, dans certains cas et pour une p\u00e9riode limit\u00e9e, de r\u00e9acqu\u00e9rir la citoyennet\u00e9 italienne en pr\u00e9sentant une d\u00e9claration sp\u00e9cifique que l&rsquo;int\u00e9ress\u00e9 doit faire personnellement devant les fonctionnaires [&hellip;]","protected":false},"author":5,"featured_media":0,"parent":300,"menu_order":2,"comment_status":"closed","ping_status":"closed","template":"","meta":{"footnotes":""},"class_list":["post-913","page","type-page","status-publish","hentry"],"_links":{"self":[{"href":"https:\/\/ambottawa.esteri.it\/fr\/wp-json\/wp\/v2\/pages\/913","targetHints":{"allow":["GET"]}}],"collection":[{"href":"https:\/\/ambottawa.esteri.it\/fr\/wp-json\/wp\/v2\/pages"}],"about":[{"href":"https:\/\/ambottawa.esteri.it\/fr\/wp-json\/wp\/v2\/types\/page"}],"author":[{"embeddable":true,"href":"https:\/\/ambottawa.esteri.it\/fr\/wp-json\/wp\/v2\/users\/5"}],"replies":[{"embeddable":true,"href":"https:\/\/ambottawa.esteri.it\/fr\/wp-json\/wp\/v2\/comments?post=913"}],"version-history":[{"count":3,"href":"https:\/\/ambottawa.esteri.it\/fr\/wp-json\/wp\/v2\/pages\/913\/revisions"}],"predecessor-version":[{"id":7127,"href":"https:\/\/ambottawa.esteri.it\/fr\/wp-json\/wp\/v2\/pages\/913\/revisions\/7127"}],"up":[{"embeddable":true,"href":"https:\/\/ambottawa.esteri.it\/fr\/wp-json\/wp\/v2\/pages\/300"}],"wp:attachment":[{"href":"https:\/\/ambottawa.esteri.it\/fr\/wp-json\/wp\/v2\/media?parent=913"}],"curies":[{"name":"wp","href":"https:\/\/api.w.org\/{rel}","templated":true}]}}