{"id":775,"date":"2022-12-13T21:09:12","date_gmt":"2022-12-13T20:09:12","guid":{"rendered":"https:\/\/ambottawa.esteri.it\/?page_id=775"},"modified":"2022-12-13T21:11:27","modified_gmt":"2022-12-13T20:11:27","slug":"etudes","status":"publish","type":"page","link":"https:\/\/ambottawa.esteri.it\/fr\/servizi-consolari-e-visti\/servizi-per-il-cittadino-italiano\/traduzione-e-legalizzazione-dei-documenti\/etudes\/","title":{"rendered":"\u00c9tudes"},"content":{"rendered":"<p>Le bureau d&rsquo;\u00e9tudes offre des renseignements et des conseils sur les inscriptions dans les \u00e9coles et universit\u00e9s italiennes, et d\u00e9livre les d\u00e9clarations de valeur pour les dipl\u00f4mes obtenus dans les \u00e9coles et universit\u00e9s dans sa juridiction consulaire pour que les int\u00e9ress\u00e9s puissent obtenir l&rsquo;\u00e9quivalence avec des dipl\u00f4mes italiens ou d\u00e9crocher des bourses d&rsquo;\u00e9tude en Italie.<\/p>\n","protected":false},"excerpt":{"rendered":"Le bureau d&rsquo;\u00e9tudes offre des renseignements et des conseils sur les inscriptions dans les \u00e9coles et universit\u00e9s italiennes, et d\u00e9livre les d\u00e9clarations de valeur pour les dipl\u00f4mes obtenus dans les \u00e9coles et universit\u00e9s dans sa juridiction consulaire pour que les int\u00e9ress\u00e9s puissent obtenir l&rsquo;\u00e9quivalence avec des dipl\u00f4mes italiens ou d\u00e9crocher des bourses d&rsquo;\u00e9tude en Italie.","protected":false},"author":5,"featured_media":0,"parent":234,"menu_order":1,"comment_status":"closed","ping_status":"closed","template":"","meta":{"footnotes":""},"class_list":["post-775","page","type-page","status-publish","hentry"],"_links":{"self":[{"href":"https:\/\/ambottawa.esteri.it\/fr\/wp-json\/wp\/v2\/pages\/775","targetHints":{"allow":["GET"]}}],"collection":[{"href":"https:\/\/ambottawa.esteri.it\/fr\/wp-json\/wp\/v2\/pages"}],"about":[{"href":"https:\/\/ambottawa.esteri.it\/fr\/wp-json\/wp\/v2\/types\/page"}],"author":[{"embeddable":true,"href":"https:\/\/ambottawa.esteri.it\/fr\/wp-json\/wp\/v2\/users\/5"}],"replies":[{"embeddable":true,"href":"https:\/\/ambottawa.esteri.it\/fr\/wp-json\/wp\/v2\/comments?post=775"}],"version-history":[{"count":0,"href":"https:\/\/ambottawa.esteri.it\/fr\/wp-json\/wp\/v2\/pages\/775\/revisions"}],"up":[{"embeddable":true,"href":"https:\/\/ambottawa.esteri.it\/fr\/wp-json\/wp\/v2\/pages\/234"}],"wp:attachment":[{"href":"https:\/\/ambottawa.esteri.it\/fr\/wp-json\/wp\/v2\/media?parent=775"}],"curies":[{"name":"wp","href":"https:\/\/api.w.org\/{rel}","templated":true}]}}