{"id":7175,"date":"2025-06-30T21:43:46","date_gmt":"2025-06-30T19:43:46","guid":{"rendered":"https:\/\/ambottawa.esteri.it\/?page_id=7175"},"modified":"2026-01-07T21:26:24","modified_gmt":"2026-01-07T20:26:24","slug":"acquisition-de-la-nationalite-au-benefice-de-la-loi-enfants-mineurs-nes-a-letranger","status":"publish","type":"page","link":"https:\/\/ambottawa.esteri.it\/fr\/servizi-consolari-e-visti\/servizi-per-il-cittadino-straniero\/cittadinanza\/acquisition-de-la-nationalite-au-benefice-de-la-loi-enfants-mineurs-nes-a-letranger\/","title":{"rendered":"Acquisition de la nationalit\u00e9 au \u00ab\u00a0b\u00e9n\u00e9fice de la loi\u00a0\u00bb (enfants mineurs n\u00e9s \u00e0 l&rsquo;\u00e9tranger)"},"content":{"rendered":"<p><strong>Page disponible en <a href=\"https:\/\/ambottawa.esteri.it\/fr\/servizi-consolari-e-visti\/servizi-per-il-cittadino-straniero\/cittadinanza\/acquisition-de-la-nationalite-au-benefice-de-la-loi-enfants-mineurs-nes-a-letranger\/\">italien<\/a> et en <a href=\"https:\/\/ambottawa.esteri.it\/fr\/servizi-consolari-e-visti\/servizi-per-il-cittadino-straniero\/cittadinanza\/acquisition-de-la-nationalite-au-benefice-de-la-loi-enfants-mineurs-nes-a-letranger\/\">anglais<\/a>.<\/strong><\/p>\n","protected":false},"excerpt":{"rendered":"Page disponible en italien et en anglais.","protected":false},"author":8,"featured_media":0,"parent":300,"menu_order":0,"comment_status":"closed","ping_status":"closed","template":"","meta":{"footnotes":""},"class_list":["post-7175","page","type-page","status-publish","hentry"],"_links":{"self":[{"href":"https:\/\/ambottawa.esteri.it\/fr\/wp-json\/wp\/v2\/pages\/7175","targetHints":{"allow":["GET"]}}],"collection":[{"href":"https:\/\/ambottawa.esteri.it\/fr\/wp-json\/wp\/v2\/pages"}],"about":[{"href":"https:\/\/ambottawa.esteri.it\/fr\/wp-json\/wp\/v2\/types\/page"}],"author":[{"embeddable":true,"href":"https:\/\/ambottawa.esteri.it\/fr\/wp-json\/wp\/v2\/users\/8"}],"replies":[{"embeddable":true,"href":"https:\/\/ambottawa.esteri.it\/fr\/wp-json\/wp\/v2\/comments?post=7175"}],"version-history":[{"count":5,"href":"https:\/\/ambottawa.esteri.it\/fr\/wp-json\/wp\/v2\/pages\/7175\/revisions"}],"predecessor-version":[{"id":8664,"href":"https:\/\/ambottawa.esteri.it\/fr\/wp-json\/wp\/v2\/pages\/7175\/revisions\/8664"}],"up":[{"embeddable":true,"href":"https:\/\/ambottawa.esteri.it\/fr\/wp-json\/wp\/v2\/pages\/300"}],"wp:attachment":[{"href":"https:\/\/ambottawa.esteri.it\/fr\/wp-json\/wp\/v2\/media?parent=7175"}],"curies":[{"name":"wp","href":"https:\/\/api.w.org\/{rel}","templated":true}]}}