{"id":7110,"date":"2025-07-03T21:40:24","date_gmt":"2025-07-03T19:40:24","guid":{"rendered":"https:\/\/ambottawa.esteri.it\/?page_id=7110"},"modified":"2025-07-08T23:49:22","modified_gmt":"2025-07-08T21:49:22","slug":"certificat-de-non-renonciation","status":"publish","type":"page","link":"https:\/\/ambottawa.esteri.it\/fr\/servizi-consolari-e-visti\/servizi-per-il-cittadino-straniero\/cittadinanza\/certificat-de-non-renonciation\/","title":{"rendered":"Certificat de \u00ab\u00a0non renonciation\u00a0\u00bb"},"content":{"rendered":"<p>Si l&rsquo;int\u00e9ress\u00e9 a d\u00e9cid\u00e9 d&rsquo;\u00e9tablir sa r\u00e9sidence en Italie, les autorit\u00e9s de la commune italienne sont charg\u00e9es de reconna\u00eetre sa citoyennet\u00e9 italienne. Une fois inscrit au registre de la population r\u00e9sidente, le citoyen \u00e9tranger peut entamer la proc\u00e9dure de reconnaissance de la citoyennet\u00e9 <em>iure sanguinis <\/em>(dont la dur\u00e9e est fix\u00e9e par la loi, 180 jours au total) en pr\u00e9sentant la documentation indiqu\u00e9e dans la circulaire K.28.1\/1991. L&rsquo;int\u00e9ress\u00e9 ne peut pas se faire repr\u00e9senter par un repr\u00e9sentant l\u00e9gal ou par quelqu&rsquo;un d&rsquo;autre \u00e0 sa place ; l&rsquo;int\u00e9ress\u00e9 doit \u00eatre pr\u00e9sent sur le territoire.<\/p>\n<p>La demande de d\u00e9livrance du certificat de \u00ab\u00a0non renonciation\u00a0\u00bb est faite directement par la Commune italienne au Consulat, exclusivement par PEC (courrier \u00e9lectronique certifi\u00e9). La r\u00e9ponse du Consulat \u00e0 la Commune (et non \u00e0 l&rsquo;int\u00e9ress\u00e9) se fait toujours et uniquement par PEC, si la demande a \u00e9t\u00e9 formul\u00e9e correctement.<\/p>\n<p>Les personnes int\u00e9ress\u00e9es ne peuvent pas s&rsquo;adresser directement au Consulat en ce qui concerne les pratiques des municipalit\u00e9s ou d&rsquo;autres Consulats, puisqu&rsquo;elles ne connaissent pas l&rsquo;\u00e9volution de ces pratiques au-del\u00e0 de leur propre responsabilit\u00e9.<\/p>\n","protected":false},"excerpt":{"rendered":"Si l&rsquo;int\u00e9ress\u00e9 a d\u00e9cid\u00e9 d&rsquo;\u00e9tablir sa r\u00e9sidence en Italie, les autorit\u00e9s de la commune italienne sont charg\u00e9es de reconna\u00eetre sa citoyennet\u00e9 italienne. Une fois inscrit au registre de la population r\u00e9sidente, le citoyen \u00e9tranger peut entamer la proc\u00e9dure de reconnaissance de la citoyennet\u00e9 iure sanguinis (dont la dur\u00e9e est fix\u00e9e par la loi, 180 jours [&hellip;]","protected":false},"author":8,"featured_media":0,"parent":300,"menu_order":5,"comment_status":"closed","ping_status":"closed","template":"","meta":{"footnotes":""},"class_list":["post-7110","page","type-page","status-publish","hentry"],"_links":{"self":[{"href":"https:\/\/ambottawa.esteri.it\/fr\/wp-json\/wp\/v2\/pages\/7110","targetHints":{"allow":["GET"]}}],"collection":[{"href":"https:\/\/ambottawa.esteri.it\/fr\/wp-json\/wp\/v2\/pages"}],"about":[{"href":"https:\/\/ambottawa.esteri.it\/fr\/wp-json\/wp\/v2\/types\/page"}],"author":[{"embeddable":true,"href":"https:\/\/ambottawa.esteri.it\/fr\/wp-json\/wp\/v2\/users\/8"}],"replies":[{"embeddable":true,"href":"https:\/\/ambottawa.esteri.it\/fr\/wp-json\/wp\/v2\/comments?post=7110"}],"version-history":[{"count":2,"href":"https:\/\/ambottawa.esteri.it\/fr\/wp-json\/wp\/v2\/pages\/7110\/revisions"}],"predecessor-version":[{"id":7116,"href":"https:\/\/ambottawa.esteri.it\/fr\/wp-json\/wp\/v2\/pages\/7110\/revisions\/7116"}],"up":[{"embeddable":true,"href":"https:\/\/ambottawa.esteri.it\/fr\/wp-json\/wp\/v2\/pages\/300"}],"wp:attachment":[{"href":"https:\/\/ambottawa.esteri.it\/fr\/wp-json\/wp\/v2\/media?parent=7110"}],"curies":[{"name":"wp","href":"https:\/\/api.w.org\/{rel}","templated":true}]}}