{"id":7085,"date":"2025-06-30T21:44:58","date_gmt":"2025-06-30T19:44:58","guid":{"rendered":"https:\/\/ambottawa.esteri.it\/?page_id=7085"},"modified":"2025-07-09T19:57:49","modified_gmt":"2025-07-09T17:57:49","slug":"acquisition-de-la-citoyennete-par-les-enfants-mineurs-vivant-avec-un-parent-qui-nest-pas-citoyen-depuis-la-naissance","status":"publish","type":"page","link":"https:\/\/ambottawa.esteri.it\/fr\/servizi-consolari-e-visti\/servizi-per-il-cittadino-straniero\/cittadinanza\/acquisition-de-la-citoyennete-par-les-enfants-mineurs-vivant-avec-un-parent-qui-nest-pas-citoyen-depuis-la-naissance\/","title":{"rendered":"Acquisition de la citoyennet\u00e9 par les enfants mineurs vivant avec un parent qui n&rsquo;est pas citoyen depuis la naissance"},"content":{"rendered":"<p>L&rsquo;article 14 de la loi n\u00b0 91\/1992, modifi\u00e9e par le d\u00e9cret-loi n\u00b0 36\/2025 converti par la loi n\u00b0 74\/2025, pr\u00e9voit que, pour acqu\u00e9rir la nationalit\u00e9 de cette mani\u00e8re, l<strong>&lsquo;enfant d&rsquo;un citoyen italien qui n&rsquo;est pas citoyen depuis sa naissance doit r\u00e9sider l\u00e9galement en Italie depuis au moins deux ann\u00e9es continues au moment de l&rsquo;acquisition ou de la r\u00e9acquisition de la nationalit\u00e9 italienne par le parent <\/strong>(si l&rsquo;enfant a moins de deux ans, il doit r\u00e9sider en Italie depuis sa naissance).<\/p>\n<p>Il est pr\u00e9cis\u00e9 que :<\/p>\n<ul>\n<li>Dans le cas o\u00f9 la proc\u00e9dure de reconnaissance de la citoyennet\u00e9 de l\u2019enfant mineur cohabitant avec un parent non italien de naissance (<em>iure communicatione) <\/em>tombe, en raison de sa pr\u00e9sentation, dans les exceptions identifi\u00e9es par les lettres a), a-bis) ou b) de l&rsquo;article 3-bis de la loi n\u00b0 91\/1992 (c&rsquo;est-\u00e0-dire demande &#8211; administrative ou judiciaire &#8211; pr\u00e9sent\u00e9e avant le 27 mars 2025, ou demande pr\u00e9sent\u00e9e au rendez-vous indiqu\u00e9 avant le 27 mars 2025), les r\u00e8gles pr\u00e9c\u00e9dentes s&rsquo;appliquent.<\/li>\n<li>Si la demande de reconnaissance de la nationalit\u00e9 <em>iure communicatione <\/em>est d\u00e9pos\u00e9e \u00e0 partir du 28 mars 2025, il est n\u00e9cessaire que le parent qui transmet la nationalit\u00e9 soit exclusivement citoyen italien ou qu&rsquo;il ait r\u00e9sid\u00e9 en Italie pendant les deux ann\u00e9es pr\u00e9c\u00e9dant la naissance de l&rsquo;enfant.<\/li>\n<li>Si l<strong>&lsquo;acquisition ou la r\u00e9acquisition de la nationalit\u00e9 par le parent a lieu \u00e0 partir du 24 mai 2025<\/strong>, l&rsquo;enfant qui cohabite avec le parent qui acquiert ou r\u00e9acquiert la nationalit\u00e9 italienne doit avoir r\u00e9sid\u00e9 en Italie pendant au moins deux ans avant la naturalisation du parent. <strong>Dans ce cas, la commune italienne de r\u00e9sidence sera charg\u00e9e de v\u00e9rifier l&rsquo;acquisition de la nationalit\u00e9 par l&rsquo;enfant.<\/strong><\/li>\n<\/ul>\n<p>&nbsp;<\/p>\n","protected":false},"excerpt":{"rendered":"L&rsquo;article 14 de la loi n\u00b0 91\/1992, modifi\u00e9e par le d\u00e9cret-loi n\u00b0 36\/2025 converti par la loi n\u00b0 74\/2025, pr\u00e9voit que, pour acqu\u00e9rir la nationalit\u00e9 de cette mani\u00e8re, l&lsquo;enfant d&rsquo;un citoyen italien qui n&rsquo;est pas citoyen depuis sa naissance doit r\u00e9sider l\u00e9galement en Italie depuis au moins deux ann\u00e9es continues au moment de l&rsquo;acquisition ou [&hellip;]","protected":false},"author":8,"featured_media":0,"parent":300,"menu_order":1,"comment_status":"closed","ping_status":"closed","template":"","meta":{"footnotes":""},"class_list":["post-7085","page","type-page","status-publish","hentry"],"_links":{"self":[{"href":"https:\/\/ambottawa.esteri.it\/fr\/wp-json\/wp\/v2\/pages\/7085","targetHints":{"allow":["GET"]}}],"collection":[{"href":"https:\/\/ambottawa.esteri.it\/fr\/wp-json\/wp\/v2\/pages"}],"about":[{"href":"https:\/\/ambottawa.esteri.it\/fr\/wp-json\/wp\/v2\/types\/page"}],"author":[{"embeddable":true,"href":"https:\/\/ambottawa.esteri.it\/fr\/wp-json\/wp\/v2\/users\/8"}],"replies":[{"embeddable":true,"href":"https:\/\/ambottawa.esteri.it\/fr\/wp-json\/wp\/v2\/comments?post=7085"}],"version-history":[{"count":2,"href":"https:\/\/ambottawa.esteri.it\/fr\/wp-json\/wp\/v2\/pages\/7085\/revisions"}],"predecessor-version":[{"id":7184,"href":"https:\/\/ambottawa.esteri.it\/fr\/wp-json\/wp\/v2\/pages\/7085\/revisions\/7184"}],"up":[{"embeddable":true,"href":"https:\/\/ambottawa.esteri.it\/fr\/wp-json\/wp\/v2\/pages\/300"}],"wp:attachment":[{"href":"https:\/\/ambottawa.esteri.it\/fr\/wp-json\/wp\/v2\/media?parent=7085"}],"curies":[{"name":"wp","href":"https:\/\/api.w.org\/{rel}","templated":true}]}}