{"id":646,"date":"2022-12-12T21:02:45","date_gmt":"2022-12-12T20:02:45","guid":{"rendered":"https:\/\/ambottawa.esteri.it\/?page_id=646"},"modified":"2022-12-12T21:04:13","modified_gmt":"2022-12-12T20:04:13","slug":"autres-services-dassistance","status":"publish","type":"page","link":"https:\/\/ambottawa.esteri.it\/fr\/servizi-consolari-e-visti\/servizi-per-il-cittadino-italiano\/assistenza-ai-cittadini-allestero\/autres-services-dassistance\/","title":{"rendered":"Autres services d&rsquo;assistance"},"content":{"rendered":"<p style=\"text-align: justify;\"><strong>RECHERCHE DES COMPATRIOTES \u00c0 L&rsquo;\u00c9TRANGER<\/strong><br \/>\nPar rapport \u00e0 la loi no 675\/96 qui \u00e9tablit la confidentialit\u00e9 des donn\u00e9es personnelles, aucun organisme public peut divulguer des renseignements sur les personnes \u00e0 des particuliers sans leur consentement. Par cons\u00e9quent, une fois que la personne recherch\u00e9e a \u00e9t\u00e9 localis\u00e9e, le minist\u00e8re des Affaires \u00e9trang\u00e8res doit obtenir le consentement de cette personne avant de renseigner ceux qui ont pr\u00e9sent\u00e9 la demande pour la recherche.<\/p>\n<p style=\"text-align: justify;\">Dans certains pays, comme les \u00c9tats-Unis par exemple, la loi locale sur la vie priv\u00e9e ne permet pas de diffuser sur leur territoire des renseignements au sujet des personne. Il est donc n\u00e9cessaire de v\u00e9rifier les restrictions l\u00e9gales pour chaque cas.<\/p>\n<p style=\"text-align: justify;\">En tenant compte de ces limites, il est possible de lancer une recherche de fa\u00e7on suivante :<\/p>\n<ul>\n<li style=\"text-align: justify;\">Par t\u00e9l\u00e9copieur au bureau IV de la Direction g\u00e9n\u00e9rale des italiens \u00e0 l\u2019\u00e9tranger aux num\u00e9ros 06 36 91 86 09\/06 36 91 86 28;<\/li>\n<li style=\"text-align: justify;\">Par t\u00e9l\u00e9copieur au Consulat italien de comp\u00e9tence;<\/li>\n<li style=\"text-align: justify;\">En t\u00e9l\u00e9phonant au 06 36 91 29 30 de 9h30 \u00e0 16h00 avec indication des donn\u00e9es personnelles de la personne recherch\u00e9e et la raison pour laquelle on souhaite la trouver.<\/li>\n<\/ul>\n","protected":false},"excerpt":{"rendered":"RECHERCHE DES COMPATRIOTES \u00c0 L&rsquo;\u00c9TRANGER Par rapport \u00e0 la loi no 675\/96 qui \u00e9tablit la confidentialit\u00e9 des donn\u00e9es personnelles, aucun organisme public peut divulguer des renseignements sur les personnes \u00e0 des particuliers sans leur consentement. Par cons\u00e9quent, une fois que la personne recherch\u00e9e a \u00e9t\u00e9 localis\u00e9e, le minist\u00e8re des Affaires \u00e9trang\u00e8res doit obtenir le consentement [&hellip;]","protected":false},"author":5,"featured_media":0,"parent":230,"menu_order":4,"comment_status":"closed","ping_status":"closed","template":"","meta":{"footnotes":""},"class_list":["post-646","page","type-page","status-publish","hentry"],"_links":{"self":[{"href":"https:\/\/ambottawa.esteri.it\/fr\/wp-json\/wp\/v2\/pages\/646","targetHints":{"allow":["GET"]}}],"collection":[{"href":"https:\/\/ambottawa.esteri.it\/fr\/wp-json\/wp\/v2\/pages"}],"about":[{"href":"https:\/\/ambottawa.esteri.it\/fr\/wp-json\/wp\/v2\/types\/page"}],"author":[{"embeddable":true,"href":"https:\/\/ambottawa.esteri.it\/fr\/wp-json\/wp\/v2\/users\/5"}],"replies":[{"embeddable":true,"href":"https:\/\/ambottawa.esteri.it\/fr\/wp-json\/wp\/v2\/comments?post=646"}],"version-history":[{"count":0,"href":"https:\/\/ambottawa.esteri.it\/fr\/wp-json\/wp\/v2\/pages\/646\/revisions"}],"up":[{"embeddable":true,"href":"https:\/\/ambottawa.esteri.it\/fr\/wp-json\/wp\/v2\/pages\/230"}],"wp:attachment":[{"href":"https:\/\/ambottawa.esteri.it\/fr\/wp-json\/wp\/v2\/media?parent=646"}],"curies":[{"name":"wp","href":"https:\/\/api.w.org\/{rel}","templated":true}]}}