{"id":637,"date":"2022-12-12T20:54:44","date_gmt":"2022-12-12T19:54:44","guid":{"rendered":"https:\/\/ambottawa.esteri.it\/?page_id=637"},"modified":"2022-12-12T20:58:19","modified_gmt":"2022-12-12T19:58:19","slug":"protection-consulaire","status":"publish","type":"page","link":"https:\/\/ambottawa.esteri.it\/fr\/servizi-consolari-e-visti\/servizi-per-il-cittadino-italiano\/assistenza-ai-cittadini-allestero\/protection-consulaire\/","title":{"rendered":"Protection consulaire"},"content":{"rendered":"<p style=\"text-align: justify;\"><strong>PROTECTION CONSULAIRE ET QUESTIONS JURIDIQUES<\/strong><\/p>\n<p style=\"text-align: justify;\">Une grande partie de l\u2019aide fournie dans le cadre de la protection consulaire et l\u2019assistance concerne les citoyens qui ont rencontr\u00e9 des probl\u00e8mes avec le syst\u00e8me juridique local ou qui sont impliqu\u00e9s dans des accidents, le rapatriement des corps des personnes d\u00e9c\u00e9d\u00e9es, la recherche de ressortissants italiens qui n\u2019ont pas maintenu le contact, l\u2019assistance aux parents italiens auxquels le conjoint \u00e9tranger (ou double citoyen) aurait enlev\u00e9 un enfant et l\u2019aurait emmen\u00e9 dans un autre pays.<\/p>\n<p style=\"text-align: justify;\">Dans le cas des accidents survenus \u00e0 l\u2019\u00e9tranger, les repr\u00e9sentations diplomatiques et consulaires s\u2019assurent que les citoyens italiens re\u00e7oivent des traitements m\u00e9dicaux ad\u00e9quats sur place, que la famille soit d\u00fbment inform\u00e9e, et que toute l\u2019assistance possible soit fournie en cas de d\u00e9placement vers l\u2019Italie.<\/p>\n<p style=\"text-align: justify;\">Dans le cas o\u00f9 un ressortissant italien serait arr\u00eat\u00e9 dans un pays \u00e9tranger, le Consulat peut :<\/p>\n<ul style=\"text-align: justify;\">\n<li>Effectuer des visites consulaires \u00e0 la personne d\u00e9tenue;<\/li>\n<li>Indiquer un avocat possible;<\/li>\n<li>Maintenir le contact avec la famille en Italie;<\/li>\n<li>Donner au d\u00e9tenu des soins de sant\u00e9, de la nourriture, des livres et des journaux o\u00f9 n\u00e9cessaire et autoris\u00e9 par la r\u00e9glementation locale;<\/li>\n<li>Intervenir en ce qui concerne le transfert vers l\u2019Italie si le citoyen est d\u00e9tenu dans un pays appartenant \u00e0 la Convention de Strasbourg sur le transfert des prisonniers ou d\u2019autres accords bilat\u00e9raux ad hoc;<\/li>\n<li>Intervenir, dans certains cas, pour appuyer les demandes de pardon pour des raisons humanitaires.<\/li>\n<\/ul>\n<p style=\"text-align: justify;\">Le Consulat ne peut pas :<\/p>\n<ul style=\"text-align: justify;\">\n<li>Intervenir en faveur du citoyen italien lors d\u2019une proc\u00e9dure en cours;<\/li>\n<li>Payer les frais juridiques du d\u00e9tenu.<\/li>\n<\/ul>\n<p>&nbsp;<\/p>\n<p>&nbsp;<\/p>\n<p style=\"text-align: justify;\"><strong>ENL\u00c8VEMENT INTERNATIONAL\u00a0DES MINEURS<\/strong><br \/>\nLe probl\u00e8me de l\u2019enl\u00e8vement international des mineurs a pris une importance croissante au cours des derni\u00e8res ann\u00e9es, soit \u00e0 cause de l\u2019augmentation des s\u00e9parations, souvent tumultueuses, entre des personnes de citoyennet\u00e9 diff\u00e9rente ou double, soit pour la plus grande sensibilit\u00e9 avec laquelle le probl\u00e8me se fait sentir dans notre pays.<\/p>\n<p style=\"text-align: justify;\">L\u2019unique moyen \u00e0 disposition du parent italien pour la r\u00e9cup\u00e9ration de l\u2019enfant est la Convention de La Haye du 25.10.1980 (l\u2019autorit\u00e9 centrale pour l\u2019Italie est le Minist\u00e8re de la Justice pour mineurs au Minist\u00e8re de la Justice). Dans les cas o\u00f9 la convention n\u2019est pas applicable, le minist\u00e8re met en \u0153uvre pleinement ses fonctions institutionnelles et adapte son intervention \u00e0 la nature sp\u00e9cifique de chaque cas.<\/p>\n","protected":false},"excerpt":{"rendered":"PROTECTION CONSULAIRE ET QUESTIONS JURIDIQUES Une grande partie de l\u2019aide fournie dans le cadre de la protection consulaire et l\u2019assistance concerne les citoyens qui ont rencontr\u00e9 des probl\u00e8mes avec le syst\u00e8me juridique local ou qui sont impliqu\u00e9s dans des accidents, le rapatriement des corps des personnes d\u00e9c\u00e9d\u00e9es, la recherche de ressortissants italiens qui n\u2019ont pas [&hellip;]","protected":false},"author":5,"featured_media":0,"parent":230,"menu_order":3,"comment_status":"closed","ping_status":"closed","template":"","meta":{"footnotes":""},"class_list":["post-637","page","type-page","status-publish","hentry"],"_links":{"self":[{"href":"https:\/\/ambottawa.esteri.it\/fr\/wp-json\/wp\/v2\/pages\/637","targetHints":{"allow":["GET"]}}],"collection":[{"href":"https:\/\/ambottawa.esteri.it\/fr\/wp-json\/wp\/v2\/pages"}],"about":[{"href":"https:\/\/ambottawa.esteri.it\/fr\/wp-json\/wp\/v2\/types\/page"}],"author":[{"embeddable":true,"href":"https:\/\/ambottawa.esteri.it\/fr\/wp-json\/wp\/v2\/users\/5"}],"replies":[{"embeddable":true,"href":"https:\/\/ambottawa.esteri.it\/fr\/wp-json\/wp\/v2\/comments?post=637"}],"version-history":[{"count":0,"href":"https:\/\/ambottawa.esteri.it\/fr\/wp-json\/wp\/v2\/pages\/637\/revisions"}],"up":[{"embeddable":true,"href":"https:\/\/ambottawa.esteri.it\/fr\/wp-json\/wp\/v2\/pages\/230"}],"wp:attachment":[{"href":"https:\/\/ambottawa.esteri.it\/fr\/wp-json\/wp\/v2\/media?parent=637"}],"curies":[{"name":"wp","href":"https:\/\/api.w.org\/{rel}","templated":true}]}}