{"id":626,"date":"2022-12-12T20:15:11","date_gmt":"2022-12-12T19:15:11","guid":{"rendered":"https:\/\/ambottawa.esteri.it\/?page_id=626"},"modified":"2022-12-12T20:18:57","modified_gmt":"2022-12-12T19:18:57","slug":"rapatriement-et-rapatriement-sanitaire","status":"publish","type":"page","link":"https:\/\/ambottawa.esteri.it\/fr\/servizi-consolari-e-visti\/servizi-per-il-cittadino-italiano\/assistenza-ai-cittadini-allestero\/rapatriement-et-rapatriement-sanitaire\/","title":{"rendered":"Rapatriement et rapatriement sanitaire"},"content":{"rendered":"<p style=\"text-align: justify;\"><strong>RAPATRIEMENT ET\u00a0RAPATRIEMENT SANITAIRE<\/strong><\/p>\n<p style=\"text-align: justify;\">Un domaine particuli\u00e8rement sensible d\u2019aide aux citoyens italiens, qui concerne le rapatriement des ressortissants qui se trouvent dans des pays \u00e9trangers, dans des situations de graves difficult\u00e9s qui ne peuvent \u00eatre surmont\u00e9es sur place.<\/p>\n<p style=\"text-align: justify;\">Les interventions du minist\u00e8re des Affaires \u00e9trang\u00e8res, en coop\u00e9ration avec les autorit\u00e9s comp\u00e9tentes locales (pr\u00e9fectures, les commissariats de police, les municipalit\u00e9s, les locaux de la sant\u00e9, services sociaux), notamment :<\/p>\n<ul style=\"text-align: justify;\">\n<li>Compatriotes \u00e9migr\u00e9s, qui doivent retourner en Italie en permanence pour des raisons \u00e9conomiques ou de sant\u00e9;<br \/>\nmineurs abandonn\u00e9es;<\/li>\n<li>maladies mentales (la proc\u00e9dure dans ce cas est complexe car elle n\u00e9cessite la pr\u00e9sence d\u2019un ou plus accompagnateurs qualifi\u00e9s, ainsi que l\u2019identification d\u2019h\u00f4pitaux sp\u00e9cialis\u00e9s);<\/li>\n<li>les citoyens italiens qui ont atteint la fin d\u2019une p\u00e9riode d\u2019emprisonnement ou ont \u00e9t\u00e9 expuls\u00e9s;<\/li>\n<li>les personnes \u00e2g\u00e9es sans famille pour lesquels l\u2019admission dans les maisons de retraite en Italie a \u00e9t\u00e9 demand\u00e9e;<\/li>\n<li>les personnes gravement malades qui ne peuvent pas \u00eatre trait\u00e9es sur place en raison de l\u2019absence d\u2019installations appropri\u00e9es.<\/li>\n<\/ul>\n<p style=\"text-align: justify;\">Les proc\u00e9dures de rapatriement \u00e0 la charge du Tr\u00e9sor sont limit\u00e9es aux cas d\u2019indigence justifi\u00e9e, attest\u00e9e par le r\u00e9seau diplomatique et consulaire; dans tous les autres cas, le rapatriement a lieu sous r\u00e9serve de la signature des pr\u00eats avec la promesse de remboursement au Tr\u00e9sor.<\/p>\n<p>&nbsp;<\/p>\n<p>&nbsp;<\/p>\n<p style=\"text-align: justify;\"><strong>RAPATRIEMENT DE LA D\u00c9POUILLE<\/strong><\/p>\n<p style=\"text-align: justify;\">La perte d\u2019un \u00eatre cher est toujours un moment de grande douleur, mais, si cela devait se passer \u00e0 l\u2019\u00e9tranger, \u00e0 cette souffrance s\u2019ajoute la n\u00e9cessit\u00e9 de r\u00e9soudre certains probl\u00e8mes d\u2019ordre pratique.\u00a0 Veuillez vous adresser au Consulat ou \u00e0 l\u2019Ambassade pour de l\u2019aide avec ces probl\u00e8mes.<\/p>\n<p style=\"text-align: justify;\">Afin de rapatrier un corps, le Consulat contact\u00e9 devra faire parvenir une demande \u00e0 la municipalit\u00e9 italienne concern\u00e9e pour obtenir l\u2019autorisation au rapatriement du corps. Une fois l\u2019autorisation re\u00e7ue, la maison fun\u00e9raire, charg\u00e9e par la famille d\u2019effectuer le rapatriement du corps, \u00e0 leurs propres frais, sera en mesure de proc\u00e9der. Il est, cependant, possible de s\u2019adresser aux r\u00e9gions et aux autres institutions locales pour obtenir d\u2019\u00e9ventuels remboursements des frais ou des aides financi\u00e8res.<\/p>\n<p style=\"text-align: justify;\">En cas de d\u00e9c\u00e8s d\u2019un ressortissant italien en \u00e9tat d\u2019indigence prouv\u00e9e, le Consulat ou l\u2019Ambassade contact\u00e9 peut fournir une assistance \u00e0 la famille d\u00e9munie du d\u00e9funt, si celle-ci r\u00e9side \u00e0 l\u2019\u00e9tranger, sous la forme de la restitution totale ou partielle des frais fun\u00e9raires soutenus localement et document\u00e9s.<\/p>\n","protected":false},"excerpt":{"rendered":"RAPATRIEMENT ET\u00a0RAPATRIEMENT SANITAIRE Un domaine particuli\u00e8rement sensible d\u2019aide aux citoyens italiens, qui concerne le rapatriement des ressortissants qui se trouvent dans des pays \u00e9trangers, dans des situations de graves difficult\u00e9s qui ne peuvent \u00eatre surmont\u00e9es sur place. Les interventions du minist\u00e8re des Affaires \u00e9trang\u00e8res, en coop\u00e9ration avec les autorit\u00e9s comp\u00e9tentes locales (pr\u00e9fectures, les commissariats de [&hellip;]","protected":false},"author":5,"featured_media":0,"parent":230,"menu_order":2,"comment_status":"closed","ping_status":"closed","template":"","meta":{"footnotes":""},"class_list":["post-626","page","type-page","status-publish","hentry"],"_links":{"self":[{"href":"https:\/\/ambottawa.esteri.it\/fr\/wp-json\/wp\/v2\/pages\/626","targetHints":{"allow":["GET"]}}],"collection":[{"href":"https:\/\/ambottawa.esteri.it\/fr\/wp-json\/wp\/v2\/pages"}],"about":[{"href":"https:\/\/ambottawa.esteri.it\/fr\/wp-json\/wp\/v2\/types\/page"}],"author":[{"embeddable":true,"href":"https:\/\/ambottawa.esteri.it\/fr\/wp-json\/wp\/v2\/users\/5"}],"replies":[{"embeddable":true,"href":"https:\/\/ambottawa.esteri.it\/fr\/wp-json\/wp\/v2\/comments?post=626"}],"version-history":[{"count":0,"href":"https:\/\/ambottawa.esteri.it\/fr\/wp-json\/wp\/v2\/pages\/626\/revisions"}],"up":[{"embeddable":true,"href":"https:\/\/ambottawa.esteri.it\/fr\/wp-json\/wp\/v2\/pages\/230"}],"wp:attachment":[{"href":"https:\/\/ambottawa.esteri.it\/fr\/wp-json\/wp\/v2\/media?parent=626"}],"curies":[{"name":"wp","href":"https:\/\/api.w.org\/{rel}","templated":true}]}}