{"id":6056,"date":"2025-02-13T22:55:46","date_gmt":"2025-02-13T21:55:46","guid":{"rendered":"https:\/\/ambottawa.esteri.it\/?page_id=6056"},"modified":"2025-02-13T22:57:58","modified_gmt":"2025-02-13T21:57:58","slug":"nexus","status":"publish","type":"page","link":"https:\/\/ambottawa.esteri.it\/fr\/italia-e-canada\/diplomazia-economica\/fare-affari\/nexus\/","title":{"rendered":"NEXUS"},"content":{"rendered":"<p><strong>NEXUS : le canal direct avec les bureaux commerciaux du Minist\u00e8re des Affaires \u00c9trang\u00e8res italien \u00e0 travers le monde.<\/strong><\/p>\n<p>NEXUS est l&rsquo;application par laquelle il est possible de contacter la Direction G\u00e9n\u00e9rale pour la Promotion du <em>Sistema Paese<\/em> du Minist\u00e8re des Affaires \u00c9trang\u00e8res italien et les bureaux commerciaux du r\u00e9seau diplomatique-consulaire dans le cadre des activit\u00e9s de soutien aux entreprises int\u00e9ress\u00e9es \u00e0 se d\u00e9velopper sur les march\u00e9s \u00e9trangers.<\/p>\n<p>Pour s&rsquo;inscrire au service et entrer en contact avec le Bureau \u00e9conomique et commercial de l&rsquo;Ambassade d&rsquo;Italie \u00e0 Ottawa, il est n\u00e9cessaire de remplir le formulaire suivant: <a href=\"https:\/\/nexus.esteri.it\/\">https:\/\/nexus.esteri.it\/<\/a>.<\/p>\n<p>&nbsp;<\/p>\n","protected":false},"excerpt":{"rendered":"NEXUS : le canal direct avec les bureaux commerciaux du Minist\u00e8re des Affaires \u00c9trang\u00e8res italien \u00e0 travers le monde. NEXUS est l&rsquo;application par laquelle il est possible de contacter la Direction G\u00e9n\u00e9rale pour la Promotion du Sistema Paese du Minist\u00e8re des Affaires \u00c9trang\u00e8res italien et les bureaux commerciaux du r\u00e9seau diplomatique-consulaire dans le cadre des [&hellip;]","protected":false},"author":8,"featured_media":0,"parent":415,"menu_order":0,"comment_status":"closed","ping_status":"closed","template":"","meta":{"footnotes":""},"class_list":["post-6056","page","type-page","status-publish","hentry"],"_links":{"self":[{"href":"https:\/\/ambottawa.esteri.it\/fr\/wp-json\/wp\/v2\/pages\/6056","targetHints":{"allow":["GET"]}}],"collection":[{"href":"https:\/\/ambottawa.esteri.it\/fr\/wp-json\/wp\/v2\/pages"}],"about":[{"href":"https:\/\/ambottawa.esteri.it\/fr\/wp-json\/wp\/v2\/types\/page"}],"author":[{"embeddable":true,"href":"https:\/\/ambottawa.esteri.it\/fr\/wp-json\/wp\/v2\/users\/8"}],"replies":[{"embeddable":true,"href":"https:\/\/ambottawa.esteri.it\/fr\/wp-json\/wp\/v2\/comments?post=6056"}],"version-history":[{"count":3,"href":"https:\/\/ambottawa.esteri.it\/fr\/wp-json\/wp\/v2\/pages\/6056\/revisions"}],"predecessor-version":[{"id":6065,"href":"https:\/\/ambottawa.esteri.it\/fr\/wp-json\/wp\/v2\/pages\/6056\/revisions\/6065"}],"up":[{"embeddable":true,"href":"https:\/\/ambottawa.esteri.it\/fr\/wp-json\/wp\/v2\/pages\/415"}],"wp:attachment":[{"href":"https:\/\/ambottawa.esteri.it\/fr\/wp-json\/wp\/v2\/media?parent=6056"}],"curies":[{"name":"wp","href":"https:\/\/api.w.org\/{rel}","templated":true}]}}