{"id":6042,"date":"2025-02-13T22:31:10","date_gmt":"2025-02-13T21:31:10","guid":{"rendered":"https:\/\/ambottawa.esteri.it\/?page_id=6042"},"modified":"2025-02-13T22:35:42","modified_gmt":"2025-02-13T21:35:42","slug":"relations-commerciales-bilaterales","status":"publish","type":"page","link":"https:\/\/ambottawa.esteri.it\/fr\/italia-e-canada\/diplomazia-economica\/relations-commerciales-bilaterales\/","title":{"rendered":"Relations commerciales bilat\u00e9rales"},"content":{"rendered":"<p><strong>Relations \u00e9conomiques bilat\u00e9rales<\/strong><\/p>\n<p>Dans le secteur commercial, les statistiques canadiennes relatives \u00e0 2024 confirment une bonne performance du <em>Made in Italy<\/em>, avec une balance commerciale favorable \u00e0 notre Pays.<\/p>\n<p><strong>L&rsquo;\u00e9change total entre le Canada et l&rsquo;Italie en 2024 a atteint 15,54 milliards de CAD <\/strong>(chiffre en ligne avec 2023).<\/p>\n<p>En 2024, les exportations italiennes vers le Canada ont l\u00e9g\u00e8rement diminu\u00e9 par rapport \u00e0 2023 (passant de 12,9 milliards de CAD \u00e0 12,3 milliards de CAD). En revanche, il y a eu une augmentation annuelle des importations italiennes du Canada (de 2,7 milliards de CAD \u00e0 3,3 milliards de CAD). Cela a entra\u00een\u00e9 une diminution du d\u00e9ficit canadien dans la balance commerciale, malgr\u00e9 son importance.<\/p>\n<p><strong>Principaux secteurs en 2024 (exportations italiennes vers le Canada):<\/strong><\/p>\n<ul>\n<li>Secteur pharmaceutique (906 millions de CAD, +13,4% par rapport \u00e0 l&rsquo;ann\u00e9e pr\u00e9c\u00e9dente);<\/li>\n<li>Secteur vinicole (649 millions de CAD, +3,4% par rapport \u00e0 l&rsquo;ann\u00e9e pr\u00e9c\u00e9dente);<\/li>\n<li>Secteur industriel manufacturier (606 millions de CAD, -27% par rapport \u00e0 l&rsquo;ann\u00e9e pr\u00e9c\u00e9dente);<\/li>\n<li>Secteur automobile et fabrication li\u00e9e (554 millions de CAD, -19% par rapport \u00e0 l&rsquo;ann\u00e9e pr\u00e9c\u00e9dente).<\/li>\n<\/ul>\n<p><strong>Certains des principaux secteurs en 2024 (importations en Italie de produits canadiens):<\/strong><\/p>\n<ul>\n<li>Produits du bl\u00e9 (597 millions de CAD, +1,9% par rapport \u00e0 2023);<\/li>\n<li>Industrie a\u00e9rospatiale (578 millions de CAD, +112,7% par rapport \u00e0 2023);<\/li>\n<li>Industrie pharmaceutique (269 millions de CAD, -29,3% par rapport \u00e0 2023).<\/li>\n<\/ul>\n<p>Les \u00c9tats-Unis restent le principal pays de destination des produits canadiens, avec une part du montant export\u00e9 en 2024 \u00e9gale \u00e0 76,4%. Le solde de la balance commerciale entre les deux pays est favorable \u00e0 le Canada. L&rsquo;exc\u00e9dent commercial avec les \u00c9tats-Unis est utilis\u00e9 pour importer des biens du reste du monde. On observe une augmentation des achats du Canada aupr\u00e8s des pays asiatiques comme le Japon, la Cor\u00e9e et le Vietnam, qui se placent respectivement au 5e, 6e, et 7e rang des principaux pays fournisseurs de biens. La Chine, quant \u00e0 elle, a enregistr\u00e9 une l\u00e9g\u00e8re baisse (-1,7%), restant cependant au 2e rang devant le Mexique (+1,6%).<\/p>\n<p>L&rsquo;Italie entretient d&rsquo;excellentes relations commerciales avec le Canada et est le <strong>8e fournisseur<\/strong> du march\u00e9 canadien, deuxi\u00e8me en Europe apr\u00e8s l&rsquo;Allemagne, qui occupe la 4e place.<br \/>\nPour plus d&rsquo;informations et pour des donn\u00e9es en euros, consultez le site <a href=\"https:\/\/www.infomercatiesteri.it\/paese.php?id_paesi=39\">InfoMercatiEsteri<\/a>.<\/p>\n","protected":false},"excerpt":{"rendered":"Relations \u00e9conomiques bilat\u00e9rales Dans le secteur commercial, les statistiques canadiennes relatives \u00e0 2024 confirment une bonne performance du Made in Italy, avec une balance commerciale favorable \u00e0 notre Pays. L&rsquo;\u00e9change total entre le Canada et l&rsquo;Italie en 2024 a atteint 15,54 milliards de CAD (chiffre en ligne avec 2023). En 2024, les exportations italiennes vers [&hellip;]","protected":false},"author":8,"featured_media":0,"parent":144,"menu_order":2,"comment_status":"closed","ping_status":"closed","template":"","meta":{"footnotes":""},"class_list":["post-6042","page","type-page","status-publish","hentry"],"_links":{"self":[{"href":"https:\/\/ambottawa.esteri.it\/fr\/wp-json\/wp\/v2\/pages\/6042","targetHints":{"allow":["GET"]}}],"collection":[{"href":"https:\/\/ambottawa.esteri.it\/fr\/wp-json\/wp\/v2\/pages"}],"about":[{"href":"https:\/\/ambottawa.esteri.it\/fr\/wp-json\/wp\/v2\/types\/page"}],"author":[{"embeddable":true,"href":"https:\/\/ambottawa.esteri.it\/fr\/wp-json\/wp\/v2\/users\/8"}],"replies":[{"embeddable":true,"href":"https:\/\/ambottawa.esteri.it\/fr\/wp-json\/wp\/v2\/comments?post=6042"}],"version-history":[{"count":1,"href":"https:\/\/ambottawa.esteri.it\/fr\/wp-json\/wp\/v2\/pages\/6042\/revisions"}],"predecessor-version":[{"id":6043,"href":"https:\/\/ambottawa.esteri.it\/fr\/wp-json\/wp\/v2\/pages\/6042\/revisions\/6043"}],"up":[{"embeddable":true,"href":"https:\/\/ambottawa.esteri.it\/fr\/wp-json\/wp\/v2\/pages\/144"}],"wp:attachment":[{"href":"https:\/\/ambottawa.esteri.it\/fr\/wp-json\/wp\/v2\/media?parent=6042"}],"curies":[{"name":"wp","href":"https:\/\/api.w.org\/{rel}","templated":true}]}}