{"id":524,"date":"2022-11-30T19:55:54","date_gmt":"2022-11-30T18:55:54","guid":{"rendered":"https:\/\/ambottawa.esteri.it\/italia-e-canada\/diplomazia-culturale\/siti-utili\/"},"modified":"2026-03-20T23:28:52","modified_gmt":"2026-03-20T22:28:52","slug":"siti-utili","status":"publish","type":"page","link":"https:\/\/ambottawa.esteri.it\/fr\/italia-e-canada\/diplomazia-culturale\/siti-utili\/","title":{"rendered":"Sites utiles"},"content":{"rendered":"<p>Les renseignements et les liens fournis sont purement illustratifs et ils ne couvrent pas tous les contacts et les r\u00e9f\u00e9rences utiles du secteur culturel.<\/p>\n<p>&nbsp;<\/p>\n<p><strong>Informations de caract\u00e8re g\u00e9n\u00e9ral sur les institutions italiennes:<\/strong><\/p>\n<p>Direction G\u00e9n\u00e9rale de la Diplomatie Publique et Culturelle<\/p>\n<p><strong>Minist\u00e8re des Affaires \u00c9trang\u00e8res et de la Coop\u00e9ration internationale<\/strong><\/p>\n<p>Piazzale della Farnesina 1, 00135 ROME<\/p>\n<p>T\u00e9l. : +39 06.36911<\/p>\n<p><a href=\"https:\/\/www.esteri.it\/\">https:\/\/www.esteri.it<\/a><\/p>\n<p>Courriel:\u00a0<a href=\"mailto:ministero.affariesteri@cert.esteri.it\">ministero.affariesteri@cert.esteri.it<\/a><\/p>\n<p>&nbsp;<\/p>\n<p>ITALIANA \u2013 Langue, culture, cr\u00e9ativit\u00e9 dans le monde<\/p>\n<p><strong>Minist\u00e8re des Affaires \u00c9trang\u00e8res et de la Coop\u00e9ration internationale<\/strong><\/p>\n<p><a href=\"https:\/\/italiana.esteri.it\/italiana\/\">https:\/\/italiana.esteri.it\/italiana\/<\/a><\/p>\n<p>&nbsp;<\/p>\n<p><strong>Minist\u00e8re de la Culture<\/strong><\/p>\n<p>Via del Collegio Romano 27, 00186 ROME<\/p>\n<p>T\u00e9l. : +39 06.6723.1\/06.6723.1<\/p>\n<p><a href=\"https:\/\/cultura.gov.it\/\">Homepage &#8211; Ministero della cultura<\/a><\/p>\n<p>&nbsp;<\/p>\n<p><strong>Minist\u00e8re de l&rsquo;Universit\u00e9 et de la Recherche<\/strong><\/p>\n<p>Viale Trastevere, 76\/a, 00153 ROME<\/p>\n<p>T\u00e9l. : +39 06.5849.1<\/p>\n<p><a href=\"https:\/\/www.miur.gov.it\/\">https:\/\/www.miur.gov.it<\/a><\/p>\n<p>&nbsp;<\/p>\n<p><strong>Informations touristiques et statistiques:<\/strong><\/p>\n<p><strong>Office National Italien du Tourisme (ENIT)<\/strong><\/p>\n<p>365 Bay Street, Suite 503<\/p>\n<p>Toronto (Ontario) M5H 2V1<\/p>\n<p>T\u00e9l.: +1 416 925-4882<\/p>\n<p>Courriel:\u00a0<a href=\"mailto:toronto@enit.it\">toronto@enit.it<\/a><\/p>\n<p><a href=\"https:\/\/www.enit.it\/\">https:\/\/www.enit.it<\/a><\/p>\n<p>&nbsp;<\/p>\n<p><strong>ISTAT &#8211; Institut National de Statistique<\/strong><\/p>\n<p>Via Cesare Balbo 16, 00184 ROME<\/p>\n<p>T\u00e9l.: +39 06 46731<\/p>\n<p><a href=\"https:\/\/www.istat.it\/\">https:\/\/www.istat.it<\/a><\/p>\n<p>&nbsp;<\/p>\n<p><strong>\u00c9tude de la langue italienne au Canada<\/strong><\/p>\n<p>Pour plus d&rsquo;information sur l&rsquo;enseignement de l&rsquo;italien dans les universit\u00e9s canadiennes, cliquez\u00a0<a href=\"https:\/\/ambottawa.esteri.it\/Ambasciata_Ottawa\/fr\/i_rapporti_bilaterali\/cooperazione%20culturale\/l-italiano-in-canada.html\">ici<\/a>.<\/p>\n<p>Pour plus d&rsquo;informations sur les cours de langue italienne organis\u00e9s par des \u00e9tablissements canadiens, cliquez\u00a0<a href=\"https:\/\/ambottawa.esteri.it\/ambasciata_ottawa\/fr\/i_rapporti_bilaterali\/cooperazione%20culturale\/corsi-di-lingua.html\">ici<\/a>.<\/p>\n<p>Pour plus d&rsquo;informations sur les cours de langue italienne organis\u00e9s dans les r\u00e9gions de Montr\u00e9al et Toronto, veuillez consulter les sites web des Instituts Culturels Italiens.<\/p>\n<p><a href=\"https:\/\/iicmontreal.esteri.it\/iic_montreal\/fr\/\">https:\/\/www.iicmontreal.esteri.it<\/a><\/p>\n<p><a href=\"https:\/\/iictoronto.esteri.it\/iic_toronto\/en\/\">https:\/\/www.iictoronto.esteri.it<\/a><\/p>\n<p>&nbsp;<\/p>\n<p><strong>Livres, films, s\u00e9ries t\u00e9l\u00e9vis\u00e9es et op\u00e9ras italiens \u00e0 la Biblioth\u00e8que publique d&rsquo;Ottawa<\/strong><\/p>\n<p>La Biblioth\u00e8que publique d&rsquo;Ottawa repr\u00e9sente une source d&rsquo;\u00e9tude approfondie de la culture italienne, tant sous la forme de livres d&rsquo;auteurs italiens classiques et r\u00e9cents traduits en anglais et en fran\u00e7ais, que sous la forme de mat\u00e9riel visuel repr\u00e9sentatif et pr\u00e9cieux. En format DVD \u00e0 demander dans les diff\u00e9rents points de vente, ou directement en streaming vid\u00e9o \u00e0 t\u00e9l\u00e9charger depuis chez soi, vous trouverez les repr\u00e9sentations sc\u00e9niques de tous les grands op\u00e9ras, les grands classiques et les films r\u00e9cents, ainsi que des programmes t\u00e9l\u00e9vis\u00e9s sur l&rsquo;art et la culture et des s\u00e9ries t\u00e9l\u00e9vis\u00e9es enti\u00e8res tr\u00e8s populaires en italien avec sous-titres.<\/p>\n<ul>\n<li><a href=\"https:\/\/ambottawa.esteri.it\/wp-content\/uploads\/2023\/01\/ITALIAN-BOOKS-at-OTTAWA-PUBLIC-LIBRARY-EnglishFrench.pdf\">Books<\/a><\/li>\n<li><a href=\"https:\/\/ambottawa.esteri.it\/wp-content\/uploads\/2023\/01\/ITALIAN-FILMS-AND-SERIES-at-OPL.pdf\">Movies and Tv Series<\/a><\/li>\n<li><a href=\"https:\/\/ambottawa.esteri.it\/wp-content\/uploads\/2023\/01\/ITALIAN-OPERA-at-OTTAWA-PUBLIC-LIBRARY.pdf\">Operas<\/a><\/li>\n<\/ul>\n<p>&nbsp;<\/p>\n<p><strong>\u00c9tude de la langue italienne en ligne<\/strong><\/p>\n<p>Vous trouverez ci-dessous quelques sites utiles pour apprendre la langue italienne en ligne. L&rsquo;Ambassade d&rsquo;Italie \u00e0 Ottawa n&rsquo;est pas responsable de la qualit\u00e9 des cours et du mat\u00e9riel didactique sur les sites. La liste est propos\u00e9e uniquement \u00e0 titre indicatif et \u00e0 titre de service pour nos utilisateurs:<\/p>\n<ul>\n<li><strong>Accademia della Crusca:\u00a0<\/strong>association \u00e9rudite pour la recherche sur la langue italienne<\/li>\n<li><strong>Babbel Italian<\/strong>: propose des cours payants pour tous les niveaux<\/li>\n<li><strong>BBC Italian:<\/strong>\u00a0offre deux cours interactifs avec du mat\u00e9riel multim\u00e9dia<\/li>\n<li><strong>Cyberitalian:<\/strong>\u00a0propose des options pour tous les niveaux d&rsquo;apprentissage avec l&rsquo;ajout de mat\u00e9riel culturel<\/li>\n<li><strong>Duolingo Italian:<\/strong>\u00a0offre des programmes gratuits en fonction du niveau de langue<\/li>\n<li><strong>edX<\/strong>: propose des cours en ligne gratuits mis \u00e0 disposition par plusieurs universit\u00e9s du monde<\/li>\n<li><strong>FluentU Italian:<\/strong>\u00a0propose du mat\u00e9riel vid\u00e9o et des cours personnalis\u00e9s<\/li>\n<li><strong>FSI Italian<\/strong>: offre des cours gratuits cr\u00e9\u00e9s par le gouvernement am\u00e9ricain<\/li>\n<li><strong>Giulia by Treccani:\u00a0<\/strong>une plateforme moderme d\u00e9velopp\u00e9e par Treccani<\/li>\n<li><strong>ILUSS Italian Online:<\/strong>\u00a0offre des cours gratuits avec quatre niveaux d&rsquo;apprentissage et des cours payants avec plus d&rsquo;exercices et d&rsquo;activit\u00e9s de grammaire et de vocabulaire<\/li>\n<li><strong>Instant Italian (ed2go):<\/strong>\u00a0offre des cours payants<\/li>\n<li><strong>Italian Uncovered<\/strong>: offre des m\u00e9thodes alternatives d&rsquo;apprentissage \u00e0 travers le r\u00e9cit<\/li>\n<li><strong>Italy Made Easy:<\/strong>\u00a0cours d&rsquo;italien<\/li>\n<li><strong>Language Transfer:<\/strong>\u00a0propose un cours d&rsquo;introduction gratuit<\/li>\n<li><strong>Logos<\/strong>\u00a0&#8211; Multilingual Translation Portal: portail de traduction multilingue<\/li>\n<li><strong>News in Slow Italian:<\/strong>\u00a0offre trois niveaux de cours diff\u00e9rents<\/li>\n<li><strong>One World Italian:<\/strong>\u00a0cours de base gratuits;<\/li>\n<li><strong>Online Italian Club:<\/strong>\u00a0offre six niveaux d&rsquo;apprentissage;<\/li>\n<li><strong>Ripeti con Me:<\/strong>\u00a0enseigne l&rsquo;italien par la parole et l&rsquo;\u00e9coute;<\/li>\n<li><strong>SegnaWeb:<\/strong>\u00a0ressources en ligne s\u00e9lectionn\u00e9es par des biblioth\u00e9caires italiens<\/li>\n<li><strong>Udemy:<\/strong>\u00a0plateforme de publicit\u00e9 pour les cours de langues payants;<\/li>\n<\/ul>\n<p>&nbsp;<\/p>\n<p><strong>Organisations en charge de la promotion de la langue et de la culture italiennes<\/strong><\/p>\n<ul>\n<li><strong>Accademia della Crusca:<\/strong> point de r\u00e9f\u00e9rence principal pour la recherche sur la langue italienne<\/li>\n<li><strong>Soci\u00e9t\u00e9 Dante Alighieri \u00e0 Rome et Comit\u00e9s \u00e0 l&rsquo;\u00e9tranger <\/strong>\u00e0 Edmonton, Montreal, Ottawa, Quebec, Vancouver e Winnipeg<\/li>\n<li><strong>Dante.global<\/strong>, le portail de la Soci\u00e9t\u00e9 Dante Alighieri dans le monde: culture, \u00e9v\u00e9nements et cours de langue en pr\u00e9sence et \u00e0 distance<\/li>\n<li><strong>Portail Italiana Portal<\/strong> du Minist\u00e8re des Affaires \u00e9trang\u00e8res italien: langue, culture et cr\u00e9ativit\u00e9 italiennes dans le monde<\/li>\n<li><strong>Instituts Culturels italiens<\/strong> \u00e0 Montr\u00e9al et \u00e0 Toronto<\/li>\n<\/ul>\n<p>&nbsp;<\/p>\n<p><strong>Maisons d&rsquo;\u00e9dition proposant des manuels pour l&rsquo;enseignement de l&rsquo;italien aux \u00e9trangers et du mat\u00e9riel num\u00e9rique<\/strong><\/p>\n<ul>\n<li><strong>Italiano per Stranieri Alma Edizioni<\/strong><\/li>\n<li><strong>Italiano per Stranieri Loescher Editore<\/strong><\/li>\n<\/ul>\n<p>&nbsp;<\/p>\n<p><strong>Plateformes\/sites web\/applications proposant des cours et du mat\u00e9riel num\u00e9rique gratuit ou payant<\/strong><\/p>\n<ul>\n<li>About<\/li>\n<li>Babbel Italian<\/li>\n<li>Cyberitalian<\/li>\n<li>Duolingo Italian<\/li>\n<li>edX<\/li>\n<li>Eleaston<\/li>\n<li>FluentU Italian<\/li>\n<li>FSI Italian<\/li>\n<li>ICoN<\/li>\n<li><a href=\"http:\/\/www.locuta.com\/classroom.html\">Italian Electronic Classroom<\/a><\/li>\n<li>ItalianPod101<\/li>\n<li>ILUSS Italian Online<\/li>\n<li>Instant Italian (ed2go)<\/li>\n<li>Italian Uncovered<\/li>\n<li>Italy Made Easy<\/li>\n<li>Language Transfer<\/li>\n<li>linguanet-worldwide.org<\/li>\n<li>Learnamo<\/li>\n<li>Lingopie<\/li>\n<li>Live Lingua<\/li>\n<li>Logos &#8211; Multilingual Translation Portal<\/li>\n<li>Memrise<\/li>\n<li>Minerva AI LLM<\/li>\n<li>News in Slow Italian<\/li>\n<li>One World Italiano<\/li>\n<li>Online Italian Club<\/li>\n<li>Preply<\/li>\n<li>Promova<\/li>\n<li>The Italian experiment<\/li>\n<li>Thinkinitalian<\/li>\n<li>Thoughtco<\/li>\n<li>Udemy<\/li>\n<li>Verbling<\/li>\n<\/ul>\n<p>&nbsp;<\/p>\n<p><strong>Dictionnaires<\/strong><\/p>\n<p>Tous les dictionnaires les plus complets sont \u00e9galement propos\u00e9s en version num\u00e9rique gratuite ou payante:<\/p>\n<ul>\n<li><a href=\"http:\/\/tlio.ovi.cnr.it\/TLIO\/\">Tesoro della Lingua Italiana delle Origini<\/a><\/li>\n<li><a href=\"http:\/\/www.sapere.it\/gr\/DictionarySearchServlet?DS_action=Init\">Dizionario De Agostini<\/a><\/li>\n<li><a href=\"http:\/\/www.garzantilinguistica.it\/\">Dizionario Garzanti online<\/a><\/li>\n<li>Dizionario Hoepli<\/li>\n<li>Dizionaripiu.Zanichelli<\/li>\n<li>Treccani.it<\/li>\n<li>Dizionario.internazionale.it<\/li>\n<li>Sapere.it<\/li>\n<li>Dizionari.corriere.it<\/li>\n<li><a href=\"http:\/\/it.bab.la\/\">bab.la &#8211; Portale linguistico<\/a><\/li>\n<\/ul>\n<p>&nbsp;<\/p>\n<p><strong>Les journaux en langue italienne au Canada<\/strong><\/p>\n<ul>\n<li>Accenti<\/li>\n<li>Cittadino Canadese<\/li>\n<li>Corriere Canadese<\/li>\n<li>Il Postino<\/li>\n<li>L&rsquo;Ora di Ottawa<\/li>\n<li>La Voce<\/li>\n<li>Lo Specchio<\/li>\n<li>Marco Polo<\/li>\n<li>Panoram Italia<\/li>\n<li>Panorama Italiano<\/li>\n<\/ul>\n<p>&nbsp;<\/p>\n<p><strong>Agences de presse en Italie:<\/strong><\/p>\n<ul>\n<li><strong>ADISTA<\/strong>\u00a0&#8211; Agence d&rsquo;information pour la presse<\/li>\n<li><strong>AdnKronos<\/strong>\u00a0&#8211; Agence de Presse italienne<\/li>\n<li><strong>AGE<\/strong>\u00a0&#8211; Agence europ\u00e9enne de Journalisme<\/li>\n<li><strong>Agenparl<\/strong>\u00a0&#8211; Agence Parlementaire pour l&rsquo;information politique et \u00e9conomique<\/li>\n<li><strong>AgenPress<\/strong>\u00a0&#8211; Agence Italienne de Journalisme<\/li>\n<li><strong>AGI<\/strong>\u00a0\u2013 Agence Italienne de Journalisme<\/li>\n<li><strong>Ago Press<\/strong>\u00a0&#8211; Agence de Journalisme en ligne, M\u00e9dias et Communication<\/li>\n<li><strong>AGR<\/strong>\u00a0&#8211; Agence de Journalisme Audiovisuel<\/li>\n<li><strong>Agv News &#8211; Il Velino<\/strong>, Agence de Presse italienne<\/li>\n<li><strong>AISE<\/strong>\u00a0&#8211; Agence Internationale de Presse \u00e9trang\u00e8re<\/li>\n<li><strong>ANSA<\/strong>\u00a0&#8211; Agence Nationale de Presse Associ\u00e9e<\/li>\n<li><strong>Askanews<\/strong>\u00a0&#8211; Agence de Presse italienne<\/li>\n<li><strong>Dire<\/strong>\u00a0&#8211; Agence de Presse italienne<\/li>\n<li><strong>IPS<\/strong>\u00a0&#8211; Inter Press Service, Agence de Presse Internationale<\/li>\n<li><strong>Italpress<\/strong>\u00a0&#8211; Agence de Presse italienne<\/li>\n<li><strong>Lapresse<\/strong>\u00a0&#8211; Agence de Presse italienne, Reportages et Actualit\u00e9s Vid\u00e9o<\/li>\n<li><strong>NewsMediaset<\/strong>\u00a0&#8211; structure \u00e0 laquelle appartiennent toutes les publications d&rsquo;information du groupe Mediaset, \u00e0 l&rsquo;exception de TG5 et Videonews<\/li>\n<li><strong>Pressenza International Press<\/strong>\u00a0&#8211; Agence de Presse Th\u00e9matique Internationale<\/li>\n<li><strong>Radiocor<\/strong>\u00a0&#8211; Agence de Presse du groupe 24 ORE<\/li>\n<li><strong>Redattore sociale<\/strong>\u00a0&#8211; R\u00e9seau multim\u00e9dia italien de services d&rsquo;information<\/li>\n<li><strong>SIR<\/strong>\u00a0&#8211; Service d&rsquo;information religieuse, Agence de presse Catholique<\/li>\n<li><strong>Sudnews<\/strong>\u00a0&#8211; Agence de Presse italienne, informations locales<\/li>\n<li><strong>Sviluppo Programmi Editoriali S.p.A.<\/strong>\u00a0\u2013 Agence de Presse italienne<\/li>\n<li><strong>Teleborsa<\/strong>\u00a0&#8211; Agence de Presse italienne, secteur \u00e9conomique et financier<\/li>\n<\/ul>\n<p>&nbsp;<\/p>\n<p><strong>Services de t\u00e9l\u00e9vision et de radiodiffusion en italien au Canada:<\/strong><\/p>\n<ul>\n<li>Canale IV<\/li>\n<li>CFMB<\/li>\n<li>CHIN RADIO\/TV INTERNATIONAL<\/li>\n<li>Italradio<\/li>\n<li>Mediaset Italia Canada<\/li>\n<li>Mediaset TGCOM 24 Canada<\/li>\n<li>OMNITELEVISION<\/li>\n<li>Radio Globo Italia<\/li>\n<li>Radio Italia Canada<\/li>\n<li>Rai Italia (Rai International)<\/li>\n<li>Rai News 24<\/li>\n<li>Rai World Premium<\/li>\n<li>Shaw Multicultural Channel<\/li>\n<li>Sky Tg 24 Canada<\/li>\n<li>Tele-30<\/li>\n<li>TeleBimbi<\/li>\n<li>TLN (Telelatino)<\/li>\n<\/ul>\n<p>&nbsp;<\/p>\n<p><strong>Le cin\u00e9ma italien<\/strong><\/p>\n<ul>\n<li><strong>AFIC<\/strong>\u00a0&#8211; Association des Festivals du Cin\u00e9ma italien<\/li>\n<li><strong>ANICA<\/strong>\u00a0&#8211; Association nationale des industries cin\u00e9matographiques, audiovisuelles et multim\u00e9dias<\/li>\n<li><strong>CinemaItaliano.info<\/strong>\u00a0&#8211; Portail du nouveau cin\u00e9ma italien, informations sur les films et les documentaires italiens produits depuis 2000<\/li>\n<li><strong>Cinematografo<\/strong>\u00a0&#8211; Fondation de l&rsquo;organisme de l&rsquo;industrie du spectacle<\/li>\n<li><strong>Cinemotore<\/strong>\u00a0&#8211; Moteur de recherche de tous les sites qui parlent du cin\u00e9ma italien<\/li>\n<li><strong>Close Up<\/strong>\u00a0&#8211; Histoires de vision<\/li>\n<li><strong>Delcinema.it<\/strong>\u00a0&#8211; Informations sur le monde du grand \u00e9cran en Italie<\/li>\n<li><strong>Film.it<\/strong>\u00a0&#8211; Magazine d&rsquo;information et d&rsquo;analyse approfondie sur le cin\u00e9ma<\/li>\n<li><strong>FilmUp.com<\/strong>\u00a0&#8211; votre magazine de cin\u00e9ma<\/li>\n<li><strong>Le documentaire<\/strong>\u00a0&#8211; Portail italien sur le cin\u00e9ma documentaire<\/li>\n<li><strong>PRIMISSIMA<\/strong>\u00a0&#8211; Portail plein d&rsquo;informations<\/li>\n<li><strong>TEMPI MODERNI<\/strong>\u00a0&#8211; Magazine vid\u00e9o du cin\u00e9ma<\/li>\n<\/ul>\n","protected":false},"excerpt":{"rendered":"Les renseignements et les liens fournis sont purement illustratifs et ils ne couvrent pas tous les contacts et les r\u00e9f\u00e9rences utiles du secteur culturel. &nbsp; Informations de caract\u00e8re g\u00e9n\u00e9ral sur les institutions italiennes: Direction G\u00e9n\u00e9rale de la Diplomatie Publique et Culturelle Minist\u00e8re des Affaires \u00c9trang\u00e8res et de la Coop\u00e9ration internationale Piazzale della Farnesina 1, 00135 [&hellip;]","protected":false},"author":6,"featured_media":0,"parent":140,"menu_order":8,"comment_status":"closed","ping_status":"closed","template":"","meta":{"footnotes":""},"class_list":["post-524","page","type-page","status-publish","hentry"],"_links":{"self":[{"href":"https:\/\/ambottawa.esteri.it\/fr\/wp-json\/wp\/v2\/pages\/524","targetHints":{"allow":["GET"]}}],"collection":[{"href":"https:\/\/ambottawa.esteri.it\/fr\/wp-json\/wp\/v2\/pages"}],"about":[{"href":"https:\/\/ambottawa.esteri.it\/fr\/wp-json\/wp\/v2\/types\/page"}],"author":[{"embeddable":true,"href":"https:\/\/ambottawa.esteri.it\/fr\/wp-json\/wp\/v2\/users\/6"}],"replies":[{"embeddable":true,"href":"https:\/\/ambottawa.esteri.it\/fr\/wp-json\/wp\/v2\/comments?post=524"}],"version-history":[{"count":2,"href":"https:\/\/ambottawa.esteri.it\/fr\/wp-json\/wp\/v2\/pages\/524\/revisions"}],"predecessor-version":[{"id":9420,"href":"https:\/\/ambottawa.esteri.it\/fr\/wp-json\/wp\/v2\/pages\/524\/revisions\/9420"}],"up":[{"embeddable":true,"href":"https:\/\/ambottawa.esteri.it\/fr\/wp-json\/wp\/v2\/pages\/140"}],"wp:attachment":[{"href":"https:\/\/ambottawa.esteri.it\/fr\/wp-json\/wp\/v2\/media?parent=524"}],"curies":[{"name":"wp","href":"https:\/\/api.w.org\/{rel}","templated":true}]}}