{"id":515,"date":"2022-11-30T19:47:47","date_gmt":"2022-11-30T18:47:47","guid":{"rendered":"https:\/\/ambottawa.esteri.it\/italia-e-canada\/diplomazia-culturale\/la-rete-degli-istituti-italiani-di-cultura-in-canada\/"},"modified":"2022-12-29T21:24:38","modified_gmt":"2022-12-29T20:24:38","slug":"la-rete-degli-istituti-italiani-di-cultura-in-canada","status":"publish","type":"page","link":"https:\/\/ambottawa.esteri.it\/fr\/italia-e-canada\/diplomazia-culturale\/la-rete-degli-istituti-italiani-di-cultura-in-canada\/","title":{"rendered":"Le R\u00e9seau des Instituts Culturels Italiens au Canada"},"content":{"rendered":"<p>\u00ab\u00a0<em>La culture est le seul bien de l&rsquo;humanit\u00e9 qui, divis\u00e9 entre tous, au lieu de diminuer devient plus grand<\/em>.\u00a0\u00bb \u2013 Hans-Georg Gadamer<\/p>\n<p>Dans la politique de promotion de la culture italienne au Canada, un r\u00f4le fondamental est jou\u00e9 par les Instituts Culturels Italiens, situ\u00e9s \u00e0 Toronto et \u00e0 Montr\u00e9al.<\/p>\n<p>Les Instituts, organismes officiels de l&rsquo;\u00c9tat italien, sont des centres d&rsquo;initiatives culturelles et acad\u00e9miques qui visent \u00e0 promouvoir et \u00e0 partager la culture, la langue, le patrimoine et les valeurs italiens avec les communaut\u00e9s locales. Ils organisent des \u00e9v\u00e9nements de toutes sortes, cherchant \u00e0 favoriser la meilleure connaissance possible de la r\u00e9alit\u00e9 italienne.<\/p>\n<p>Les Instituts promeuvent des initiatives en faveur du dialogue interculturel et multilat\u00e9ral fond\u00e9 sur les principes d&rsquo;\u00e9galit\u00e9, de d\u00e9mocratie et de solidarit\u00e9 internationale, et ils encouragent les \u00e9changes culturels en \u00e9tablissant des relations de collaboration artistique, th\u00e9\u00e2trale, musicale et cin\u00e9matographique entre l&rsquo;Italie et le Canada.<\/p>\n<p>Outre la programmation d&rsquo;\u00e9v\u00e9nements culturels, parfois en collaboration avec d&rsquo;autres offices europ\u00e9ens et\/ou canadiens, les Instituts repr\u00e9sentent \u00e9galement un point de r\u00e9f\u00e9rence important pour les citoyens de nationalit\u00e9 quelconque int\u00e9ress\u00e9s \u00e0 la culture italienne.<\/p>\n<p>Dans leurs locaux, ils organisent des expositions d&rsquo;art, des conf\u00e9rences et des projections multim\u00e9dias. Ils organisent \u00e9galement des cours d&rsquo;italien et ils disposent de vid\u00e9oth\u00e8ques et de biblioth\u00e8ques.<\/p>\n<p>Plus pr\u00e9cis\u00e9ment, les instituts orientent leurs initiatives vers:<\/p>\n<ul>\n<li>la diffusion de la langue italienne \u00e0 travers des cours et la formation des enseignants;<\/li>\n<li>la promotion du cin\u00e9ma italien par la participation \u00e0 des festivals internationaux;<\/li>\n<li>l\u2019organisation d\u2019expositions li\u00e9es aux diff\u00e9rents aspects de la culture italienne;<\/li>\n<li>la promotion du th\u00e9\u00e2tre italien \u00e0 travers la pr\u00e9sentation de compagnies italiennes ou par le soutien de compagnies locales qui mettent en sc\u00e8ne des spectacles d&rsquo;auteurs italiens;<\/li>\n<li>la programmation d&rsquo;\u00e9v\u00e9nements musicaux pour la pr\u00e9sentation d&rsquo;artistes et de jeunes talents;<\/li>\n<li>l&rsquo;organisation d&rsquo;initiatives pour la communaut\u00e9 italienne pr\u00e9sente au Canada.<\/li>\n<\/ul>\n<p>&nbsp;<\/p>\n<p><strong>Institut Culturel Italien de Toronto<\/strong><\/p>\n<p>Consulat G\u00e9n\u00e9ral d\u2019Italie \u00e0 Toronto (section culturelle)<\/p>\n<p>496 Huron Street<\/p>\n<p>TORONTO, Ontario M5R 2R3<\/p>\n<p>T\u00e9l. (416) 921-3802<\/p>\n<p><a href=\"https:\/\/iictoronto.esteri.it\/iic_toronto\/it\/\">https:\/\/www.iictoronto.esteri.it<\/a><\/p>\n<p>&nbsp;<\/p>\n<p><strong>Institut Culturel Italien de Montr\u00e9al<\/strong><\/p>\n<p>Consulat G\u00e9n\u00e9ral d\u2019Italie \u00e0 Montr\u00e9al<\/p>\n<p>1200 Docteur Penfield Avenue<\/p>\n<p>MONTR\u00c9AL, Qu\u00e9bec H3A 1A9<\/p>\n<p>T\u00e9l. (514) 849-3473<\/p>\n<p><a href=\"https:\/\/iicmontreal.esteri.it\/iic_montreal\/fr\/\">https:\/\/www.iicmontreal.esteri.it<\/a><\/p>\n","protected":false},"excerpt":{"rendered":"\u00ab\u00a0La culture est le seul bien de l&rsquo;humanit\u00e9 qui, divis\u00e9 entre tous, au lieu de diminuer devient plus grand.\u00a0\u00bb \u2013 Hans-Georg Gadamer Dans la politique de promotion de la culture italienne au Canada, un r\u00f4le fondamental est jou\u00e9 par les Instituts Culturels Italiens, situ\u00e9s \u00e0 Toronto et \u00e0 Montr\u00e9al. Les Instituts, organismes officiels de l&rsquo;\u00c9tat [&hellip;]","protected":false},"author":6,"featured_media":0,"parent":140,"menu_order":7,"comment_status":"closed","ping_status":"closed","template":"","meta":{"footnotes":""},"class_list":["post-515","page","type-page","status-publish","hentry"],"_links":{"self":[{"href":"https:\/\/ambottawa.esteri.it\/fr\/wp-json\/wp\/v2\/pages\/515","targetHints":{"allow":["GET"]}}],"collection":[{"href":"https:\/\/ambottawa.esteri.it\/fr\/wp-json\/wp\/v2\/pages"}],"about":[{"href":"https:\/\/ambottawa.esteri.it\/fr\/wp-json\/wp\/v2\/types\/page"}],"author":[{"embeddable":true,"href":"https:\/\/ambottawa.esteri.it\/fr\/wp-json\/wp\/v2\/users\/6"}],"replies":[{"embeddable":true,"href":"https:\/\/ambottawa.esteri.it\/fr\/wp-json\/wp\/v2\/comments?post=515"}],"version-history":[{"count":0,"href":"https:\/\/ambottawa.esteri.it\/fr\/wp-json\/wp\/v2\/pages\/515\/revisions"}],"up":[{"embeddable":true,"href":"https:\/\/ambottawa.esteri.it\/fr\/wp-json\/wp\/v2\/pages\/140"}],"wp:attachment":[{"href":"https:\/\/ambottawa.esteri.it\/fr\/wp-json\/wp\/v2\/media?parent=515"}],"curies":[{"name":"wp","href":"https:\/\/api.w.org\/{rel}","templated":true}]}}