{"id":509,"date":"2022-11-30T19:38:37","date_gmt":"2022-11-30T18:38:37","guid":{"rendered":"https:\/\/ambottawa.esteri.it\/italia-e-canada\/diplomazia-culturale\/le-scuole-e-le-universita-in-italia\/"},"modified":"2026-03-20T23:09:10","modified_gmt":"2026-03-20T22:09:10","slug":"le-scuole-e-le-universita-in-italia","status":"publish","type":"page","link":"https:\/\/ambottawa.esteri.it\/fr\/italia-e-canada\/diplomazia-culturale\/le-scuole-e-le-universita-in-italia\/","title":{"rendered":"Les \u00e9coles et les universit\u00e9s en Italie"},"content":{"rendered":"<p>Le Minist\u00e8re de l&rsquo;Education, de l&rsquo;Universit\u00e9 et de la Recherche (MIUR) tient constamment \u00e0 jour sur son site officiel une liste compl\u00e8te de toutes les\u00a0<a href=\"https:\/\/dati.istruzione.it\/opendata\/opendata\/catalogo\/elements1\/leaf\/?area=Scuole&amp;datasetId=DS0400SCUANAGRAFESTAT\">\u00c9coles primaires, Coll\u00e8ges et Lyc\u00e9es publics<\/a>, et des\u00a0<a href=\"https:\/\/dati.istruzione.it\/opendata\/opendata\/catalogo\/elements1\/leaf\/?area=Scuole&amp;datasetId=DS0410SCUANAGRAFEPAR\">\u00c9coles primaires, Coll\u00e8ges et Lyc\u00e9es priv\u00e9s italiens<\/a>.<\/p>\n<p>Le site suivant: <a href=\"https:\/\/www.universitaly.it\/studenti-stranieri\">universitaly.it\/studenti-stranieri<\/a>\u00a0fournit des renseignements sur les proc\u00e9dures et les formulaires n\u00e9cessaires aux \u00e9tudiants \u00e9trangers pour acc\u00e9der aux cours universitaires en Italie.<\/p>\n<p>&nbsp;<\/p>\n<p><strong>COURS D&rsquo;ITALIEN OFFERTS EN ITALIE<\/strong><\/p>\n<p><strong>De nombreuses universit\u00e9s dot\u00e9es d&rsquo;un CLA<\/strong> (CENTRO LINGUISTICO DI ATENEO) proposent des cours d&rsquo;italien.<\/p>\n<p><strong>Universit\u00e9 pour \u00e9trangers<\/strong><\/p>\n<p><a href=\"https:\/\/www.unistrapg.it\/\">Universit\u00e9 pour \u00e9trangers de P\u00e9rouse<\/a>: c&rsquo;est la plus ancienne universit\u00e9 italienne destin\u00e9e principalement aux \u00e9tudiants \u00e9trangers. Elle est sp\u00e9cialis\u00e9e dans l&rsquo;enseignement et la diffusion de la langue et de la culture italiennes \u00e0 l&rsquo;\u00e9tranger. L&rsquo;universit\u00e9 est \u00e9galement impliqu\u00e9e dans la formation des professeurs qui enseignent l&rsquo;italien comme langue \u00e9trang\u00e8re.<\/p>\n<p><a href=\"http:\/\/www.unistrasi.it\/\">Universit\u00e9 pour \u00e9trangers de Sienne<\/a>: elle est sp\u00e9cialis\u00e9e dans l&rsquo;enseignement et la diffusion de la langue et de la culture italiennes, dans l&rsquo;\u00e9tude de l&rsquo;italien en contact avec d&rsquo;autres langues et dans la formation de professeurs d&rsquo;italien. Elle organise \u00e9galement des cours de langue et de culture italiennes pour les \u00e9tudiants \u00e9trangers.<\/p>\n<p><strong>Soci\u00e9t\u00e9 Dante Alighieri<\/strong> (<a href=\"http:\/\/ladante.it\">http:\/\/ladante.it<\/a>)<\/p>\n<p style=\"margin: 0cm;\"><strong>&#8211; Rome <a href=\"https:\/\/www.dante.global\/it\/corsi\/corsi-di-italiano-in-aula\/generale\/in-aula\/roma\">Impara l&rsquo;italiano | Societ\u00e0 Dante Alighieri<\/a><\/strong><a href=\"http:\/\/roma.ladante.it\/\"><br \/>\n<\/a><strong>&#8211; Bologne <a href=\"https:\/\/www.dante.global\/it\/corsi\/corsi-di-italiano-in-aula\/generale\/in-aula\/bologna\">Impara l&rsquo;italiano | Societ\u00e0 Dante Alighieri<\/a><\/strong><a href=\"http:\/\/ladante.it\/scuole-di-italiano\/bologna.html\"><br \/>\n<\/a><strong>&#8211; Florence <a href=\"https:\/\/www.dante.global\/it\/corsi\/corsi-di-italiano-in-aula\/generale\/in-aula\/firenze\">Impara l&rsquo;italiano | Societ\u00e0 Dante Alighieri<\/a><\/strong><a href=\"http:\/\/ladante.it\/scuole-di-italiano\/firenze.html\"><br \/>\n<\/a><strong>&#8211; Milan <a href=\"https:\/\/www.dante.global\/it\/corsi\/corsi-di-italiano-in-aula\/generale\/in-aula\/milano\">Impara l&rsquo;italiano | Societ\u00e0 Dante Alighieri<\/a><\/strong><\/p>\n<p style=\"margin: 0cm;\"><strong>&#8211; Turin <a href=\"https:\/\/www.dante.global\/it\/corsi\/corsi-di-italiano-in-aula\/generale\/in-aula\/milano\">Impara l&rsquo;italiano | Societ\u00e0 Dante Alighieri<\/a><\/strong><\/p>\n<p>&nbsp;<\/p>\n<p><strong>\u00c9coles de langues<\/strong><\/p>\n<p>Portail myitalianlanguages <a href=\"https:\/\/www.myitalianlanguageschools.com\/\">myitalianlanguageschools.com<\/a>: pr\u00e9sente plusieurs <strong>\u00e9coles de langue italienne<\/strong>, dans les grandes et petites villes italiennes, en fonction des caract\u00e9ristiques de l&rsquo;\u00e9cole et du type de cours suppl\u00e9mentaires offerts en plus des cours de langue. Il montre les <a href=\"https:\/\/www.myitalianlanguageschools.com\/mappa-regioni.htm\">cartes des \u00e9coles par r\u00e9gion<\/a> et des <a href=\"https:\/\/www.myitalianlanguageschools.com\/video-scuole.htm\">vid\u00e9os des \u00e9coles<\/a>.<\/p>\n<p><a href=\"https:\/\/www.myitalianlanguageschools.com\/imparare-italiano-in-italia.htm\">https:\/\/www.myitalianlanguageschools.com\/imparare-italiano-in-italia.htm<\/a><\/p>\n<p><strong>\u00c9coles associ\u00e9es et reconnues<\/strong><\/p>\n<p>L&rsquo;<strong>ASILS<\/strong> (Association des \u00e9coles d&rsquo;italien comme deuxi\u00e8me langue) regroupe la plupart des \u00e9coles d&rsquo;italien op\u00e9rant dans diverses r\u00e9gions d&rsquo;Italie et vise \u00e0 garantir le s\u00e9rieux et la comp\u00e9tence professionnelle de ces \u00e9coles en ce qui concerne l&rsquo;enseignement et les services fournis aux \u00e9tudiants.<\/p>\n<p><a href=\"https:\/\/www.asils.it\/scuole-sicure-asils\/\">https:\/\/www.asils.it\/scuole-sicure-asils\/<\/a><\/p>\n<p><strong>Italian in Italy<\/strong> (NATIONAL ASSOCIATION OF ITALIAN LANGUAGE AND CULTURE SCHOOLS) est une association d&rsquo;\u00e9coles de langue italienne pour \u00e9trangers op\u00e9rant dans diff\u00e9rentes r\u00e9gions d&rsquo;Italie et vise \u00e0 garantir des normes professionnelles \u00e9lev\u00e9es dans les \u00e9coles membres en ce qui concerne l&rsquo;enseignement et les services fournis aux \u00e9tudiants.<\/p>\n<p><a href=\"https:\/\/www.italianinitaly.org\/\">https:\/\/www.italianinitaly.org\/<\/a><\/p>\n<p>&nbsp;<\/p>\n","protected":false},"excerpt":{"rendered":"Le Minist\u00e8re de l&rsquo;Education, de l&rsquo;Universit\u00e9 et de la Recherche (MIUR) tient constamment \u00e0 jour sur son site officiel une liste compl\u00e8te de toutes les\u00a0\u00c9coles primaires, Coll\u00e8ges et Lyc\u00e9es publics, et des\u00a0\u00c9coles primaires, Coll\u00e8ges et Lyc\u00e9es priv\u00e9s italiens. Le site suivant: universitaly.it\/studenti-stranieri\u00a0fournit des renseignements sur les proc\u00e9dures et les formulaires n\u00e9cessaires aux \u00e9tudiants \u00e9trangers pour [&hellip;]","protected":false},"author":6,"featured_media":0,"parent":140,"menu_order":6,"comment_status":"closed","ping_status":"closed","template":"","meta":{"footnotes":""},"class_list":["post-509","page","type-page","status-publish","hentry"],"_links":{"self":[{"href":"https:\/\/ambottawa.esteri.it\/fr\/wp-json\/wp\/v2\/pages\/509","targetHints":{"allow":["GET"]}}],"collection":[{"href":"https:\/\/ambottawa.esteri.it\/fr\/wp-json\/wp\/v2\/pages"}],"about":[{"href":"https:\/\/ambottawa.esteri.it\/fr\/wp-json\/wp\/v2\/types\/page"}],"author":[{"embeddable":true,"href":"https:\/\/ambottawa.esteri.it\/fr\/wp-json\/wp\/v2\/users\/6"}],"replies":[{"embeddable":true,"href":"https:\/\/ambottawa.esteri.it\/fr\/wp-json\/wp\/v2\/comments?post=509"}],"version-history":[{"count":3,"href":"https:\/\/ambottawa.esteri.it\/fr\/wp-json\/wp\/v2\/pages\/509\/revisions"}],"predecessor-version":[{"id":9416,"href":"https:\/\/ambottawa.esteri.it\/fr\/wp-json\/wp\/v2\/pages\/509\/revisions\/9416"}],"up":[{"embeddable":true,"href":"https:\/\/ambottawa.esteri.it\/fr\/wp-json\/wp\/v2\/pages\/140"}],"wp:attachment":[{"href":"https:\/\/ambottawa.esteri.it\/fr\/wp-json\/wp\/v2\/media?parent=509"}],"curies":[{"name":"wp","href":"https:\/\/api.w.org\/{rel}","templated":true}]}}