{"id":502,"date":"2022-11-30T19:33:29","date_gmt":"2022-11-30T18:33:29","guid":{"rendered":"https:\/\/ambottawa.esteri.it\/italia-e-canada\/diplomazia-culturale\/borse-di-studio\/"},"modified":"2024-07-03T00:13:01","modified_gmt":"2024-07-02T22:13:01","slug":"borse-di-studio","status":"publish","type":"page","link":"https:\/\/ambottawa.esteri.it\/fr\/italia-e-canada\/diplomazia-culturale\/borse-di-studio\/","title":{"rendered":"Bourses d\u2019\u00e9tudes"},"content":{"rendered":"<p>Gr\u00e2ce au programme culturel bilat\u00e9ral sign\u00e9 \u00e0 Rome en 2000, le gouvernement italien offre chaque ann\u00e9e aux citoyens canadiens un nombre limit\u00e9 de bourses pour des cours de ma\u00eetrise, de formation sup\u00e9rieure artistique, musicale et de danse (AFAM) de doctorats de recherche et de projets d\u2019\u00e9tude en cotutelle.<\/p>\n<p>Pour voir les bourses offertes par les universit\u00e9s italiennes cliquez\u00a0<strong><a href=\"https:\/\/www.esteri.it\/en\/opportunita\/borse-di-studio\/per-cittadini-stranieri\/borse-di-studio-offerte-dalle-universita\/\">ici.<\/a><\/strong><\/p>\n","protected":false},"excerpt":{"rendered":"Gr\u00e2ce au programme culturel bilat\u00e9ral sign\u00e9 \u00e0 Rome en 2000, le gouvernement italien offre chaque ann\u00e9e aux citoyens canadiens un nombre limit\u00e9 de bourses pour des cours de ma\u00eetrise, de formation sup\u00e9rieure artistique, musicale et de danse (AFAM) de doctorats de recherche et de projets d\u2019\u00e9tude en cotutelle. Pour voir les bourses offertes par les [&hellip;]","protected":false},"author":6,"featured_media":0,"parent":140,"menu_order":5,"comment_status":"closed","ping_status":"closed","template":"","meta":{"footnotes":""},"class_list":["post-502","page","type-page","status-publish","hentry"],"_links":{"self":[{"href":"https:\/\/ambottawa.esteri.it\/fr\/wp-json\/wp\/v2\/pages\/502","targetHints":{"allow":["GET"]}}],"collection":[{"href":"https:\/\/ambottawa.esteri.it\/fr\/wp-json\/wp\/v2\/pages"}],"about":[{"href":"https:\/\/ambottawa.esteri.it\/fr\/wp-json\/wp\/v2\/types\/page"}],"author":[{"embeddable":true,"href":"https:\/\/ambottawa.esteri.it\/fr\/wp-json\/wp\/v2\/users\/6"}],"replies":[{"embeddable":true,"href":"https:\/\/ambottawa.esteri.it\/fr\/wp-json\/wp\/v2\/comments?post=502"}],"version-history":[{"count":1,"href":"https:\/\/ambottawa.esteri.it\/fr\/wp-json\/wp\/v2\/pages\/502\/revisions"}],"predecessor-version":[{"id":4787,"href":"https:\/\/ambottawa.esteri.it\/fr\/wp-json\/wp\/v2\/pages\/502\/revisions\/4787"}],"up":[{"embeddable":true,"href":"https:\/\/ambottawa.esteri.it\/fr\/wp-json\/wp\/v2\/pages\/140"}],"wp:attachment":[{"href":"https:\/\/ambottawa.esteri.it\/fr\/wp-json\/wp\/v2\/media?parent=502"}],"curies":[{"name":"wp","href":"https:\/\/api.w.org\/{rel}","templated":true}]}}