{"id":494,"date":"2022-11-30T19:25:52","date_gmt":"2022-11-30T18:25:52","guid":{"rendered":"https:\/\/ambottawa.esteri.it\/italia-e-canada\/diplomazia-culturale\/corsi-di-lingua\/"},"modified":"2025-02-19T20:58:07","modified_gmt":"2025-02-19T19:58:07","slug":"corsi-di-lingua","status":"publish","type":"page","link":"https:\/\/ambottawa.esteri.it\/fr\/italia-e-canada\/diplomazia-culturale\/corsi-di-lingua\/","title":{"rendered":"Cours de langue"},"content":{"rendered":"<p class=\"boxLevel03\">Pour ceux qui sont \u00e0 Ottawa et d\u00e9sirent apprendre l&rsquo;italien, il y a une vari\u00e9t\u00e9 de possibilit\u00e9s. Plusieurs institutions et associations offrent un grand nombre de cours de langue, tant pour les enfants que pour les adultes, avec ou sans cr\u00e9dits, pour tous les niveaux de connaissances.<\/p>\n<p>Vous trouverez ci-dessous une liste d\u00e9taill\u00e9e, mais non exhaustive, des cours d&rsquo;italien et des institutions qui les offrent. Pour des informations plus pr\u00e9cises, nous vous recommandons de consulter les sites internet des \u00e9coles m\u00eames.<\/p>\n<p>&nbsp;<\/p>\n<p><strong>COURS D\u2019ITALIEN<\/strong><\/p>\n<p><strong>Carleton University<\/strong><\/p>\n<p>1125 Colonel By Drive, Ottawa (ON), K1S 5B6<\/p>\n<p>Tel.: 613-520-2600<\/p>\n<p><a href=\"https:\/\/carleton.ca\/\">https:\/\/carleton.ca\/<\/a><\/p>\n<ul>\n<li><a href=\"https:\/\/calendar.carleton.ca\/undergrad\/courses\/ITAL\/\"><strong>School of Linguistics and Language Studies (Faculty of Arts and Social Sciences) \u2013 Undergraduate Program<\/strong><\/a><\/li>\n<\/ul>\n<p>Cours de langue pour les \u00e9tudiants universitaires des facult\u00e9s des arts et des sciences sociales de l&rsquo;Universit\u00e9 Carleton, du niveau d\u00e9butant au niveau avanc\u00e9.<\/p>\n<p>Reconnaissance des cr\u00e9dits: 0.5\/1 cr\u00e9dit<\/p>\n<p>&nbsp;<\/p>\n<p><strong>Centre de formation pour les jeunes italo-canadiens<\/strong><\/p>\n<p>14 Four Seasons Drive, Ottawa (ON), K2E 7P8<\/p>\n<p>Tel.: 613-290-0983<\/p>\n<p><a href=\"https:\/\/www.ottawaitalianschool.org\/\">http:\/\/ottawaitalianschool.org\/<\/a><\/p>\n<ul>\n<li><a href=\"https:\/\/www.ottawaitalianschool.org\/programma-elementare\"><strong>International Languages Program \u2013 Elementary<\/strong><\/a><\/li>\n<\/ul>\n<p>Cours de langue italienne pour les enfants de la premi\u00e8re ann\u00e9e de maternelle \u00e0 la 8\u00e8me ann\u00e9e.<\/p>\n<p>Reconnaissance des cr\u00e9dits: NO<\/p>\n<ul>\n<li><a href=\"https:\/\/www.ottawaitalianschool.org\/programs-element\"><strong>Summer Camp<\/strong><\/a><\/li>\n<li><a href=\"https:\/\/www.ottawaitalianschool.org\/programma-per-adulti\"><strong>Adult Courses<\/strong><\/a><\/li>\n<\/ul>\n<p>Cours disponibles par niveau D\u00e9butant\/Interm\u00e9diaire\/Avanc\u00e9<\/p>\n<p>Reconnaissance des cr\u00e9dits: NO<\/p>\n<p>&nbsp;<\/p>\n<p><strong>\u00c9ducation Permanente<\/strong><\/p>\n<p>181 Donald Street, Ottawa (ON), K1K 1N1<\/p>\n<p>Tel.: 613-741-2304<\/p>\n<p><a href=\"https:\/\/educationpermanente.ca\/en\/home\/\">https:\/\/educationpermanente.ca\/en\/home\/<\/a><\/p>\n<ul>\n<li><a href=\"https:\/\/educationpermanente.ca\/en\/general-information-international-language-program\/\"><strong>International Languages Program (Elementary)<\/strong><\/a><\/li>\n<\/ul>\n<p>Cours de langue italienne pour les enfants de la premi\u00e8re ann\u00e9e de maternelle \u00e0 la 8\u00e8me ann\u00e9e.<\/p>\n<p>Reconnaissance des cr\u00e9dits: NO<\/p>\n<ul>\n<li><strong><a href=\"https:\/\/educationpermanente.ca\/en\/general-information-international-language-program\/\">International Languages Program (Secondary)<\/a><\/strong><\/li>\n<\/ul>\n<p>Cours de langues pour les lyc\u00e9ens.<\/p>\n<p>Reconnaissance des cr\u00e9dits: OUI<\/p>\n<p>&nbsp;<\/p>\n<p><strong>OCSB Frank Ryan School<\/strong><\/p>\n<p>128 Chesterton Dr, Nepean, ON K2E 5T8, Canada<\/p>\n<p>Tel.: 613-224-8833<\/p>\n<p><a href=\"http:\/\/rya.ocsb.ca\/our-school\">http:\/\/rya.ocsb.ca\/<\/a><\/p>\n<ul>\n<li><strong><a href=\"https:\/\/conted.ocsb.ca\/elementary\/international-languages-elementary\/\">International Langauges Program (Elementary)<\/a><\/strong><\/li>\n<\/ul>\n<p>Cours de langue italienne pour les enfants de la premi\u00e8re ann\u00e9e de maternelle \u00e0 la 8\u00e8me ann\u00e9e.<\/p>\n<p>Reconnaissance des cr\u00e9dits: NO<\/p>\n<ul>\n<li><a href=\"https:\/\/conted.ocsb.ca\/secondary\/international-languages-credit-program\/\"><strong>International Languages Program (Secondary)<\/strong><\/a><\/li>\n<\/ul>\n<p>Cours de langues pour adultes et lyc\u00e9ens.<\/p>\n<p>Reconnaissance des cr\u00e9dits : OUI, au moins 1 cr\u00e9dit<\/p>\n<p>&nbsp;<\/p>\n<p><strong>OCSB\u00a0St Elizabeth School<\/strong><\/p>\n<p>1366 Coldrey Avenue, Ottawa (ON), K1Z 7P5<\/p>\n<p>Tel.: 613-728-4744<\/p>\n<p><a href=\"https:\/\/sel.ocsb.ca\/\">http:\/\/sel.ocsb.ca\/our-school<\/a><\/p>\n<ul>\n<li><strong><a href=\"http:\/\/conted.ocsb.ca\/summer\/international-languages-summer-elementary-program\">International Languages &#8211; Summer Elementary Program<\/a><\/strong><\/li>\n<\/ul>\n<p>Cours de langue d&rsquo;\u00e9t\u00e9 de 5 semaines pour les enfants de la premi\u00e8re ann\u00e9e de maternelle \u00e0 la 8e ann\u00e9e.<\/p>\n<p>&nbsp;<\/p>\n<p><strong>RETRAITE En Action<\/strong><\/p>\n<p>40, rue Cobourg, Ottawa (ON), K1N 8Z6<\/p>\n<p>Tel.: 613-860-1099<\/p>\n<p><a href=\"http:\/\/www.retraiteenaction.ca\/\">www.retraiteenaction.ca<\/a><\/p>\n<p>Offre p\u00e9riodiquement des cours d&rsquo;italien en langue fran\u00e7aise.<\/p>\n<p>Reconnaissance des cr\u00e9dits: NO<\/p>\n<p>&nbsp;<\/p>\n<p><strong>Societ\u00e0 Dante Alighieri Ottawa<\/strong><\/p>\n<p>1026 Baseline Rd., Ottawa (ON), K2C 0A6<\/p>\n<p><a href=\"https:\/\/www.danteottawa.ca\/\">www.danteottawa.ca<\/a><\/p>\n<ul>\n<li><strong><a href=\"https:\/\/www.danteottawa.ca\/activities\/caffe-letterario\/\">Caf\u00e9 litt\u00e9raire<\/a><\/strong><\/li>\n<\/ul>\n<ul>\n<li><a href=\"https:\/\/www.danteottawa.ca\/activities\/conversazione\/\"><strong>Rencontres de conversation en italien<\/strong><\/a><\/li>\n<\/ul>\n<ul>\n<li><a href=\"https:\/\/www.danteottawa.ca\/activities\/cinema-dante\/\"><strong>Cin\u00e9ma en langue italienne<\/strong><\/a><\/li>\n<\/ul>\n<p>&nbsp;<\/p>\n<p><strong>University Of Ottawa<\/strong><\/p>\n<p>UOttawa &#8211; D\u00e9partement des langues et litt\u00e9ratures modernes.<\/p>\n<p>Hamelin Hall, 2nd \u00e9tage, 70 Laurier Ave. East, Ottawa (ON), K1N 6N5<\/p>\n<p>Tel.: 613-562-5715<\/p>\n<p><a href=\"https:\/\/arts.uottawa.ca\/modernlanguages\/\">https:\/\/arts.uottawa.ca\/modernlanguages\/<\/a><\/p>\n<ul>\n<li><a href=\"https:\/\/arts.uottawa.ca\/modernlanguages\/languages\/italian\"><strong>Italian Language and Culture \u2013 Department of Modern Languages and Literatures<\/strong><\/a><\/li>\n<\/ul>\n<p>Cours de langues pour les \u00e9tudiants universitaires de l&rsquo;Universit\u00e9 d&rsquo;Ottawa.<\/p>\n<p>L&rsquo;Universit\u00e9 organise \u00e9galement des cours de cin\u00e9ma, de culture et de litt\u00e9ratures italiens.<\/p>\n<p>Reconnaissance des cr\u00e9dits: 3 cr\u00e9dits<\/p>\n<p>N.B.: tous les cours de langues commencent d\u00e8s qu&rsquo;un nombre minimum de participants est atteint.<\/p>\n<p>&nbsp;<\/p>\n<p><strong>CENTRES DE CERTIFICATION DE LANGUE ITALIENNE AU CANADA<\/strong><\/p>\n<p><strong>CERTIFICATION CILS UNISTRA SIENA<\/strong><\/p>\n<ul>\n<li><strong>CALGARY<\/strong>, ALBERTA: Universit\u00e9 de Calgary, D\u00e9partement de fran\u00e7ais, italien et espagnol, tel. +1 403-220-5300<\/li>\n<li><strong>MONTREAL<\/strong>, QUEBEC: Institut Culturel italien, tel. +1 514-8493473<\/li>\n<li><strong>TORONTO<\/strong>, ONTARIO: Institut Culturel italien, tel. +1-416-9213802<\/li>\n<li><strong>VANCOUVER<\/strong>, BRITISH COLUMBIA: \u00c9cole de langue italienne, tel. +1 (604) 682-1410<\/li>\n<\/ul>\n<p><strong>CERTIFICATION CELI UNISTRA PERUGIA\/UNIVERSITA&rsquo; ROMA 3<\/strong><\/p>\n<p>AUCUNE<\/p>\n<p><strong>CERTIFICATION PLIDA<\/strong><\/p>\n<p><strong>QU\u00c9BEC<\/strong>: <strong>Comit\u00e9 DANTE, <\/strong>Responsable PLIDA: Emile Knystautas, tel. 1-418 &#8211; 656-2131\/6658<\/p>\n<p><strong>VANCOUVER<\/strong>: <strong>Comit\u00e9 <\/strong><strong>DANTE: <\/strong>Responsable PLIDA: Monica Liscio, monica.liscio@ubc.ca, tel. 1-778-893-1729<\/p>\n<p>&nbsp;<\/p>\n","protected":false},"excerpt":{"rendered":"Pour ceux qui sont \u00e0 Ottawa et d\u00e9sirent apprendre l&rsquo;italien, il y a une vari\u00e9t\u00e9 de possibilit\u00e9s. Plusieurs institutions et associations offrent un grand nombre de cours de langue, tant pour les enfants que pour les adultes, avec ou sans cr\u00e9dits, pour tous les niveaux de connaissances. Vous trouverez ci-dessous une liste d\u00e9taill\u00e9e, mais non [&hellip;]","protected":false},"author":6,"featured_media":0,"parent":140,"menu_order":4,"comment_status":"closed","ping_status":"closed","template":"","meta":{"footnotes":""},"class_list":["post-494","page","type-page","status-publish","hentry"],"_links":{"self":[{"href":"https:\/\/ambottawa.esteri.it\/fr\/wp-json\/wp\/v2\/pages\/494","targetHints":{"allow":["GET"]}}],"collection":[{"href":"https:\/\/ambottawa.esteri.it\/fr\/wp-json\/wp\/v2\/pages"}],"about":[{"href":"https:\/\/ambottawa.esteri.it\/fr\/wp-json\/wp\/v2\/types\/page"}],"author":[{"embeddable":true,"href":"https:\/\/ambottawa.esteri.it\/fr\/wp-json\/wp\/v2\/users\/6"}],"replies":[{"embeddable":true,"href":"https:\/\/ambottawa.esteri.it\/fr\/wp-json\/wp\/v2\/comments?post=494"}],"version-history":[{"count":2,"href":"https:\/\/ambottawa.esteri.it\/fr\/wp-json\/wp\/v2\/pages\/494\/revisions"}],"predecessor-version":[{"id":6139,"href":"https:\/\/ambottawa.esteri.it\/fr\/wp-json\/wp\/v2\/pages\/494\/revisions\/6139"}],"up":[{"embeddable":true,"href":"https:\/\/ambottawa.esteri.it\/fr\/wp-json\/wp\/v2\/pages\/140"}],"wp:attachment":[{"href":"https:\/\/ambottawa.esteri.it\/fr\/wp-json\/wp\/v2\/media?parent=494"}],"curies":[{"name":"wp","href":"https:\/\/api.w.org\/{rel}","templated":true}]}}