{"id":485,"date":"2022-11-30T18:56:43","date_gmt":"2022-11-30T17:56:43","guid":{"rendered":"https:\/\/ambottawa.esteri.it\/italia-e-canada\/diplomazia-culturale\/luniversita-in-canada\/"},"modified":"2026-03-24T20:25:07","modified_gmt":"2026-03-24T19:25:07","slug":"luniversita-in-canada","status":"publish","type":"page","link":"https:\/\/ambottawa.esteri.it\/fr\/italia-e-canada\/diplomazia-culturale\/luniversita-in-canada\/","title":{"rendered":"L\u2019universit\u00e9 au Canada"},"content":{"rendered":"<p>Aupr\u00e8s du site internet de l<strong>&lsquo;<a href=\"https:\/\/www.postgraduatefunding.com\/provider-159\">Association des universit\u00e9s et coll\u00e8ges du Canada<\/a><\/strong>\u00a0vous pouvez trouver les renseignements utiles sur les structures, les services et les programmes acad\u00e9miques offerts par les diff\u00e9rentes universit\u00e9s canadiennes.<\/p>\n<p><strong>Vacances d&rsquo;\u00e9tudes Italie\/Canada<\/strong><\/p>\n<p>Cette liste est non exhaustive et purement indicative des associations engag\u00e9es, en Italie et au Canada, dans l&rsquo;organisation de la scolarisation des lyc\u00e9ens italiens au Canada. Certaines sont reconnues par le MUR, d&rsquo;autres sont certifi\u00e9es UNI EN ISO 9001.<\/p>\n<p><span style=\"text-decoration: underline;\">Il incombe aux familles de se renseigner sur les organisations susmentionn\u00e9es, de les s\u00e9lectionner et de les contacter.<\/span><\/p>\n<p>Pour consulter la liste, cliquez <a href=\"https:\/\/ambottawa.esteri.it\/wp-content\/uploads\/2026\/03\/Tabella-Periodi-allEsteroREV.pdf\">ici<\/a>.<\/p>\n","protected":false},"excerpt":{"rendered":"Aupr\u00e8s du site internet de l&lsquo;Association des universit\u00e9s et coll\u00e8ges du Canada\u00a0vous pouvez trouver les renseignements utiles sur les structures, les services et les programmes acad\u00e9miques offerts par les diff\u00e9rentes universit\u00e9s canadiennes. Vacances d&rsquo;\u00e9tudes Italie\/Canada Cette liste est non exhaustive et purement indicative des associations engag\u00e9es, en Italie et au Canada, dans l&rsquo;organisation de la [&hellip;]","protected":false},"author":6,"featured_media":0,"parent":140,"menu_order":3,"comment_status":"closed","ping_status":"closed","template":"","meta":{"footnotes":""},"class_list":["post-485","page","type-page","status-publish","hentry"],"_links":{"self":[{"href":"https:\/\/ambottawa.esteri.it\/fr\/wp-json\/wp\/v2\/pages\/485","targetHints":{"allow":["GET"]}}],"collection":[{"href":"https:\/\/ambottawa.esteri.it\/fr\/wp-json\/wp\/v2\/pages"}],"about":[{"href":"https:\/\/ambottawa.esteri.it\/fr\/wp-json\/wp\/v2\/types\/page"}],"author":[{"embeddable":true,"href":"https:\/\/ambottawa.esteri.it\/fr\/wp-json\/wp\/v2\/users\/6"}],"replies":[{"embeddable":true,"href":"https:\/\/ambottawa.esteri.it\/fr\/wp-json\/wp\/v2\/comments?post=485"}],"version-history":[{"count":1,"href":"https:\/\/ambottawa.esteri.it\/fr\/wp-json\/wp\/v2\/pages\/485\/revisions"}],"predecessor-version":[{"id":9436,"href":"https:\/\/ambottawa.esteri.it\/fr\/wp-json\/wp\/v2\/pages\/485\/revisions\/9436"}],"up":[{"embeddable":true,"href":"https:\/\/ambottawa.esteri.it\/fr\/wp-json\/wp\/v2\/pages\/140"}],"wp:attachment":[{"href":"https:\/\/ambottawa.esteri.it\/fr\/wp-json\/wp\/v2\/media?parent=485"}],"curies":[{"name":"wp","href":"https:\/\/api.w.org\/{rel}","templated":true}]}}