{"id":476,"date":"2022-11-30T18:48:40","date_gmt":"2022-11-30T17:48:40","guid":{"rendered":"https:\/\/ambottawa.esteri.it\/italia-e-canada\/diplomazia-culturale\/litaliano-in-canada\/"},"modified":"2026-04-02T22:34:49","modified_gmt":"2026-04-02T20:34:49","slug":"litaliano-in-canada","status":"publish","type":"page","link":"https:\/\/ambottawa.esteri.it\/fr\/italia-e-canada\/diplomazia-culturale\/litaliano-in-canada\/","title":{"rendered":"L\u2019italien au Canada"},"content":{"rendered":"<p><strong>L\u2019italien au Canada et dans les universit\u00e9s canadiennes<\/strong><\/p>\n<p>Selon le dernier recensement du Gouvernement canadien en 2021, environ 319,505 personnes au Canada sont de langue maternelle italienne.<\/p>\n<p>G\u00e9n\u00e9ralement, l&rsquo;\u00e9tude de l&rsquo;italien dans les \u00e9coles et les universit\u00e9s canadiennes est plus r\u00e9pandue dans les zones o\u00f9 il y a une pr\u00e9sence importante de communaut\u00e9s italiennes. De plus, il est souvent inclus dans diff\u00e9rents programmes scolaires gr\u00e2ce \u00e0 des accords sp\u00e9cifiques avec les autorit\u00e9s provinciales.<\/p>\n<p>En outre, dans plusieurs universit\u00e9s de la Nouvelle-\u00c9cosse, du Qu\u00e9bec, de l&rsquo;Ontario, du Manitoba, de l&rsquo;Alberta et de la Colombie-Britannique on peut trouver des d\u00e9partements d&rsquo;italien qui offrent des cours sp\u00e9cifiques mais aussi des programmes de base de l\u2019enseignement de la langue, dont certains pour les adultes dans une perspective d\u2019\u00e9ducation permanente, un processus d&rsquo;apprentissage continu qui touche toute la vie d&rsquo;un individu.<\/p>\n<p>Dans le programme plus g\u00e9n\u00e9ral de la \u00ab\u00a0Promotion du Sistema Italia\u00a0\u00bb, la valorisation et la diffusion de la langue et de la culture italiennes dans le monde est une des cinq zones de l&rsquo;action prioritaire. Ce programme inclut des figures professionnelles nomm\u00e9es par le Minist\u00e8re des Affaires Etrang\u00e8res et de la Coop\u00e9ration Internationale (MAECI), des \u00e9ducateurs et \u00e9ducatrices en Italie qui sont envoy\u00e9s dans de nombreux pays du monde comme directeurs acad\u00e9miques, cadres administratifs, enseignants des \u00e9coles italiennes \u00e0 l&rsquo;\u00e9tranger ou lecteurs. Actuellement, au Canada, il y a deux professeures, une \u00e0 l&rsquo;Universit\u00e9 Carleton \u00e0 Ottawa et l&rsquo;autre \u00e0 l&rsquo;Universit\u00e9 de la Colombie-Britannique \u00e0 Vancouver, tandis qu&rsquo;\u00e0 Toronto et Vancouver il y a deux directeurs acad\u00e9miques, auxquels s\u2019ajoutera bient\u00f4t un autre \u00e0 Montr\u00e9al.<\/p>\n<p>La liste qui suit des d\u00e9partements ou des programmes d\u2019\u00e9tudes italiennes dans les universit\u00e9s canadiennes est tir\u00e9e de\u00a0<a href=\"https:\/\/www.universitystudy.ca\/search-programs\/\"><strong>Universitystudy.ca<\/strong><\/a>; pour de plus amples d\u00e9tails, veuillez consulter les sites web respectifs:<\/p>\n<p>1.<strong>\u00a0Alberta<\/strong><\/p>\n<ul>\n<li><strong>University of Calgary<\/strong>, Italian Studies, Faculty of Arts, Department of French, Italian and Spanish &#8211; Bachelor of Arts and Minor, undergraduate studies<\/li>\n<li><strong>University of Alberta<\/strong>, Italian Studies, Faculty of Arts, Department of Modern Languages and Cultural Studies &#8211; Minor, undergraduate studies<\/li>\n<\/ul>\n<p>2.<strong>\u00a0British Columbia<\/strong><\/p>\n<ul>\n<li><strong>University of Victoria<\/strong>, Hispanic and Italian Studies, Faculty of Humanities, Department of Hispanic and Italian Studies &#8211; Bachelor of Arts and Major, undergraduate studies<\/li>\n<li><strong>University of British Columbia<\/strong>, Italian Studies, Faculty of Arts, Department of French, Hispanic and Italian Studies &#8211; Bachelor of Arts and Minor, undergraduate studies<\/li>\n<li><strong>Simon Fraser University<\/strong>, Italian Studies, Faculty of Arts and Social Sciences, Department of World Languages and Literatures &#8211; Minor and Certificate, undergraduate studies<\/li>\n<\/ul>\n<p>3.\u00a0<strong>Manitoba<\/strong><\/p>\n<ul>\n<li><strong>University of Manitoba<\/strong>, Italian, Faculty of Arts, Department of French, Spanish and Italian &#8211; Bachelor of Arts and Minor, undergraduate studies<\/li>\n<li><strong>University of Winnipeg<\/strong>, Italian Studies, Faculty of Arts, Department of Modern Languages and Literatures<\/li>\n<\/ul>\n<p>4.\u00a0<strong>New Brunswick<\/strong><\/p>\n<ul>\n<li><strong>Universit\u00e9 de St. Thomas,<\/strong> Italian, Faculty of Humanities, Department of Romance Languages &#8211; Minor, undergraduate studies<\/li>\n<\/ul>\n<p>5. <strong>Newfoundland<\/strong><\/p>\n<ul>\n<li><strong>Memorial University of Newfoundland,\u00a0<\/strong>Italian, Faculty of Humanities and Social Sciences, Department of Modern Languages, Literatures and Cultures &#8211; Undergraduate studies<\/li>\n<\/ul>\n<p>6. <strong>Nova Scotia<\/strong><\/p>\n<ul>\n<li><strong>Dalhousie University<\/strong>, Italian Studies, Faculty of Arts and Social Sciences &#8211; Minor, undergraduate studies<\/li>\n<\/ul>\n<p>7. <strong>Ontario<\/strong><\/p>\n<ul>\n<li><strong>Brock University<\/strong>, Italian Studies, Faculty of Humanities, Department of Modern Languages, Literatures and Cultures &#8211; Bachelor of Arts and Minor, undergraduate studies<\/li>\n<li><strong>Carleton University<\/strong>, Italian, Faculty of Arts and Social Sciences, School of Linguistics and Language Studies &#8211; Minor, undergraduate studies<\/li>\n<li><strong>Queen&rsquo;s University<\/strong>, Italian, Faculty of Arts and Science, Department of Spanish and Italian Languages and Literature &#8211; Minor and Certificate, undergraduate studies<\/li>\n<li><strong>McMaster University<\/strong>, Italian Studies, Faculty of Humanities, Department of Linguistics and Languages &#8211; Minor, undergraduate studies<\/li>\n<li><strong>St. Jerome&rsquo;s University<\/strong>, Italian Language, Department of Italian and French Studies &#8211; Bachelor of Arts, undergraduate studies<\/li>\n<li><strong>University of Toronto<\/strong>, Italian Studies, Faculty of Arts and Science, Department of Italian Studies &#8211; Bachelor of Arts, undergraduate studies &amp; Master of Arts, graduate studies &amp; Doctor of Philosophy, graduate studies \/ Italian Second Language Learning, Faculty of Arts and Science, Department of Italian Studies &#8211; Bachelor of Arts, undergraduate studies \/ Italian, School of Continuing Studies &#8211; Certificate, undergraduate studies<\/li>\n<li><strong>University of Toronto \u2013 Mississauga<\/strong>, Italian Language Teaching and Learning, Department of Language Studies &#8211; Bachelor of Arts, undergraduate studies &amp; Master of Arts, graduate studies<\/li>\n<li><strong>University of Ottawa<\/strong>, Italian Language and Culture, Faculty of Arts, Department of Modern Languages and Literature &#8211; Minor, undergraduate studies<\/li>\n<li><strong>University of Guelph<\/strong>, Italian, College of Arts, School of Languages and Literatures &#8211; Minor, undergraduate studies<\/li>\n<li><strong>University of Waterloo<\/strong>, Italian Studies, Faculty of Arts, Department of Italian Studies &#8211; Minor, undergraduate studies \/ Italian Language, Faculty of Arts, Department of Italian Studies &#8211; Concentration, undergraduate studies<\/li>\n<li><strong>University of Western Ontario<\/strong>, Italian Studies, Faculty of Arts and Humanities, Department of Modern Languages and Literatures &#8211; Bachelor of Arts, Minor and\u00a0Certificate, undergraduate studies<\/li>\n<li><strong>University of Windsor<\/strong>, Italian and German, Faculty of Arts and Social Sciences, Department of Languages, Literatures and Cultures &#8211; Bachelor of Arts, undergraduate studies<\/li>\n<li><strong>Wilfrid Laurier University<\/strong>, Italian, Faculty of Arts, Department of Languages and Literatures &#8211; Minor, undergraduate studies<\/li>\n<li><strong>York University<\/strong>, Italian, Faculty of Liberal Arts and Professional Studies, Department of Languages, Literatures, and Linguistics &#8211; Certificate, International Bachelor of Arts and Bachelor of Arts, undergraduate studies<\/li>\n<\/ul>\n<p>8. <strong>Qu\u00e9bec<\/strong><\/p>\n<ul>\n<li><strong>Concordia University<\/strong>, Italian, Faculty of Arts and Science, Department of Classics, Modern Languages and Linguistics &#8211; Bachelor of Arts and Minor, undergraduate studies<\/li>\n<li><strong>McGill University<\/strong>, Italian Studies, Faculty of Arts, Department of Italian Studies &#8211; Bachelor of Arts, undergraduate studies &amp; Master of Arts, graduate studies &amp; Doctor of Philosophy, graduate studies<\/li>\n<li><strong>Universit\u00e9 Laval<\/strong>, Langue italienne, Facult\u00e9 des lettres et des sciences humaines, D\u00e9partement de langues, linguistique et traduction &#8211; Microprogramme et Certification PLIDA (Progetto Lingua Italiana Dante Alighieri)<\/li>\n<li><strong>Universit\u00e9 de Montr\u00e9al<\/strong>, Langue et culture italiennes, Facult\u00e9 des arts et des sciences, D\u00e9partement de litt\u00e9ratures et de langues du monde &#8211; Microprogramme<\/li>\n<li><strong>UQAM,<\/strong> Langue italienne, Facult\u00e9 de communication, \u00c9cole de langues &#8211; Microprogramme et Majeure<\/li>\n<\/ul>\n<p>&nbsp;<\/p>\n<p>&nbsp;<\/p>\n<p><strong>Sections italiennes dans les \u00e9coles:<\/strong><\/p>\n<p>TORONTO<\/p>\n<p><strong>Institut Leonardo Da Vinci Acad\u00e9mie<\/strong><\/p>\n<p>Programmes acad\u00e9miques : asile, maternelle et \u00e9cole primaire.<\/p>\n<p>Adresse : 100 Allanhurst Drive, Toronto, Ontario, Canada, M9A 4K4<\/p>\n<p>T\u00e9l\u00e9phone : +1 416-247-6137<\/p>\n<p>Email :\u00a0<a href=\"mailto:ldva@ldva.on.ca\">ldva@ldva.on.ca<\/a><\/p>\n","protected":false},"excerpt":{"rendered":"L\u2019italien au Canada et dans les universit\u00e9s canadiennes Selon le dernier recensement du Gouvernement canadien en 2021, environ 319,505 personnes au Canada sont de langue maternelle italienne. G\u00e9n\u00e9ralement, l&rsquo;\u00e9tude de l&rsquo;italien dans les \u00e9coles et les universit\u00e9s canadiennes est plus r\u00e9pandue dans les zones o\u00f9 il y a une pr\u00e9sence importante de communaut\u00e9s italiennes. De [&hellip;]","protected":false},"author":6,"featured_media":0,"parent":140,"menu_order":2,"comment_status":"closed","ping_status":"closed","template":"","meta":{"footnotes":""},"class_list":["post-476","page","type-page","status-publish","hentry"],"_links":{"self":[{"href":"https:\/\/ambottawa.esteri.it\/fr\/wp-json\/wp\/v2\/pages\/476","targetHints":{"allow":["GET"]}}],"collection":[{"href":"https:\/\/ambottawa.esteri.it\/fr\/wp-json\/wp\/v2\/pages"}],"about":[{"href":"https:\/\/ambottawa.esteri.it\/fr\/wp-json\/wp\/v2\/types\/page"}],"author":[{"embeddable":true,"href":"https:\/\/ambottawa.esteri.it\/fr\/wp-json\/wp\/v2\/users\/6"}],"replies":[{"embeddable":true,"href":"https:\/\/ambottawa.esteri.it\/fr\/wp-json\/wp\/v2\/comments?post=476"}],"version-history":[{"count":7,"href":"https:\/\/ambottawa.esteri.it\/fr\/wp-json\/wp\/v2\/pages\/476\/revisions"}],"predecessor-version":[{"id":9541,"href":"https:\/\/ambottawa.esteri.it\/fr\/wp-json\/wp\/v2\/pages\/476\/revisions\/9541"}],"up":[{"embeddable":true,"href":"https:\/\/ambottawa.esteri.it\/fr\/wp-json\/wp\/v2\/pages\/140"}],"wp:attachment":[{"href":"https:\/\/ambottawa.esteri.it\/fr\/wp-json\/wp\/v2\/media?parent=476"}],"curies":[{"name":"wp","href":"https:\/\/api.w.org\/{rel}","templated":true}]}}