{"id":466,"date":"2022-11-30T18:31:07","date_gmt":"2022-11-30T17:31:07","guid":{"rendered":"https:\/\/ambottawa.esteri.it\/?page_id=466"},"modified":"2025-10-27T21:30:44","modified_gmt":"2025-10-27T20:30:44","slug":"la-diffusione-della-lingua-italiana-nel-mondo","status":"publish","type":"page","link":"https:\/\/ambottawa.esteri.it\/fr\/italia-e-canada\/diplomazia-culturale\/la-diffusione-della-lingua-italiana-nel-mondo\/","title":{"rendered":"La diffusion de la langue italienne dans le monde"},"content":{"rendered":"<p>Selon les r\u00e9sultats rapport\u00e9s en 2018 par \u00ab\u00a0Ethnologue: Languages of the World\u00a0\u00bb, la langue italienne est la quatri\u00e8me la plus \u00e9tudi\u00e9e au monde apr\u00e8s l&rsquo;anglais, l&rsquo;espagnol et le chinois, alors que chaque ann\u00e9e plus de deux millions d&rsquo;\u00e9tudiants de 115 pays diff\u00e9rents choisissent de suivre des cours d\u2019italien.<\/p>\n<p>Pourquoi?<\/p>\n<p><strong>L\u2019italien est une langue de culture.<\/strong> Les merveilles d\u2019Italie sont connues et admir\u00e9es par le monde entier. Les donn\u00e9es de l&rsquo;UNESCO r\u00e9v\u00e8lent que l&rsquo;Italie est le pays qui poss\u00e8de le plus grand Patrimoine Mondial, avec un record de 60 sites sur son territoire. En tant que langue de culture incontest\u00e9e, il n&rsquo;est donc pas \u00e9tonnant que beaucoup choisissent d&rsquo;apprendre l&rsquo;italien. Mais conna\u00eetre cette langue signifie aussi toucher du doigt le vaste patrimoine litt\u00e9raire qui a contribu\u00e9 \u00e0 l\u2019histoire de l&rsquo;Europe, d\u2019appr\u00e9cier les \u0153uvres humanistes et scientifiques des grands noms et de d\u00e9couvrir des productions th\u00e9\u00e2trales, musicales, lyriques, du cin\u00e9ma de r\u00e9putation internationale.<\/p>\n<p><strong>L\u2019italien est une langue d\u2019\u00e9tude.<\/strong> Chaque ann\u00e9e, un grand nombre d&rsquo;\u00e9tudiants d\u00e9cident de fr\u00e9quenter les \u00e9coles, les biblioth\u00e8ques, les acad\u00e9mies et les universit\u00e9s italiennes. Le syst\u00e8me universitaire italien est tr\u00e8s fort et comp\u00e9titif dans de nombreuses disciplines. Si l\u2019on regarde le classement mondial \u00e9tabli par QS World University Rankings pour l\u2019ann\u00e9e 2026, l\u2019Italie est en fait le septi\u00e8me pays le plus repr\u00e9sent\u00e9, avec 43 universit\u00e9s, et le seconde dans l\u2019Union Europ\u00e9enne, apr\u00e8s le Royaume-Uni et l\u2019Allemagne.<\/p>\n<p><strong>L&rsquo;italien est une langue de travail.<\/strong>\u00a0Pour de nombreux secteurs professionnels dans lesquels les entreprises italiennes sont des leaders mondiaux (produits agroalimentaires, restauration, mode, design, articles de luxe, tourisme, mobilier, art, automobile, produits de l&rsquo;industrie manufacturi\u00e8re, a\u00e9ronautique, robotique et \u00e9nergies renouvelables, etc.) conna\u00eetre l&rsquo;italien est un atout tr\u00e8s utile et important pour la croissance professionnelle et le d\u00e9veloppement de la carri\u00e8re. Nous ne devons pas non plus oublier que l&rsquo;Italie est une des plus grandes \u00e9conomies du monde et que de nombreuses marques et entreprises italiennes cherchent souvent des employ\u00e9s qui sachent parler l\u2019italien. En raison de la globalisation, un nombre croissant d&rsquo;entreprises situ\u00e9es autour du monde travaillent ensemble en communiquant dans diff\u00e9rentes langues, dont, notamment, l&rsquo;italien.<\/p>\n<p>Enfin, parler l\u2019italien est un \u00e9l\u00e9ment important pour pouvoir comprendre pleinement l&rsquo;essence m\u00eame du style de vie et de la culture italiens, faire l&rsquo;exp\u00e9rience directe de l&rsquo;authenticit\u00e9 de l&rsquo;Italie, dans la r\u00e9alit\u00e9 multicolore de ses villes d&rsquo;art, ses merveilles de la nature, sa cuisine d\u00e9licieuse et son hospitalit\u00e9 chaleureuse et exub\u00e9rante.<\/p>\n","protected":false},"excerpt":{"rendered":"Selon les r\u00e9sultats rapport\u00e9s en 2018 par \u00ab\u00a0Ethnologue: Languages of the World\u00a0\u00bb, la langue italienne est la quatri\u00e8me la plus \u00e9tudi\u00e9e au monde apr\u00e8s l&rsquo;anglais, l&rsquo;espagnol et le chinois, alors que chaque ann\u00e9e plus de deux millions d&rsquo;\u00e9tudiants de 115 pays diff\u00e9rents choisissent de suivre des cours d\u2019italien. Pourquoi? L\u2019italien est une langue de culture. [&hellip;]","protected":false},"author":6,"featured_media":0,"parent":140,"menu_order":1,"comment_status":"closed","ping_status":"closed","template":"","meta":{"footnotes":""},"class_list":["post-466","page","type-page","status-publish","hentry"],"_links":{"self":[{"href":"https:\/\/ambottawa.esteri.it\/fr\/wp-json\/wp\/v2\/pages\/466","targetHints":{"allow":["GET"]}}],"collection":[{"href":"https:\/\/ambottawa.esteri.it\/fr\/wp-json\/wp\/v2\/pages"}],"about":[{"href":"https:\/\/ambottawa.esteri.it\/fr\/wp-json\/wp\/v2\/types\/page"}],"author":[{"embeddable":true,"href":"https:\/\/ambottawa.esteri.it\/fr\/wp-json\/wp\/v2\/users\/6"}],"replies":[{"embeddable":true,"href":"https:\/\/ambottawa.esteri.it\/fr\/wp-json\/wp\/v2\/comments?post=466"}],"version-history":[{"count":2,"href":"https:\/\/ambottawa.esteri.it\/fr\/wp-json\/wp\/v2\/pages\/466\/revisions"}],"predecessor-version":[{"id":8074,"href":"https:\/\/ambottawa.esteri.it\/fr\/wp-json\/wp\/v2\/pages\/466\/revisions\/8074"}],"up":[{"embeddable":true,"href":"https:\/\/ambottawa.esteri.it\/fr\/wp-json\/wp\/v2\/pages\/140"}],"wp:attachment":[{"href":"https:\/\/ambottawa.esteri.it\/fr\/wp-json\/wp\/v2\/media?parent=466"}],"curies":[{"name":"wp","href":"https:\/\/api.w.org\/{rel}","templated":true}]}}