{"id":405,"date":"2022-11-25T18:13:22","date_gmt":"2022-11-25T17:13:22","guid":{"rendered":"https:\/\/ambottawa.esteri.it\/?page_id=405"},"modified":"2025-02-13T22:53:01","modified_gmt":"2025-02-13T21:53:01","slug":"fiche-pays","status":"publish","type":"page","link":"https:\/\/ambottawa.esteri.it\/fr\/italia-e-canada\/diplomazia-economica\/fiche-pays\/","title":{"rendered":"Faire des affaires en Italie"},"content":{"rendered":"<p>Si vous \u00eates int\u00e9ress\u00e9 par faire des affaires en Italie, nous vous sugg\u00e9rons de consulter:<\/p>\n<ul>\n<li>La page <a href=\"https:\/\/www.esteri.it\/en\/diplomazia-economica-e-politica-commerciale\/diplomaziaeconomica\/l-attrazione-degli-investimenti\/perche-investire-in-italia\/\">Parce qu&rsquo;investir en Italie?<\/a><\/li>\n<li>Le site <a href=\"https:\/\/www.investinitaly.gov.it\/en\">Investir en Italie<\/a> pour les opportunit\u00e9s d&rsquo;investissement pour les investisseurs \u00e9trangers;<\/li>\n<li>Le guide <a href=\"https:\/\/www.ice.it\/en\/sites\/default\/files\/inline-files\/doing_business_in_italy_2021_0.pdf\">Faire affaire en Italie<\/a> de l&rsquo;Agence ICE;<\/li>\n<li>Le site de l&rsquo;<a href=\"https:\/\/www.ice.it\/en\/\">Agence ICE<\/a> o\u00f9 vous pouvez trouver le <a href=\"https:\/\/www.ice.it\/en\/my-home\/find-your-italian-partner\"><strong>Made in Italy Business Directory<\/strong><\/a> pour la recherche de partenaires commerciaux italiens;<\/li>\n<li>La plateforme digitale <strong><a href=\"https:\/\/businessmatching.cdp.it\/fr\/welcome\">CDP Business Matching<\/a><\/strong> qui connecte les entreprises italiennes avec des entreprises \u00e9trang\u00e8res;<\/li>\n<li>Les informations macro\u00e9conomiques fournies par le <a href=\"https:\/\/www.dt.mef.gov.it\/en\/index.html?\">D\u00e9partement du Tr\u00e9sor<\/a>;<\/li>\n<li>Les <a href=\"https:\/\/www.bancaditalia.it\/statistiche\/index.html?com.dotmarketing.htmlpage.language=1\"><strong>statistiques<\/strong><\/a> sur l&rsquo;\u00e9conomie italienne fournies par la <a href=\"https:\/\/www.bancaditalia.it\/homepage\/index.html\"><strong>Banque d&rsquo;Italie<\/strong><\/a>;<\/li>\n<li>Le <a href=\"https:\/\/www.registroimprese.it\/\">Registre des entreprises | Les donn\u00e9es officielles de la Chambre de Commerce<\/a>, o\u00f9 vous pouvez trouver des informations officielles sur les entreprises ayant un si\u00e8ge ou une unit\u00e9 locale sur le territoire national;<\/li>\n<li>Le programme \u00ab\u00a0<a href=\"https:\/\/investorvisa.mise.gov.it\/index.php\/en\/\">Investor visa for Italy<\/a>\u00a0\u00bb g\u00e9r\u00e9 par le Minist\u00e8re des Entreprises et du Made in Italy pour les citoyens non UE qui souhaitent investir dans des actifs strat\u00e9giques pour le pr\u00e9sent et le futur de l&rsquo;Italie;<\/li>\n<li>Le programme \u00ab\u00a0<a href=\"https:\/\/italiastartupvisa.mise.gov.it\/\">Italy start up visa<\/a>\u00a0\u00bb g\u00e9r\u00e9 par le Minist\u00e8re des Entreprises et du Made in Italy pour les entrepreneurs non UE qui souhaitent cr\u00e9er une startup innovante en Italie.<\/li>\n<\/ul>\n","protected":false},"excerpt":{"rendered":"Si vous \u00eates int\u00e9ress\u00e9 par faire des affaires en Italie, nous vous sugg\u00e9rons de consulter: La page Parce qu&rsquo;investir en Italie? Le site Investir en Italie pour les opportunit\u00e9s d&rsquo;investissement pour les investisseurs \u00e9trangers; Le guide Faire affaire en Italie de l&rsquo;Agence ICE; Le site de l&rsquo;Agence ICE o\u00f9 vous pouvez trouver le Made in [&hellip;]","protected":false},"author":6,"featured_media":0,"parent":144,"menu_order":1,"comment_status":"closed","ping_status":"closed","template":"","meta":{"footnotes":""},"class_list":["post-405","page","type-page","status-publish","hentry"],"_links":{"self":[{"href":"https:\/\/ambottawa.esteri.it\/fr\/wp-json\/wp\/v2\/pages\/405","targetHints":{"allow":["GET"]}}],"collection":[{"href":"https:\/\/ambottawa.esteri.it\/fr\/wp-json\/wp\/v2\/pages"}],"about":[{"href":"https:\/\/ambottawa.esteri.it\/fr\/wp-json\/wp\/v2\/types\/page"}],"author":[{"embeddable":true,"href":"https:\/\/ambottawa.esteri.it\/fr\/wp-json\/wp\/v2\/users\/6"}],"replies":[{"embeddable":true,"href":"https:\/\/ambottawa.esteri.it\/fr\/wp-json\/wp\/v2\/comments?post=405"}],"version-history":[{"count":2,"href":"https:\/\/ambottawa.esteri.it\/fr\/wp-json\/wp\/v2\/pages\/405\/revisions"}],"predecessor-version":[{"id":6020,"href":"https:\/\/ambottawa.esteri.it\/fr\/wp-json\/wp\/v2\/pages\/405\/revisions\/6020"}],"up":[{"embeddable":true,"href":"https:\/\/ambottawa.esteri.it\/fr\/wp-json\/wp\/v2\/pages\/144"}],"wp:attachment":[{"href":"https:\/\/ambottawa.esteri.it\/fr\/wp-json\/wp\/v2\/media?parent=405"}],"curies":[{"name":"wp","href":"https:\/\/api.w.org\/{rel}","templated":true}]}}