{"id":39,"date":"2022-11-15T10:36:06","date_gmt":"2022-11-15T09:36:06","guid":{"rendered":"https:\/\/ambottawa.esteri.it\/chi-siamo\/"},"modified":"2022-12-22T16:14:10","modified_gmt":"2022-12-22T15:14:10","slug":"chi-siamo","status":"publish","type":"page","link":"https:\/\/ambottawa.esteri.it\/fr\/chi-siamo\/","title":{"rendered":"Qui sommes-nous"},"content":{"rendered":"<p>Les fonctions principales de l\u2019Ambassade, selon la\u00a0<a href=\"https:\/\/ambottawa.esteri.it\/wp-content\/uploads\/2022\/12\/vienna_convention_on_diplomatic_relationships.pdf\">Convention de Vienne de 1961 sur les relations diplomatiques<\/a>, sont de repr\u00e9senter l\u2019Italie au Canada, de prot\u00e9ger les int\u00e9r\u00eats de l\u2019Italie et de ses citoyens dans le respect des limites du droit international, de n\u00e9gocier avec le gouvernement du Canada, de s\u2019informer, par des moyens l\u00e9gaux, sur les conditions et les \u00e9v\u00e9nements au Canada, de continuer la cr\u00e9ation et le d\u00e9veloppement des liens d\u2019amiti\u00e9 ainsi que les relations \u00e9conomiques, culturelles et scientifiques.<\/p>\n<p>L\u2019Ambassade d\u2019Italie au Canada comprend un Service consulaire qui est territorialement comp\u00e9tent pour la ville d\u2019Ottawa, les comt\u00e9s de Carleton, Dundas, Glengarry, Grenville, Prescott, Russell et Stormont en Ontario et la r\u00e9gion de l\u2019Outaouais au Qu\u00e9bec.<\/p>\n<p>En outre, l\u2019Ambassade coordonne le r\u00e9seau des trois Consulats g\u00e9n\u00e9raux (Montr\u00e9al, Toronto et Vancouver), des deux Instituts italiens de Culture (Montr\u00e9al et Toronto), des D\u00e9l\u00e9gations commerciales de l\u2019Italie (Montr\u00e9al et Toronto) et de l\u2019Office national italien de Tourisme (Toronto).<\/p>\n","protected":false},"excerpt":{"rendered":"Les fonctions principales de l\u2019Ambassade, selon la\u00a0Convention de Vienne de 1961 sur les relations diplomatiques, sont de repr\u00e9senter l\u2019Italie au Canada, de prot\u00e9ger les int\u00e9r\u00eats de l\u2019Italie et de ses citoyens dans le respect des limites du droit international, de n\u00e9gocier avec le gouvernement du Canada, de s\u2019informer, par des moyens l\u00e9gaux, sur les conditions [&hellip;]","protected":false},"author":1,"featured_media":0,"parent":0,"menu_order":0,"comment_status":"closed","ping_status":"closed","template":"","meta":{"footnotes":""},"class_list":["post-39","page","type-page","status-publish","hentry"],"_links":{"self":[{"href":"https:\/\/ambottawa.esteri.it\/fr\/wp-json\/wp\/v2\/pages\/39","targetHints":{"allow":["GET"]}}],"collection":[{"href":"https:\/\/ambottawa.esteri.it\/fr\/wp-json\/wp\/v2\/pages"}],"about":[{"href":"https:\/\/ambottawa.esteri.it\/fr\/wp-json\/wp\/v2\/types\/page"}],"author":[{"embeddable":true,"href":"https:\/\/ambottawa.esteri.it\/fr\/wp-json\/wp\/v2\/users\/1"}],"replies":[{"embeddable":true,"href":"https:\/\/ambottawa.esteri.it\/fr\/wp-json\/wp\/v2\/comments?post=39"}],"version-history":[{"count":0,"href":"https:\/\/ambottawa.esteri.it\/fr\/wp-json\/wp\/v2\/pages\/39\/revisions"}],"wp:attachment":[{"href":"https:\/\/ambottawa.esteri.it\/fr\/wp-json\/wp\/v2\/media?parent=39"}],"curies":[{"name":"wp","href":"https:\/\/api.w.org\/{rel}","templated":true}]}}