{"id":36,"date":"2022-11-15T10:36:38","date_gmt":"2022-11-15T09:36:38","guid":{"rendered":"https:\/\/ambottawa.esteri.it\/italia-e-canada\/"},"modified":"2024-12-05T15:30:23","modified_gmt":"2024-12-05T14:30:23","slug":"italia-e-canada","status":"publish","type":"page","link":"https:\/\/ambottawa.esteri.it\/fr\/italia-e-canada\/","title":{"rendered":"Italie et Canada"},"content":{"rendered":"<p>Les relations amicales entre l&rsquo;Italie et le Canada sont profondes et anciennes. Elles reposent sur une foi partag\u00e9e dans les valeurs de la d\u00e9mocratie et de la libert\u00e9, sur une appartenance commune \u00e0 des contextes multilat\u00e9raux tels que les Nations Unies, l&rsquo;Alliance atlantique et le G7, ainsi que sur la pr\u00e9sence au Canada d&rsquo;une importante et laborieuse communaut\u00e9 italienne et d&rsquo;origine italienne.<\/p>\n<p>Les relations diplomatiques bilat\u00e9rales ont \u00e9t\u00e9 \u00e9tablies d\u00e8s 1947. Au cours des derni\u00e8res ann\u00e9es, la coop\u00e9ration bilat\u00e9rale s&rsquo;est encore renforc\u00e9e dans divers domaines, de la politique au commerce, \u00e0 la science et \u00e0 la culture.<\/p>\n<p>En 2022, le nouvel \u00ab Accord bilat\u00e9ral en mati\u00e8re d&rsquo;\u00e9changes de jeunes \u00bb est entr\u00e9 en vigueur. Cet Accord vise \u00e0 faciliter l&rsquo;acc\u00e8s r\u00e9ciproque, pour les jeunes des deux parties, \u00e0 des opportunit\u00e9s leur permettant d&rsquo;acqu\u00e9rir une compr\u00e9hension de la culture, de la soci\u00e9t\u00e9 et de la langue de l&rsquo;autre \u00e0 travers une exp\u00e9rience de voyage, de travail et de vie \u00e0 l&rsquo;\u00e9tranger.<\/p>\n<p>En marge du Sommet du G7 de 2024 \u00e0 Borgo Egnazia, l&rsquo;Italie et le Canada ont approuv\u00e9 une \u00ab Feuille de route pour une coop\u00e9ration renforc\u00e9e \u00bb, visant \u00e0 renforcer les relations bilat\u00e9rales et \u00e0 promouvoir des initiatives conjointes dans des domaines d&rsquo;int\u00e9r\u00eat commun, tels que la s\u00e9curit\u00e9 \u00e9nerg\u00e9tique, le changement climatique, la recherche et l&rsquo;innovation, le commerce, la croissance durable, les migrations, la d\u00e9fense et la mobilit\u00e9 des jeunes.<\/p>\n<p>Dans le cadre de la \u00ab Feuille de route \u00bb, l&rsquo;Italie et le Canada ont cr\u00e9\u00e9 un <em>Groupe consultatif conjoint sur l&rsquo;intelligence artificielle<\/em> pour renforcer la coop\u00e9ration bilat\u00e9rale dans ce domaine.<\/p>\n<p>De plus, en octobre 2024, les deux pays ont sign\u00e9 une \u00ab D\u00e9claration commune sur la coop\u00e9ration en mati\u00e8re de min\u00e9raux et de mati\u00e8res premi\u00e8res critiques \u00bb.<\/p>\n<p>Les relations commerciales bilat\u00e9rales sont facilities davantage par le lancement au Canada de la <em>Plateforme de mise en relation d&rsquo;affaires de la Cassa Depositi e Prestiti<\/em>, qui offre aux entreprises italiennes un outil gratuit pour identifier des partenaires canadiens potentiels : <a href=\"https:\/\/businessmatching.cdp.it\/en\/dashboard\/countries\/canada?id=12\">CDP Business Matching<\/a>.<\/p>\n<p>Au niveau multilat\u00e9ral, l&rsquo;Italie et le Canada entretiennent une \u00e9troite collaboration au sein des organisations telles que les Nations Unies, l&rsquo;OTAN et le G7. Cette collaboration repose sur une convergence d&rsquo;int\u00e9r\u00eats et des sensibilit\u00e9s similaires face aux principaux d\u00e9fis mondiaux, comme la lutte contre le changement climatique, la protection de l&rsquo;environnement, le respect des droits de l&rsquo;homme, la promotion de l&rsquo;autonomisation des femmes et l&rsquo;abolition de la peine de mort. En particulier, le contexte du G7 \u2013 dont l&rsquo;Italie a assum\u00e9 la pr\u00e9sidence en 2024, suivie par le Canada en 2025 \u2013 contribue \u00e0 renforcer et \u00e0 structurer davantage les contacts d\u00e9j\u00e0 fr\u00e9quents entre les deux pays. Le \u00ab passage de t\u00e9moin \u00bb de la pr\u00e9sidence du G7 de l&rsquo;Italie au Canada repr\u00e9sente une nouvelle occasion d\u2019approfondir les relations italo-canadiennes.<\/p>\n","protected":false},"excerpt":{"rendered":"Les relations amicales entre l&rsquo;Italie et le Canada sont profondes et anciennes. Elles reposent sur une foi partag\u00e9e dans les valeurs de la d\u00e9mocratie et de la libert\u00e9, sur une appartenance commune \u00e0 des contextes multilat\u00e9raux tels que les Nations Unies, l&rsquo;Alliance atlantique et le G7, ainsi que sur la pr\u00e9sence au Canada d&rsquo;une importante [&hellip;]","protected":false},"author":1,"featured_media":0,"parent":0,"menu_order":0,"comment_status":"closed","ping_status":"closed","template":"","meta":{"footnotes":""},"class_list":["post-36","page","type-page","status-publish","hentry"],"_links":{"self":[{"href":"https:\/\/ambottawa.esteri.it\/fr\/wp-json\/wp\/v2\/pages\/36","targetHints":{"allow":["GET"]}}],"collection":[{"href":"https:\/\/ambottawa.esteri.it\/fr\/wp-json\/wp\/v2\/pages"}],"about":[{"href":"https:\/\/ambottawa.esteri.it\/fr\/wp-json\/wp\/v2\/types\/page"}],"author":[{"embeddable":true,"href":"https:\/\/ambottawa.esteri.it\/fr\/wp-json\/wp\/v2\/users\/1"}],"replies":[{"embeddable":true,"href":"https:\/\/ambottawa.esteri.it\/fr\/wp-json\/wp\/v2\/comments?post=36"}],"version-history":[{"count":2,"href":"https:\/\/ambottawa.esteri.it\/fr\/wp-json\/wp\/v2\/pages\/36\/revisions"}],"predecessor-version":[{"id":5566,"href":"https:\/\/ambottawa.esteri.it\/fr\/wp-json\/wp\/v2\/pages\/36\/revisions\/5566"}],"wp:attachment":[{"href":"https:\/\/ambottawa.esteri.it\/fr\/wp-json\/wp\/v2\/media?parent=36"}],"curies":[{"name":"wp","href":"https:\/\/api.w.org\/{rel}","templated":true}]}}