{"id":341,"date":"2022-11-18T16:17:51","date_gmt":"2022-11-18T15:17:51","guid":{"rendered":"https:\/\/ambottawa.esteri.it\/amministrazione-trasparente\/"},"modified":"2023-08-01T21:47:57","modified_gmt":"2023-08-01T19:47:57","slug":"amministrazione-trasparente","status":"publish","type":"page","link":"https:\/\/ambottawa.esteri.it\/fr\/amministrazione-trasparente\/","title":{"rendered":"Administration transparente \u2013 Ambassade"},"content":{"rendered":"<p>Les bureaux diplomatiques et consulaires del&rsquo;Italie \u00e0 l&rsquo;\u00e9tranger sont des branches p\u00e9riph\u00e9riques du Minist\u00e8re des Affaires \u00e9trang\u00e8res et de la Coop\u00e9ration internationale italien, qui assure la transparence de ses donn\u00e9es par\u00a0la section \u00ab\u00a0<a href=\"https:\/\/www.esteri.it\/it\/trasparenza_comunicazioni_legali\/\">Administration transparente<\/a>\u00a0\u00bb du site <a href=\"https:\/\/www.esteri.it\/it\">www.esteri.it<\/a>.<\/p>\n<p><strong>Pour plus d&rsquo;informations, consultez le site de l&rsquo;Autorit\u00e9 nationale anticorruption italienne (<a href=\"https:\/\/www.anticorruzione.it\/\">ANAC<\/a>).<\/strong><\/p>\n","protected":false},"excerpt":{"rendered":"Les bureaux diplomatiques et consulaires del&rsquo;Italie \u00e0 l&rsquo;\u00e9tranger sont des branches p\u00e9riph\u00e9riques du Minist\u00e8re des Affaires \u00e9trang\u00e8res et de la Coop\u00e9ration internationale italien, qui assure la transparence de ses donn\u00e9es par\u00a0la section \u00ab\u00a0Administration transparente\u00a0\u00bb du site www.esteri.it. Pour plus d&rsquo;informations, consultez le site de l&rsquo;Autorit\u00e9 nationale anticorruption italienne (ANAC).","protected":false},"author":2,"featured_media":0,"parent":0,"menu_order":20,"comment_status":"closed","ping_status":"closed","template":"","meta":{"footnotes":""},"class_list":["post-341","page","type-page","status-publish","hentry"],"_links":{"self":[{"href":"https:\/\/ambottawa.esteri.it\/fr\/wp-json\/wp\/v2\/pages\/341","targetHints":{"allow":["GET"]}}],"collection":[{"href":"https:\/\/ambottawa.esteri.it\/fr\/wp-json\/wp\/v2\/pages"}],"about":[{"href":"https:\/\/ambottawa.esteri.it\/fr\/wp-json\/wp\/v2\/types\/page"}],"author":[{"embeddable":true,"href":"https:\/\/ambottawa.esteri.it\/fr\/wp-json\/wp\/v2\/users\/2"}],"replies":[{"embeddable":true,"href":"https:\/\/ambottawa.esteri.it\/fr\/wp-json\/wp\/v2\/comments?post=341"}],"version-history":[{"count":0,"href":"https:\/\/ambottawa.esteri.it\/fr\/wp-json\/wp\/v2\/pages\/341\/revisions"}],"wp:attachment":[{"href":"https:\/\/ambottawa.esteri.it\/fr\/wp-json\/wp\/v2\/media?parent=341"}],"curies":[{"name":"wp","href":"https:\/\/api.w.org\/{rel}","templated":true}]}}