{"id":34,"date":"2022-11-15T10:37:05","date_gmt":"2022-11-15T09:37:05","guid":{"rendered":"https:\/\/ambottawa.esteri.it\/servizi-consolari-e-visti\/"},"modified":"2023-08-01T17:49:04","modified_gmt":"2023-08-01T15:49:04","slug":"servizi-consolari-e-visti","status":"publish","type":"page","link":"https:\/\/ambottawa.esteri.it\/fr\/servizi-consolari-e-visti\/","title":{"rendered":"Services consulaires"},"content":{"rendered":"<p>Bienvenue dans la section dedi\u00e9e aux services consulaires.<\/p>\n<p>Pour faciliter votre navigation sur le site, nous avons divis\u00e9 les services offerts en deux sections: une pour les citoyens italiens et une pour les citoyens \u00e9trangers.<\/p>\n<p>Chaque rubrique du menu contient des informations utiles sur la mani\u00e8re de demander un service sp\u00e9cifique.<\/p>\n<p><strong>Pour toute autre information, vous \u00eates pri\u00e9s de nous contacter \u00e0 notre adresse \u00e9lectronique: <a href=\"mailto:consolare.ottawa@esteri.it\">consolare.ottawa@esteri.it<\/a>.<\/strong><\/p>\n<p>Bonne navigation !<\/p>\n<p>&nbsp;<\/p>\n<p>Pour obtenir des informations actualis\u00e9es sur les services fournis par notre r\u00e9seau diplomatique et consulaire, consultez la page d\u00e9di\u00e9e sur le site du <a href=\"https:\/\/www.esteri.it\/en\/servizi-consolari-e-visti\/\">Minist\u00e8re italien des Affaires \u00e9trang\u00e8res et de la Coop\u00e9ration internationale<\/a>.<\/p>\n<p>Les services consulaires sont fournis sur une base \u00e9gale, impartiale, efficace et transparente.<\/p>\n<p>Les consulats assurent \u00e0 tous les ressortissants italiens une protection contre la violation de leurs droits fondamentaux et la limitation ou la privation de leur libert\u00e9 personnelle. Ils assurent \u00e9galement l&rsquo;assistance d&rsquo;urgence, l&rsquo;aide \u00e0 la localisation des membres de la famille, les proc\u00e9dures d&rsquo;h\u00e9ritage entam\u00e9es \u00e0 l&rsquo;\u00e9tranger et le rapatriement des d\u00e9pouilles mortelles.<\/p>\n<p>&nbsp;<\/p>\n<p><strong>Pour trouver les r\u00e9ponses aux questions les plus fr\u00e9quemment pos\u00e9es, veuillez cliquer <a href=\"https:\/\/ambottawa.esteri.it\/fr\/servizi-consolari-e-visti\/servizi-per-il-cittadino-italiano\/altri-servizi\/faq-foire-aux-questions\/\">ici<\/a>.<\/strong><\/p>\n<p>&nbsp;<\/p>\n","protected":false},"excerpt":{"rendered":"Bienvenue dans la section dedi\u00e9e aux services consulaires. Pour faciliter votre navigation sur le site, nous avons divis\u00e9 les services offerts en deux sections: une pour les citoyens italiens et une pour les citoyens \u00e9trangers. Chaque rubrique du menu contient des informations utiles sur la mani\u00e8re de demander un service sp\u00e9cifique. Pour toute autre information, [&hellip;]","protected":false},"author":1,"featured_media":0,"parent":0,"menu_order":0,"comment_status":"closed","ping_status":"closed","template":"","meta":{"footnotes":""},"class_list":["post-34","page","type-page","status-publish","hentry"],"_links":{"self":[{"href":"https:\/\/ambottawa.esteri.it\/fr\/wp-json\/wp\/v2\/pages\/34","targetHints":{"allow":["GET"]}}],"collection":[{"href":"https:\/\/ambottawa.esteri.it\/fr\/wp-json\/wp\/v2\/pages"}],"about":[{"href":"https:\/\/ambottawa.esteri.it\/fr\/wp-json\/wp\/v2\/types\/page"}],"author":[{"embeddable":true,"href":"https:\/\/ambottawa.esteri.it\/fr\/wp-json\/wp\/v2\/users\/1"}],"replies":[{"embeddable":true,"href":"https:\/\/ambottawa.esteri.it\/fr\/wp-json\/wp\/v2\/comments?post=34"}],"version-history":[{"count":0,"href":"https:\/\/ambottawa.esteri.it\/fr\/wp-json\/wp\/v2\/pages\/34\/revisions"}],"wp:attachment":[{"href":"https:\/\/ambottawa.esteri.it\/fr\/wp-json\/wp\/v2\/media?parent=34"}],"curies":[{"name":"wp","href":"https:\/\/api.w.org\/{rel}","templated":true}]}}