{"id":3148,"date":"2023-08-24T17:50:16","date_gmt":"2023-08-24T15:50:16","guid":{"rendered":"https:\/\/ambottawa.esteri.it\/?page_id=3148"},"modified":"2026-01-27T19:40:19","modified_gmt":"2026-01-27T18:40:19","slug":"carte-didentite-electronique-cie","status":"publish","type":"page","link":"https:\/\/ambottawa.esteri.it\/fr\/servizi-consolari-e-visti\/servizi-per-il-cittadino-italiano\/passaporti-e-carte-didentita\/carte-didentite-electronique-cie\/","title":{"rendered":"Carte d&rsquo;identit\u00e9 \u00e9lectronique (CIE)"},"content":{"rendered":"<p><span style=\"text-decoration: underline;\">La CIE ne peut \u00eatre d\u00e9livr\u00e9e qu&rsquo;aux citoyens italiens r\u00e9sidant r\u00e9guli\u00e8rement dans leur circonscription consulaire, qui sont d\u00e9j\u00e0 inscrits au registre consulaire et dont les donn\u00e9es personnelles figurent d\u00e9j\u00e0 dans la base de donn\u00e9es du Minist\u00e8re de l&rsquo;int\u00e9rieur du registre des Italiens r\u00e9sidant \u00e0 l&rsquo;\u00e9tranger (A.I.R.E.).<\/span><\/p>\n<p>Ceux qui ne sont pas inscrits \u00e0 l&rsquo;A.I.R.E. devront d&rsquo;abord r\u00e9gulariser leur \u00e9tat civil \u00e0 travers le <a href=\"https:\/\/serviziconsolari.esteri.it\/ScoFE\/index.sco\">portail FAST IT<\/a> et attendre, avant de pouvoir d\u00e9poser leur demande, d&rsquo;\u00eatre inscrits dans ce registre par la Commune italienne comp\u00e9tente (pour les citoyens non inscrits \u00e0 l&rsquo;A.I.R.E., la comp\u00e9tence pour d\u00e9livrer la carte d&rsquo;identit\u00e9 reste celle de la Commune de r\u00e9sidence).<br \/>\nAux fins de l&rsquo;inscription dans la base de donn\u00e9es de l&rsquo;A.I.R.E., il est essentiel pour les citoyens italiens n\u00e9s \u00e0 l&rsquo;\u00e9tranger que l&rsquo;acte de naissance soit d\u00e9j\u00e0 transcrit dans les registres de l&rsquo;\u00e9tat civil de la Commune concern\u00e9e.<br \/>\nEn cas de changement d&rsquo;adresse de r\u00e9sidence (par rapport \u00e0 celle communiqu\u00e9e au Bureau consulaire), il est n\u00e9cessaire de demander le changement d&rsquo;adresse \u00e0 travers le <a href=\"https:\/\/serviziconsolari.esteri.it\/ScoFE\/index.sco\">portail FAST IT<\/a>.<\/p>\n<p><strong>1. Validit\u00e9<\/strong><\/p>\n<p>La validit\u00e9 de la carte d&rsquo;identit\u00e9 varie en fonction de l&rsquo;\u00e2ge du titulaire:<\/p>\n<ul>\n<li>3 ans pour les mineurs de moins de 3 ans;<\/li>\n<li>5 ans pour les mineurs de 3 \u00e0 18 ans;<\/li>\n<li>10 ans pour les adultes.<\/li>\n<\/ul>\n<p><strong>2. Proc\u00e9dure de demande<\/strong><\/p>\n<p>La demande de carte d&rsquo;identit\u00e9 \u00e9lectronique est introduite via la plateforme <a href=\"https:\/\/prenotami.esteri.it\/\">Prenot@Mi<\/a>.<\/p>\n<p>Un d\u00e9lai d&rsquo;au moins 15 jours doit s&rsquo;\u00e9couler entre le d\u00e9p\u00f4t de la demande et la date fix\u00e9e pour le rendez-vous, ce qui est n\u00e9cessaire pour permettre au Bureau consulaire de v\u00e9rifier les donn\u00e9es personnelles du demandeur, de corriger les \u00e9ventuelles incoh\u00e9rences et de s&rsquo;assurer qu&rsquo;il n&rsquo;existe pas de causes emp\u00eachant la d\u00e9livrance du document.<\/p>\n<p><strong>3. Rendez-vous et documents \u00e0 pr\u00e9senter<\/strong><\/p>\n<p>Lorsqu&rsquo;il se pr\u00e9sente au rendez-vous, le citoyen doit fournir les documents suivants:<\/p>\n<ul>\n<li>1 photo d&rsquo;identit\u00e9, en format papier, du m\u00eame type que celles utilis\u00e9es pour le passeport;<\/li>\n<li>une pi\u00e8ce d&rsquo;identit\u00e9 conforme au D\u00e9cret pr\u00e9sidentiel 445\/2000. Si le demandeur n&rsquo;a pas de pi\u00e8ce d&rsquo;identit\u00e9, il doit \u00eatre accompagn\u00e9 de deux t\u00e9moins;<\/li>\n<li>une d\u00e9claration sous serment de l&rsquo;autre parent si le demandeur a des enfants de moins de 18 ans (quel que soit l&rsquo;\u00e9tat civil du demandeur: c\u00e9libataire, mari\u00e9, s\u00e9par\u00e9 ou divorc\u00e9);<\/li>\n<\/ul>\n<p><a href=\"https:\/\/www.esteri.it\/mae\/resource\/doc\/2019\/09\/form_2_-atto_di_assenso_tra_genitori.docx\">atto di assenso al rilascio da parte dell&rsquo;altro genitore<\/a> (<strong>d\u00e9claration sous serment de consentement \u00e0 la d\u00e9livrance du document par l&rsquo;autre parent<\/strong>)<\/p>\n<ul>\n<li>une d\u00e9claration sous serment des deux parents si le demandeur est \u00e2g\u00e9 de moins de 18 ans;<\/li>\n<\/ul>\n<p><a href=\"https:\/\/www.esteri.it\/mae\/resource\/doc\/2019\/09\/form1_-_atto_di_assenso_in_favore_dei_figli_minori.docx\">atto di assenso di entrambi genitori<\/a> (<strong>d\u00e9claration sous serment de consentement \u00e0 la d\u00e9livrance de l&rsquo;acte par les deux parents<\/strong>).<\/p>\n<p>Au moment du rendez-vous, le fonctionnaire consulaire prend la photo du demandeur et, sauf pour les mineurs de moins de 12 ans, ses empreintes digitales, ainsi que sa signature, qui seront enregistr\u00e9es en toute s\u00e9curit\u00e9 \u00e0 l&rsquo;int\u00e9rieur de la puce CEI et ne seront conserv\u00e9es nulle part ailleurs.<\/p>\n<p><strong>4. Co\u00fbt<\/strong><\/p>\n<p>Le co\u00fbt du document est indiqu\u00e9 dans le <a href=\"https:\/\/ambottawa.esteri.it\/fr\/servizi-consolari-e-visti\/servizi-per-il-cittadino-italiano\/altri-servizi\/albo-consolare\/tarifs-consulaires\/\">tableau des droits consulaires<\/a> : \u00e0 l\u2019article 28C pour la d\u00e9livrance ou le renouvellement, et \u00e0 l\u2019article 28D en cas de duplicata pour perte ou vol.<\/p>\n<p>Le paiement est effectu\u00e9 le jour du rendez-vous, selon les modalit\u00e9s \u00e9tablies par le Bureau consulaire de r\u00e9f\u00e9rence.<\/p>\n<p><strong>5. Remise de la carte d&rsquo;identit\u00e9<\/strong><\/p>\n<p><em>L&rsquo;Istituto Poligrafico e Zecca dello Stato<\/em> imprime et d\u00e9livre la CIE par voie postale \u00e0 l&rsquo;adresse de r\u00e9sidence (ou de livraison) indiqu\u00e9e par le demandeur, dans un d\u00e9lai de 15 jours \u00e0 compter de la date de d\u00e9p\u00f4t de la demande aupr\u00e8s du Consulat.<\/p>\n<p>En cas de non livraison pour cause d&rsquo;adresse erron\u00e9e, le colis est conserv\u00e9 au Bureau de poste local pour \u00eatre retir\u00e9 pendant la p\u00e9riode requise, \u00e0 l&rsquo;issue de laquelle il est renvoy\u00e9 au Bureau consulaire concern\u00e9 pour tenter une nouvelle livraison.<\/p>\n<p>&nbsp;<\/p>\n<p><strong>Code fiscal<\/strong><\/p>\n<p>Veuillez noter qu&rsquo;\u00e0 partir du 15 juillet 2024, <span style=\"text-decoration: underline;\">les Italiens inscrits \u00e0 l&rsquo;AIRE<\/span> dans la circonscription consulaire de cette Ambassade pourront t\u00e9l\u00e9charger directement le certificat d&rsquo;attribution du code fiscal via le <a href=\"https:\/\/serviziconsolari.esteri.it\/ScoFE\/services\/service-info.sco?serviceId=95&amp;sCode=GCF#_blank\">portail Fast It<\/a>.<\/p>\n<p><em><strong>Comment faire ?<\/strong><\/em><\/p>\n<ol>\n<li>Acc\u00e9dez au <a href=\"https:\/\/serviziconsolari.esteri.it\/ScoFE\/services\/service-info.sco?serviceId=95&amp;sCode=GCF#_blank\">portail Fast It<\/a>;<\/li>\n<li>Cliquez sur \u00abRegistre Consulaire et AIRE \u00bb et ensuite sur <strong>\u00abAttribution du Code Fiscal\u00bb<\/strong>;<\/li>\n<li>Confirmez les donn\u00e9es et envoyez la demande;<\/li>\n<li>T\u00e9l\u00e9chargez de mani\u00e8re autonome (download) le certificat d&rsquo;attribution du Code Fiscal.<\/li>\n<\/ol>\n<p><strong>Si vous n&rsquo;arrivez pas \u00e0 t\u00e9l\u00e9charger<\/strong> le certificat d&rsquo;attribution du code fiscal:<\/p>\n<ol>\n<li>Enregistrez-vous sur le <a href=\"https:\/\/serviziconsolari.esteri.it\/ScoFE\/services\/service-info.sco?serviceId=95&amp;sCode=GCF#_blank\">portail FAST IT<\/a>, ou connectez-vous si vous avez d\u00e9j\u00e0 un compte actif;<\/li>\n<li>Demandez l&rsquo;\u00abAssociation en ligne\u00bb en cliquant sur \u00abRegistre Consulaire et AIRE\u00bb et ensuite sur \u00abVotre fiche personnelle\u00bb;<\/li>\n<li>Dans les deux jours ouvrables suivant la demande, vous recevrez un message de r\u00e9ussite de l&rsquo;association dans votre courriel.<\/li>\n<li>Reconnectez-vous au portail et t\u00e9l\u00e9chargez le certificat.<\/li>\n<\/ol>\n","protected":false},"excerpt":{"rendered":"La CIE ne peut \u00eatre d\u00e9livr\u00e9e qu&rsquo;aux citoyens italiens r\u00e9sidant r\u00e9guli\u00e8rement dans leur circonscription consulaire, qui sont d\u00e9j\u00e0 inscrits au registre consulaire et dont les donn\u00e9es personnelles figurent d\u00e9j\u00e0 dans la base de donn\u00e9es du Minist\u00e8re de l&rsquo;int\u00e9rieur du registre des Italiens r\u00e9sidant \u00e0 l&rsquo;\u00e9tranger (A.I.R.E.). Ceux qui ne sont pas inscrits \u00e0 l&rsquo;A.I.R.E. devront [&hellip;]","protected":false},"author":8,"featured_media":0,"parent":224,"menu_order":1,"comment_status":"closed","ping_status":"closed","template":"","meta":{"footnotes":""},"class_list":["post-3148","page","type-page","status-publish","hentry"],"_links":{"self":[{"href":"https:\/\/ambottawa.esteri.it\/fr\/wp-json\/wp\/v2\/pages\/3148","targetHints":{"allow":["GET"]}}],"collection":[{"href":"https:\/\/ambottawa.esteri.it\/fr\/wp-json\/wp\/v2\/pages"}],"about":[{"href":"https:\/\/ambottawa.esteri.it\/fr\/wp-json\/wp\/v2\/types\/page"}],"author":[{"embeddable":true,"href":"https:\/\/ambottawa.esteri.it\/fr\/wp-json\/wp\/v2\/users\/8"}],"replies":[{"embeddable":true,"href":"https:\/\/ambottawa.esteri.it\/fr\/wp-json\/wp\/v2\/comments?post=3148"}],"version-history":[{"count":2,"href":"https:\/\/ambottawa.esteri.it\/fr\/wp-json\/wp\/v2\/pages\/3148\/revisions"}],"predecessor-version":[{"id":8862,"href":"https:\/\/ambottawa.esteri.it\/fr\/wp-json\/wp\/v2\/pages\/3148\/revisions\/8862"}],"up":[{"embeddable":true,"href":"https:\/\/ambottawa.esteri.it\/fr\/wp-json\/wp\/v2\/pages\/224"}],"wp:attachment":[{"href":"https:\/\/ambottawa.esteri.it\/fr\/wp-json\/wp\/v2\/media?parent=3148"}],"curies":[{"name":"wp","href":"https:\/\/api.w.org\/{rel}","templated":true}]}}