{"id":295,"date":"2022-11-18T14:38:22","date_gmt":"2022-11-18T13:38:22","guid":{"rendered":"https:\/\/ambottawa.esteri.it\/servizi-consolari-e-visti\/servizi-per-il-cittadino-straniero\/visti\/"},"modified":"2023-08-25T11:54:12","modified_gmt":"2023-08-25T09:54:12","slug":"visti","status":"publish","type":"page","link":"https:\/\/ambottawa.esteri.it\/fr\/servizi-consolari-e-visti\/servizi-per-il-cittadino-straniero\/visti\/","title":{"rendered":"Visas"},"content":{"rendered":"<p><span lang=\"FR\">Le Bureau consulaire de l\u2019Ambassade d\u2019Italie \u00e0 Ottawa\u00a0<b>n\u2019accepte les demandes de visa que des r\u00e9sidents de la ville d\u2019Ottawa, de la r\u00e9gion de l\u2019Outaouais et des comt\u00e9s de Carleton, Dundas, Glengarry, Grenville, Prescott, Russell et Stormont.<\/b><\/span><\/p>\n<p><span lang=\"FR\">Les r\u00e9sidents situ\u00e9s dans la circonscription consulaire susmentionn\u00e9e qui souhaitent demander un visa devront\u00a0<b>prendre rendez-vous via le portail<\/b>\u00a0<\/span><a href=\"https:\/\/prenotami.esteri.it\/\" target=\"_blank\" rel=\"noopener noreferrer\"><b><span lang=\"FR\">Prenot@mi<\/span><\/b><\/a><span lang=\"FR\">.<\/span><\/p>\n<p><span lang=\"FR\">Pour savoir si vous avez besoin d\u2019un visa pour voyager en Italie, consultez le site du\u00a0<\/span><a href=\"https:\/\/vistoperitalia.esteri.it\/home.aspx\" target=\"_blank\" rel=\"noopener noreferrer\"><span lang=\"FR\">Minist\u00e8re des Affaires \u00e9trang\u00e8res<\/span><\/a><span lang=\"FR\">.<\/span><\/p>\n<p class=\"x_MsoNormal\"><span lang=\"IT\">Pour identifier votre Bureau consulaire territorialement comp\u00e9tent visitez notre <\/span><a href=\"https:\/\/ambottawa.esteri.it\/fr\/\"><span lang=\"IT\">Page d&rsquo;Accueil (Carte du R\u00e9seau Consulaire)<\/span><\/a><span lang=\"IT\">\u00a0ou cliquez ici\u00a0<\/span><a href=\"https:\/\/serviziconsolarionline.esteri.it\/ScoFE\/services\/consulate\/find-consulate.sco;jsessionid=2A3BC252249B9760701E2BA17AE86957\" target=\"_blank\" rel=\"noopener noreferrer\"><span lang=\"IT\">TROUVEZ VOTRE CONSULAT Services consulaires en ligne (esteri.it)<\/span><\/a><span lang=\"IT\">.<\/span><span lang=\"IT\">\u00a0<\/span><\/p>\n<p><b><span lang=\"FR\">De plus amples informations sur les visas sont disponibles sur la page\u00a0<\/span><a href=\"https:\/\/ambottawa.esteri.it\/en\/servizi-consolari-e-visti\/servizi-per-il-cittadino-straniero\/visti\/\" target=\"_blank\" rel=\"noopener noreferrer\"><span lang=\"FR\">Visas<\/span><\/a><\/b><b><span lang=\"FR\">\u00a0en anglais de notre site web.<\/span><\/b><\/p>\n<p class=\"x_MsoNormal\"><b>\u00a0<\/b><\/p>\n","protected":false},"excerpt":{"rendered":"Le Bureau consulaire de l\u2019Ambassade d\u2019Italie \u00e0 Ottawa\u00a0n\u2019accepte les demandes de visa que des r\u00e9sidents de la ville d\u2019Ottawa, de la r\u00e9gion de l\u2019Outaouais et des comt\u00e9s de Carleton, Dundas, Glengarry, Grenville, Prescott, Russell et Stormont. Les r\u00e9sidents situ\u00e9s dans la circonscription consulaire susmentionn\u00e9e qui souhaitent demander un visa devront\u00a0prendre rendez-vous via le portail\u00a0Prenot@mi. Pour [&hellip;]","protected":false},"author":2,"featured_media":0,"parent":174,"menu_order":0,"comment_status":"closed","ping_status":"closed","template":"","meta":{"footnotes":""},"class_list":["post-295","page","type-page","status-publish","hentry"],"_links":{"self":[{"href":"https:\/\/ambottawa.esteri.it\/fr\/wp-json\/wp\/v2\/pages\/295","targetHints":{"allow":["GET"]}}],"collection":[{"href":"https:\/\/ambottawa.esteri.it\/fr\/wp-json\/wp\/v2\/pages"}],"about":[{"href":"https:\/\/ambottawa.esteri.it\/fr\/wp-json\/wp\/v2\/types\/page"}],"author":[{"embeddable":true,"href":"https:\/\/ambottawa.esteri.it\/fr\/wp-json\/wp\/v2\/users\/2"}],"replies":[{"embeddable":true,"href":"https:\/\/ambottawa.esteri.it\/fr\/wp-json\/wp\/v2\/comments?post=295"}],"version-history":[{"count":0,"href":"https:\/\/ambottawa.esteri.it\/fr\/wp-json\/wp\/v2\/pages\/295\/revisions"}],"up":[{"embeddable":true,"href":"https:\/\/ambottawa.esteri.it\/fr\/wp-json\/wp\/v2\/pages\/174"}],"wp:attachment":[{"href":"https:\/\/ambottawa.esteri.it\/fr\/wp-json\/wp\/v2\/media?parent=295"}],"curies":[{"name":"wp","href":"https:\/\/api.w.org\/{rel}","templated":true}]}}