{"id":2925,"date":"2022-12-13T16:58:30","date_gmt":"2022-12-13T15:58:30","guid":{"rendered":"https:\/\/ambottawa.esteri.it\/?page_id=2925"},"modified":"2023-08-01T18:11:56","modified_gmt":"2023-08-01T16:11:56","slug":"testament-par-acte-publique","status":"publish","type":"page","link":"https:\/\/ambottawa.esteri.it\/fr\/servizi-consolari-e-visti\/servizi-per-il-cittadino-italiano\/servizi-notarili\/testament-par-acte-publique\/","title":{"rendered":"Testaments"},"content":{"rendered":"<p>Les activit\u00e9s de l&rsquo;office notarial du Bureau consulaire comprennent la r\u00e9daction de certains actes concernant les d\u00e9clarations de derni\u00e8res volont\u00e9s des personnes \u00e0 l&rsquo;\u00e9tranger.<\/p>\n<p>Le testament par acte publique est la d\u00e9claration de la volont\u00e9 du testateur faite \u00e0 un fonctionnaire d\u00e9l\u00e9gu\u00e9 aux fonctions notariales en pr\u00e9sence de deux t\u00e9moins et r\u00e9dig\u00e9e par \u00e9crit.<br \/>\nDans le testament secret, en revanche, les fonctions du notaire se limitent \u00e0 la r\u00e9ception formelle de l&rsquo;acte (dont le contenu reste secret) et \u00e0 son d\u00e9p\u00f4t \u00e0 l&rsquo;office notarial.<br \/>\nLe testament olographe, enfin, n&rsquo;a pas besoin d&rsquo;\u00eatre r\u00e9dig\u00e9 par un fonctionnaire de l&rsquo;office notarial et peut \u00eatre d\u00e9pos\u00e9 n&rsquo;importe o\u00f9 et aupr\u00e8s de n&rsquo;importe qui. Il est g\u00e9n\u00e9ralement d\u00e9pos\u00e9 \u00e0 l&rsquo;office notarial afin d&rsquo;\u00e9viter la possibilit\u00e9 de sa perte et d&rsquo;assurer sa publication imm\u00e9diate au d\u00e9c\u00e8s du testateur.<\/p>\n<p>Pour de plus amples informations, veuillez \u00e9crire \u00e0 <a href=\"mailto:consolare.ottawa@esteri.it\">consolare.ottawa@esteri.it<\/a>.<\/p>\n","protected":false},"excerpt":{"rendered":"Les activit\u00e9s de l&rsquo;office notarial du Bureau consulaire comprennent la r\u00e9daction de certains actes concernant les d\u00e9clarations de derni\u00e8res volont\u00e9s des personnes \u00e0 l&rsquo;\u00e9tranger. Le testament par acte publique est la d\u00e9claration de la volont\u00e9 du testateur faite \u00e0 un fonctionnaire d\u00e9l\u00e9gu\u00e9 aux fonctions notariales en pr\u00e9sence de deux t\u00e9moins et r\u00e9dig\u00e9e par \u00e9crit. Dans [&hellip;]","protected":false},"author":8,"featured_media":0,"parent":232,"menu_order":5,"comment_status":"closed","ping_status":"closed","template":"","meta":{"footnotes":""},"class_list":["post-2925","page","type-page","status-publish","hentry"],"_links":{"self":[{"href":"https:\/\/ambottawa.esteri.it\/fr\/wp-json\/wp\/v2\/pages\/2925","targetHints":{"allow":["GET"]}}],"collection":[{"href":"https:\/\/ambottawa.esteri.it\/fr\/wp-json\/wp\/v2\/pages"}],"about":[{"href":"https:\/\/ambottawa.esteri.it\/fr\/wp-json\/wp\/v2\/types\/page"}],"author":[{"embeddable":true,"href":"https:\/\/ambottawa.esteri.it\/fr\/wp-json\/wp\/v2\/users\/8"}],"replies":[{"embeddable":true,"href":"https:\/\/ambottawa.esteri.it\/fr\/wp-json\/wp\/v2\/comments?post=2925"}],"version-history":[{"count":0,"href":"https:\/\/ambottawa.esteri.it\/fr\/wp-json\/wp\/v2\/pages\/2925\/revisions"}],"up":[{"embeddable":true,"href":"https:\/\/ambottawa.esteri.it\/fr\/wp-json\/wp\/v2\/pages\/232"}],"wp:attachment":[{"href":"https:\/\/ambottawa.esteri.it\/fr\/wp-json\/wp\/v2\/media?parent=2925"}],"curies":[{"name":"wp","href":"https:\/\/api.w.org\/{rel}","templated":true}]}}