{"id":2870,"date":"2022-12-13T17:23:33","date_gmt":"2022-12-13T16:23:33","guid":{"rendered":"https:\/\/ambottawa.esteri.it\/?page_id=2870"},"modified":"2023-08-24T20:51:22","modified_gmt":"2023-08-24T18:51:22","slug":"2870-2","status":"publish","type":"page","link":"https:\/\/ambottawa.esteri.it\/fr\/servizi-consolari-e-visti\/servizi-per-il-cittadino-italiano\/passaporti-e-carte-didentita\/2870-2\/","title":{"rendered":"Passeport"},"content":{"rendered":"<p><b>Requis<\/b><\/p>\n<p>a. Le candidat doit \u00eatre citoyen italien.<\/p>\n<p>b. Le demandeur doit \u00eatre enregistr\u00e9 aupr\u00e8s de ce Consulat avec une adresse actuelle (<a href=\"https:\/\/ambottawa.esteri.it\/en\/servizi-consolari-e-visti\/servizi-per-il-cittadino-italiano\/anagrafe-degli-italiani-residenti-allestero-aire\/\">A.I.R.E (esteri.it)<\/a>).<\/p>\n<p>&nbsp;<\/p>\n<p><strong>Documents<\/strong> <strong>requis<\/strong><\/p>\n<p>1. Deux photos couleur identiques, de face, au format passeport (35x45mm), prises au maximum 6 mois avant le d\u00e9p\u00f4t de la demande.<\/p>\n<p>2. Pi\u00e8ce d&rsquo;identit\u00e9: le passeport italien le plus r\u00e9cent ou, si le passeport italien est expir\u00e9 ou si le demandeur n&rsquo;a jamais eu de passeport italien, une pi\u00e8ce d&rsquo;identit\u00e9 valide telle qu&rsquo;un passeport canadien, un permis de conduire, une carte d&rsquo;identit\u00e9 avec photo de l&rsquo;Ontario). Si le demandeur est mineur, toute pi\u00e8ce d&rsquo;identit\u00e9 avec photo, si elle est disponible.<\/p>\n<p>3. Statut au Canada:<\/p>\n<p><em>Pour les citoyens italiens:<\/em><\/p>\n<p>Permis de travail ou d&rsquo;\u00e9tudes ou carte de r\u00e9sident permanent ou, \u00e0 d\u00e9faut, un document d\u00e9livr\u00e9 par Citoyennet\u00e9 et Immigration Canada \u00e0 la suite d&rsquo;une recherche dans les dossiers de citoyennet\u00e9.<\/p>\n<p><em>Pour les doubles citoyens (canadiens et italiens):<\/em><\/p>\n<p>Si le demandeur n&rsquo;est pas n\u00e9 au Canada et a \u00e9t\u00e9 naturalis\u00e9 canadien apr\u00e8s le 15 ao\u00fbt 1992 et n&rsquo;en a pas inform\u00e9 l&rsquo;Ambassade, il devra pr\u00e9senter un certificat de citoyennet\u00e9 canadienne (formulaire complet avec la date compl\u00e8te, jour\/mois\/ann\u00e9e, \u00e0 laquelle la citoyennet\u00e9 a \u00e9t\u00e9 acquise).<\/p>\n<p>4. Si le demandeur est mari\u00e9, a des enfants mineurs, est divorc\u00e9 ou veuf, il devra pr\u00e9senter les certificats d&rsquo;\u00e9tat civil correspondants (voir la section <a href=\"https:\/\/ambottawa.esteri.it\/en\/servizi-consolari-e-visti\/servizi-per-il-cittadino-italiano\/stato-civile\/\">Statistiques de l&rsquo;\u00e9tat civil (esteri.it)<\/a>).<\/p>\n<p>5. Si le demandeur est mineur, les documents mentionn\u00e9s aux points 2 et 3 ci-dessus concernent le(s) parent(s) italien(s); un document d&rsquo;identit\u00e9 du mineur doit \u00e9galement \u00eatre pr\u00e9sent\u00e9 s&rsquo;il est disponible. Si l&rsquo;acte de naissance de l&rsquo;enfant mineur ne figure pas dans le dossier du bureau consulaire, une copie doit \u00eatre fournie afin de v\u00e9rifier les noms des parents. Si l&rsquo;acte de naissance n&rsquo;a pas \u00e9t\u00e9 enregistr\u00e9 en Italie, l&rsquo;enregistrement en Italie doit \u00eatre demand\u00e9 au moment de la demande de passeport (voir la section <a href=\"https:\/\/ambottawa.esteri.it\/en\/servizi-consolari-e-visti\/servizi-per-il-cittadino-italiano\/stato-civile\/\">Statistiques de l&rsquo;\u00e9tat civil (esteri.it)<\/a>). Si les deux parents ne sont pas pr\u00e9sents lors du rendez-vous de demande de passeport, un formulaire de consentement sign\u00e9 par le parent absent doit \u00eatre fourni. (Pour les exigences relatives \u00e0 la signature du formulaire de consentement, voir le point 4 ci-dessus).<\/p>\n<p>En l&rsquo;absence de consentement de l&rsquo;autre parent \u00e0 la d\u00e9livrance d&rsquo;un passeport \u00e0 l&rsquo;enfant mineur, le parent demandeur peut pr\u00e9senter une demande formelle de d\u00e9rogation, en fournissant les raisons du refus de consentement et les raisons pour lesquelles le refus de consentement est consid\u00e9r\u00e9 comme sp\u00e9cieux ou injustifi\u00e9. La demande doit inclure des informations d\u00e9taill\u00e9es concernant toutes les obligations relatives aux droits parentaux et \u00e0 la garde de l&rsquo;enfant mineur. La demande sera \u00e9valu\u00e9e en tenant compte du bien-\u00eatre psychosocial de l&rsquo;enfant, en mettant l&rsquo;accent sur l&rsquo;\u00e9ducation et les soins de sant\u00e9. La demande doit \u00e9galement inclure l&rsquo;adresse, le(s) num\u00e9ro(s) de t\u00e9l\u00e9phone et l&rsquo;adresse \u00e9lectronique les plus r\u00e9cents du parent non consentant afin que le Bureau consulaire puisse le(s) contacter directement. Lors de l&rsquo;examen du dossier, l&rsquo;autorit\u00e9 consulaire peut demander des informations compl\u00e9mentaires. S&rsquo;il est d\u00e9termin\u00e9 que les raisons du refus de consentement sont injustifi\u00e9es, le Chef du bureau consulaire, agissant en tant qu&rsquo;arbitre et par d\u00e9cret sp\u00e9cial, peut autoriser la d\u00e9livrance du passeport. Il s&rsquo;agit d&rsquo;une proc\u00e9dure l\u00e9gale et exceptionnelle qui ne doit \u00eatre utilis\u00e9e que dans les cas o\u00f9 l&rsquo;obtention d&rsquo;un consentement sign\u00e9 s&rsquo;est av\u00e9r\u00e9e impossible.<\/p>\n<p>6. En vertu des dispositions de l&rsquo;art. 20 du D\u00e9cret-loi n\u00b0 69 du 13 juin 2023, \u00e0 compter du 14 juin 2023, pour la d\u00e9livrance d&rsquo;un passeport ou d&rsquo;une CIE en faveur d&rsquo;un parent ayant des enfants mineurs, <strong>le demandeur ne doit plus pr\u00e9senter le consentement de l&rsquo;autre parent.<\/strong><\/p>\n<p>7. Le droit de passeport est payable en dollars canadiens uniquement, au taux de change du trimestre en cours (voir le <a href=\"https:\/\/ambottawa.esteri.it\/it\/servizi-consolari-e-visti\/servizi-per-il-cittadino-italiano\/altri-servizi\/albo-consolare\/tabella-diritti-consolari\/\">Tableau des droits consulaires (esteri.it)<\/a>).<\/p>\n<p>&nbsp;<\/p>\n<p><strong>Validit\u00e9 du passeport<\/strong><\/p>\n<p>Passeports d\u00e9livr\u00e9s \u00e0 des adultes (18 ans et plus): 10 ans<\/p>\n<p>Passeport d\u00e9livr\u00e9 \u00e0 un mineur (de 3,5 ans \u00e0 17 ans): 5 ans<\/p>\n<p>Passeport d\u00e9livr\u00e9 \u00e0 des mineurs (moins de 3 ans): 3 ans<\/p>\n<p>&nbsp;<\/p>\n<p><strong>Vol ou perte<\/strong><\/p>\n<p>Le vol ou la perte d&rsquo;un passeport doit \u00eatre signal\u00e9 aux autorit\u00e9s polici\u00e8res locales, puis aux autorit\u00e9s consulaires de <a href=\"https:\/\/ambottawa.esteri.it\/wp-content\/uploads\/2022\/12\/denuncia-furto-smarrimento1-2.pdf\">DENUNCIA SMARRIMENTO\/FURTO<\/a>. Ces autorit\u00e9s d\u00e9livreront, sur demande, un nouveau passeport, apr\u00e8s v\u00e9rification et sur pr\u00e9sentation des documents susmentionn\u00e9s.<\/p>\n<p>&nbsp;<\/p>\n<p><strong>Passeports pour les citoyens italiens qui ne r\u00e9sident pas de mani\u00e8re permanente dans la circonscription consulaire<\/strong><\/p>\n<p>Exceptionnellement, et en cas d&rsquo;urgence confirm\u00e9e, les citoyens italiens qui doivent demander un passeport alors qu&rsquo;ils sont absents de leur lieu de r\u00e9sidence peuvent le faire aupr\u00e8s du Bureau consulaire italien de leur lieu de r\u00e9sidence temporaire. Dans ce cas, le consulat en question devra demander (\u00e0 la Questura ou au Consulat italien du lieu de r\u00e9sidence du demandeur) l&rsquo;autorisation de d\u00e9livrer le passeport.<\/p>\n","protected":false},"excerpt":{"rendered":"Requis a. Le candidat doit \u00eatre citoyen italien. b. Le demandeur doit \u00eatre enregistr\u00e9 aupr\u00e8s de ce Consulat avec une adresse actuelle (A.I.R.E (esteri.it)). &nbsp; Documents requis 1. Deux photos couleur identiques, de face, au format passeport (35x45mm), prises au maximum 6 mois avant le d\u00e9p\u00f4t de la demande. 2. Pi\u00e8ce d&rsquo;identit\u00e9: le passeport italien [&hellip;]","protected":false},"author":8,"featured_media":0,"parent":224,"menu_order":1,"comment_status":"closed","ping_status":"closed","template":"","meta":{"footnotes":""},"class_list":["post-2870","page","type-page","status-publish","hentry"],"_links":{"self":[{"href":"https:\/\/ambottawa.esteri.it\/fr\/wp-json\/wp\/v2\/pages\/2870","targetHints":{"allow":["GET"]}}],"collection":[{"href":"https:\/\/ambottawa.esteri.it\/fr\/wp-json\/wp\/v2\/pages"}],"about":[{"href":"https:\/\/ambottawa.esteri.it\/fr\/wp-json\/wp\/v2\/types\/page"}],"author":[{"embeddable":true,"href":"https:\/\/ambottawa.esteri.it\/fr\/wp-json\/wp\/v2\/users\/8"}],"replies":[{"embeddable":true,"href":"https:\/\/ambottawa.esteri.it\/fr\/wp-json\/wp\/v2\/comments?post=2870"}],"version-history":[{"count":0,"href":"https:\/\/ambottawa.esteri.it\/fr\/wp-json\/wp\/v2\/pages\/2870\/revisions"}],"up":[{"embeddable":true,"href":"https:\/\/ambottawa.esteri.it\/fr\/wp-json\/wp\/v2\/pages\/224"}],"wp:attachment":[{"href":"https:\/\/ambottawa.esteri.it\/fr\/wp-json\/wp\/v2\/media?parent=2870"}],"curies":[{"name":"wp","href":"https:\/\/api.w.org\/{rel}","templated":true}]}}