{"id":242,"date":"2022-11-17T19:57:32","date_gmt":"2022-11-17T18:57:32","guid":{"rendered":"https:\/\/ambottawa.esteri.it\/servizi-consolari-e-visti\/servizi-per-il-cittadino-italiano\/altri-servizi\/"},"modified":"2023-08-02T20:54:57","modified_gmt":"2023-08-02T18:54:57","slug":"altri-servizi","status":"publish","type":"page","link":"https:\/\/ambottawa.esteri.it\/fr\/servizi-consolari-e-visti\/servizi-per-il-cittadino-italiano\/altri-servizi\/","title":{"rendered":"Autres services"},"content":{"rendered":"<p><strong>OBTENIR UN SPID (SYST\u00c8ME D&rsquo;IDENTIT\u00c9 NUM\u00c9RIQUE PUBLIQUE)<\/strong><\/p>\n<p>Le SPID est l&rsquo;identit\u00e9 num\u00e9rique permettant un acc\u00e8s s\u00e9curis\u00e9 aux services en ligne de l&rsquo;administration publique. De plus amples informations sont disponibles <a href=\"https:\/\/www.esteri.it\/it\/servizi-consolari-e-visti\/italiani-all-estero\/spid\/\">ici<\/a>.<\/p>\n<p>&nbsp;<\/p>\n<p><strong>ALLER EN ITALIE AVEC DES ANIMAUX DE COMPAGNIE<\/strong><\/p>\n<p>L&rsquo;introduction d&rsquo;animaux domestiques en Italie rel\u00e8ve de la comp\u00e9tence du Minist\u00e8re italien de la Sant\u00e9. Toutes les informations pertinentes sont disponibles <a href=\"https:\/\/www.salute.gov.it\/portale\/caniGatti\/homeCaniGatti.jsp\">ici<\/a>.<\/p>\n<p>Selon la r\u00e9glementation en vigueur, l&rsquo;introduction d&rsquo;animaux de compagnie en provenance de pays tiers, y compris le Canada, exige qu&rsquo;ils disposent d&rsquo;un certificat v\u00e9t\u00e9rinaire europ\u00e9en, qu&rsquo;ils soient identifiables par un tatouage lisible ou une puce \u00e9lectronique et qu&rsquo;ils soient vaccin\u00e9s contre la rage. Les traitements pr\u00e9ventifs contre les tiques et l&rsquo;\u00e9chinocoque ne sont pas n\u00e9cessaires. Vous pouvez emmener au maximum 5 animaux de compagnie en Italie.<\/p>\n<p>&nbsp;<\/p>\n<p><strong>ADMISSION DES ARMES \u00c0 FEU EN ITALIE<\/strong><\/p>\n<p><strong>Admission temporaire (jusqu&rsquo;\u00e0 90 jours):<\/strong><\/p>\n<ul>\n<li>Passeport en cours de validit\u00e9;<\/li>\n<li>Permis d&rsquo;armes \u00e0 feu en cours de validit\u00e9;<\/li>\n<li>Permis de chasse en cours de validit\u00e9;<\/li>\n<li>Informations sur l&rsquo;arme \u00e0 feu (g\u00e9n\u00e9ralement sp\u00e9cifi\u00e9es dans le certificat d&rsquo;enregistrement de l&rsquo;arme \u00e0 feu);<\/li>\n<li>Certificat de police.<\/li>\n<\/ul>\n<p><strong>Vous ne pouvez pas demander l&rsquo;admission de plus de deux armes \u00e0 feu \u00e0 la fois.<\/strong><\/p>\n<p><strong>Admission d\u00e9finitive :<\/strong><\/p>\n<p>Outre les documents susmentionn\u00e9s, l&rsquo;Ambassade d&rsquo;Italie demandera \u00e0 la Police provinciale italienne comp\u00e9tente l&rsquo;autorisation d&rsquo;introduire l&rsquo;arme \u00e0 feu dans la r\u00e9gion g\u00e9ographique concern\u00e9e.<\/p>\n<p><strong>\u00a0<\/strong><\/p>\n","protected":false},"excerpt":{"rendered":"OBTENIR UN SPID (SYST\u00c8ME D&rsquo;IDENTIT\u00c9 NUM\u00c9RIQUE PUBLIQUE) Le SPID est l&rsquo;identit\u00e9 num\u00e9rique permettant un acc\u00e8s s\u00e9curis\u00e9 aux services en ligne de l&rsquo;administration publique. De plus amples informations sont disponibles ici. &nbsp; ALLER EN ITALIE AVEC DES ANIMAUX DE COMPAGNIE L&rsquo;introduction d&rsquo;animaux domestiques en Italie rel\u00e8ve de la comp\u00e9tence du Minist\u00e8re italien de la Sant\u00e9. Toutes [&hellip;]","protected":false},"author":2,"featured_media":0,"parent":172,"menu_order":11,"comment_status":"closed","ping_status":"closed","template":"","meta":{"footnotes":""},"class_list":["post-242","page","type-page","status-publish","hentry"],"_links":{"self":[{"href":"https:\/\/ambottawa.esteri.it\/fr\/wp-json\/wp\/v2\/pages\/242","targetHints":{"allow":["GET"]}}],"collection":[{"href":"https:\/\/ambottawa.esteri.it\/fr\/wp-json\/wp\/v2\/pages"}],"about":[{"href":"https:\/\/ambottawa.esteri.it\/fr\/wp-json\/wp\/v2\/types\/page"}],"author":[{"embeddable":true,"href":"https:\/\/ambottawa.esteri.it\/fr\/wp-json\/wp\/v2\/users\/2"}],"replies":[{"embeddable":true,"href":"https:\/\/ambottawa.esteri.it\/fr\/wp-json\/wp\/v2\/comments?post=242"}],"version-history":[{"count":0,"href":"https:\/\/ambottawa.esteri.it\/fr\/wp-json\/wp\/v2\/pages\/242\/revisions"}],"up":[{"embeddable":true,"href":"https:\/\/ambottawa.esteri.it\/fr\/wp-json\/wp\/v2\/pages\/172"}],"wp:attachment":[{"href":"https:\/\/ambottawa.esteri.it\/fr\/wp-json\/wp\/v2\/media?parent=242"}],"curies":[{"name":"wp","href":"https:\/\/api.w.org\/{rel}","templated":true}]}}