{"id":232,"date":"2022-11-17T19:54:13","date_gmt":"2022-11-17T18:54:13","guid":{"rendered":"https:\/\/ambottawa.esteri.it\/servizi-consolari-e-visti\/servizi-per-il-cittadino-italiano\/servizi-notarili\/"},"modified":"2025-06-24T19:59:58","modified_gmt":"2025-06-24T17:59:58","slug":"servizi-notarili","status":"publish","type":"page","link":"https:\/\/ambottawa.esteri.it\/fr\/servizi-consolari-e-visti\/servizi-per-il-cittadino-italiano\/servizi-notarili\/","title":{"rendered":"Notariat consulaire"},"content":{"rendered":"<p><strong>Informations g\u00e9n\u00e9rales<\/strong><\/p>\n<p>Le Bureau consulaire fournit des services notariaux s\u00e9lectionn\u00e9s conform\u00e9ment \u00e0 la l\u00e9gislation italienne. Il s&rsquo;agit notamment de la r\u00e9ception de documents juridiques publics (procurations, testaments), de certificats et de certifications, d&rsquo;authentifications, etc.<\/p>\n<p>Ces services sont fournis exclusivement aux citoyens italiens r\u00e9sidant de mani\u00e8re permanente hors d&rsquo;Italie ou se trouvant temporairement \u00e0 l&rsquo;\u00e9tranger. Des exceptions sont pr\u00e9vues pour les cas impliquant \u00e0 la fois des citoyens italiens et des non-citoyens; dans ces cas, la citoyennet\u00e9 italienne d&rsquo;au moins une des parties pr\u00e9vaut.<\/p>\n<p>Le citoyen italien r\u00e9sidant \u00e0 l&rsquo;\u00e9tranger peut \u00e9galement choisir d&rsquo;utiliser les services d&rsquo;un notaire public accr\u00e9dit\u00e9 dans son pays de r\u00e9sidence. Pour plus d\u2019informations, veuillez consulter les pages d\u00e9di\u00e9es dans cette section.<\/p>\n","protected":false},"excerpt":{"rendered":"Informations g\u00e9n\u00e9rales Le Bureau consulaire fournit des services notariaux s\u00e9lectionn\u00e9s conform\u00e9ment \u00e0 la l\u00e9gislation italienne. Il s&rsquo;agit notamment de la r\u00e9ception de documents juridiques publics (procurations, testaments), de certificats et de certifications, d&rsquo;authentifications, etc. Ces services sont fournis exclusivement aux citoyens italiens r\u00e9sidant de mani\u00e8re permanente hors d&rsquo;Italie ou se trouvant temporairement \u00e0 l&rsquo;\u00e9tranger. Des [&hellip;]","protected":false},"author":2,"featured_media":0,"parent":172,"menu_order":8,"comment_status":"closed","ping_status":"closed","template":"","meta":{"footnotes":""},"class_list":["post-232","page","type-page","status-publish","hentry"],"_links":{"self":[{"href":"https:\/\/ambottawa.esteri.it\/fr\/wp-json\/wp\/v2\/pages\/232","targetHints":{"allow":["GET"]}}],"collection":[{"href":"https:\/\/ambottawa.esteri.it\/fr\/wp-json\/wp\/v2\/pages"}],"about":[{"href":"https:\/\/ambottawa.esteri.it\/fr\/wp-json\/wp\/v2\/types\/page"}],"author":[{"embeddable":true,"href":"https:\/\/ambottawa.esteri.it\/fr\/wp-json\/wp\/v2\/users\/2"}],"replies":[{"embeddable":true,"href":"https:\/\/ambottawa.esteri.it\/fr\/wp-json\/wp\/v2\/comments?post=232"}],"version-history":[{"count":1,"href":"https:\/\/ambottawa.esteri.it\/fr\/wp-json\/wp\/v2\/pages\/232\/revisions"}],"predecessor-version":[{"id":6902,"href":"https:\/\/ambottawa.esteri.it\/fr\/wp-json\/wp\/v2\/pages\/232\/revisions\/6902"}],"up":[{"embeddable":true,"href":"https:\/\/ambottawa.esteri.it\/fr\/wp-json\/wp\/v2\/pages\/172"}],"wp:attachment":[{"href":"https:\/\/ambottawa.esteri.it\/fr\/wp-json\/wp\/v2\/media?parent=232"}],"curies":[{"name":"wp","href":"https:\/\/api.w.org\/{rel}","templated":true}]}}